{"id":7453,"date":"2024-07-28T19:15:01","date_gmt":"2024-07-28T11:15:01","guid":{"rendered":"https:\/\/www.stvvalves.com\/?post_type=product&#038;p=7453"},"modified":"2025-02-17T17:48:38","modified_gmt":"2025-02-17T09:48:38","slug":"150lb-pot-type-strainer-cf3m-6-inch-flange-end","status":"publish","type":"product","link":"https:\/\/www.stvvalves.com\/pt\/products\/150lb-pot-type-strainer-cf3m-6-inch-flange-end\/","title":{"rendered":"150LB POT Type Strainer, CF3M,6 Inch,Flange End"},"content":{"rendered":"<p>Product name: 300LB POT Type Strainer, WCB,4 Inch,Flange End<br \/>\nProjeto: ASME B16.34.<br \/>\nMaterial: ASTM A216 WCB.<br \/>\nTamanho nominal: 4 polegadas.<br \/>\nPress\u00e3o nominal: Classe300 LB.<br \/>\nConex\u00e3o final: RF.<br \/>\nPresencial: ASME B16.10.<br \/>\nTeste e inspe\u00e7\u00e3o: API 598.<\/p>\n<p>Gama de Produtos:<br \/>\nMaterial do corpo: A\u00e7o Carbono, A\u00e7o Inoxid\u00e1vel, A\u00e7o Liga.<br \/>\nNormal diameter: 1&#8243; \u2013 8 Inch (DN25 \u2013 DN200).<br \/>\nConex\u00e3o final: BW, flangeada.<br \/>\nPressure range: 150 \u2013 300 LB (PN16 \u2013 PN40).<br \/>\nTemperatura de trabalho: -196\u00b0C \u2013 +573\u00b0C.<\/p>\n<table>\n<tbody>\n<tr>\n<td width=\"200\"><strong>Nome do Produto<\/strong><\/td>\n<td width=\"481\">Filtro tipo POT de 300LB, WCB, 4 polegadas, extremidade do flange<\/td>\n<\/tr>\n<tr>\n<td width=\"200\">1. Materiais<\/td>\n<td width=\"481\">WCB<\/td>\n<\/tr>\n<tr>\n<td width=\"200\">2. Tamanho<\/td>\n<td width=\"481\">4\u201d<\/td>\n<\/tr>\n<tr>\n<td width=\"200\">4. Porto<\/td>\n<td width=\"481\">Porto completo<\/td>\n<\/tr>\n<tr>\n<td width=\"200\">5. Press\u00e3o de Trabalho<\/td>\n<td width=\"481\">300 libras<\/td>\n<\/tr>\n<tr>\n<td width=\"200\">6. Fim da conex\u00e3o<\/td>\n<td width=\"481\">RF<\/td>\n<\/tr>\n<tr>\n<td width=\"200\">7. Temperatura de trabalho.<\/td>\n<td width=\"481\">-29~425\u00baC,<\/td>\n<\/tr>\n<tr>\n<td width=\"200\">8. Meio Adequado<\/td>\n<td width=\"481\">\u00c1gua, G\u00e1s Natural, Petr\u00f3leo e algum l\u00edquido corrosivo<\/td>\n<\/tr>\n<tr>\n<td width=\"200\">9. Operado<\/td>\n<td width=\"481\">\/<\/td>\n<\/tr>\n<tr>\n<td width=\"200\">10. Inspe\u00e7\u00e3o e Teste<\/td>\n<td width=\"481\">API 598<\/td>\n<\/tr>\n<tr>\n<td width=\"200\"><strong>envio<\/strong><\/td>\n<td width=\"481\"><\/td>\n<\/tr>\n<tr>\n<td width=\"200\">Prazo de entrega<\/td>\n<td width=\"481\">30 dias<\/td>\n<\/tr>\n<tr>\n<td width=\"200\">Pacote<\/td>\n<td width=\"481\">Caixa de madeira compensada de exporta\u00e7\u00e3o padr\u00e3o<\/td>\n<\/tr>\n<tr>\n<td width=\"200\">Porto de embarque<\/td>\n<td width=\"481\">Ningbo\/Xangai, China<\/td>\n<\/tr>\n<tr>\n<td width=\"200\">Termos de envio<\/td>\n<td width=\"481\">Exw, FOB, CFR, CIF, etc.<\/td>\n<\/tr>\n<tr>\n<td width=\"200\">Termos de pagamento<\/td>\n<td width=\"481\">T\/T, Western Union, PayPal, etc.<\/td>\n<\/tr>\n<tr>\n<td width=\"200\"><\/td>\n<td width=\"481\">Pr\u00e9-pagamento 30%, saldo 70% pago antes do envio<\/td>\n<\/tr>\n<tr>\n<td width=\"200\">Pa\u00eds de origem<\/td>\n<td width=\"481\">Cidade de Wenzhou, China<\/td>\n<\/tr>\n<tr>\n<td width=\"200\">Capacidade de produ\u00e7\u00e3o<\/td>\n<td width=\"481\">6.000 toneladas\/ano<\/td>\n<\/tr>\n<tr>\n<td width=\"200\">Quantidade m\u00ednima<\/td>\n<td width=\"481\">1 pe\u00e7a\/tamanho<\/td>\n<\/tr>\n<\/tbody>\n<\/table>","protected":false},"excerpt":{"rendered":"<p>STV Valve Technology Group C o., Ltd is a professional leader China 150LB POT Type Strainer ,Flange \u00a0POT Type Strainer,ASTM A351 CF8M\u00a0 POT Type Strainer,ASME B16.34 \u00a0POT Type Strainer,6 Inch \u00a0POT Type Strainer. 40 MESH \u00a0POT Type Strainer,SS316 Screen POT Type Strainer manufacturer with high quality and competitive price.<\/p>","protected":false},"featured_media":7454,"template":"","meta":[],"product_brand":[],"product_cat":[48,85],"product_tag":[2739,1889,2738,2737,1887,2740],"class_list":{"0":"post-7453","1":"product","2":"type-product","3":"status-publish","4":"has-post-thumbnail","6":"product_cat-y-strainer","7":"product_cat-stainless-steel-y-type-strainer","8":"product_tag-6-inch-pot-type-strainer-40-mesh-pot-type-strainer","9":"product_tag-asme-b16-34-pot-type-strainer","10":"product_tag-astm-a351-cf8m-pot-type-strainer","11":"product_tag-china-150lb-pot-type-strainer","12":"product_tag-flange-pot-type-strainer","13":"product_tag-ss316-screen-pot-type-strainer-manufacturer","15":"first","16":"instock","17":"shipping-taxable","18":"product-type-simple"},"_links":{"self":[{"href":"https:\/\/www.stvvalves.com\/pt\/wp-json\/wp\/v2\/product\/7453","targetHints":{"allow":["GET"]}}],"collection":[{"href":"https:\/\/www.stvvalves.com\/pt\/wp-json\/wp\/v2\/product"}],"about":[{"href":"https:\/\/www.stvvalves.com\/pt\/wp-json\/wp\/v2\/types\/product"}],"wp:featuredmedia":[{"embeddable":true,"href":"https:\/\/www.stvvalves.com\/pt\/wp-json\/wp\/v2\/media\/7454"}],"wp:attachment":[{"href":"https:\/\/www.stvvalves.com\/pt\/wp-json\/wp\/v2\/media?parent=7453"}],"wp:term":[{"taxonomy":"product_brand","embeddable":true,"href":"https:\/\/www.stvvalves.com\/pt\/wp-json\/wp\/v2\/product_brand?post=7453"},{"taxonomy":"product_cat","embeddable":true,"href":"https:\/\/www.stvvalves.com\/pt\/wp-json\/wp\/v2\/product_cat?post=7453"},{"taxonomy":"product_tag","embeddable":true,"href":"https:\/\/www.stvvalves.com\/pt\/wp-json\/wp\/v2\/product_tag?post=7453"}],"curies":[{"name":"wp","href":"https:\/\/api.w.org\/{rel}","templated":true}]}}