{"id":7459,"date":"2024-07-29T06:45:57","date_gmt":"2024-07-28T22:45:57","guid":{"rendered":"https:\/\/www.stvvalves.com\/?post_type=product&#038;p=7459"},"modified":"2025-02-17T17:48:26","modified_gmt":"2025-02-17T09:48:26","slug":"150lb-c95800-y-strainer-4-inch-flange-end","status":"publish","type":"product","link":"https:\/\/www.stvvalves.com\/pt\/products\/150lb-c95800-y-strainer-4-inch-flange-end\/","title":{"rendered":"150LB C95800 Y Strainer,4 Inch,RF Flange End"},"content":{"rendered":"<p>China ASTM B148 C95800 Y Strainer Supplier : ASTM B148 C95800 Y Strainer for sea water, 4 Inch, Class 150 LB, ASME B16.34, RF Flanged Ends.<\/p>\n<p>Projeto e fabrica\u00e7\u00e3o: API6D e ANSI B16.34<br \/>\nDimens\u00e3o face a face: ASME B16.10<br \/>\nDimens\u00e3o do flange final: ASME B16.5<br \/>\nDimens\u00e3o soldada de topo: ASME B16.25<br \/>\nTeste e inspe\u00e7\u00e3o: API598<\/p>\n<p>Especifica\u00e7\u00e3o: Tamanho:2\u2033-24\u2033<br \/>\nPress\u00e3o: 150-300 libras<br \/>\nMaterial:C95800,C95400,C92200,C90500<br \/>\nTemperatura;-196\u00b0C+545\u00b0C Servi\u00e7o: \u00c1gua do Mar<\/p>\n<table>\n<tbody>\n<tr>\n<td width=\"200\"><strong>Nome do Produto<\/strong><\/td>\n<td width=\"481\">150LB C95800 Y Strainer,4 Inch,RF Flange End<\/td>\n<\/tr>\n<tr>\n<td width=\"200\">1. Materiais<\/td>\n<td width=\"481\">C95800<\/td>\n<\/tr>\n<tr>\n<td width=\"200\">2. Tamanho<\/td>\n<td width=\"481\">4\u201d<\/td>\n<\/tr>\n<tr>\n<td width=\"200\">4. Porto<\/td>\n<td width=\"481\">Porto completo<\/td>\n<\/tr>\n<tr>\n<td width=\"200\">5. Press\u00e3o de Trabalho<\/td>\n<td width=\"481\">150 libras<\/td>\n<\/tr>\n<tr>\n<td width=\"200\">6. Fim da conex\u00e3o<\/td>\n<td width=\"481\">RF<\/td>\n<\/tr>\n<tr>\n<td width=\"200\">7. Temperatura de trabalho.<\/td>\n<td width=\"481\">-29~200\u00baC,<\/td>\n<\/tr>\n<tr>\n<td width=\"200\">8. Meio Adequado<\/td>\n<td width=\"481\">\u00c1gua, G\u00e1s Natural, Petr\u00f3leo e algum l\u00edquido corrosivo<\/td>\n<\/tr>\n<tr>\n<td width=\"200\">9. Operado<\/td>\n<td width=\"481\">\/<\/td>\n<\/tr>\n<tr>\n<td width=\"200\">10. Inspe\u00e7\u00e3o e Teste<\/td>\n<td width=\"481\">De acordo com API598<\/td>\n<\/tr>\n<tr>\n<td width=\"200\"><strong>envio<\/strong><\/td>\n<td width=\"481\"><\/td>\n<\/tr>\n<tr>\n<td width=\"200\">Prazo de entrega<\/td>\n<td width=\"481\">30 dias<\/td>\n<\/tr>\n<tr>\n<td width=\"200\">Pacote<\/td>\n<td width=\"481\">Caixa de madeira compensada de exporta\u00e7\u00e3o padr\u00e3o<\/td>\n<\/tr>\n<tr>\n<td width=\"200\">Porto de embarque<\/td>\n<td width=\"481\">Ningbo\/Xangai, China<\/td>\n<\/tr>\n<tr>\n<td width=\"200\">Termos de envio<\/td>\n<td width=\"481\">Exw, FOB, CFR, CIF, etc.<\/td>\n<\/tr>\n<tr>\n<td width=\"200\">Termos de pagamento<\/td>\n<td width=\"481\">T\/T, Western Union, PayPal, etc.<\/td>\n<\/tr>\n<tr>\n<td width=\"200\"><\/td>\n<td width=\"481\">Pr\u00e9-pagamento 30%, saldo 70% pago antes do envio<\/td>\n<\/tr>\n<tr>\n<td width=\"200\">Pa\u00eds de origem<\/td>\n<td width=\"481\">Cidade de Wenzhou, China<\/td>\n<\/tr>\n<tr>\n<td width=\"200\">Capacidade de produ\u00e7\u00e3o<\/td>\n<td width=\"481\">6.000 toneladas\/ano<\/td>\n<\/tr>\n<tr>\n<td width=\"200\">Quantidade m\u00ednima<\/td>\n<td width=\"481\">1 pe\u00e7a\/tamanho<\/td>\n<\/tr>\n<\/tbody>\n<\/table>\n<p>&nbsp;<\/p>","protected":false},"excerpt":{"rendered":"<p>STV Valve Technology Group Co., Ltd is a professional leader China ASTM B148 C95800 Y Strainer for sea water, 4 Inch ASTM B148 C95800 Y Strainer, Class 150 LB ASTM B148 C95800 Y Strainer, ASME B16.34 ASTM B148 C95800 Y Strainer, RF Flanged Ends ASTM B148 C95800 Y Strainer manufacturer with high quality and competitive price.<\/p>","protected":false},"featured_media":7460,"template":"","meta":[],"product_brand":[],"product_cat":[85,48],"product_tag":[2748,2750,2747,2749,2751],"class_list":{"0":"post-7459","1":"product","2":"type-product","3":"status-publish","4":"has-post-thumbnail","6":"product_cat-stainless-steel-y-type-strainer","7":"product_cat-y-strainer","8":"product_tag-4-inch-astm-b148-c95800-y-strainer","9":"product_tag-asme-b16-34-astm-b148-c95800-y-strainer","10":"product_tag-china-astm-b148-c95800-y-strainer-for-sea-water","11":"product_tag-class-150-lb-astm-b148-c95800-y-strainer","12":"product_tag-rf-flanged-ends-astm-b148-c95800-y-strainer-manufacturer","14":"first","15":"instock","16":"shipping-taxable","17":"product-type-simple"},"_links":{"self":[{"href":"https:\/\/www.stvvalves.com\/pt\/wp-json\/wp\/v2\/product\/7459","targetHints":{"allow":["GET"]}}],"collection":[{"href":"https:\/\/www.stvvalves.com\/pt\/wp-json\/wp\/v2\/product"}],"about":[{"href":"https:\/\/www.stvvalves.com\/pt\/wp-json\/wp\/v2\/types\/product"}],"wp:featuredmedia":[{"embeddable":true,"href":"https:\/\/www.stvvalves.com\/pt\/wp-json\/wp\/v2\/media\/7460"}],"wp:attachment":[{"href":"https:\/\/www.stvvalves.com\/pt\/wp-json\/wp\/v2\/media?parent=7459"}],"wp:term":[{"taxonomy":"product_brand","embeddable":true,"href":"https:\/\/www.stvvalves.com\/pt\/wp-json\/wp\/v2\/product_brand?post=7459"},{"taxonomy":"product_cat","embeddable":true,"href":"https:\/\/www.stvvalves.com\/pt\/wp-json\/wp\/v2\/product_cat?post=7459"},{"taxonomy":"product_tag","embeddable":true,"href":"https:\/\/www.stvvalves.com\/pt\/wp-json\/wp\/v2\/product_tag?post=7459"}],"curies":[{"name":"wp","href":"https:\/\/api.w.org\/{rel}","templated":true}]}}