{"id":7473,"date":"2024-07-30T23:54:34","date_gmt":"2024-07-30T15:54:34","guid":{"rendered":"https:\/\/www.stvvalves.com\/?post_type=product&#038;p=7473"},"modified":"2025-02-17T17:48:21","modified_gmt":"2025-02-17T09:48:21","slug":"1500lb-y-type-strainer-cf8m-3-inch-flange-end","status":"publish","type":"product","link":"https:\/\/www.stvvalves.com\/pt\/products\/1500lb-y-type-strainer-cf8m-3-inch-flange-end\/","title":{"rendered":"1500LB Y Type Strainer,CF8M,3 Inch,Flange End"},"content":{"rendered":"<p>Projeto: ANSI B16.34<br \/>\nCara a cara: ANSI B 16.1<br \/>\nConex\u00e3o de flange: ASME B16.5<br \/>\nConex\u00e3o de soldagem de topo: ASME B16.25<br \/>\nInspe\u00e7\u00e3o e teste, API 598<br \/>\nTamanho: 1\/2\u2033 a 32\u2033<br \/>\nPress\u00e3o: 150 libras a 1500 libras<br \/>\nMaterial: A\u00e7o Forjado,<br \/>\nA\u00e7o fundido, a\u00e7o inoxid\u00e1vel<br \/>\nDescri\u00e7\u00e3o do projeto:<br \/>\nDesign de porta completo<br \/>\nTipo Y<br \/>\nTela de a\u00e7o inoxid\u00e1vel<br \/>\nTampa aparafusada com buj\u00e3o de drenagem<\/p>\n<table>\n<tbody>\n<tr>\n<td width=\"200\"><strong>Nome do Produto<\/strong><\/td>\n<td width=\"481\">1500LB Y Type Strainer,CF8M,3 Inch,Flange End<\/td>\n<\/tr>\n<tr>\n<td width=\"200\">1. Materiais<\/td>\n<td width=\"481\">316<\/td>\n<\/tr>\n<tr>\n<td width=\"200\">2. Tamanho<\/td>\n<td width=\"481\">3\u201d<\/td>\n<\/tr>\n<tr>\n<td width=\"200\">4. Porto<\/td>\n<td width=\"481\">Porto completo<\/td>\n<\/tr>\n<tr>\n<td width=\"200\">5. Press\u00e3o de Trabalho<\/td>\n<td width=\"481\">1.500 libras<\/td>\n<\/tr>\n<tr>\n<td width=\"200\">6. Fim da conex\u00e3o<\/td>\n<td width=\"481\">RF<\/td>\n<\/tr>\n<tr>\n<td width=\"200\">7. Temperatura de trabalho.<\/td>\n<td width=\"481\">-29~425\u00baC,<\/td>\n<\/tr>\n<tr>\n<td width=\"200\">8. Meio Adequado<\/td>\n<td width=\"481\">\u00c1gua, G\u00e1s Natural, Petr\u00f3leo e algum l\u00edquido corrosivo<\/td>\n<\/tr>\n<tr>\n<td width=\"200\">9. Operado<\/td>\n<td width=\"481\">\/<\/td>\n<\/tr>\n<tr>\n<td width=\"200\">10. Inspe\u00e7\u00e3o e Teste<\/td>\n<td width=\"481\">De acordo com API598<\/td>\n<\/tr>\n<tr>\n<td width=\"200\"><strong>envio<\/strong><\/td>\n<td width=\"481\"><\/td>\n<\/tr>\n<tr>\n<td width=\"200\">Prazo de entrega<\/td>\n<td width=\"481\">30 dias<\/td>\n<\/tr>\n<tr>\n<td width=\"200\">Pacote<\/td>\n<td width=\"481\">Caixa de madeira compensada de exporta\u00e7\u00e3o padr\u00e3o<\/td>\n<\/tr>\n<tr>\n<td width=\"200\">Porto de embarque<\/td>\n<td width=\"481\">Ningbo\/Xangai, China<\/td>\n<\/tr>\n<tr>\n<td width=\"200\">Termos de envio<\/td>\n<td width=\"481\">Exw, FOB, CFR, CIF, etc.<\/td>\n<\/tr>\n<tr>\n<td width=\"200\">Termos de pagamento<\/td>\n<td width=\"481\">T\/T, Western Union, PayPal, etc.<\/td>\n<\/tr>\n<tr>\n<td width=\"200\"><\/td>\n<td width=\"481\">Pr\u00e9-pagamento 30%, saldo 70% pago antes do envio<\/td>\n<\/tr>\n<tr>\n<td width=\"200\">Pa\u00eds de origem<\/td>\n<td width=\"481\">Cidade de Wenzhou, China<\/td>\n<\/tr>\n<tr>\n<td width=\"200\">Capacidade de produ\u00e7\u00e3o<\/td>\n<td width=\"481\">6.000 toneladas\/ano<\/td>\n<\/tr>\n<tr>\n<td width=\"200\">Quantidade m\u00ednima<\/td>\n<td width=\"481\">1 pe\u00e7a\/tamanho<\/td>\n<\/tr>\n<\/tbody>\n<\/table>","protected":false},"excerpt":{"rendered":"<p>STV Valve Technology Group Co., Ltd is a professional leader China 1500lb Y Strainer ,Flange Y Type Strainer, ANSI 316 Flanged Y Strainer ,3 Inch stainless steel strainer valve manufacturer with high quality and competitive price.<\/p>\n<p>Entre em contato com nosso sales@stvvalve.com para outros materiais e mais detalhes.<\/p>\n<p>&nbsp;<\/p>","protected":false},"featured_media":7474,"template":"","meta":[],"product_brand":[],"product_cat":[85,48],"product_tag":[2775,2774,2773,940],"class_list":{"0":"post-7473","1":"product","2":"type-product","3":"status-publish","4":"has-post-thumbnail","6":"product_cat-stainless-steel-y-type-strainer","7":"product_cat-y-strainer","8":"product_tag-3-inch-stainless-steel-strainer-valve-manufacturer","9":"product_tag-ansi-316-flanged-y-strainer","10":"product_tag-china-1500lb-y-strainer","11":"product_tag-flange-y-type-strainer","13":"first","14":"instock","15":"shipping-taxable","16":"product-type-simple"},"_links":{"self":[{"href":"https:\/\/www.stvvalves.com\/pt\/wp-json\/wp\/v2\/product\/7473","targetHints":{"allow":["GET"]}}],"collection":[{"href":"https:\/\/www.stvvalves.com\/pt\/wp-json\/wp\/v2\/product"}],"about":[{"href":"https:\/\/www.stvvalves.com\/pt\/wp-json\/wp\/v2\/types\/product"}],"wp:featuredmedia":[{"embeddable":true,"href":"https:\/\/www.stvvalves.com\/pt\/wp-json\/wp\/v2\/media\/7474"}],"wp:attachment":[{"href":"https:\/\/www.stvvalves.com\/pt\/wp-json\/wp\/v2\/media?parent=7473"}],"wp:term":[{"taxonomy":"product_brand","embeddable":true,"href":"https:\/\/www.stvvalves.com\/pt\/wp-json\/wp\/v2\/product_brand?post=7473"},{"taxonomy":"product_cat","embeddable":true,"href":"https:\/\/www.stvvalves.com\/pt\/wp-json\/wp\/v2\/product_cat?post=7473"},{"taxonomy":"product_tag","embeddable":true,"href":"https:\/\/www.stvvalves.com\/pt\/wp-json\/wp\/v2\/product_tag?post=7473"}],"curies":[{"name":"wp","href":"https:\/\/api.w.org\/{rel}","templated":true}]}}