{"id":7495,"date":"2024-08-05T19:11:05","date_gmt":"2024-08-05T11:11:05","guid":{"rendered":"https:\/\/www.stvvalves.com\/?post_type=product&#038;p=7495"},"modified":"2025-09-05T10:23:30","modified_gmt":"2025-09-05T02:23:30","slug":"1500lb-cf8c-swing-check-valve-8-inch-rtj-end","status":"publish","type":"product","link":"https:\/\/www.stvvalves.com\/pt\/products\/1500lb-cf8c-swing-check-valve-8-inch-rtj-end\/","title":{"rendered":"1500LB CF8C Swing Check Valve,8 Inch,RTJ End"},"content":{"rendered":"<h2>Descri\u00e7\u00e3o<\/h2>\n<p>Products Name: 1500LB CF8C Swing Check Valve,8 Inch,RTJ End<\/p>\n<div class=\"row\">\n<div class=\"col-md-12\">Projeto: API 6D<br \/>\nCorpo: CF8C<br \/>\nNominal Size: 8Inch<br \/>\nNominal Class: 1500 LB<br \/>\nEnd Connection: RTJ Ends<br \/>\nCara a Cara: ASME B16.10<br \/>\nTeste e Inspe\u00e7\u00e3o: API 598<\/div>\n<\/div>\n<p>Material do corpo:Tit\u00e2nio,Duplex, Hastelloy C276\/B3, Monel, Alloys20, 4A, 5A, C95800, C95500,Monel, Alloy 20, F347,Super Duplex,Inconel ect.<br \/>\nPadr\u00f5es de fabrica\u00e7\u00e3o:API, ANSI, BS, DIN, JIS.<br \/>\nPress\u00e3o da v\u00e1lvula: 150LB a 2500LB (PN1.6-42MPa).<br \/>\nFaixa de tamanho da v\u00e1lvula de verifica\u00e7\u00e3o: 1\/2 a 32 polegadas (DN15 a DN800).<br \/>\nTemperatura operacional: de -196 graus Celsius a 593 graus Celsius.<br \/>\nConex\u00e3o:Flangeada, soldada a topo.<br \/>\nDimens\u00f5es face a face:ANSI B16.10.<br \/>\nDimens\u00e3o da extremidade do flange: ANSI B16.5<br \/>\nDimens\u00f5es soldadas de topo: ANSI B16.25<br \/>\nProjeto e Fabrica\u00e7\u00e3o:BS1868<br \/>\nTeste de press\u00e3o: API598<\/p>\n<table>\n<tbody>\n<tr>\n<td width=\"200\"><strong><b>Nome do Produto<\/b><\/strong><\/td>\n<td width=\"481\">1500LB CF8C Swing Check Valve,8 Inch,RTJ End<\/td>\n<\/tr>\n<tr>\n<td width=\"200\">1. Materiais<\/td>\n<td width=\"481\">CF8C<\/td>\n<\/tr>\n<tr>\n<td width=\"200\">2. Tamanho<\/td>\n<td width=\"481\">8\u201d<\/td>\n<\/tr>\n<tr>\n<td width=\"200\">4. Porto<\/td>\n<td width=\"481\">Porto completo<\/td>\n<\/tr>\n<tr>\n<td width=\"200\">5. Press\u00e3o de Trabalho<\/td>\n<td width=\"481\">1.500 libras<\/td>\n<\/tr>\n<tr>\n<td width=\"200\">6. Fim da conex\u00e3o<\/td>\n<td width=\"481\">RTJ<\/td>\n<\/tr>\n<tr>\n<td width=\"200\">7. Temperatura de trabalho.<\/td>\n<td width=\"481\">-29~400\u00baC,<\/td>\n<\/tr>\n<tr>\n<td width=\"200\">8. Meio Adequado<\/td>\n<td width=\"481\">\u00c1gua, G\u00e1s Natural, Petr\u00f3leo e algum l\u00edquido corrosivo<\/td>\n<\/tr>\n<tr>\n<td width=\"200\">9. Operado<\/td>\n<td width=\"481\">\/<\/td>\n<\/tr>\n<tr>\n<td width=\"200\">10. Inspe\u00e7\u00e3o e Teste<\/td>\n<td width=\"481\">De acordo comAPI 598<\/td>\n<\/tr>\n<tr>\n<td width=\"200\"><strong><b>envio<\/b><\/strong><\/td>\n<td width=\"481\"><\/td>\n<\/tr>\n<tr>\n<td width=\"200\">Prazo de entrega<\/td>\n<td width=\"481\">30 dias<\/td>\n<\/tr>\n<tr>\n<td width=\"200\">Pacote<\/td>\n<td width=\"481\">Caixa de madeira compensada de exporta\u00e7\u00e3o padr\u00e3o<\/td>\n<\/tr>\n<tr>\n<td width=\"200\">Porto de embarque<\/td>\n<td width=\"481\">Ningbo\/Xangai, China<\/td>\n<\/tr>\n<tr>\n<td width=\"200\">Termos de envio<\/td>\n<td width=\"481\">Exw, FOB, CFR, CIF, etc.<\/td>\n<\/tr>\n<tr>\n<td width=\"200\">Termos de pagamento<\/td>\n<td width=\"481\">T\/T, Western Union, PayPal, etc.<\/td>\n<\/tr>\n<tr>\n<td width=\"200\"><\/td>\n<td width=\"481\">Pr\u00e9-pagamento 30%, saldo 70% pago antes do envio<\/td>\n<\/tr>\n<tr>\n<td width=\"200\">Pa\u00eds de origem<\/td>\n<td width=\"481\">Cidade de Wenzhou, China<\/td>\n<\/tr>\n<tr>\n<td width=\"200\">Capacidade de produ\u00e7\u00e3o<\/td>\n<td width=\"481\">6.000 toneladas\/ano<\/td>\n<\/tr>\n<tr>\n<td width=\"200\">Quantidade m\u00ednima<\/td>\n<td width=\"481\">10 unidades\/tamanho<\/td>\n<\/tr>\n<\/tbody>\n<\/table>","protected":false},"excerpt":{"rendered":"<p>Discover the robust 1500LB CF8C Swing Check Valve designed for optimal performance in high-pressure applications. This 8 inch valve features a reliable RTJ (Ring Type Joint) end, ensuring a secure and leak-proof connection. Ideal for a variety of industrial settings, our swing check valve offers durability and efficiency, providing peace of mind for your piping systems. Explore specifications, installation guidelines, and maintenance tips to maximize the longevity and functionality of your valve.<\/p>\n<p>STV Valve Technology Group Co., Ltd is a professional leader China CF8C Swing Check Valve, Pressure Seal CF8C Swing Check Valve, 8 Inch CF8C Swing Check Valve, CL1500 CF8C Swing Check Valve,Flange End CF8C Swing Check Valve Manufacturer with high quality and competitive price.<\/p>\n<p>Entre em contato com nosso sales@stvvalve.com para outros materiais e detalhes.<\/p>","protected":false},"featured_media":7496,"template":"","meta":[],"product_brand":[],"product_cat":[46,67],"product_tag":[2795,1697,2796,2797,2794],"class_list":{"0":"post-7495","1":"product","2":"type-product","3":"status-publish","4":"has-post-thumbnail","6":"product_cat-check-valves","7":"product_cat-stainless-steel-check-valve","8":"product_tag-8-inch-cf8c-swing-check-valve","9":"product_tag-china-cf8c-swing-check-valve","10":"product_tag-cl1500-cf8c-swing-check-valve","11":"product_tag-flange-end-cf8c-swing-check-valve-manufacturer","12":"product_tag-pressure-seal-cf8c-swing-check-valve","14":"first","15":"instock","16":"shipping-taxable","17":"product-type-simple"},"_links":{"self":[{"href":"https:\/\/www.stvvalves.com\/pt\/wp-json\/wp\/v2\/product\/7495","targetHints":{"allow":["GET"]}}],"collection":[{"href":"https:\/\/www.stvvalves.com\/pt\/wp-json\/wp\/v2\/product"}],"about":[{"href":"https:\/\/www.stvvalves.com\/pt\/wp-json\/wp\/v2\/types\/product"}],"wp:featuredmedia":[{"embeddable":true,"href":"https:\/\/www.stvvalves.com\/pt\/wp-json\/wp\/v2\/media\/7496"}],"wp:attachment":[{"href":"https:\/\/www.stvvalves.com\/pt\/wp-json\/wp\/v2\/media?parent=7495"}],"wp:term":[{"taxonomy":"product_brand","embeddable":true,"href":"https:\/\/www.stvvalves.com\/pt\/wp-json\/wp\/v2\/product_brand?post=7495"},{"taxonomy":"product_cat","embeddable":true,"href":"https:\/\/www.stvvalves.com\/pt\/wp-json\/wp\/v2\/product_cat?post=7495"},{"taxonomy":"product_tag","embeddable":true,"href":"https:\/\/www.stvvalves.com\/pt\/wp-json\/wp\/v2\/product_tag?post=7495"}],"curies":[{"name":"wp","href":"https:\/\/api.w.org\/{rel}","templated":true}]}}