{"id":7522,"date":"2024-08-20T23:40:47","date_gmt":"2024-08-20T15:40:47","guid":{"rendered":"https:\/\/www.stvvalves.com\/?post_type=product&#038;p=7522"},"modified":"2025-02-17T17:47:53","modified_gmt":"2025-02-17T09:47:53","slug":"1500lb-forged-steel-y-strainer-1-2-inch-f304-bw-end","status":"publish","type":"product","link":"https:\/\/www.stvvalves.com\/pt\/products\/1500lb-forged-steel-y-strainer-1-2-inch-f304-bw-end\/","title":{"rendered":"1500LB Forged Steel Y Strainer,1\/2 Inch,F304,BW End"},"content":{"rendered":"<p>1. Castelo de parafuso, castelo de parafuso,<br \/>\nCap\u00f4 soldado<br \/>\n2. Porta completa e porta redutora<br \/>\n3. Uma tampa rosqueada e com veda\u00e7\u00e3o de press\u00e3o<br \/>\n4. Os materiais est\u00e3o em conformidade com ANSI\/ASTM<\/p>\n<p>Padr\u00e3o: 1. Padr\u00e3o de projeto: API602,BS5352<br \/>\n2. Padr\u00e3o de press\u00e3o-temperatura do material: ASME B16.34<br \/>\n3. Padr\u00e3o de dimens\u00e3o face a face: ASME B16.10<br \/>\n4. Padr\u00e3o de dimens\u00e3o do flange: ASME B16.5<br \/>\n5. Extremidades soldadas com soquete em conformidade com ANSI B16.11<br \/>\n6. As extremidades dos parafusos est\u00e3o em conformidade com ANSI B1.20.1<br \/>\n7. Padr\u00e3o de inspe\u00e7\u00e3o e teste: API598<\/p>\n<p>&nbsp;<\/p>\n<p>Tamanho: 1\/4\u2033~2\u201d<\/p>\n<p>Classifica\u00e7\u00e3o de press\u00e3o: Classe 150-2500LB<\/p>\n<p>Material do corpo:ASTM A105, ASTM A182 LF2, ASTM A182 F11, ASTM A182 F22, ASTM A182 F51, ASTM A182 F91, ASTM A182 F304, ASTM A182 F316, ASTM A182 F304L, ASTM A182 F316L, etc.<\/p>\n<p>Conex\u00e3o final: NPT, BW, SW, RF, RTJ.<\/p>\n<p>Temperatura de trabalho:-29\u00b0C~650\u00b0C<\/p>\n<table>\n<tbody>\n<tr>\n<td width=\"200\"><strong>Nome do Produto<\/strong><\/td>\n<td width=\"481\">1500LB Forged Steel Y Strainer,1\/2 Inch,F304,BW End<\/td>\n<\/tr>\n<tr>\n<td width=\"200\">1. Materiais<\/td>\n<td width=\"481\">F301<\/td>\n<\/tr>\n<tr>\n<td width=\"200\">2. Tamanho<\/td>\n<td width=\"481\">1\/2\u201d<\/td>\n<\/tr>\n<tr>\n<td width=\"200\">4. Porto<\/td>\n<td width=\"481\">\u00a0Porta Redutora<\/td>\n<\/tr>\n<tr>\n<td width=\"200\">5. Press\u00e3o de Trabalho<\/td>\n<td width=\"481\">1.500 libras<\/td>\n<\/tr>\n<tr>\n<td width=\"200\">6. Fim da conex\u00e3o<\/td>\n<td width=\"481\">PN<\/td>\n<\/tr>\n<tr>\n<td width=\"200\">7. Temperatura de trabalho.<\/td>\n<td width=\"481\">-29~425\u00baC,<\/td>\n<\/tr>\n<tr>\n<td width=\"200\">8. Meio Adequado<\/td>\n<td width=\"481\">\u00c1gua, G\u00e1s Natural, Petr\u00f3leo e algum l\u00edquido corrosivo<\/td>\n<\/tr>\n<tr>\n<td width=\"200\">9. Operado<\/td>\n<td width=\"481\"><\/td>\n<\/tr>\n<tr>\n<td width=\"200\">10. Inspe\u00e7\u00e3o e Teste<\/td>\n<td width=\"481\">De acordo com API598<\/td>\n<\/tr>\n<tr>\n<td width=\"200\"><strong>envio<\/strong><\/td>\n<td width=\"481\"><\/td>\n<\/tr>\n<tr>\n<td width=\"200\">Prazo de entrega<\/td>\n<td width=\"481\">30 dias<\/td>\n<\/tr>\n<tr>\n<td width=\"200\">Pacote<\/td>\n<td width=\"481\">Caixa de madeira compensada de exporta\u00e7\u00e3o padr\u00e3o<\/td>\n<\/tr>\n<tr>\n<td width=\"200\">Porto de embarque<\/td>\n<td width=\"481\">Ningbo\/Xangai, China<\/td>\n<\/tr>\n<tr>\n<td width=\"200\">Termos de envio<\/td>\n<td width=\"481\">Exw, FOB, CFR, CIF, etc.<\/td>\n<\/tr>\n<tr>\n<td width=\"200\">Termos de pagamento<\/td>\n<td width=\"481\">T\/T, Western Union, PayPal, etc.<\/td>\n<\/tr>\n<tr>\n<td width=\"200\"><\/td>\n<td width=\"481\">Pr\u00e9-pagamento 30%, saldo 70% pago antes do envio<\/td>\n<\/tr>\n<tr>\n<td width=\"200\">Pa\u00eds de origem<\/td>\n<td width=\"481\">Cidade de Wenzhou, China<\/td>\n<\/tr>\n<tr>\n<td width=\"200\">Capacidade de produ\u00e7\u00e3o<\/td>\n<td width=\"481\">6.000 toneladas\/ano<\/td>\n<\/tr>\n<tr>\n<td width=\"200\">Quantidade m\u00ednima<\/td>\n<td width=\"481\">1 pe\u00e7a\/tamanho<\/td>\n<\/tr>\n<\/tbody>\n<\/table>","protected":false},"excerpt":{"rendered":"<p>STV Valve Technology Group Co., Ltd is a professional leader China Forged Stainless Steel Y Strainer,FORGED STEEL CLASS 1500 Y Strainer. WELDED COVER STRAINER,Forged Steel Y Type Strainer,Forged Steel Y Type Strainer, Class 1500Forged Steel Y- Type Strainers,Forged Steel Y-Pattern Strainer,NPT or BW END Y Type Strainers ,Y-type strainer Manufacturer with high quality and competitive price.<\/p>\n<p>Entre em contato com nosso sales@stvvalve.com para outros materiais e detalhes.<\/p>\n<p>&nbsp;<\/p>","protected":false},"featured_media":7523,"template":"","meta":[],"product_brand":[],"product_cat":[964,48],"product_tag":[2834,2835,2838,284,281,2836,2837,2192],"class_list":{"0":"post-7522","1":"product","2":"type-product","3":"status-publish","4":"has-post-thumbnail","6":"product_cat-forged-steel-y-type-strainer","7":"product_cat-y-strainer","8":"product_tag-china-forged-stainless-steel-y-strainer","9":"product_tag-class-1500forged-steel-y-type-strainers","10":"product_tag-forged-steel-class-1500-y-strainer","11":"product_tag-forged-steel-y-type-strainer","12":"product_tag-forged-steel-y-pattern-strainer","13":"product_tag-npt-or-bw-end-y-type-strainers","14":"product_tag-welded-cover-strainer","15":"product_tag-y-type-strainer-manufacturer","17":"first","18":"instock","19":"shipping-taxable","20":"product-type-simple"},"_links":{"self":[{"href":"https:\/\/www.stvvalves.com\/pt\/wp-json\/wp\/v2\/product\/7522","targetHints":{"allow":["GET"]}}],"collection":[{"href":"https:\/\/www.stvvalves.com\/pt\/wp-json\/wp\/v2\/product"}],"about":[{"href":"https:\/\/www.stvvalves.com\/pt\/wp-json\/wp\/v2\/types\/product"}],"wp:featuredmedia":[{"embeddable":true,"href":"https:\/\/www.stvvalves.com\/pt\/wp-json\/wp\/v2\/media\/7523"}],"wp:attachment":[{"href":"https:\/\/www.stvvalves.com\/pt\/wp-json\/wp\/v2\/media?parent=7522"}],"wp:term":[{"taxonomy":"product_brand","embeddable":true,"href":"https:\/\/www.stvvalves.com\/pt\/wp-json\/wp\/v2\/product_brand?post=7522"},{"taxonomy":"product_cat","embeddable":true,"href":"https:\/\/www.stvvalves.com\/pt\/wp-json\/wp\/v2\/product_cat?post=7522"},{"taxonomy":"product_tag","embeddable":true,"href":"https:\/\/www.stvvalves.com\/pt\/wp-json\/wp\/v2\/product_tag?post=7522"}],"curies":[{"name":"wp","href":"https:\/\/api.w.org\/{rel}","templated":true}]}}