{"id":7524,"date":"2024-08-22T12:20:04","date_gmt":"2024-08-22T04:20:04","guid":{"rendered":"https:\/\/www.stvvalves.com\/?post_type=product&#038;p=7524"},"modified":"2025-02-17T17:47:51","modified_gmt":"2025-02-17T09:47:51","slug":"300lb-c95800-basket-strainer-12-inch-s31803-screen-40-mesch-rf","status":"publish","type":"product","link":"https:\/\/www.stvvalves.com\/pt\/products\/300lb-c95800-basket-strainer-12-inch-s31803-screen-40-mesch-rf\/","title":{"rendered":"300LB C95800 Basket Strainer,12 Inch,S31803 Screen,40 mesch, RF"},"content":{"rendered":"<p>Padr\u00f5es<br \/>\nProjeto e fabrica\u00e7\u00e3o: API6D e ANSI B16.34<br \/>\nDimens\u00e3o face a face: ASME B16.10<br \/>\nDimens\u00e3o do flange final: ASME B16.5<br \/>\nDimens\u00e3o soldada de topo: ASME B16.25<br \/>\nTeste e inspe\u00e7\u00e3o: API598<br \/>\nMaterial:C95800,C95400,C92200,C90500<br \/>\nTemperatura;-196\u00b0C+545\u00b0C Servi\u00e7o: \u00c1gua do Mar<\/p>\n<p>300LB C95800 Basket Strainer With S31803\u00a0 40 Mesh (mesh size is 40 mesh or 400 micron). Allows a large flow rate with minimal pressure drop. This basket strainer is great for petrochemical or other applications where straining needs to occur with as little as possible pressure drop. Much less than the equivalent size y strainer. All cast steel basket strainers are sand blasted then coated with a heat resistant primer. Designed to ANSI B16.34 with flanges to ANSI B16.5 and tested in accordance with API 598.<\/p>\n<table>\n<tbody>\n<tr>\n<td width=\"200\"><strong>Nome do Produto<\/strong><\/td>\n<td width=\"481\">300LB C95800 Basket Strainer, S31803 Screen,40 mesch, RF<\/td>\n<\/tr>\n<tr>\n<td width=\"200\">1. Materiais<\/td>\n<td width=\"481\">C95800<\/td>\n<\/tr>\n<tr>\n<td width=\"200\">2. Tamanho<\/td>\n<td width=\"481\">12\u201d<\/td>\n<\/tr>\n<tr>\n<td width=\"200\">4. Porto<\/td>\n<td width=\"481\">Porto completo<\/td>\n<\/tr>\n<tr>\n<td width=\"200\">5. Press\u00e3o de Trabalho<\/td>\n<td width=\"481\">3000lb<\/td>\n<\/tr>\n<tr>\n<td width=\"200\">6. Fim da conex\u00e3o<\/td>\n<td width=\"481\">RF<\/td>\n<\/tr>\n<tr>\n<td width=\"200\">7. Temperatura de trabalho.<\/td>\n<td width=\"481\">-29~300\u00baC,<\/td>\n<\/tr>\n<tr>\n<td width=\"200\">8. Meio Adequado<\/td>\n<td width=\"481\">\u00c1gua, G\u00e1s Natural, Petr\u00f3leo e algum l\u00edquido corrosivo<\/td>\n<\/tr>\n<tr>\n<td width=\"200\">9. Operado<\/td>\n<td width=\"481\">\/<\/td>\n<\/tr>\n<tr>\n<td width=\"200\">10. Inspe\u00e7\u00e3o e Teste<\/td>\n<td width=\"481\">De acordo com API598<\/td>\n<\/tr>\n<tr>\n<td width=\"200\"><strong>envio<\/strong><\/td>\n<td width=\"481\"><\/td>\n<\/tr>\n<tr>\n<td width=\"200\">Prazo de entrega<\/td>\n<td width=\"481\">30 dias<\/td>\n<\/tr>\n<tr>\n<td width=\"200\">Pacote<\/td>\n<td width=\"481\">Caixa de madeira compensada de exporta\u00e7\u00e3o padr\u00e3o<\/td>\n<\/tr>\n<tr>\n<td width=\"200\">Porto de embarque<\/td>\n<td width=\"481\">Ningbo\/Xangai, China<\/td>\n<\/tr>\n<tr>\n<td width=\"200\">Termos de envio<\/td>\n<td width=\"481\">Exw, FOB, CFR, CIF, etc.<\/td>\n<\/tr>\n<tr>\n<td width=\"200\">Termos de pagamento<\/td>\n<td width=\"481\">T\/T, Western Union, PayPal, etc.<\/td>\n<\/tr>\n<tr>\n<td width=\"200\"><\/td>\n<td width=\"481\">Pr\u00e9-pagamento 30%, saldo 70% pago antes do envio<\/td>\n<\/tr>\n<tr>\n<td width=\"200\">Pa\u00eds de origem<\/td>\n<td width=\"481\">Cidade de Wenzhou, China<\/td>\n<\/tr>\n<tr>\n<td width=\"200\">Capacidade de produ\u00e7\u00e3o<\/td>\n<td width=\"481\">6.000 toneladas\/ano<\/td>\n<\/tr>\n<tr>\n<td width=\"200\">Quantidade m\u00ednima<\/td>\n<td width=\"481\">1 pe\u00e7a\/tamanho<\/td>\n<\/tr>\n<\/tbody>\n<\/table>","protected":false},"excerpt":{"rendered":"<p>STV Valve Technology Group Co., Ltd is a professional leader China 300LB Basket Strainer , C95800 Basket Strainer,S31803 Screen Basket Strainer,40 mesch Basket Strainer,12 Inch C95800 Basket Strainer, RF C95800 Basket Strainer, Flanged\u00a0 C95800 Basket Strainer Manufacturer with high quality and competitive price.<\/p>","protected":false},"featured_media":7525,"template":"","meta":[],"product_brand":[],"product_cat":[48,85],"product_tag":[2843,2842,2840,2839,2845,2844,2841],"class_list":{"0":"post-7524","1":"product","2":"type-product","3":"status-publish","4":"has-post-thumbnail","6":"product_cat-y-strainer","7":"product_cat-stainless-steel-y-type-strainer","8":"product_tag-12-inch-c95800-basket-strainer","9":"product_tag-40-mesch-basket-strainer","10":"product_tag-c95800-basket-strainer","11":"product_tag-china-300lb-basket-strainer","12":"product_tag-flanged-c95800-basket-strainer-manufacturer","13":"product_tag-rf-c95800-basket-strainer","14":"product_tag-s31803-screen-basket-strainer","16":"first","17":"instock","18":"shipping-taxable","19":"product-type-simple"},"_links":{"self":[{"href":"https:\/\/www.stvvalves.com\/pt\/wp-json\/wp\/v2\/product\/7524","targetHints":{"allow":["GET"]}}],"collection":[{"href":"https:\/\/www.stvvalves.com\/pt\/wp-json\/wp\/v2\/product"}],"about":[{"href":"https:\/\/www.stvvalves.com\/pt\/wp-json\/wp\/v2\/types\/product"}],"wp:featuredmedia":[{"embeddable":true,"href":"https:\/\/www.stvvalves.com\/pt\/wp-json\/wp\/v2\/media\/7525"}],"wp:attachment":[{"href":"https:\/\/www.stvvalves.com\/pt\/wp-json\/wp\/v2\/media?parent=7524"}],"wp:term":[{"taxonomy":"product_brand","embeddable":true,"href":"https:\/\/www.stvvalves.com\/pt\/wp-json\/wp\/v2\/product_brand?post=7524"},{"taxonomy":"product_cat","embeddable":true,"href":"https:\/\/www.stvvalves.com\/pt\/wp-json\/wp\/v2\/product_cat?post=7524"},{"taxonomy":"product_tag","embeddable":true,"href":"https:\/\/www.stvvalves.com\/pt\/wp-json\/wp\/v2\/product_tag?post=7524"}],"curies":[{"name":"wp","href":"https:\/\/api.w.org\/{rel}","templated":true}]}}