{"id":7547,"date":"2024-08-31T22:55:00","date_gmt":"2024-08-31T14:55:00","guid":{"rendered":"https:\/\/www.stvvalves.com\/?post_type=product&#038;p=7547"},"modified":"2024-12-24T13:57:45","modified_gmt":"2024-12-24T05:57:45","slug":"astm-a182-f317l-gate-valve-dn40-600lb-rf-end","status":"publish","type":"product","link":"https:\/\/www.stvvalves.com\/pt\/products\/astm-a182-f317l-gate-valve-dn40-600lb-rf-end\/","title":{"rendered":"ASTM A182 F317L Gate Valve,DN40,600LB,RF End"},"content":{"rendered":"<p>1. Projeto e Fabrica\u00e7\u00e3o: API 602<br \/>\n2. Constru\u00e7\u00f5es: OS&amp;Y, Castelo Aparafusado, Castelo Soldado e Castelo Selado por Press\u00e3o;<br \/>\n3. Tipo de furo: Porta completa<br \/>\n4. Size Range: 1\/4\u2033 to 4\u2033.<br \/>\n5. Classifica\u00e7\u00f5es de press\u00e3o: ANSI 150, 300, 600, 900, 1500 e 2500LBS<br \/>\n6. Conex\u00f5es finais: Flangeadas (RF, RTJ)<br \/>\nOutras extremidades tamb\u00e9m dispon\u00edveis: roscada (parafusada, NPT), solda de topo (BW), solda de soquete (SW).<br \/>\n7. Materiais dispon\u00edveis em: A105 (N), LF2, F5, F11, F22, F304, F316, F51, F53 ou equivalente;<br \/>\n8. V\u00e1rios materiais de acabamento est\u00e3o dispon\u00edveis para atender a diferentes condi\u00e7\u00f5es de servi\u00e7o<br \/>\n9. NACE MR 0175 mediante solicita\u00e7\u00e3o<br \/>\n10.Teste e Inspe\u00e7\u00e3o: API598<\/p>\n<table>\n<tbody>\n<tr>\n<td width=\"200\"><strong><b>Nome do Produto<\/b><\/strong><\/td>\n<td width=\"481\">ASTM A182 F317L Gate Valve,DN40,600LB,RF End<\/td>\n<\/tr>\n<tr>\n<td width=\"200\">1. Materiais<\/td>\n<td width=\"481\">A105 (N), LF2, F5, F11, F22, F304, F316, F51, F53 ou Equivalente;<\/td>\n<\/tr>\n<tr>\n<td width=\"200\">2. Tamanho<\/td>\n<td width=\"481\">1\/2\u2033~4\u2033 \u2018 ( 15~100)<\/td>\n<\/tr>\n<tr>\n<td width=\"200\">4. Porto<\/td>\n<td width=\"481\">Porta Redutora<\/td>\n<\/tr>\n<tr>\n<td width=\"200\">5. Press\u00e3o de Trabalho<\/td>\n<td width=\"481\">150LB-2500LB<\/td>\n<\/tr>\n<tr>\n<td width=\"200\">6. Fim da conex\u00e3o<\/td>\n<td width=\"481\">FF,RF.RTJ<\/td>\n<\/tr>\n<tr>\n<td width=\"200\">7. Temperatura de trabalho.<\/td>\n<td width=\"481\">-29~600\u00baC,<\/td>\n<\/tr>\n<tr>\n<td width=\"200\">8. Meio Adequado<\/td>\n<td width=\"481\">\u00c1gua, G\u00e1s Natural, Petr\u00f3leo e algum l\u00edquido corrosivo<\/td>\n<\/tr>\n<tr>\n<td width=\"200\">9. Operado<\/td>\n<td width=\"481\">Volante<\/td>\n<\/tr>\n<tr>\n<td width=\"200\">10. Inspe\u00e7\u00e3o e Teste<\/td>\n<td width=\"481\">De acordo comAPI 598<\/td>\n<\/tr>\n<tr>\n<td width=\"200\"><strong><b>envio<\/b><\/strong><\/td>\n<td width=\"481\"><\/td>\n<\/tr>\n<tr>\n<td width=\"200\">Prazo de entrega<\/td>\n<td width=\"481\">30 dias<\/td>\n<\/tr>\n<tr>\n<td width=\"200\">Pacote<\/td>\n<td width=\"481\">Caixa de madeira compensada de exporta\u00e7\u00e3o padr\u00e3o<\/td>\n<\/tr>\n<tr>\n<td width=\"200\">Porto de embarque<\/td>\n<td width=\"481\">Ningbo\/Xangai, China<\/td>\n<\/tr>\n<tr>\n<td width=\"200\">Termos de envio<\/td>\n<td width=\"481\">Exw, FOB, CFR, CIF, etc.<\/td>\n<\/tr>\n<tr>\n<td width=\"200\">Termos de pagamento<\/td>\n<td width=\"481\">T\/T, Western Union, PayPal, etc.<\/td>\n<\/tr>\n<tr>\n<td width=\"200\"><\/td>\n<td width=\"481\">Pr\u00e9-pagamento 30%, saldo 70% pago antes do envio<\/td>\n<\/tr>\n<tr>\n<td width=\"200\">Pa\u00eds de origem<\/td>\n<td width=\"481\">Cidade de Wenzhou, China<\/td>\n<\/tr>\n<tr>\n<td width=\"200\">Capacidade de produ\u00e7\u00e3o<\/td>\n<td width=\"481\">6.000 toneladas\/ano<\/td>\n<\/tr>\n<tr>\n<td width=\"200\">Quantidade m\u00ednima<\/td>\n<td width=\"481\">10 unidades\/tamanho<\/td>\n<\/tr>\n<\/tbody>\n<\/table>","protected":false},"excerpt":{"rendered":"<p>STV Valve Technology Group Co., Ltd is a professional leader China F317L Forged Gate Valve, Small Size F317L Gate Valve, 11\/2 Inch F317L Gate Valve,\u00a0 A182 F317L Gate Valve, API 602 F317L Gate Valve, Class 600 LB F317L Gate Valve,Bolt Bonnet F317l Gate Valve Manufacturer with high quality and competitive price.<\/p>","protected":false},"featured_media":7548,"template":"","meta":[],"product_brand":[],"product_cat":[44,59],"product_tag":[2891,2892,2893,2895,2889,2894,2890],"class_list":{"0":"post-7547","1":"product","2":"type-product","3":"status-publish","4":"has-post-thumbnail","6":"product_cat-gate-valve","7":"product_cat-forged-steel-gate-valve","8":"product_tag-11-2-inch-f317l-gate-valve","9":"product_tag-a182-f317l-gate-valve","10":"product_tag-api-602-f317l-gate-valve","11":"product_tag-bolt-bonnet-f317l-gate-valve-manufacturer","12":"product_tag-china-f317l-forged-gate-valve","13":"product_tag-class-600-lb-f317l-gate-valve","14":"product_tag-small-size-f317l-gate-valve","16":"first","17":"instock","18":"shipping-taxable","19":"product-type-simple"},"_links":{"self":[{"href":"https:\/\/www.stvvalves.com\/pt\/wp-json\/wp\/v2\/product\/7547","targetHints":{"allow":["GET"]}}],"collection":[{"href":"https:\/\/www.stvvalves.com\/pt\/wp-json\/wp\/v2\/product"}],"about":[{"href":"https:\/\/www.stvvalves.com\/pt\/wp-json\/wp\/v2\/types\/product"}],"wp:featuredmedia":[{"embeddable":true,"href":"https:\/\/www.stvvalves.com\/pt\/wp-json\/wp\/v2\/media\/7548"}],"wp:attachment":[{"href":"https:\/\/www.stvvalves.com\/pt\/wp-json\/wp\/v2\/media?parent=7547"}],"wp:term":[{"taxonomy":"product_brand","embeddable":true,"href":"https:\/\/www.stvvalves.com\/pt\/wp-json\/wp\/v2\/product_brand?post=7547"},{"taxonomy":"product_cat","embeddable":true,"href":"https:\/\/www.stvvalves.com\/pt\/wp-json\/wp\/v2\/product_cat?post=7547"},{"taxonomy":"product_tag","embeddable":true,"href":"https:\/\/www.stvvalves.com\/pt\/wp-json\/wp\/v2\/product_tag?post=7547"}],"curies":[{"name":"wp","href":"https:\/\/api.w.org\/{rel}","templated":true}]}}