{"id":7560,"date":"2024-09-01T09:41:33","date_gmt":"2024-09-01T01:41:33","guid":{"rendered":"https:\/\/www.stvvalves.com\/?post_type=product&#038;p=7560"},"modified":"2024-12-24T23:08:32","modified_gmt":"2024-12-24T15:08:32","slug":"4a-swing-check-valve-8-inch-cl900-flange-end","status":"publish","type":"product","link":"https:\/\/www.stvvalves.com\/pt\/products\/4a-swing-check-valve-8-inch-cl900-flange-end\/","title":{"rendered":"4A Swing Check Valve,8 Inch,CL900,Flange End"},"content":{"rendered":"<p>Caracter\u00edsticas de design:<br \/>\nPadr\u00e3o de design conforme: BS1868,ASME B16.34,API 600<br \/>\nDimens\u00f5es face a face:ANSI B16.10.<br \/>\nDimens\u00e3o da extremidade do flange: ANSI B16.5<br \/>\nDimens\u00f5es soldadas de topo: ANSI B16.25<br \/>\nProjeto e Fabrica\u00e7\u00e3o:BS1868<br \/>\nTeste de press\u00e3o: API598<\/p>\n<p>Estrutura de produto compacta e razo\u00e1vel, estanqueidade confi\u00e1vel e bom desempenho;<\/p>\n<p>Passagem suave de fluidos e pequena resist\u00eancia a fluidos;<\/p>\n<p>Disco tipo swing.<\/p>\n<p>Pode ser projetado com Cilindro Amortizador ou disco balanceado.<\/p>\n<p>Passagem fluida lisa e pequena resist\u00eancia fluida.<\/p>\n<p>Gama de Produtos<br \/>\nBody material: Material: Duplex S31803\u3001Super Duplex S32750\u3001Super Duplex S32760<br \/>\n1A,\u30012A,3A,4A,5A,6A,1B,1C<br \/>\nCD4MCu, CD4MCuN, CD3MCuN, CE8MN, CD6MN, CD3MN, CE3MN, CD3MWCuN<\/p>\n<p>Faixa de press\u00e3o:Classe150~2500(PN10~PN420)<\/p>\n<p>Conex\u00e3o final: RF, RTJ, BW<\/p>\n<p>Temperatura de trabalho:-196\u00b0C~+560\u00b0C<\/p>\n<div>\n<p>&nbsp;<\/p>\n<table>\n<tbody>\n<tr>\n<td width=\"200\"><strong><b>Nome do Produto<\/b><\/strong><\/td>\n<td width=\"481\">4A Swing Check Valve,8 Inch,CL900,Flange End<\/td>\n<\/tr>\n<tr>\n<td width=\"200\">1. Materiais<\/td>\n<td width=\"481\">4A<\/td>\n<\/tr>\n<tr>\n<td width=\"200\">2. Tamanho<\/td>\n<td width=\"481\">8\u201d<\/td>\n<\/tr>\n<tr>\n<td width=\"200\">4. Porto<\/td>\n<td width=\"481\">Porto completo<\/td>\n<\/tr>\n<tr>\n<td width=\"200\">5. Press\u00e3o de Trabalho<\/td>\n<td width=\"481\">900 libras<\/td>\n<\/tr>\n<tr>\n<td width=\"200\">6. Fim da conex\u00e3o<\/td>\n<td width=\"481\">RF<\/td>\n<\/tr>\n<tr>\n<td width=\"200\">7. Temperatura de trabalho.<\/td>\n<td width=\"481\">-29~250\u00baC,<\/td>\n<\/tr>\n<tr>\n<td width=\"200\">8. Meio Adequado<\/td>\n<td width=\"481\">\u00c1gua, G\u00e1s Natural, Petr\u00f3leo e algum l\u00edquido corrosivo<\/td>\n<\/tr>\n<tr>\n<td width=\"200\">9. Operado<\/td>\n<td width=\"481\">\/<\/td>\n<\/tr>\n<tr>\n<td width=\"200\">10. Inspe\u00e7\u00e3o e Teste<\/td>\n<td width=\"481\">De acordo comAPI 598<\/td>\n<\/tr>\n<tr>\n<td width=\"200\"><strong><b>envio<\/b><\/strong><\/td>\n<td width=\"481\"><\/td>\n<\/tr>\n<tr>\n<td width=\"200\">Prazo de entrega<\/td>\n<td width=\"481\">30 dias<\/td>\n<\/tr>\n<tr>\n<td width=\"200\">Pacote<\/td>\n<td width=\"481\">Caixa de madeira compensada de exporta\u00e7\u00e3o padr\u00e3o<\/td>\n<\/tr>\n<tr>\n<td width=\"200\">Porto de embarque<\/td>\n<td width=\"481\">Ningbo\/Xangai, China<\/td>\n<\/tr>\n<tr>\n<td width=\"200\">Termos de envio<\/td>\n<td width=\"481\">Exw, FOB, CFR, CIF, etc.<\/td>\n<\/tr>\n<tr>\n<td width=\"200\">Termos de pagamento<\/td>\n<td width=\"481\">T\/T, Western Union, PayPal, etc.<\/td>\n<\/tr>\n<tr>\n<td width=\"200\"><\/td>\n<td width=\"481\">Pr\u00e9-pagamento 30%, saldo 70% pago antes do envio<\/td>\n<\/tr>\n<tr>\n<td width=\"200\">Pa\u00eds de origem<\/td>\n<td width=\"481\">Cidade de Wenzhou, China<\/td>\n<\/tr>\n<tr>\n<td width=\"200\">Capacidade de produ\u00e7\u00e3o<\/td>\n<td width=\"481\">6.000 toneladas\/ano<\/td>\n<\/tr>\n<tr>\n<td width=\"200\">Quantidade m\u00ednima<\/td>\n<td width=\"481\">10 unidades\/tamanho<\/td>\n<\/tr>\n<\/tbody>\n<\/table>\n<\/div>","protected":false},"excerpt":{"rendered":"<p>STV Valve Technology Group Co., Ltd is a professional leader China 4A Swing Check Valve, 8 Inch 4A Swing Check Valve, CL900 4A Swing Check Valve,4A Flange End Swing Check Valve,Bolt Bonnet 4A Swing Check Valve Manufacturer with high quality and competitive price.<\/p>\n<p>&nbsp;<\/p>","protected":false},"featured_media":7561,"template":"","meta":[],"product_brand":[],"product_cat":[46,67],"product_tag":[2814,2812,2815,2811,2918],"class_list":{"0":"post-7560","1":"product","2":"type-product","3":"status-publish","4":"has-post-thumbnail","6":"product_cat-check-valves","7":"product_cat-stainless-steel-check-valve","8":"product_tag-4a-flange-end-swing-check-valve","9":"product_tag-8-inch-4a-swing-check-valve","10":"product_tag-bolt-bonnet-4a-swing-check-valve-manufacturer","11":"product_tag-china-4a-swing-check-valve","12":"product_tag-cl900-4a-swing-check-valve","14":"first","15":"instock","16":"shipping-taxable","17":"product-type-simple"},"_links":{"self":[{"href":"https:\/\/www.stvvalves.com\/pt\/wp-json\/wp\/v2\/product\/7560","targetHints":{"allow":["GET"]}}],"collection":[{"href":"https:\/\/www.stvvalves.com\/pt\/wp-json\/wp\/v2\/product"}],"about":[{"href":"https:\/\/www.stvvalves.com\/pt\/wp-json\/wp\/v2\/types\/product"}],"wp:featuredmedia":[{"embeddable":true,"href":"https:\/\/www.stvvalves.com\/pt\/wp-json\/wp\/v2\/media\/7561"}],"wp:attachment":[{"href":"https:\/\/www.stvvalves.com\/pt\/wp-json\/wp\/v2\/media?parent=7560"}],"wp:term":[{"taxonomy":"product_brand","embeddable":true,"href":"https:\/\/www.stvvalves.com\/pt\/wp-json\/wp\/v2\/product_brand?post=7560"},{"taxonomy":"product_cat","embeddable":true,"href":"https:\/\/www.stvvalves.com\/pt\/wp-json\/wp\/v2\/product_cat?post=7560"},{"taxonomy":"product_tag","embeddable":true,"href":"https:\/\/www.stvvalves.com\/pt\/wp-json\/wp\/v2\/product_tag?post=7560"}],"curies":[{"name":"wp","href":"https:\/\/api.w.org\/{rel}","templated":true}]}}