{"id":7578,"date":"2024-09-01T15:06:46","date_gmt":"2024-09-01T07:06:46","guid":{"rendered":"https:\/\/www.stvvalves.com\/?post_type=product&#038;p=7578"},"modified":"2024-12-25T10:37:17","modified_gmt":"2024-12-25T02:37:17","slug":"weld-bonnet-piston-check-valve-f304l-dn-25-1500lb-sw-end","status":"publish","type":"product","link":"https:\/\/www.stvvalves.com\/pt\/products\/weld-bonnet-piston-check-valve-f304l-dn-25-1500lb-sw-end\/","title":{"rendered":"Weld Bonnet Piston Check Valve,F304L,DN 25,1500LB,SW End"},"content":{"rendered":"<p>Projeto e fabrica\u00e7\u00e3o em conformidade com BS5351, MSS SP-118<\/p>\n<p>As extremidades da conex\u00e3o est\u00e3o em conformidade com:<\/p>\n<p>1. As extremidades soldadas do soquete est\u00e3o em conformidade com ANSI B16.11<\/p>\n<p>2. As extremidades dos parafusos est\u00e3o em conformidade com ANSI B1.20.1<\/p>\n<p>3. Extremidades soldadas de topo em conformidade com ANSI B16.25<\/p>\n<p>4. As extremidades do flange est\u00e3o em conformidade com ANSI B16.5<\/p>\n<p>5. Teste e inspe\u00e7\u00e3o em conformidade com: API 598<\/p>\n<p>Recursos de estrutura:<\/p>\n<p>Castelo aparafusado, castelo soldado, castelo com veda\u00e7\u00e3o de press\u00e3o<\/p>\n<p>A\u00e7o Forjado, Pist\u00e3o, Esfera ou Tipo Swing<\/p>\n<p>Assento integral do corpo para v\u00e1lvulas de reten\u00e7\u00e3o de pist\u00e3o e esfera<\/p>\n<p>Projeto de anel de sede separado para v\u00e1lvulas de reten\u00e7\u00e3o de giro<\/p>\n<p>Junta enrolada em espiral ou junta de anel oval<\/p>\n<p>Furo reduzido ou porta completa,<\/p>\n<p>Padr\u00e3o T ou Padr\u00e3o Y,<\/p>\n<p>Gama de Produtos<\/p>\n<p>Material do corpo: A105,LF2,F5,F11,F22.304.304L,316.316L,F51,F91.20#,Inconel .Ect<\/p>\n<p>Di\u00e2metro nominal:1\/2\u2033~2\u2033\uff08DN15~DN50\uff09<\/p>\n<p>Conex\u00e3o final: THR,SW,BW,RF,RTJ<\/p>\n<p>Temperatura de trabalho: -196\u2103~+560\u2103<\/p>\n<p>&nbsp;<\/p>\n<table>\n<tbody>\n<tr>\n<td width=\"200\"><strong>Nome do Produto<\/strong><\/td>\n<td width=\"481\">Weld Bonnet Piston Check Valve,F304L,DN 25,1500LB,SW End<\/td>\n<\/tr>\n<tr>\n<td width=\"200\">1. Materiais<\/td>\n<td width=\"481\">F304L<\/td>\n<\/tr>\n<tr>\n<td width=\"200\">2. Tamanho<\/td>\n<td width=\"481\">1\u201d<\/td>\n<\/tr>\n<tr>\n<td width=\"200\">4. Porto<\/td>\n<td width=\"481\">Porta Redutora<\/td>\n<\/tr>\n<tr>\n<td width=\"200\">5. Press\u00e3o de Trabalho<\/td>\n<td width=\"481\">1.500 libras<\/td>\n<\/tr>\n<tr>\n<td width=\"200\">6. Fim da conex\u00e3o<\/td>\n<td width=\"481\">SO<\/td>\n<\/tr>\n<tr>\n<td width=\"200\">7. Temperatura de trabalho.<\/td>\n<td width=\"481\">-29~425\u00baC,<\/td>\n<\/tr>\n<tr>\n<td width=\"200\">8. Meio Adequado<\/td>\n<td width=\"481\">\u00c1gua, G\u00e1s Natural, Petr\u00f3leo e algum l\u00edquido corrosivo<\/td>\n<\/tr>\n<tr>\n<td width=\"200\">9. Operado<\/td>\n<td width=\"481\">\/<\/td>\n<\/tr>\n<tr>\n<td width=\"200\">10. Inspe\u00e7\u00e3o e Teste<\/td>\n<td width=\"481\">De acordo com API598<\/td>\n<\/tr>\n<tr>\n<td width=\"200\"><strong>envio<\/strong><\/td>\n<td width=\"481\"><\/td>\n<\/tr>\n<tr>\n<td width=\"200\">Prazo de entrega<\/td>\n<td width=\"481\">30 dias<\/td>\n<\/tr>\n<tr>\n<td width=\"200\">Pacote<\/td>\n<td width=\"481\">Caixa de madeira compensada de exporta\u00e7\u00e3o padr\u00e3o<\/td>\n<\/tr>\n<tr>\n<td width=\"200\">Porto de embarque<\/td>\n<td width=\"481\">Ningbo\/Xangai, China<\/td>\n<\/tr>\n<tr>\n<td width=\"200\">Termos de envio<\/td>\n<td width=\"481\">Exw, FOB, CFR, CIF, etc.<\/td>\n<\/tr>\n<tr>\n<td width=\"200\">Termos de pagamento<\/td>\n<td width=\"481\">T\/T, Western Union, PayPal, etc.<\/td>\n<\/tr>\n<tr>\n<td width=\"200\"><\/td>\n<td width=\"481\">Pr\u00e9-pagamento 30%, saldo 70% pago antes do envio<\/td>\n<\/tr>\n<tr>\n<td width=\"200\">Pa\u00eds de origem<\/td>\n<td width=\"481\">Cidade de Wenzhou, China<\/td>\n<\/tr>\n<tr>\n<td width=\"200\">Capacidade de produ\u00e7\u00e3o<\/td>\n<td width=\"481\">6.000 toneladas\/ano<\/td>\n<\/tr>\n<tr>\n<td width=\"200\">Quantidade m\u00ednima<\/td>\n<td width=\"481\">1 pe\u00e7a\/tamanho<\/td>\n<\/tr>\n<\/tbody>\n<\/table>","protected":false},"excerpt":{"rendered":"<div class=\"woocommerce-product-details__short-description\">\n<p>Modelo:STV-H61H-800LB-A105N-11\/4\u2033<\/p>\n<p>STV Valve Technology Group Co., Ltd is a professional leader China Forged Steel Weld Bonnet Piston Check Valve,304 Weld Bonnet Piston Check Valve,DN 25 Weld Bonnet Piston Check Valve,SW End Weld Bonnet Piston Check Valve,Forged Steel Weld Bonnet Piston Check Valve,API 602 Weld Bonnet Piston Check Valve,2 Inch Weld Bonnet Piston Check Valve.<br \/>\nPara saber mais sobre essas v\u00e1lvulas, entre em contato com nosso sales@stvvalve.com<\/p>\n<\/div>","protected":false},"featured_media":7579,"template":"","meta":[],"product_brand":[],"product_cat":[46,66],"product_tag":[2963,2958,2962,2957,2959,2961,2960],"class_list":{"0":"post-7578","1":"product","2":"type-product","3":"status-publish","4":"has-post-thumbnail","6":"product_cat-check-valves","7":"product_cat-swing-check-valve","8":"product_tag-2-inch-weld-bonnet-piston-check-valve","9":"product_tag-304-weld-bonnet-piston-check-valve","10":"product_tag-api-602-weld-bonnet-piston-check-valve","11":"product_tag-china-forged-steel-weld-bonnet-piston-check-valve","12":"product_tag-dn-25-weld-bonnet-piston-check-valve","13":"product_tag-forged-steel-weld-bonnet-piston-check-valve","14":"product_tag-sw-end-weld-bonnet-piston-check-valve","16":"first","17":"instock","18":"shipping-taxable","19":"product-type-simple"},"_links":{"self":[{"href":"https:\/\/www.stvvalves.com\/pt\/wp-json\/wp\/v2\/product\/7578","targetHints":{"allow":["GET"]}}],"collection":[{"href":"https:\/\/www.stvvalves.com\/pt\/wp-json\/wp\/v2\/product"}],"about":[{"href":"https:\/\/www.stvvalves.com\/pt\/wp-json\/wp\/v2\/types\/product"}],"wp:featuredmedia":[{"embeddable":true,"href":"https:\/\/www.stvvalves.com\/pt\/wp-json\/wp\/v2\/media\/7579"}],"wp:attachment":[{"href":"https:\/\/www.stvvalves.com\/pt\/wp-json\/wp\/v2\/media?parent=7578"}],"wp:term":[{"taxonomy":"product_brand","embeddable":true,"href":"https:\/\/www.stvvalves.com\/pt\/wp-json\/wp\/v2\/product_brand?post=7578"},{"taxonomy":"product_cat","embeddable":true,"href":"https:\/\/www.stvvalves.com\/pt\/wp-json\/wp\/v2\/product_cat?post=7578"},{"taxonomy":"product_tag","embeddable":true,"href":"https:\/\/www.stvvalves.com\/pt\/wp-json\/wp\/v2\/product_tag?post=7578"}],"curies":[{"name":"wp","href":"https:\/\/api.w.org\/{rel}","templated":true}]}}