{"id":7588,"date":"2024-09-06T23:21:09","date_gmt":"2024-09-06T15:21:09","guid":{"rendered":"https:\/\/www.stvvalves.com\/?post_type=product&#038;p=7588"},"modified":"2025-02-18T14:01:50","modified_gmt":"2025-02-18T06:01:50","slug":"y-type-forged-globe-valve-1500-lb-f11-sw-ends-1-inch","status":"publish","type":"product","link":"https:\/\/www.stvvalves.com\/pt\/products\/y-type-forged-globe-valve-1500-lb-f11-sw-ends-1-inch\/","title":{"rendered":"Y Type Forged Globe Valve,1500 Lb, F11, Sw Ends, 1 Inch"},"content":{"rendered":"<p>Padr\u00e3o de projeto: API 602.<br \/>\nMaterial do corpo: F11<br \/>\nDi\u00e2metro nominal: 1 polegada (DN25).<br \/>\nPress\u00e3o: Classe 1500.<br \/>\nConex\u00e3o final: SW.<br \/>\nPresencial: ASME B16.10.<br \/>\nWorking Temperature: -29\u00baC~+540\u00baC.<br \/>\nModo de Opera\u00e7\u00e3o: Volante.<br \/>\nTeste e Inspe\u00e7\u00e3o: API 598.<\/p>\n<p>Gama de Produtos<br \/>\nMaterial do corpo: A105,LF2,F5,F11,F22,304,304L,316,316L,F51,F91,20#,Inconel.Ect<br \/>\nDi\u00e2metro normal: 1\/2\u2033~3\u2033 (DN15~DN80).<br \/>\nConex\u00e3o final: NPT, SW, solda de topo, flangeada.<br \/>\nFaixa de press\u00e3o: 150 libras ~ 2500 libras (PN10 ~ PN420).<br \/>\nOpera\u00e7\u00e3o: volante, atuador el\u00e9trico e pneum\u00e1tico<br \/>\nTemperatura de trabalho: -196\u00baC~ +560\u00baC.<\/p>\n<table>\n<tbody>\n<tr>\n<td width=\"200\"><strong>Nome do Produto<\/strong><\/td>\n<td width=\"481\">Y Type Forged Globe Valve,1500 Lb, F11, Sw Ends, 1 Inch<\/td>\n<\/tr>\n<tr>\n<td width=\"200\">1. Materiais<\/td>\n<td width=\"481\">F11<\/td>\n<\/tr>\n<tr>\n<td width=\"200\">2. Tamanho<\/td>\n<td width=\"481\">1\u201d<\/td>\n<\/tr>\n<tr>\n<td width=\"200\">4. Porto<\/td>\n<td width=\"481\">Porta Redutora<\/td>\n<\/tr>\n<tr>\n<td width=\"200\">5. Press\u00e3o de Trabalho<\/td>\n<td width=\"481\">1.500 libras<\/td>\n<\/tr>\n<tr>\n<td width=\"200\">6. Fim da conex\u00e3o<\/td>\n<td width=\"481\">SO<\/td>\n<\/tr>\n<tr>\n<td width=\"200\">7. Temperatura de trabalho.<\/td>\n<td width=\"481\">-29~540\u00baC,<\/td>\n<\/tr>\n<tr>\n<td width=\"200\">8. Meio Adequado<\/td>\n<td width=\"481\">\u00c1gua, G\u00e1s Natural, Petr\u00f3leo e algum l\u00edquido corrosivo<\/td>\n<\/tr>\n<tr>\n<td width=\"200\">9. Operado<\/td>\n<td width=\"481\">Volante<\/td>\n<\/tr>\n<tr>\n<td width=\"200\">10. Inspe\u00e7\u00e3o e Teste<\/td>\n<td width=\"481\">De acordo com API598<\/td>\n<\/tr>\n<tr>\n<td width=\"200\"><strong>envio<\/strong><\/td>\n<td width=\"481\"><\/td>\n<\/tr>\n<tr>\n<td width=\"200\">Prazo de entrega<\/td>\n<td width=\"481\">30 dias<\/td>\n<\/tr>\n<tr>\n<td width=\"200\">Pacote<\/td>\n<td width=\"481\">Caixa de madeira compensada de exporta\u00e7\u00e3o padr\u00e3o<\/td>\n<\/tr>\n<tr>\n<td width=\"200\">Porto de embarque<\/td>\n<td width=\"481\">Ningbo\/Xangai, China<\/td>\n<\/tr>\n<tr>\n<td width=\"200\">Termos de envio<\/td>\n<td width=\"481\">Exw, FOB, CFR, CIF, etc.<\/td>\n<\/tr>\n<tr>\n<td width=\"200\">Termos de pagamento<\/td>\n<td width=\"481\">T\/T, Western Union, PayPal, etc.<\/td>\n<\/tr>\n<tr>\n<td width=\"200\"><\/td>\n<td width=\"481\">Pr\u00e9-pagamento 30%, saldo 70% pago antes do envio<\/td>\n<\/tr>\n<tr>\n<td width=\"200\">Pa\u00eds de origem<\/td>\n<td width=\"481\">Cidade de Wenzhou, China<\/td>\n<\/tr>\n<tr>\n<td width=\"200\">Capacidade de produ\u00e7\u00e3o<\/td>\n<td width=\"481\">6.000 toneladas\/ano<\/td>\n<\/tr>\n<tr>\n<td width=\"200\">Quantidade m\u00ednima<\/td>\n<td width=\"481\">1 pe\u00e7a\/tamanho<\/td>\n<\/tr>\n<\/tbody>\n<\/table>","protected":false},"excerpt":{"rendered":"<p>Modelo:STV-J65Y-A105N-2\u2033-1500LB<\/p>\n<p>Nossa v\u00e1lvula globo forjada tipo Y oferece desempenho superior em diversas aplica\u00e7\u00f5es nas \u00e1reas qu\u00edmica,<br \/>\npetroqu\u00edmico, g\u00e1s e diversos usos industriais e ideal para aplica\u00e7\u00f5es downstream. Eles s\u00e3o projetados,<br \/>\nprojetado e fabricado em estrita conformidade com API, ASTM, ASME, ANSI e outros padr\u00f5es reconhecidos.<br \/>\nOur forged Steel Valves are not only cha racterized by outstanding performance, reliability and quality, they\u2019re also known for their standard features normally optional in other brands.<\/p>\n<p>STV Valve Technology Group Co., Ltd is a professional leader China Y Type Forged Globe Valve ,Class 1500Lb Y Type Globe Valve ,Forged Y Type Globe Valve,Class 1500 Lb China 1500lb Y Type Forged Globe Valve Manufacture Globe Valve, API 602 Y Type Globe Valve,Sw Ends Y Type Globe Valve,A105N Y Type Globe Valve,PSB Y Type Globe Valve,1 Inch Y Type Globe Valve manufacturer with high quality and competitive price.<\/p>","protected":false},"featured_media":7589,"template":"","meta":[],"product_brand":[],"product_cat":[64,45],"product_tag":[2490,2488,2486,2483,2983,2495,2485,2489,2487],"class_list":{"0":"post-7588","1":"product","2":"type-product","3":"status-publish","4":"has-post-thumbnail","6":"product_cat-foreged-steel-globe-valve","7":"product_cat-globe-valve","8":"product_tag-1-inch-y-type-globe-valve-manufacturer","9":"product_tag-a105n-y-type-globe-valve","10":"product_tag-api-602-y-type-globe-valve","11":"product_tag-china-y-type-forged-globe-valve","12":"product_tag-class-1500-lb-china-1500lb-y-type-forged-globe-valve-manufacture-globe-valve","13":"product_tag-class-1500lb-y-type-globe-valve","14":"product_tag-forged-y-type-globe-valve","15":"product_tag-psb-y-type-globe-valve","16":"product_tag-sw-ends-y-type-globe-valve","18":"first","19":"instock","20":"shipping-taxable","21":"product-type-simple"},"_links":{"self":[{"href":"https:\/\/www.stvvalves.com\/pt\/wp-json\/wp\/v2\/product\/7588","targetHints":{"allow":["GET"]}}],"collection":[{"href":"https:\/\/www.stvvalves.com\/pt\/wp-json\/wp\/v2\/product"}],"about":[{"href":"https:\/\/www.stvvalves.com\/pt\/wp-json\/wp\/v2\/types\/product"}],"wp:featuredmedia":[{"embeddable":true,"href":"https:\/\/www.stvvalves.com\/pt\/wp-json\/wp\/v2\/media\/7589"}],"wp:attachment":[{"href":"https:\/\/www.stvvalves.com\/pt\/wp-json\/wp\/v2\/media?parent=7588"}],"wp:term":[{"taxonomy":"product_brand","embeddable":true,"href":"https:\/\/www.stvvalves.com\/pt\/wp-json\/wp\/v2\/product_brand?post=7588"},{"taxonomy":"product_cat","embeddable":true,"href":"https:\/\/www.stvvalves.com\/pt\/wp-json\/wp\/v2\/product_cat?post=7588"},{"taxonomy":"product_tag","embeddable":true,"href":"https:\/\/www.stvvalves.com\/pt\/wp-json\/wp\/v2\/product_tag?post=7588"}],"curies":[{"name":"wp","href":"https:\/\/api.w.org\/{rel}","templated":true}]}}