{"id":7643,"date":"2024-12-09T10:13:18","date_gmt":"2024-12-09T02:13:18","guid":{"rendered":"https:\/\/www.stvvalves.com\/?post_type=product&#038;p=7643"},"modified":"2024-12-24T13:38:06","modified_gmt":"2024-12-24T05:38:06","slug":"din-593-wafer-butterfly-valve-pn10-wcb-body-dn550-gear-op","status":"publish","type":"product","link":"https:\/\/www.stvvalves.com\/pt\/products\/din-593-wafer-butterfly-valve-pn10-wcb-body-dn550-gear-op\/","title":{"rendered":"DIN 593 Wafer Butterfly Valve, PN10,WCB Body,PTFE Seat,Gear OP"},"content":{"rendered":"<p>Projeto: DIN EN 593<br \/>\nClassifica\u00e7\u00e3o: PN25<br \/>\nCara a Cara: DIN EN 558<br \/>\nExtremidade flangeada: DIN EN 1092-1<br \/>\nInspe\u00e7\u00e3o e Teste: EN 12266<br \/>\nEspessura da parede: EN 12516-1<br \/>\nTemperatura:-196\u2103 ~ +560\u2103<br \/>\nDN50\u2033~ DN600<\/p>\n<p>Material do corpo: a\u00e7o carbono, a\u00e7o inoxid\u00e1vel, liga de a\u00e7o, bronze<\/p>\n<p>Conex\u00e3o final: RF, RTJ, BW<\/p>\n<p>Faixa de press\u00e3o: Classe150~2500(PN16~PN420)<\/p>\n<table>\n<tbody>\n<tr>\n<td width=\"200\"><strong><b>Nome do Produto<\/b><\/strong><\/td>\n<td width=\"481\">DIN 593 Wafer Butterfly Valve, PN10,WCB Body,PTFE Seat,Gear OP<\/td>\n<\/tr>\n<tr>\n<td width=\"200\">1. Materiais<\/td>\n<td width=\"481\">WCB<\/td>\n<\/tr>\n<tr>\n<td width=\"200\">2. Tamanho<\/td>\n<td width=\"481\">DN550<\/td>\n<\/tr>\n<tr>\n<td width=\"200\">4. Porto<\/td>\n<td width=\"481\">Porto completo<\/td>\n<\/tr>\n<tr>\n<td width=\"200\">5. Press\u00e3o de Trabalho<\/td>\n<td width=\"481\">PN10<\/td>\n<\/tr>\n<tr>\n<td width=\"200\">6. Fim da conex\u00e3o<\/td>\n<td width=\"481\">Bolacha<\/td>\n<\/tr>\n<tr>\n<td width=\"200\">7. Temperatura de trabalho.<\/td>\n<td width=\"481\">-29~120\u00baC,<\/td>\n<\/tr>\n<tr>\n<td width=\"200\">8. Meio Adequado<\/td>\n<td width=\"481\">\u00c1gua, G\u00e1s Natural, Petr\u00f3leo e algum l\u00edquido corrosivo<\/td>\n<\/tr>\n<tr>\n<td width=\"200\">9. Operado<\/td>\n<td width=\"481\">Caixa de velocidade<\/td>\n<\/tr>\n<tr>\n<td width=\"200\">10. Inspe\u00e7\u00e3o e Teste<\/td>\n<td width=\"481\">De acordo comAPI 598<\/td>\n<\/tr>\n<tr>\n<td width=\"200\"><strong><b>envio<\/b><\/strong><\/td>\n<td width=\"481\"><\/td>\n<\/tr>\n<tr>\n<td width=\"200\">Prazo de entrega<\/td>\n<td width=\"481\">30 dias<\/td>\n<\/tr>\n<tr>\n<td width=\"200\">Pacote<\/td>\n<td width=\"481\">Caixa de madeira compensada de exporta\u00e7\u00e3o padr\u00e3o<\/td>\n<\/tr>\n<tr>\n<td width=\"200\">Porto de embarque<\/td>\n<td width=\"481\">Ningbo\/Xangai, China<\/td>\n<\/tr>\n<tr>\n<td width=\"200\">Termos de envio<\/td>\n<td width=\"481\">Exw, FOB, CFR, CIF, etc.<\/td>\n<\/tr>\n<tr>\n<td width=\"200\">Termos de pagamento<\/td>\n<td width=\"481\">T\/T, Western Union, PayPal, etc.<\/td>\n<\/tr>\n<tr>\n<td width=\"200\"><\/td>\n<td width=\"481\">Pr\u00e9-pagamento 30%, saldo 70% pago antes do envio<\/td>\n<\/tr>\n<tr>\n<td width=\"200\">Pa\u00eds de origem<\/td>\n<td width=\"481\">Cidade de Wenzhou, China<\/td>\n<\/tr>\n<tr>\n<td width=\"200\">Capacidade de produ\u00e7\u00e3o<\/td>\n<td width=\"481\">6.000 toneladas\/ano<\/td>\n<\/tr>\n<tr>\n<td width=\"200\">Quantidade m\u00ednima<\/td>\n<td width=\"481\">10 unidades\/tamanho<\/td>\n<\/tr>\n<\/tbody>\n<\/table>","protected":false},"excerpt":{"rendered":"<p>STV Valve Technology Group Co., Ltd is a professional leader China DIN 593 Wafer Butterfly Valve, DN550 DIN 593 Wafer Butterfly Valve,PN10 DIN 593 Wafer Butterfly Valve,double eccentric DIN 593 Wafer Butterfly Valve,Worm Gear DIN 593 Wafer Butterfly Valve.WCB DIN 593 Wafer Butterfly Valve,PTFE Seat DIN 593 Wafer Butterfly Valve.<\/p>","protected":false},"featured_media":7644,"template":"","meta":[],"product_brand":[],"product_cat":[965,971],"product_tag":[3042,3043,3045,3044,3047,3046],"class_list":{"0":"post-7643","1":"product","2":"type-product","3":"status-publish","4":"has-post-thumbnail","6":"product_cat-butterfly-valve","7":"product_cat-wafer-butterfly-valve","8":"product_tag-china-din-593-wafer-butterfly-valve","9":"product_tag-dn550-din-593-wafer-butterfly-valve","10":"product_tag-double-eccentric-din-593-wafer-butterfly-valve","11":"product_tag-pn10-din-593-wafer-butterfly-valve","12":"product_tag-ptfe-seat-din-593-wafer-butterfly-valve","13":"product_tag-worm-gear-din-593-wafer-butterfly-valve-wcb-din-593-wafer-butterfly-valve","15":"first","16":"instock","17":"shipping-taxable","18":"product-type-simple"},"_links":{"self":[{"href":"https:\/\/www.stvvalves.com\/pt\/wp-json\/wp\/v2\/product\/7643","targetHints":{"allow":["GET"]}}],"collection":[{"href":"https:\/\/www.stvvalves.com\/pt\/wp-json\/wp\/v2\/product"}],"about":[{"href":"https:\/\/www.stvvalves.com\/pt\/wp-json\/wp\/v2\/types\/product"}],"wp:featuredmedia":[{"embeddable":true,"href":"https:\/\/www.stvvalves.com\/pt\/wp-json\/wp\/v2\/media\/7644"}],"wp:attachment":[{"href":"https:\/\/www.stvvalves.com\/pt\/wp-json\/wp\/v2\/media?parent=7643"}],"wp:term":[{"taxonomy":"product_brand","embeddable":true,"href":"https:\/\/www.stvvalves.com\/pt\/wp-json\/wp\/v2\/product_brand?post=7643"},{"taxonomy":"product_cat","embeddable":true,"href":"https:\/\/www.stvvalves.com\/pt\/wp-json\/wp\/v2\/product_cat?post=7643"},{"taxonomy":"product_tag","embeddable":true,"href":"https:\/\/www.stvvalves.com\/pt\/wp-json\/wp\/v2\/product_tag?post=7643"}],"curies":[{"name":"wp","href":"https:\/\/api.w.org\/{rel}","templated":true}]}}