{"id":7646,"date":"2024-12-09T21:48:42","date_gmt":"2024-12-09T13:48:42","guid":{"rendered":"https:\/\/www.stvvalves.com\/?post_type=product&#038;p=7646"},"modified":"2024-12-24T22:43:42","modified_gmt":"2024-12-24T14:43:42","slug":"300lb-cn7m-gate-valve-2-inch-flanged-end","status":"publish","type":"product","link":"https:\/\/www.stvvalves.com\/pt\/products\/300lb-cn7m-gate-valve-2-inch-flanged-end\/","title":{"rendered":"300LB CN7M Gate Valve, 2 Inch, Flanged End"},"content":{"rendered":"<p>300LB CN7M Gate Valve, 2 Inch, Flanged End<\/p>\n<div class=\"row\">\n<div class=\"col-md-12\">Projeto: API 6D<br \/>\nCorpo: CN7M<br \/>\nTamanho nominal: 3 polegadas<br \/>\nClasse Nominal: 300 LB<br \/>\nConex\u00e3o final: extremidades RF<br \/>\nCara a Cara: ASME B16.10<\/div>\n<\/div>\n<p>Tamanho: de 2\u2033 a 36\u2033<br \/>\nPress\u00e3o: 150 \u2013 2500LB<br \/>\nMaterial: Duplex S31803, Super Duplex S32750, Super Duplex S32760<br \/>\n1A,\u30012A,3A,4A,5A,6A,1B,1C<br \/>\nCD4MCu, CD4MCuN, CD3MCuN, CE8MN, CD6MN, CD3MN, CE3MN, CD3MWCuN<br \/>\nF51\u3001F53\u3001F55\u3001F6Padr\u00e3o de design e produ\u00e7\u00e3o: API 600, API6D e ASME B16.34<br \/>\nDist\u00e2ncia entre flanges: API 6D, ASME B16.10<br \/>\nConectado de acordo com o padr\u00e3o: ANSI B16.5, ASME B16.47, ANSI B16.25<br \/>\nPadr\u00e3o de teste: API598<br \/>\nMeio: a v\u00e1lvula \u00e9 adequada para v\u00e1rios meios, incluindo \u00e1gua, vapor, \u00f3leo, g\u00e1s, produtos petrol\u00edferos, \u00e1cido n\u00edtrico, \u00e1cido ac\u00e9tico, etc.<br \/>\nTemperatura de trabalho: de -46\u00baC ou -50\u00baC (constru\u00e7\u00f5es em a\u00e7o inoxid\u00e1vel) e -29\u00baC ou -46\u00baC (constru\u00e7\u00f5es em a\u00e7o carbono) at\u00e9 600\u2103<\/p>\n<table>\n<tbody>\n<tr>\n<td width=\"200\"><strong><b>Nome do Produto<\/b><\/strong><\/td>\n<td width=\"481\">300LB CN7M Gate Valve, 2 Inch, Flanged End<\/td>\n<\/tr>\n<tr>\n<td width=\"200\">1. Materiais<\/td>\n<td width=\"481\">CN7M<\/td>\n<\/tr>\n<tr>\n<td width=\"200\">2. Tamanho<\/td>\n<td width=\"481\">3\u201d<\/td>\n<\/tr>\n<tr>\n<td width=\"200\">4. Porto<\/td>\n<td width=\"481\">Porto completo<\/td>\n<\/tr>\n<tr>\n<td width=\"200\">5. Press\u00e3o de Trabalho<\/td>\n<td width=\"481\">300 libras<\/td>\n<\/tr>\n<tr>\n<td width=\"200\">6. Fim da conex\u00e3o<\/td>\n<td width=\"481\">RF<\/td>\n<\/tr>\n<tr>\n<td width=\"200\">7. Temperatura de trabalho.<\/td>\n<td width=\"481\">-29~250\u00baC,<\/td>\n<\/tr>\n<tr>\n<td width=\"200\">8. Meio Adequado<\/td>\n<td width=\"481\">\u00c1gua, G\u00e1s Natural, Petr\u00f3leo e algum l\u00edquido corrosivo<\/td>\n<\/tr>\n<tr>\n<td width=\"200\">9. Operado<\/td>\n<td width=\"481\">Volante<\/td>\n<\/tr>\n<tr>\n<td width=\"200\">10. Inspe\u00e7\u00e3o e Teste<\/td>\n<td width=\"481\">De acordo comAPI 598<\/td>\n<\/tr>\n<tr>\n<td width=\"200\"><strong><b>envio<\/b><\/strong><\/td>\n<td width=\"481\"><\/td>\n<\/tr>\n<tr>\n<td width=\"200\">Prazo de entrega<\/td>\n<td width=\"481\">30 dias<\/td>\n<\/tr>\n<tr>\n<td width=\"200\">Pacote<\/td>\n<td width=\"481\">Caixa de madeira compensada de exporta\u00e7\u00e3o padr\u00e3o<\/td>\n<\/tr>\n<tr>\n<td width=\"200\">Porto de embarque<\/td>\n<td width=\"481\">Ningbo\/Xangai, China<\/td>\n<\/tr>\n<tr>\n<td width=\"200\">Termos de envio<\/td>\n<td width=\"481\">Exw, FOB, CFR, CIF, etc.<\/td>\n<\/tr>\n<tr>\n<td width=\"200\">Termos de pagamento<\/td>\n<td width=\"481\">T\/T, Western Union, PayPal, etc.<\/td>\n<\/tr>\n<tr>\n<td width=\"200\"><\/td>\n<td width=\"481\">Pr\u00e9-pagamento 30%, saldo 70% pago antes do envio<\/td>\n<\/tr>\n<tr>\n<td width=\"200\">Pa\u00eds de origem<\/td>\n<td width=\"481\">Cidade de Wenzhou, China<\/td>\n<\/tr>\n<tr>\n<td width=\"200\">Capacidade de produ\u00e7\u00e3o<\/td>\n<td width=\"481\">6.000 toneladas\/ano<\/td>\n<\/tr>\n<tr>\n<td width=\"200\">Quantidade m\u00ednima<\/td>\n<td width=\"481\">10 unidades\/tamanho<\/td>\n<\/tr>\n<\/tbody>\n<\/table>","protected":false},"excerpt":{"rendered":"<p>STV Valve Technology Group Co., Ltd is a professional leader\u00a0 CN7M Gate Valves Supplier ,CN7M Gate Valve in China,300LB CN7M Gate Valve, 3 Inch CN7M Gate Valve,300LB CN7M Gate Valve,Bolt Bonnet CN7M Gate Valve, Duplex Gate Valve,\u00a0 Handwheel CN7M Gate Valve.<\/p>","protected":false},"featured_media":7647,"template":"","meta":[],"product_brand":[],"product_cat":[44,60],"product_tag":[3050,3049,3051,1610,3048,1612,3052],"class_list":{"0":"post-7646","1":"product","2":"type-product","3":"status-publish","4":"has-post-thumbnail","6":"product_cat-gate-valve","7":"product_cat-stainless-steel-gate-valve","8":"product_tag-3-inch-cn7m-gate-valve","9":"product_tag-300lb-cn7m-gate-valve","10":"product_tag-bolt-bonnet-cn7m-gate-valve","11":"product_tag-cn7m-gate-valve-in-china","12":"product_tag-cn7m-gate-valves-supplier","13":"product_tag-duplex-gate-valve","14":"product_tag-handwheel-cn7m-gate-valve","16":"first","17":"instock","18":"shipping-taxable","19":"product-type-simple"},"_links":{"self":[{"href":"https:\/\/www.stvvalves.com\/pt\/wp-json\/wp\/v2\/product\/7646","targetHints":{"allow":["GET"]}}],"collection":[{"href":"https:\/\/www.stvvalves.com\/pt\/wp-json\/wp\/v2\/product"}],"about":[{"href":"https:\/\/www.stvvalves.com\/pt\/wp-json\/wp\/v2\/types\/product"}],"wp:featuredmedia":[{"embeddable":true,"href":"https:\/\/www.stvvalves.com\/pt\/wp-json\/wp\/v2\/media\/7647"}],"wp:attachment":[{"href":"https:\/\/www.stvvalves.com\/pt\/wp-json\/wp\/v2\/media?parent=7646"}],"wp:term":[{"taxonomy":"product_brand","embeddable":true,"href":"https:\/\/www.stvvalves.com\/pt\/wp-json\/wp\/v2\/product_brand?post=7646"},{"taxonomy":"product_cat","embeddable":true,"href":"https:\/\/www.stvvalves.com\/pt\/wp-json\/wp\/v2\/product_cat?post=7646"},{"taxonomy":"product_tag","embeddable":true,"href":"https:\/\/www.stvvalves.com\/pt\/wp-json\/wp\/v2\/product_tag?post=7646"}],"curies":[{"name":"wp","href":"https:\/\/api.w.org\/{rel}","templated":true}]}}