{"id":7819,"date":"2025-02-16T09:12:35","date_gmt":"2025-02-16T01:12:35","guid":{"rendered":"https:\/\/www.stvvalves.com\/?post_type=product&#038;p=7819"},"modified":"2025-09-05T09:49:42","modified_gmt":"2025-09-05T01:49:42","slug":"astm-a351-cf8m-check-valve-20-in-600lb-lug-api-594","status":"publish","type":"product","link":"https:\/\/www.stvvalves.com\/pt\/products\/astm-a351-cf8m-check-valve-20-in-600lb-lug-api-594\/","title":{"rendered":"ASTM A351 CF8M Check Valve, 20 IN, 600LB, LUG, API 594"},"content":{"rendered":"<p>Comprimento estrutural curto, apenas 1\/4 ~ 1\/8 do da v\u00e1lvula de reten\u00e7\u00e3o flangeada tradicional;<\/p>\n<p>Baixo volume, peso leve, apenas 1\/4 ~ 1\/20 daqueles da v\u00e1lvula de reten\u00e7\u00e3o flangeada tradicional;<\/p>\n<p>Fechamento r\u00e1pido do disco da v\u00e1lvula, baixa press\u00e3o do golpe de ar\u00edete;<\/p>\n<p>Aplic\u00e1vel e facilmente instalado em tubula\u00e7\u00f5es verticais ou horizontais;<\/p>\n<p>Passagem de fluxo suave e pequena resist\u00eancia a fluidos;<\/p>\n<p>A\u00e7\u00e3o flex\u00edvel e bom desempenho de veda\u00e7\u00e3o;<\/p>\n<p>Curso estreito da v\u00e1lvula e pequeno impacto de fechamento;<\/p>\n<p>Estrutura integrada, simples e compacta, de formato bonito;<\/p>\n<p>Longa vida \u00fatil e boa confiabilidade.<\/p>\n<p>Especifica\u00e7\u00e3o do par\u00e2metro principal<\/p>\n<p>Projeto e fabrica\u00e7\u00e3o:API594,API 6D;<br \/>\nCara a cara e de ponta a ponta:API594,API6D,DIN3202;<br \/>\nClassifica\u00e7\u00e3o de press\u00e3o-temperatura: ASME B16.34, DIN2410;<br \/>\nInspe\u00e7\u00e3o e teste: API598<br \/>\nFlange do tubo: ,ASME B16.5,DIN2543~2548,API605,ASME B16.47.<\/p>\n<p>Gama de Produtos<\/p>\n<p>Body material: WCB,LCB,WC6,WC9,CF8,CF8M,CF3,CF3M, alloy steel,bronze<\/p>\n<p>Nominal diameter:1.5\u2033~48\u2033(DN40~DN1200)<\/p>\n<p>Conex\u00e3o final: RF, RTJ, BW<\/p>\n<p>Faixa de press\u00e3o: Classe150~2500(PN16~PN420)<\/p>\n<p>Temperatura de trabalho:-196\u2103~+560\u2103<\/p>\n<p>&nbsp;<\/p>\n<table>\n<tbody>\n<tr>\n<td width=\"200\"><strong>Nome do Produto<\/strong><\/td>\n<td width=\"481\">ASTM A351 CF8M Check Valve, 20 IN, 600LB, LUG, API 594<\/td>\n<\/tr>\n<tr>\n<td width=\"200\">1. Materiais<\/td>\n<td width=\"481\">CF8M<\/td>\n<\/tr>\n<tr>\n<td width=\"200\">2. Tamanho<\/td>\n<td width=\"481\">20\u201d<\/td>\n<\/tr>\n<tr>\n<td width=\"200\">4. Porto<\/td>\n<td width=\"481\">Porto completo<\/td>\n<\/tr>\n<tr>\n<td width=\"200\">5. Press\u00e3o de Trabalho<\/td>\n<td width=\"481\">600 libras<\/td>\n<\/tr>\n<tr>\n<td width=\"200\">6. Fim da conex\u00e3o<\/td>\n<td width=\"481\">Lug<\/td>\n<\/tr>\n<tr>\n<td width=\"200\">7. Temperatura de trabalho.<\/td>\n<td width=\"481\">-29~300\u00baC,<\/td>\n<\/tr>\n<tr>\n<td width=\"200\">8. Meio Adequado<\/td>\n<td width=\"481\">\u00c1gua, G\u00e1s Natural, Petr\u00f3leo e algum l\u00edquido corrosivo<\/td>\n<\/tr>\n<tr>\n<td width=\"200\">9. Operado<\/td>\n<td width=\"481\">\/<\/td>\n<\/tr>\n<tr>\n<td width=\"200\">10. Inspe\u00e7\u00e3o e Teste<\/td>\n<td width=\"481\">De acordo com API598<\/td>\n<\/tr>\n<tr>\n<td width=\"200\"><strong>envio<\/strong><\/td>\n<td width=\"481\"><\/td>\n<\/tr>\n<tr>\n<td width=\"200\">Prazo de entrega<\/td>\n<td width=\"481\">30 dias<\/td>\n<\/tr>\n<tr>\n<td width=\"200\">Pacote<\/td>\n<td width=\"481\">Caixa de madeira compensada de exporta\u00e7\u00e3o padr\u00e3o<\/td>\n<\/tr>\n<tr>\n<td width=\"200\">Porto de embarque<\/td>\n<td width=\"481\">Ningbo\/Xangai, China<\/td>\n<\/tr>\n<tr>\n<td width=\"200\">Termos de envio<\/td>\n<td width=\"481\">Exw, FOB, CFR, CIF, etc.<\/td>\n<\/tr>\n<tr>\n<td width=\"200\">Termos de pagamento<\/td>\n<td width=\"481\">T\/T, Western Union, PayPal, etc.<\/td>\n<\/tr>\n<tr>\n<td width=\"200\"><\/td>\n<td width=\"481\">Pr\u00e9-pagamento 30%, saldo 70% pago antes do envio<\/td>\n<\/tr>\n<tr>\n<td width=\"200\">Pa\u00eds de origem<\/td>\n<td width=\"481\">Cidade de Wenzhou, China<\/td>\n<\/tr>\n<tr>\n<td width=\"200\">Capacidade de produ\u00e7\u00e3o<\/td>\n<td width=\"481\">6.000 toneladas\/ano<\/td>\n<\/tr>\n<tr>\n<td width=\"200\">Quantidade m\u00ednima<\/td>\n<td width=\"481\">1 pe\u00e7a\/tamanho<\/td>\n<\/tr>\n<\/tbody>\n<\/table>","protected":false},"excerpt":{"rendered":"<p>STV Valve Technology Group Co., Ltd is a professional leader China ASTM A351 CF8M Check Valve ,Lug Type Dual Plate Swing Check Valve,Dual Plate Lug Type Check Valve,Lug and Wafer Check Valves,CF8M Lug Type Dual Plate Wafer Check Valve,Dual Plate Check Valve API 594,20 inch API 594 Dual Plate Check Valve,600LB Lug Type Dual Plate Check Valve Manufacturer With High Quality And Low Price.To lear<\/p>","protected":false},"featured_media":7820,"template":"","meta":[],"product_brand":[],"product_cat":[46,84],"product_tag":[3126,3127,3125,3123,498,501,499,3124],"class_list":{"0":"post-7819","1":"product","2":"type-product","3":"status-publish","4":"has-post-thumbnail","6":"product_cat-check-valves","7":"product_cat-wafer-check-valve","8":"product_tag-20-inch-api-594-dual-plate-check-valve","9":"product_tag-600lb-lug-type-dual-plate-check-valve-manufacture","10":"product_tag-cf8m-lug-type-dual-plate-wafer-check-valve","11":"product_tag-china-astm-a351-cf8m-check-valve","12":"product_tag-dual-plate-check-valve-api-594","13":"product_tag-dual-plate-lug-type-check-valve","14":"product_tag-lug-and-wafer-check-valves","15":"product_tag-lug-type-dual-plate-swing-check-valve","17":"first","18":"instock","19":"featured","20":"shipping-taxable","21":"product-type-simple"},"_links":{"self":[{"href":"https:\/\/www.stvvalves.com\/pt\/wp-json\/wp\/v2\/product\/7819","targetHints":{"allow":["GET"]}}],"collection":[{"href":"https:\/\/www.stvvalves.com\/pt\/wp-json\/wp\/v2\/product"}],"about":[{"href":"https:\/\/www.stvvalves.com\/pt\/wp-json\/wp\/v2\/types\/product"}],"wp:featuredmedia":[{"embeddable":true,"href":"https:\/\/www.stvvalves.com\/pt\/wp-json\/wp\/v2\/media\/7820"}],"wp:attachment":[{"href":"https:\/\/www.stvvalves.com\/pt\/wp-json\/wp\/v2\/media?parent=7819"}],"wp:term":[{"taxonomy":"product_brand","embeddable":true,"href":"https:\/\/www.stvvalves.com\/pt\/wp-json\/wp\/v2\/product_brand?post=7819"},{"taxonomy":"product_cat","embeddable":true,"href":"https:\/\/www.stvvalves.com\/pt\/wp-json\/wp\/v2\/product_cat?post=7819"},{"taxonomy":"product_tag","embeddable":true,"href":"https:\/\/www.stvvalves.com\/pt\/wp-json\/wp\/v2\/product_tag?post=7819"}],"curies":[{"name":"wp","href":"https:\/\/api.w.org\/{rel}","templated":true}]}}