{"id":7825,"date":"2025-02-16T10:36:27","date_gmt":"2025-02-16T02:36:27","guid":{"rendered":"https:\/\/www.stvvalves.com\/?post_type=product&#038;p=7825"},"modified":"2025-02-16T10:36:29","modified_gmt":"2025-02-16T02:36:29","slug":"2205-wafer-check-valve-dn65-pn64","status":"publish","type":"product","link":"https:\/\/www.stvvalves.com\/pt\/products\/2205-wafer-check-valve-dn65-pn64\/","title":{"rendered":"2205 Wafer Check Valve,DN65,PN64,DIN3202"},"content":{"rendered":"<h2>Descri\u00e7\u00e3o<\/h2>\n<p>Product name: 2205 Wafer Check Valve,DN65,PN64,DIN3202<br \/>\nDesign: DIN3202.<br \/>\nMaterial: F51<br \/>\nNominal size: 21\/2 Inch.<br \/>\nPress\u00e3o nominal: PN64.<br \/>\nEnd Connection: Wafer.<br \/>\nFace to face: EN558.<br \/>\nTeste e inspe\u00e7\u00e3o: API 598.<\/p>\n<p>&nbsp;<\/p>\n<p>Tamanho: de 2\u2033 a 48\u2033<br \/>\nPress\u00e3o: 150 \u2013 1500LB<br \/>\nMaterial: podemos oferecer v\u00e1lvulas realizadas em Duplex S31803\u3001Super Duplex S32750\u3001Super Duplex S32760<br \/>\n1A,\u30012A,3A,4A,5A,6A,1B,1C<br \/>\nCD4MCu, CD4MCuN, CD3MCuN, CE8MN, CD6MN, CD3MN, CE3MN, CD3MWCuN<br \/>\nF51\u3001F53\u3001F55\u3001F60<br \/>\nPadr\u00e3o de design e produ\u00e7\u00e3o: API 594 ou DIN<br \/>\nDist\u00e2ncia entre flanges: ASME B16.10, EN558, DIN3202<br \/>\nConectado de acordo com o padr\u00e3o: ANSI, API, DIN<br \/>\nPadr\u00e3o de teste: API598, API 600, ISO5208<br \/>\nMeio: A v\u00e1lvula \u00e9 adequada para v\u00e1rios meios, incluindo \u00e1gua, vapor, \u00f3leo, g\u00e1s, produtos petrol\u00edferos, \u00e1cido n\u00edtrico, \u00e1cido ac\u00e9tico, etc.<br \/>\nTemperatura de trabalho: de -46\u00baC ou -50\u00baC (constru\u00e7\u00f5es em a\u00e7o inoxid\u00e1vel) e -29\u00baC ou -46\u00baC (constru\u00e7\u00f5es em a\u00e7o carbono) at\u00e9 600\u2103<\/p>\n<table>\n<tbody>\n<tr>\n<td width=\"200\"><strong>Nome do Produto<\/strong><\/td>\n<td width=\"481\">2205 Wafer Check Valve,DN65,PN64,DIN3202<\/td>\n<\/tr>\n<tr>\n<td width=\"200\">1. Materiais<\/td>\n<td width=\"481\">F51<\/td>\n<\/tr>\n<tr>\n<td width=\"200\">2. Tamanho<\/td>\n<td width=\"481\">21\/2\u201d<\/td>\n<\/tr>\n<tr>\n<td width=\"200\">4. Porto<\/td>\n<td width=\"481\">Porta Redutora<\/td>\n<\/tr>\n<tr>\n<td width=\"200\">5. Press\u00e3o de Trabalho<\/td>\n<td width=\"481\">PN64<\/td>\n<\/tr>\n<tr>\n<td width=\"200\">6. Fim da conex\u00e3o<\/td>\n<td width=\"481\">H\u00f3stia<\/td>\n<\/tr>\n<tr>\n<td width=\"200\">7. Temperatura de trabalho.<\/td>\n<td width=\"481\">-29~300\u00baC,<\/td>\n<\/tr>\n<tr>\n<td width=\"200\">8. Meio Adequado<\/td>\n<td width=\"481\">\u00c1gua, G\u00e1s Natural, Petr\u00f3leo e algum l\u00edquido corrosivo<\/td>\n<\/tr>\n<tr>\n<td width=\"200\">9. Operado<\/td>\n<td width=\"481\">\/<\/td>\n<\/tr>\n<tr>\n<td width=\"200\">10. Inspe\u00e7\u00e3o e Teste<\/td>\n<td width=\"481\">De acordo com API598<\/td>\n<\/tr>\n<tr>\n<td width=\"200\"><strong>envio<\/strong><\/td>\n<td width=\"481\"><\/td>\n<\/tr>\n<tr>\n<td width=\"200\">Prazo de entrega<\/td>\n<td width=\"481\">30 dias<\/td>\n<\/tr>\n<tr>\n<td width=\"200\">Pacote<\/td>\n<td width=\"481\">Caixa de madeira compensada de exporta\u00e7\u00e3o padr\u00e3o<\/td>\n<\/tr>\n<tr>\n<td width=\"200\">Porto de embarque<\/td>\n<td width=\"481\">Ningbo\/Xangai, China<\/td>\n<\/tr>\n<tr>\n<td width=\"200\">Termos de envio<\/td>\n<td width=\"481\">Exw, FOB, CFR, CIF, etc.<\/td>\n<\/tr>\n<tr>\n<td width=\"200\">Termos de pagamento<\/td>\n<td width=\"481\">T\/T, Western Union, PayPal, etc.<\/td>\n<\/tr>\n<tr>\n<td width=\"200\"><\/td>\n<td width=\"481\">Pr\u00e9-pagamento 30%, saldo 70% pago antes do envio<\/td>\n<\/tr>\n<tr>\n<td width=\"200\">Pa\u00eds de origem<\/td>\n<td width=\"481\">Cidade de Wenzhou, China<\/td>\n<\/tr>\n<tr>\n<td width=\"200\">Capacidade de produ\u00e7\u00e3o<\/td>\n<td width=\"481\">6.000 toneladas\/ano<\/td>\n<\/tr>\n<tr>\n<td width=\"200\">Quantidade m\u00ednima<\/td>\n<td width=\"481\">1 pe\u00e7a\/tamanho<\/td>\n<\/tr>\n<\/tbody>\n<\/table>\n<p>&nbsp;<\/p>","protected":false},"excerpt":{"rendered":"<p>Please find below the revised text based on the provided information: The Duplex alloy 2205 wafer disc check valve, specifically designed with a DN65 size and PN64 pressure rating in accordance with DIN3202 standards, offers high-performance and reliable functionality. This valve, known as the 2205 Wafer Check Valve, ensures efficient flow regulation and control within the specified system. Its compact design and durable construction make it suitable for various industrial applications where precision and quality are essential. With its adherence to DIN3202 guidelines, this valve guarantees optimal performance and longevity in demanding operating conditions. Choose the Duplex alloy 2205 wafer disc check valve for a robust and dependable solution in your fluid control systems.<\/p>\n<p>STV Valve Technology Group Co., Ltd is a professional leader China 2205 Wafer Check Valve,DN65 2205 Wafer Check Valve,PN64 2205 Wafer Check Valve,DIN3202 2205 Wafer Check Valve Manufacture.<\/p>","protected":false},"featured_media":7826,"template":"","meta":[],"product_brand":[],"product_cat":[46,84],"product_tag":[3134,3137,3135,3136],"class_list":{"0":"post-7825","1":"product","2":"type-product","3":"status-publish","4":"has-post-thumbnail","6":"product_cat-check-valves","7":"product_cat-wafer-check-valve","8":"product_tag-china-2205-wafer-check-valve","9":"product_tag-din3202-2205-wafer-check-valve-manufacture","10":"product_tag-dn65-2205-wafer-check-valve","11":"product_tag-pn64-2205-wafer-check-valve","13":"first","14":"instock","15":"shipping-taxable","16":"product-type-simple"},"_links":{"self":[{"href":"https:\/\/www.stvvalves.com\/pt\/wp-json\/wp\/v2\/product\/7825","targetHints":{"allow":["GET"]}}],"collection":[{"href":"https:\/\/www.stvvalves.com\/pt\/wp-json\/wp\/v2\/product"}],"about":[{"href":"https:\/\/www.stvvalves.com\/pt\/wp-json\/wp\/v2\/types\/product"}],"wp:featuredmedia":[{"embeddable":true,"href":"https:\/\/www.stvvalves.com\/pt\/wp-json\/wp\/v2\/media\/7826"}],"wp:attachment":[{"href":"https:\/\/www.stvvalves.com\/pt\/wp-json\/wp\/v2\/media?parent=7825"}],"wp:term":[{"taxonomy":"product_brand","embeddable":true,"href":"https:\/\/www.stvvalves.com\/pt\/wp-json\/wp\/v2\/product_brand?post=7825"},{"taxonomy":"product_cat","embeddable":true,"href":"https:\/\/www.stvvalves.com\/pt\/wp-json\/wp\/v2\/product_cat?post=7825"},{"taxonomy":"product_tag","embeddable":true,"href":"https:\/\/www.stvvalves.com\/pt\/wp-json\/wp\/v2\/product_tag?post=7825"}],"curies":[{"name":"wp","href":"https:\/\/api.w.org\/{rel}","templated":true}]}}