{"id":7834,"date":"2025-02-16T18:01:35","date_gmt":"2025-02-16T10:01:35","guid":{"rendered":"https:\/\/www.stvvalves.com\/?post_type=product&#038;p=7834"},"modified":"2025-02-16T18:07:33","modified_gmt":"2025-02-16T10:07:33","slug":"asme-b1634-basket-type-strainer-astm-a351-cf8-1-inch-150-lb","status":"publish","type":"product","link":"https:\/\/www.stvvalves.com\/pt\/products\/asme-b1634-basket-type-strainer-astm-a351-cf8-1-inch-150-lb\/","title":{"rendered":"ASME B16.34 Basket Type Strainer, ASTM A351 CF8,1 Inch,150 LB"},"content":{"rendered":"<p>ASME B16.34 Basket Type Strainer, ASTM A351 CF8,1 Inch,150 LB<br \/>\nBreve introdu\u00e7\u00e3o:<br \/>\nO filtro pode ser usado em todos os tipos de tubula\u00e7\u00f5es para coletar subst\u00e2ncias estranhas granuladas e contaminantes coletados. Pode melhorar a folga no meio e prolongar a vida \u00fatil de v\u00e1lvulas e outros equipamentos. \u00c9 adequado para \u00e1gua, petr\u00f3leo e vapor.<br \/>\nFornecemos filtro de cesta tipo fundido e soldado<br \/>\n1) Sizes: 1\/2 \u2013 24\u2033<br \/>\n2) Classifica\u00e7\u00e3o de press\u00e3o: 150 lb, 300 lb, 600 lb<br \/>\n3) Suitable temperature: -196oC \u2013 600oC<br \/>\n4) Meio adequado: \u00c1gua, g\u00e1s, \u00f3leo, vapor etc.<br \/>\n5) Material do corpo: A106\/WCB, WCC, WC6, WC9, LCB, LCC, SS304\/CF8, SS316\/CF8M, 304L\/CF3, SS316L\/CF3M<br \/>\n6) Tela: A\u00e7o inoxid\u00e1vel (SS304\/SS316)<br \/>\n7) Conex\u00e3o final: FF, RF, THD, BW<br \/>\n8,forma de entrada\/sa\u00edda:flange\/fio interno\/fio externo\/instala\u00e7\u00e3o r\u00e1pida<br \/>\n9,Forma de compress\u00e3o da tampa:Parafuso\/parafuso r\u00e1pido<br \/>\n10,viscosidade adequada(cp):1-30000<br \/>\n11,forma de cesta:malha de perfura\u00e7\u00e3o\/malha de camada \u00fanica\/malha composta<\/p>\n<h2>Descri\u00e7\u00e3o<\/h2>\n<p>Projeto: ASME B16.34.<br \/>\nMaterial: ASTM A216 WCB.<br \/>\nTamanho nominal: 3 polegadas.<br \/>\nPress\u00e3o nominal: Classe 150 LB.<br \/>\nConex\u00e3o final: RF.<br \/>\nPresencial: ASME B16.10.<br \/>\nTeste e inspe\u00e7\u00e3o: API 598.<\/p>\n<p>Gama de Produtos:<br \/>\nMaterial do corpo: A\u00e7o Carbono, A\u00e7o Inoxid\u00e1vel, A\u00e7o Liga.<br \/>\nDi\u00e2metro normal: 1\/2 \u2013 48 polegadas (DN15 \u2013 DN1200).<br \/>\nConex\u00e3o final: BW, flangeada.<br \/>\nFaixa de press\u00e3o: 150 \u2013 2.500 lb (PN16 \u2013 PN420).<br \/>\nTemperatura de trabalho: -196\u00b0C \u2013 +573\u00b0C.<\/p>\n<table>\n<tbody>\n<tr>\n<td width=\"200\"><strong>Nome do Produto<\/strong><\/td>\n<td width=\"481\">ASME B16.34 Basket Type Strainer, ASTM A351 CF8,1 Inch,150 LB<\/td>\n<\/tr>\n<tr>\n<td width=\"200\">1. Materiais<\/td>\n<td width=\"481\">304<\/td>\n<\/tr>\n<tr>\n<td width=\"200\">2. Tamanho<\/td>\n<td width=\"481\">1\u201d<\/td>\n<\/tr>\n<tr>\n<td width=\"200\">4. Porto<\/td>\n<td width=\"481\">Porto completo<\/td>\n<\/tr>\n<tr>\n<td width=\"200\">5. Press\u00e3o de Trabalho<\/td>\n<td width=\"481\">150 libras<\/td>\n<\/tr>\n<tr>\n<td width=\"200\">6. Fim da conex\u00e3o<\/td>\n<td width=\"481\">RF<\/td>\n<\/tr>\n<tr>\n<td width=\"200\">7. Temperatura de trabalho.<\/td>\n<td width=\"481\">-29~425\u00baC,<\/td>\n<\/tr>\n<tr>\n<td width=\"200\">8. Meio Adequado<\/td>\n<td width=\"481\">\u00c1gua, G\u00e1s Natural, Petr\u00f3leo e algum l\u00edquido corrosivo<\/td>\n<\/tr>\n<tr>\n<td width=\"200\">9. Operado<\/td>\n<td width=\"481\">\/<\/td>\n<\/tr>\n<tr>\n<td width=\"200\">10. Inspe\u00e7\u00e3o e Teste<\/td>\n<td width=\"481\">API 598<\/td>\n<\/tr>\n<tr>\n<td width=\"200\"><strong>envio<\/strong><\/td>\n<td width=\"481\"><\/td>\n<\/tr>\n<tr>\n<td width=\"200\">Prazo de entrega<\/td>\n<td width=\"481\">30 dias<\/td>\n<\/tr>\n<tr>\n<td width=\"200\">Pacote<\/td>\n<td width=\"481\">Caixa de madeira compensada de exporta\u00e7\u00e3o padr\u00e3o<\/td>\n<\/tr>\n<tr>\n<td width=\"200\">Porto de embarque<\/td>\n<td width=\"481\">Ningbo\/Xangai, China<\/td>\n<\/tr>\n<tr>\n<td width=\"200\">Termos de envio<\/td>\n<td width=\"481\">Exw, FOB, CFR, CIF, etc.<\/td>\n<\/tr>\n<tr>\n<td width=\"200\">Termos de pagamento<\/td>\n<td width=\"481\">T\/T, Western Union, PayPal, etc.<\/td>\n<\/tr>\n<tr>\n<td width=\"200\"><\/td>\n<td width=\"481\">Pr\u00e9-pagamento 30%, saldo 70% pago antes do envio<\/td>\n<\/tr>\n<tr>\n<td width=\"200\">Pa\u00eds de origem<\/td>\n<td width=\"481\">Cidade de Wenzhou, China<\/td>\n<\/tr>\n<tr>\n<td width=\"200\">Capacidade de produ\u00e7\u00e3o<\/td>\n<td width=\"481\">6.000 toneladas\/ano<\/td>\n<\/tr>\n<tr>\n<td width=\"200\">Quantidade m\u00ednima<\/td>\n<td width=\"481\">1 pe\u00e7a\/tamanho<\/td>\n<\/tr>\n<\/tbody>\n<\/table>\n<p>&nbsp;<\/p>","protected":false},"excerpt":{"rendered":"<p>STV Valve Technology Group Co., Ltd is a professional leader China ASME B16.34 Basket Type Strainer, CF8 Body Basket Strainer,304 Screen Basket Strainer,40 mesch Basket Strainer. RF Basket Strainer, Flanged Basket Strainer,1 Inch Basket Strainer,150 LB Basket Strainer Manufacturer with high quality and competitive price.<\/p>\n<p>&nbsp;<\/p>","protected":false},"featured_media":7835,"template":"","meta":[],"product_brand":[],"product_cat":[85,48],"product_tag":[3148,3149,1774,1775,1773,3146,3147],"class_list":{"0":"post-7834","1":"product","2":"type-product","3":"status-publish","4":"has-post-thumbnail","6":"product_cat-stainless-steel-y-type-strainer","7":"product_cat-y-strainer","8":"product_tag-1-inch-basket-strainer","9":"product_tag-150-lb-basket-strainer-manufacturer","10":"product_tag-304-screen-basket-strainer","11":"product_tag-40-mesch-basket-strainer-rf-basket-strainer","12":"product_tag-cf8-body-basket-strainer","13":"product_tag-china-asme-b16-34-basket-type-strainer","14":"product_tag-flanged-basket-strainer","16":"first","17":"instock","18":"shipping-taxable","19":"product-type-simple"},"_links":{"self":[{"href":"https:\/\/www.stvvalves.com\/pt\/wp-json\/wp\/v2\/product\/7834","targetHints":{"allow":["GET"]}}],"collection":[{"href":"https:\/\/www.stvvalves.com\/pt\/wp-json\/wp\/v2\/product"}],"about":[{"href":"https:\/\/www.stvvalves.com\/pt\/wp-json\/wp\/v2\/types\/product"}],"wp:featuredmedia":[{"embeddable":true,"href":"https:\/\/www.stvvalves.com\/pt\/wp-json\/wp\/v2\/media\/7835"}],"wp:attachment":[{"href":"https:\/\/www.stvvalves.com\/pt\/wp-json\/wp\/v2\/media?parent=7834"}],"wp:term":[{"taxonomy":"product_brand","embeddable":true,"href":"https:\/\/www.stvvalves.com\/pt\/wp-json\/wp\/v2\/product_brand?post=7834"},{"taxonomy":"product_cat","embeddable":true,"href":"https:\/\/www.stvvalves.com\/pt\/wp-json\/wp\/v2\/product_cat?post=7834"},{"taxonomy":"product_tag","embeddable":true,"href":"https:\/\/www.stvvalves.com\/pt\/wp-json\/wp\/v2\/product_tag?post=7834"}],"curies":[{"name":"wp","href":"https:\/\/api.w.org\/{rel}","templated":true}]}}