{"id":7879,"date":"2025-02-18T19:44:17","date_gmt":"2025-02-18T11:44:17","guid":{"rendered":"https:\/\/www.stvvalves.com\/?post_type=product&#038;p=7879"},"modified":"2025-02-18T19:48:55","modified_gmt":"2025-02-18T11:48:55","slug":"f316-y-type-strainer-1-inch-2500-lb-rf-end","status":"publish","type":"product","link":"https:\/\/www.stvvalves.com\/pt\/products\/f316-y-type-strainer-1-inch-2500-lb-rf-end\/","title":{"rendered":"F316 Y Type Strainer,1 Inch,2500 LB,RF End"},"content":{"rendered":"<p>Projetar para API602, BS5352<br \/>\nPresencial\/ponta a ponta: Fabrica\u00e7\u00e3o, ASME B16.10<br \/>\nDimens\u00f5es do flange: ASME B16.5<br \/>\nExtremidade da solda: ASME B.16.25<br \/>\nFim do NPT: ANSI 1.20.1<br \/>\nTestando para API 598<\/p>\n<p>Tamanho: 1\/4\u2033~2\u201d<\/p>\n<p>Classifica\u00e7\u00e3o de press\u00e3o: Classe 150-2500LB<\/p>\n<p>Material do corpo: A105N, LF2, F304, F316, F11, F22, F5, F91, Liga de A\u00e7o Ect. etc.<\/p>\n<p>Conex\u00e3o final: NPT, BW, SW, RF, RTJ.<\/p>\n<p>Temperatura de trabalho:-29\u00b0C~650\u00b0C<\/p>\n<table>\n<tbody>\n<tr>\n<td width=\"200\"><strong>Nome do Produto<\/strong><\/td>\n<td width=\"481\">F316 Y Type Strainer,1 Inch,2500 LB,RF End<\/td>\n<\/tr>\n<tr>\n<td width=\"200\">1. Materiais<\/td>\n<td width=\"481\">F316L<\/td>\n<\/tr>\n<tr>\n<td width=\"200\">2. Tamanho<\/td>\n<td width=\"481\">1\u201d<\/td>\n<\/tr>\n<tr>\n<td width=\"200\">4. Porto<\/td>\n<td width=\"481\">\u00a0Porta Redutora<\/td>\n<\/tr>\n<tr>\n<td width=\"200\">5. Press\u00e3o de Trabalho<\/td>\n<td width=\"481\">2.500 libras<\/td>\n<\/tr>\n<tr>\n<td width=\"200\">6. Fim da conex\u00e3o<\/td>\n<td width=\"481\">RF<\/td>\n<\/tr>\n<tr>\n<td width=\"200\">7. Temperatura de trabalho.<\/td>\n<td width=\"481\">-29~425\u00baC,<\/td>\n<\/tr>\n<tr>\n<td width=\"200\">8. Meio Adequado<\/td>\n<td width=\"481\">\u00c1gua, G\u00e1s Natural, Petr\u00f3leo e algum l\u00edquido corrosivo<\/td>\n<\/tr>\n<tr>\n<td width=\"200\">9. Operado<\/td>\n<td width=\"481\"><\/td>\n<\/tr>\n<tr>\n<td width=\"200\">10. Inspe\u00e7\u00e3o e Teste<\/td>\n<td width=\"481\">De acordo com API598<\/td>\n<\/tr>\n<tr>\n<td width=\"200\"><strong>envio<\/strong><\/td>\n<td width=\"481\"><\/td>\n<\/tr>\n<tr>\n<td width=\"200\">Prazo de entrega<\/td>\n<td width=\"481\">30 dias<\/td>\n<\/tr>\n<tr>\n<td width=\"200\">Pacote<\/td>\n<td width=\"481\">Caixa de madeira compensada de exporta\u00e7\u00e3o padr\u00e3o<\/td>\n<\/tr>\n<tr>\n<td width=\"200\">Porto de embarque<\/td>\n<td width=\"481\">Ningbo\/Xangai, China<\/td>\n<\/tr>\n<tr>\n<td width=\"200\">Termos de envio<\/td>\n<td width=\"481\">Exw, FOB, CFR, CIF, etc.<\/td>\n<\/tr>\n<tr>\n<td width=\"200\">Termos de pagamento<\/td>\n<td width=\"481\">T\/T, Western Union, PayPal, etc.<\/td>\n<\/tr>\n<tr>\n<td width=\"200\"><\/td>\n<td width=\"481\">Pr\u00e9-pagamento 30%, saldo 70% pago antes do envio<\/td>\n<\/tr>\n<tr>\n<td width=\"200\">Pa\u00eds de origem<\/td>\n<td width=\"481\">Cidade de Wenzhou, China<\/td>\n<\/tr>\n<tr>\n<td width=\"200\">Capacidade de produ\u00e7\u00e3o<\/td>\n<td width=\"481\">6.000 toneladas\/ano<\/td>\n<\/tr>\n<tr>\n<td width=\"200\">Quantidade m\u00ednima<\/td>\n<td width=\"481\">1 pe\u00e7a\/tamanho<\/td>\n<\/tr>\n<\/tbody>\n<\/table>","protected":false},"excerpt":{"rendered":"<p>STV Valve Technology Group Co., Ltd is a professional leader China F316L Steel Y Strainer,F316L\u00a0 CLASS 2500 Y Strainer. F316L Pressure Seal Cover Strainer,F316L Forged Steel Y Type Strainer, 1 Inch Y- Type Strainers,2500LB Y-Pattern Strainer,2500LB RF END Y Type Strainers ,2500LB F316L Y-type strainer Manufacturer with high quality and competitive price.<\/p>\n<p>&nbsp;<\/p>","protected":false},"featured_media":7880,"template":"","meta":[],"product_brand":[],"product_cat":[48,964],"product_tag":[3183,3186,3185,3184,2856,3182,2858],"class_list":{"0":"post-7879","1":"product","2":"type-product","3":"status-publish","4":"has-post-thumbnail","6":"product_cat-y-strainer","7":"product_cat-forged-steel-y-type-strainer","8":"product_tag-1-inch-y-type-strainers","9":"product_tag-2500lb-f316l-y-type-strainer-manufacturer","10":"product_tag-2500lb-rf-end-y-type-strainers","11":"product_tag-2500lb-y-pattern-strainer","12":"product_tag-china-f316l-steel-y-strainer","13":"product_tag-f316l-class-2500-y-strainer-f316l-pressure-seal-cover-strainer","14":"product_tag-f316l-forged-steel-y-type-strainer","16":"first","17":"instock","18":"shipping-taxable","19":"product-type-simple"},"_links":{"self":[{"href":"https:\/\/www.stvvalves.com\/pt\/wp-json\/wp\/v2\/product\/7879","targetHints":{"allow":["GET"]}}],"collection":[{"href":"https:\/\/www.stvvalves.com\/pt\/wp-json\/wp\/v2\/product"}],"about":[{"href":"https:\/\/www.stvvalves.com\/pt\/wp-json\/wp\/v2\/types\/product"}],"wp:featuredmedia":[{"embeddable":true,"href":"https:\/\/www.stvvalves.com\/pt\/wp-json\/wp\/v2\/media\/7880"}],"wp:attachment":[{"href":"https:\/\/www.stvvalves.com\/pt\/wp-json\/wp\/v2\/media?parent=7879"}],"wp:term":[{"taxonomy":"product_brand","embeddable":true,"href":"https:\/\/www.stvvalves.com\/pt\/wp-json\/wp\/v2\/product_brand?post=7879"},{"taxonomy":"product_cat","embeddable":true,"href":"https:\/\/www.stvvalves.com\/pt\/wp-json\/wp\/v2\/product_cat?post=7879"},{"taxonomy":"product_tag","embeddable":true,"href":"https:\/\/www.stvvalves.com\/pt\/wp-json\/wp\/v2\/product_tag?post=7879"}],"curies":[{"name":"wp","href":"https:\/\/api.w.org\/{rel}","templated":true}]}}