{"id":7891,"date":"2025-02-20T13:23:00","date_gmt":"2025-02-20T05:23:00","guid":{"rendered":"https:\/\/www.stvvalves.com\/?post_type=product&#038;p=7891"},"modified":"2025-02-20T13:29:13","modified_gmt":"2025-02-20T05:29:13","slug":"scs13-flange-ball-valve-iso5211-mounting-pad-4-inch-rf-end","status":"publish","type":"product","link":"https:\/\/www.stvvalves.com\/pt\/products\/scs13-flange-ball-valve-iso5211-mounting-pad-4-inch-rf-end\/","title":{"rendered":"SCS13 Flange Ball Valve,ISO5211 Mounting Pad,4 Inch,RF End"},"content":{"rendered":"<p>Padr\u00e3o de projeto: JIS B2071.<br \/>\nBody material: SCS13.<br \/>\nNominal diameter: 4 Inch.<br \/>\nPress\u00e3o: JIS10K.<br \/>\nEnd connection;RF.<br \/>\nCara a cara: JIS B2002.<br \/>\nTemperatura de trabalho: -29\u00b0C~+200\u00b0C.<br \/>\nTeste e inspe\u00e7\u00e3o: JIS B2003.<br \/>\nGama de Produtos<br \/>\nMaterial do corpo: A\u00e7o Carbono, A\u00e7o Inoxid\u00e1vel, A\u00e7o Liga.<br \/>\nDi\u00e2metro normal: 1\/2\u2033~8\u2033 (DN15~DN200).<br \/>\nConex\u00e3o final: JIS B2220<br \/>\nFaixa de press\u00e3o: JIS10K-JIS20K<br \/>\nOpera\u00e7\u00e3o: Alavanca, Caixa de Engrenagens, Atuador El\u00e9trico, Pneum\u00e1tico, Eletro-Hidr\u00e1ulico, Atuador G\u00e1s Sobre \u00d3leo.<br \/>\nTemperatura de trabalho: -46\u00b0C~+200\u00b0C.<br \/>\nDispositivo antiest\u00e1tico e dispositivo \u00e0 prova de fogo (op\u00e7\u00e3o)<br \/>\nCom base de montagem ISO 5211 (opcional)<\/p>\n<table>\n<tbody>\n<tr>\n<td width=\"200\"><strong><b>Nome do Produto<\/b><\/strong><\/td>\n<td width=\"481\">SCS13 Flange Ball Valve,ISO5211 Mounting Pad,4 Inch,RF End<\/td>\n<\/tr>\n<tr>\n<td width=\"200\">1. Materiais<\/td>\n<td width=\"481\">SS304\/316\/304L\/316L (CF8\/CF8M\/CF3\/CF3M), WCB, etc.<\/td>\n<\/tr>\n<tr>\n<td width=\"200\">2. Tamanho<\/td>\n<td width=\"481\">1\/2\u2033~8\u2033 &#039;(15A~200A)<\/td>\n<\/tr>\n<tr>\n<td width=\"200\">4. Porto<\/td>\n<td width=\"481\">Porto completo<\/td>\n<\/tr>\n<tr>\n<td width=\"200\">5. Press\u00e3o de Trabalho<\/td>\n<td width=\"481\">JIS10K~20K<\/td>\n<\/tr>\n<tr>\n<td width=\"200\">6. Fim da conex\u00e3o<\/td>\n<td width=\"481\">FF<\/td>\n<\/tr>\n<tr>\n<td width=\"200\">7. Temperatura de trabalho.<\/td>\n<td width=\"481\">-29~180\u00baC,<\/td>\n<\/tr>\n<tr>\n<td width=\"200\">8. Meio Adequado<\/td>\n<td width=\"481\">\u00c1gua, G\u00e1s Natural, Petr\u00f3leo e algum l\u00edquido corrosivo<\/td>\n<\/tr>\n<tr>\n<td width=\"200\">9. Operado<\/td>\n<td width=\"481\">Volante<\/td>\n<\/tr>\n<tr>\n<td width=\"200\">10. Inspe\u00e7\u00e3o e Teste<\/td>\n<td width=\"481\">De acordo com JIS B2003<\/td>\n<\/tr>\n<tr>\n<td width=\"200\"><strong><b>envio<\/b><\/strong><\/td>\n<td width=\"481\"><\/td>\n<\/tr>\n<tr>\n<td width=\"200\">Prazo de entrega<\/td>\n<td width=\"481\">30 dias<\/td>\n<\/tr>\n<tr>\n<td width=\"200\">Pacote<\/td>\n<td width=\"481\">Caixa de madeira compensada de exporta\u00e7\u00e3o padr\u00e3o<\/td>\n<\/tr>\n<tr>\n<td width=\"200\">Porto de embarque<\/td>\n<td width=\"481\">Ningbo\/Xangai, China<\/td>\n<\/tr>\n<tr>\n<td width=\"200\">Termos de envio<\/td>\n<td width=\"481\">Exw, FOB, CFR, CIF, etc.<\/td>\n<\/tr>\n<tr>\n<td width=\"200\">Termos de pagamento<\/td>\n<td width=\"481\">T\/T, Western Union, PayPal, etc.<\/td>\n<\/tr>\n<tr>\n<td width=\"200\"><\/td>\n<td width=\"481\">Pr\u00e9-pagamento 30%, saldo 70% pago antes do envio<\/td>\n<\/tr>\n<tr>\n<td width=\"200\">Pa\u00eds de origem<\/td>\n<td width=\"481\">Cidade de Wenzhou, China<\/td>\n<\/tr>\n<tr>\n<td width=\"200\">Capacidade de produ\u00e7\u00e3o<\/td>\n<td width=\"481\">6.000 toneladas\/ano<\/td>\n<\/tr>\n<tr>\n<td width=\"200\">Quantidade m\u00ednima<\/td>\n<td width=\"481\">10 unidades\/tamanho<\/td>\n<\/tr>\n<\/tbody>\n<\/table>","protected":false},"excerpt":{"rendered":"<p>Model:STV-Q41F-JIS10K-DN100-SCS13<br \/>\nSTV Valve Technology Group Co., Ltd is a professional leader China SCS13 Flange Ball Valve, JIS 10K Flanged Ball Valve,ISO5211 Mounting Pad Flange Ball valve,100A Ball valve,RF End SCS13 Flange Ball Valve,SCS13 Ball Valve Manufacture with high quality and competitive price.<\/p>\n<p>Nossa v\u00e1lvula esf\u00e9rica flangeada JIS 10K com montagens diretas apresenta corpo e extremidade fundidos de alta qualidade. eles est\u00e3o dispon\u00edveis em 1\/2\u201d a 8\u201d e s\u00e3o portas regulares. A prote\u00e7\u00e3o superior contra vazamentos \u00e9 obtida usando nosso sistema patenteado de veda\u00e7\u00e3o da haste \u201cpiramidal\u201d mostrado no gr\u00e1fico abaixo. Este sistema avan\u00e7ado protege contra desgaste e vazamento experimentados por v\u00e1lvulas de esfera comuns. Corpo de duas pe\u00e7as, esfera flutuante, passagem total, haste \u00e0 prova de explos\u00e3o Design seguro contra inc\u00eandio Dispositivos antiest\u00e1ticos para corpo de haste esf\u00e9rica.<\/p>\n<p>Dispon\u00edvel com op\u00e7\u00f5es flangeadas PN16\/40 e ANSI 150 e em tamanhos de 1\/2\u2033 a 8\u2033.<br \/>\nCom uma almofada de atua\u00e7\u00e3o de montagem direta ISO 5211, essas v\u00e1lvulas s\u00e3o f\u00e1ceis de acionar.<\/p>\n<p>&nbsp;<\/p>\n<p>&nbsp;<\/p>","protected":false},"featured_media":7892,"template":"","meta":[],"product_brand":[],"product_cat":[43,80,53],"product_tag":[3202,3199,3201,3200,3203,3204],"class_list":{"0":"post-7891","1":"product","2":"type-product","3":"status-publish","4":"has-post-thumbnail","6":"product_cat-ball-valve","7":"product_cat-flange-ball-valve","8":"product_cat-stainless-steel-ball-valve","9":"product_tag-100a-ball-valve","10":"product_tag-china-scs13-flange-ball-valve","11":"product_tag-iso5211-mounting-pad-flange-ball-valve","12":"product_tag-jis-10k-flanged-ball-valve","13":"product_tag-rf-end-scs13-flange-ball-valve","14":"product_tag-scs13-ball-valve-manufacture","16":"first","17":"instock","18":"shipping-taxable","19":"product-type-simple"},"_links":{"self":[{"href":"https:\/\/www.stvvalves.com\/pt\/wp-json\/wp\/v2\/product\/7891","targetHints":{"allow":["GET"]}}],"collection":[{"href":"https:\/\/www.stvvalves.com\/pt\/wp-json\/wp\/v2\/product"}],"about":[{"href":"https:\/\/www.stvvalves.com\/pt\/wp-json\/wp\/v2\/types\/product"}],"wp:featuredmedia":[{"embeddable":true,"href":"https:\/\/www.stvvalves.com\/pt\/wp-json\/wp\/v2\/media\/7892"}],"wp:attachment":[{"href":"https:\/\/www.stvvalves.com\/pt\/wp-json\/wp\/v2\/media?parent=7891"}],"wp:term":[{"taxonomy":"product_brand","embeddable":true,"href":"https:\/\/www.stvvalves.com\/pt\/wp-json\/wp\/v2\/product_brand?post=7891"},{"taxonomy":"product_cat","embeddable":true,"href":"https:\/\/www.stvvalves.com\/pt\/wp-json\/wp\/v2\/product_cat?post=7891"},{"taxonomy":"product_tag","embeddable":true,"href":"https:\/\/www.stvvalves.com\/pt\/wp-json\/wp\/v2\/product_tag?post=7891"}],"curies":[{"name":"wp","href":"https:\/\/api.w.org\/{rel}","templated":true}]}}