{"id":7905,"date":"2025-02-23T13:10:52","date_gmt":"2025-02-23T05:10:52","guid":{"rendered":"https:\/\/www.stvvalves.com\/?post_type=product&#038;p=7905"},"modified":"2025-02-23T13:13:49","modified_gmt":"2025-02-23T05:13:49","slug":"300lb-axial-flow-check-valve-34-inch-lcc-body-flange-end","status":"publish","type":"product","link":"https:\/\/www.stvvalves.com\/pt\/products\/300lb-axial-flow-check-valve-34-inch-lcc-body-flange-end\/","title":{"rendered":"300LB Axial Flow Check Valve,34 Inch,Lcc Body,Flange End"},"content":{"rendered":"<p>300LB Axial Flow Check Valve,34 Inch,Lcc Body,Flange End<\/p>\n<p>Caracter\u00edsticas do produto<\/p>\n<p>Para API594<br \/>\nCara a cara de acordo com ANSI B 16.10<br \/>\nDimens\u00e3o das extremidades do flange ANSI B 16.5\/ANSI B 16.47<\/p>\n<p>Testes finais de inspe\u00e7\u00e3o para API598.<\/p>\n<p>Materiais dispon\u00edveis em:<br \/>\nWCB, LCB, CF8, CF8M, CF3, CF3M, WC6, WC9, C5, C12 ou equivalente, dispon\u00edveis tamb\u00e9m em a\u00e7os de baixa temperatura, a\u00e7os de baixa liga, a\u00e7os inoxid\u00e1veis, a\u00e7os inoxid\u00e1veis tipo duplex e outros materiais ex\u00f3ticos; V\u00e1rios materiais de acabamento dispon\u00edveis para atender \u00e0s condi\u00e7\u00f5es de servi\u00e7o<\/p>\n<p>Prote\u00e7\u00e3o contra corros\u00e3o<br \/>\nRevestimento ep\u00f3xi interno e externo<\/p>\n<p>Temperatura aplic\u00e1vel:<br \/>\n-196-540 mat\u00e9rias-primas diferentes para diferentes temperaturas de trabalho<br \/>\nMeio aplic\u00e1vel: \u00c1gua, \u00f3leo, g\u00e1s e outros meios de causticidade (diferentes mat\u00e9rias-primas para diferentes meios)<\/p>","protected":false},"excerpt":{"rendered":"<p>STV Valve Technology Group Co., Ltd is a professional leader China 300LB Axial Flow Check Valve,34 Inch 300LB Axial Flow Check Valve,LCC 300LB Axial Flow Check Valve,Flange End 300LB Axial Flow Check Valve Manufacturer with high quality and competitive price.<\/p>\n<p>&nbsp;<\/p>","protected":false},"featured_media":7906,"template":"","meta":[],"product_brand":[],"product_cat":[46,84],"product_tag":[3229,3036,3231,3230],"class_list":{"0":"post-7905","1":"product","2":"type-product","3":"status-publish","4":"has-post-thumbnail","6":"product_cat-check-valves","7":"product_cat-wafer-check-valve","8":"product_tag-34-inch-300lb-axial-flow-check-valve","9":"product_tag-china-300lb-axial-flow-check-valve","10":"product_tag-flange-end-300lb-axial-flow-check-valve-manufacturer","11":"product_tag-lcc-300lb-axial-flow-check-valve","13":"first","14":"instock","15":"shipping-taxable","16":"product-type-simple"},"_links":{"self":[{"href":"https:\/\/www.stvvalves.com\/pt\/wp-json\/wp\/v2\/product\/7905","targetHints":{"allow":["GET"]}}],"collection":[{"href":"https:\/\/www.stvvalves.com\/pt\/wp-json\/wp\/v2\/product"}],"about":[{"href":"https:\/\/www.stvvalves.com\/pt\/wp-json\/wp\/v2\/types\/product"}],"wp:featuredmedia":[{"embeddable":true,"href":"https:\/\/www.stvvalves.com\/pt\/wp-json\/wp\/v2\/media\/7906"}],"wp:attachment":[{"href":"https:\/\/www.stvvalves.com\/pt\/wp-json\/wp\/v2\/media?parent=7905"}],"wp:term":[{"taxonomy":"product_brand","embeddable":true,"href":"https:\/\/www.stvvalves.com\/pt\/wp-json\/wp\/v2\/product_brand?post=7905"},{"taxonomy":"product_cat","embeddable":true,"href":"https:\/\/www.stvvalves.com\/pt\/wp-json\/wp\/v2\/product_cat?post=7905"},{"taxonomy":"product_tag","embeddable":true,"href":"https:\/\/www.stvvalves.com\/pt\/wp-json\/wp\/v2\/product_tag?post=7905"}],"curies":[{"name":"wp","href":"https:\/\/api.w.org\/{rel}","templated":true}]}}