{"id":7913,"date":"2025-02-23T14:58:40","date_gmt":"2025-02-23T06:58:40","guid":{"rendered":"https:\/\/www.stvvalves.com\/?post_type=product&#038;p=7913"},"modified":"2025-02-23T15:07:10","modified_gmt":"2025-02-23T07:07:10","slug":"a217-wc1-wedge-gate-valve-dn1000-pn25-din-3352","status":"publish","type":"product","link":"https:\/\/www.stvvalves.com\/pt\/products\/a217-wc1-wedge-gate-valve-dn1000-pn25-din-3352\/","title":{"rendered":"A217 WC1 Wedge Gate Valve,DN1000,PN25,DIN 3352"},"content":{"rendered":"<p>A217 WC1 Wedge Gate Valve,DN1000,PN25,DIN 3352<\/p>\n<p>OS&amp;Y, haste ascendente, cunha flex\u00edvel<br \/>\nCap\u00f4 aparafusado, anel de sede rosqueado ou soldado<br \/>\nMaterial:ASTM A216 WCB, ASTM A216 WCC, ASTM A217 WC6, ASTM A217 WC9,<br \/>\nASTM A217 C5, ASTM A217 C12A, ASTM A352 LCB, ASTM A352 LCC<br \/>\nASTM A351 CF8, ASTM A351 CF8M, ASTM A351 CF3M, ASTM A351 CF8C<br \/>\nCN3MN, CK3MCUN, CN7M, ASTM A890 4A (CD3MN), ASTM A890 5A (CE3MN),<br \/>\nASTM A890 6A (CD3MWCuN)<br \/>\nASTM B148 C95800, ASTM B148 C95500<\/p>\n<p>Conformidade com padr\u00f5es<br \/>\nSize range: DN50 &#8211; DN1500.<br \/>\nDesign pressure:\u00a0 PN10 &#8211; PN420.<br \/>\nDesign standard:EN 1984, DIN 3352.<br \/>\nDesign temp.: -196\u2103 &#8211; 573\u2103.<br \/>\nOperation: Hand wheel, gearbox, electric<br \/>\nApplication: electric power, petroleum refining, petrochemical engineering, offshore oil, chemical engineering<\/p>\n<table>\n<tbody>\n<tr>\n<td width=\"200\"><strong>Nome do Produto<\/strong><\/td>\n<td width=\"481\">A217 WC1 Wedge Gate Valve,DN1000,PN25,DIN 3352<\/td>\n<\/tr>\n<tr>\n<td width=\"200\">1. Materiais<\/td>\n<td width=\"481\">WC1<\/td>\n<\/tr>\n<tr>\n<td width=\"200\">2. Tamanho<\/td>\n<td width=\"481\">40\u201d<\/td>\n<\/tr>\n<tr>\n<td width=\"200\">4. Porto<\/td>\n<td width=\"481\">Porto completo<\/td>\n<\/tr>\n<tr>\n<td width=\"200\">5. Press\u00e3o de Trabalho<\/td>\n<td width=\"481\">PN25<\/td>\n<\/tr>\n<tr>\n<td width=\"200\">6. Fim da conex\u00e3o<\/td>\n<td width=\"481\">RF<\/td>\n<\/tr>\n<tr>\n<td width=\"200\">7. Temperatura de trabalho.<\/td>\n<td width=\"481\">-29~570\u00baC,<\/td>\n<\/tr>\n<tr>\n<td width=\"200\">8. Meio Adequado<\/td>\n<td width=\"481\">\u00c1gua, G\u00e1s Natural, Petr\u00f3leo e algum l\u00edquido corrosivo<\/td>\n<\/tr>\n<tr>\n<td width=\"200\">9. Operado<\/td>\n<td width=\"481\">Volante<\/td>\n<\/tr>\n<tr>\n<td width=\"200\">10. Inspe\u00e7\u00e3o e Teste<\/td>\n<td width=\"481\">De acordo com API598<\/td>\n<\/tr>\n<tr>\n<td width=\"200\"><strong>envio<\/strong><\/td>\n<td width=\"481\"><\/td>\n<\/tr>\n<tr>\n<td width=\"200\">Prazo de entrega<\/td>\n<td width=\"481\">30 dias<\/td>\n<\/tr>\n<tr>\n<td width=\"200\">Pacote<\/td>\n<td width=\"481\">Caixa de madeira compensada de exporta\u00e7\u00e3o padr\u00e3o<\/td>\n<\/tr>\n<tr>\n<td width=\"200\">Porto de embarque<\/td>\n<td width=\"481\">Ningbo\/Xangai, China<\/td>\n<\/tr>\n<tr>\n<td width=\"200\">Termos de envio<\/td>\n<td width=\"481\">Exw, FOB, CFR, CIF, etc.<\/td>\n<\/tr>\n<tr>\n<td width=\"200\">Termos de pagamento<\/td>\n<td width=\"481\">T\/T, Western Union, PayPal, etc.<\/td>\n<\/tr>\n<tr>\n<td width=\"200\"><\/td>\n<td width=\"481\">Pr\u00e9-pagamento 30%, saldo 70% pago antes do envio<\/td>\n<\/tr>\n<tr>\n<td width=\"200\">Pa\u00eds de origem<\/td>\n<td width=\"481\">Cidade de Wenzhou, China<\/td>\n<\/tr>\n<tr>\n<td width=\"200\">Capacidade de produ\u00e7\u00e3o<\/td>\n<td width=\"481\">6.000 toneladas\/ano<\/td>\n<\/tr>\n<tr>\n<td width=\"200\">Quantidade m\u00ednima<\/td>\n<td width=\"481\">1 pe\u00e7a\/tamanho<\/td>\n<\/tr>\n<\/tbody>\n<\/table>","protected":false},"excerpt":{"rendered":"<p>Model:STV-Z541Y-PN25-DN1000-WC1<\/p>\n<p>STV Valve Technology Group Co., Ltd is a professional leader China A217 WC1 Wedge Gate Valve,DN1000 A217 WC1 Wedge Gate Valve,PN25 A217 WC1 Wedge Gate Valve,DIN3202 A217 WC1 Wedge Gate Valve, EN1984 A217 WC1 Wedge Gate Valve,Big Size WC1 Gate Valve Manufacturer with high quality and competitive price.<\/p>\n<p>&nbsp;<\/p>\n<p>&nbsp;<\/p>\n<p>&nbsp;<\/p>","protected":false},"featured_media":7914,"template":"","meta":[],"product_brand":[],"product_cat":[58,44],"product_tag":[3252,3247,3250,3248,3251,3249],"class_list":{"0":"post-7913","1":"product","2":"type-product","3":"status-publish","4":"has-post-thumbnail","6":"product_cat-cast-steel-gate-valve","7":"product_cat-gate-valve","8":"product_tag-big-size-wc1-gate-valve-manufacturer","9":"product_tag-china-a217-wc1-wedge-gate-valve","10":"product_tag-din3202-a217-wc1-wedge-gate-valve","11":"product_tag-dn1000-a217-wc1-wedge-gate-valve","12":"product_tag-en1984-a217-wc1-wedge-gate-valve","13":"product_tag-pn25-a217-wc1-wedge-gate-valve","15":"first","16":"instock","17":"shipping-taxable","18":"product-type-simple"},"_links":{"self":[{"href":"https:\/\/www.stvvalves.com\/pt\/wp-json\/wp\/v2\/product\/7913","targetHints":{"allow":["GET"]}}],"collection":[{"href":"https:\/\/www.stvvalves.com\/pt\/wp-json\/wp\/v2\/product"}],"about":[{"href":"https:\/\/www.stvvalves.com\/pt\/wp-json\/wp\/v2\/types\/product"}],"wp:featuredmedia":[{"embeddable":true,"href":"https:\/\/www.stvvalves.com\/pt\/wp-json\/wp\/v2\/media\/7914"}],"wp:attachment":[{"href":"https:\/\/www.stvvalves.com\/pt\/wp-json\/wp\/v2\/media?parent=7913"}],"wp:term":[{"taxonomy":"product_brand","embeddable":true,"href":"https:\/\/www.stvvalves.com\/pt\/wp-json\/wp\/v2\/product_brand?post=7913"},{"taxonomy":"product_cat","embeddable":true,"href":"https:\/\/www.stvvalves.com\/pt\/wp-json\/wp\/v2\/product_cat?post=7913"},{"taxonomy":"product_tag","embeddable":true,"href":"https:\/\/www.stvvalves.com\/pt\/wp-json\/wp\/v2\/product_tag?post=7913"}],"curies":[{"name":"wp","href":"https:\/\/api.w.org\/{rel}","templated":true}]}}