{"id":7922,"date":"2025-02-24T09:28:51","date_gmt":"2025-02-24T01:28:51","guid":{"rendered":"https:\/\/www.stvvalves.com\/?post_type=product&#038;p=7922"},"modified":"2025-02-24T09:42:16","modified_gmt":"2025-02-24T01:42:16","slug":"ggg40-knife-gate-valve-wafer-type-dn800-pn16-gear-box","status":"publish","type":"product","link":"https:\/\/www.stvvalves.com\/pt\/products\/ggg40-knife-gate-valve-wafer-type-dn800-pn16-gear-box\/","title":{"rendered":"GGG40 Knife Gate Valve, Wafer Type,DN800,PN16, Gear Box"},"content":{"rendered":"<p>GGG40 Knife Gate Valve, Wafer Type,DN800,PN16, Gear Box<br \/>\nRate: PN16<\/p>\n<p>Tamanho: NPS2-48 (DN50-DN1200)<\/p>\n<p>Conex\u00e3o: Tipo Wafer, Tipo Flange, Tipo Lug, Tipo Soldado<\/p>\n<p>Tipo de veda\u00e7\u00e3o: Macio ou met\u00e1lico<\/p>\n<p>Material: GGG40-A356, CF8-A351, CF8M-A351<\/p>\n<p>Tipo operado: Volante, roda dentada, engrenagem c\u00f4nica, el\u00e9trica, pneum\u00e1tica.<\/p>\n<p>1. A v\u00e1lvula adota design integral, com pequena resist\u00eancia a fluidos e opera\u00e7\u00e3o flex\u00edvel.<\/p>\n<p>2. O acionamento do parafuso da v\u00e1lvula guilhotina manual adota o design de rolamento plano duplo, o que torna a for\u00e7a de atrito da transmiss\u00e3o bastante reduzida, para que a v\u00e1lvula possa ser aberta com facilidade e facilidade.<\/p>\n<p>3, usando a veda\u00e7\u00e3o da sede da veda\u00e7\u00e3o da v\u00e1lvula de guilhotina do tipo m\u00f3vel e usa o anel de veda\u00e7\u00e3o pr\u00e9-carregado com for\u00e7a de pr\u00e9-aperto, torna a sede da veda\u00e7\u00e3o pr\u00f3xima ao disco, a quantidade de vazamento \u00e9 bastante reduzida, o desgaste do par de veda\u00e7\u00e3o no uso a longo prazo de fun\u00e7\u00e3o de compensa\u00e7\u00e3o autom\u00e1tica para melhorar a vida \u00fatil.<\/p>\n<p>4. Garra guia fixa, sem design de ranhura, n\u00e3o \u00e9 f\u00e1cil de causar ac\u00famulo de m\u00eddia ou resist\u00eancia do cart\u00e3o.<\/p>\n<p>5. o assento pode ser de acordo com as necessidades do meio e das condi\u00e7\u00f5es, escolha veda\u00e7\u00e3o r\u00edgida de metal ou veda\u00e7\u00e3o macia: o ar\u00edete adota o tratamento de superf\u00edcie cromado ou de nitreta\u00e7\u00e3o i\u00f4nica, faz com que o ar\u00edete seja mais resistente ao desgaste, maior vida \u00fatil da face de veda\u00e7\u00e3o; veda\u00e7\u00e3o opcional, sede em PTFE ou sede em PTFE aprimorada ou tripropropileno, borracha but\u00edlica, boa veda\u00e7\u00e3o, resistente \u00e0 corros\u00e3o.<\/p>\n<p>6. Ampla gama de adapta\u00e7\u00e3o de m\u00eddia: bom desempenho de veda\u00e7\u00e3o e viabilidade econ\u00f4mica, opera\u00e7\u00e3o<\/p>\n<table>\n<tbody>\n<tr>\n<td width=\"200\"><strong>Nome do Produto<\/strong><\/td>\n<td width=\"481\">GGG40 Knife Gate Valve, Wafer Type,DN800,PN16, Gear Box<\/td>\n<\/tr>\n<tr>\n<td width=\"200\">1. Materiais<\/td>\n<td width=\"481\">DI<\/td>\n<\/tr>\n<tr>\n<td width=\"200\">2. Tamanho<\/td>\n<td width=\"481\">32\u201d<\/td>\n<\/tr>\n<tr>\n<td width=\"200\">4. Porto<\/td>\n<td width=\"481\">Porto completo<\/td>\n<\/tr>\n<tr>\n<td width=\"200\">5. Press\u00e3o de Trabalho<\/td>\n<td width=\"481\">PN16<\/td>\n<\/tr>\n<tr>\n<td width=\"200\">6. Fim da conex\u00e3o<\/td>\n<td width=\"481\">H\u00f3stia<\/td>\n<\/tr>\n<tr>\n<td width=\"200\">7. Temperatura de trabalho.<\/td>\n<td width=\"481\">-29~120\u00baC,<\/td>\n<\/tr>\n<tr>\n<td width=\"200\">8. Meio Adequado<\/td>\n<td width=\"481\">\u00c1gua, G\u00e1s Natural, Petr\u00f3leo e algum l\u00edquido corrosivo<\/td>\n<\/tr>\n<tr>\n<td width=\"200\">9. Operado<\/td>\n<td width=\"481\">Volante<\/td>\n<\/tr>\n<tr>\n<td width=\"200\">10. Inspe\u00e7\u00e3o e Teste<\/td>\n<td width=\"481\">De acordo com API598<\/td>\n<\/tr>\n<tr>\n<td width=\"200\"><strong>envio<\/strong><\/td>\n<td width=\"481\"><\/td>\n<\/tr>\n<tr>\n<td width=\"200\">Prazo de entrega<\/td>\n<td width=\"481\">30 dias<\/td>\n<\/tr>\n<tr>\n<td width=\"200\">Pacote<\/td>\n<td width=\"481\">Caixa de madeira compensada de exporta\u00e7\u00e3o padr\u00e3o<\/td>\n<\/tr>\n<tr>\n<td width=\"200\">Porto de embarque<\/td>\n<td width=\"481\">Ningbo\/Xangai, China<\/td>\n<\/tr>\n<tr>\n<td width=\"200\">Termos de envio<\/td>\n<td width=\"481\">Exw, FOB, CFR, CIF, etc.<\/td>\n<\/tr>\n<tr>\n<td width=\"200\">Termos de pagamento<\/td>\n<td width=\"481\">T\/T, Western Union, PayPal, etc.<\/td>\n<\/tr>\n<tr>\n<td width=\"200\"><\/td>\n<td width=\"481\">Pr\u00e9-pagamento 30%, saldo 70% pago antes do envio<\/td>\n<\/tr>\n<tr>\n<td width=\"200\">Pa\u00eds de origem<\/td>\n<td width=\"481\">Cidade de Wenzhou, China<\/td>\n<\/tr>\n<tr>\n<td width=\"200\">Capacidade de produ\u00e7\u00e3o<\/td>\n<td width=\"481\">6.000 toneladas\/ano<\/td>\n<\/tr>\n<tr>\n<td width=\"200\">Quantidade m\u00ednima<\/td>\n<td width=\"481\">1 pe\u00e7a\/tamanho<\/td>\n<\/tr>\n<\/tbody>\n<\/table>\n<p>&nbsp;<\/p>","protected":false},"excerpt":{"rendered":"<p>Model:STV-PZ73X-PN16-GGG40-DN800<br \/>\nSTV Valve Technology Group Co., Ltd is a professional leader China Ductile Iron GGG40 Knife Gate Valve, GGG40\/GGG50 knife gate valve,epdm seat knife gate valve pn16,Wafer Knife Gate Valve,DN800 GGG40 Knife Gate Valve, DN80 GGG40 Knife Gate Valve,PN16 GGG40 Knife Gate Valve,Gear Box Operator Wafer Knife Gate Valve manufacturer with high quality and low price.<br \/>\nPara saber mais sobre essas v\u00e1lvulas, entre em contato com nosso sales@stvvalve.com<\/p>\n<p>As v\u00e1lvulas de guilhotina GGG40 est\u00e3o dispon\u00edveis em v\u00e1rios designs, corpo de uma pe\u00e7a e corpos de duas pe\u00e7as, haste ascendente e haste n\u00e3o ascendente, estruturas unidirecionais e bidirecionais, an\u00e9is de sede resilientes e met\u00e1licos, designs de castelo sem tampa e aparafusados. Para projetos opcionais, o cone de deflex\u00e3o pode desviar o fluxo de lamas abrasivas e proteger a sede da v\u00e1lvula contra abras\u00e3o. O disco da porta V e o projeto do condu\u00edte s\u00e3o usados para servi\u00e7o de estrangulamento, de acordo com os requisitos do cliente<\/p>\n<p>Nossos setores de servi\u00e7os de v\u00e1lvula de guilhotina incluem: energia, petroqu\u00edmica, metal\u00fargica, qu\u00edmica, minera\u00e7\u00e3o, fabrica\u00e7\u00e3o de papel, prote\u00e7\u00e3o ambiental, bioqu\u00edmica, farmac\u00eautica, petr\u00f3leo, eletricidade, impress\u00e3o e tingimento, ind\u00fastria leve, alimentos, tabaco, a\u00e7\u00facar, bebidas e outros campos.<\/p>\n<p>&nbsp;<\/p>\n<p>&nbsp;<\/p>","protected":false},"featured_media":7923,"template":"","meta":[],"product_brand":[],"product_cat":[44,62],"product_tag":[3268,903,3270,3269,3272,901,3271,146],"class_list":{"0":"post-7922","1":"product","2":"type-product","3":"status-publish","4":"has-post-thumbnail","6":"product_cat-gate-valve","7":"product_cat-knife-gate-valve","8":"product_tag-china-ductile-iron-ggg40-knife-gate-valve","9":"product_tag-dn80-ggg40-knife-gate-valve","10":"product_tag-dn800-ggg40-knife-gate-valve","11":"product_tag-epdm-seat-knife-gate-valve-pn16","12":"product_tag-gear-box-operator-wafer-knife-gate-valve-manufacturer","13":"product_tag-ggg40-ggg50-knife-gate-valve","14":"product_tag-pn16-ggg40-knife-gate-valve","15":"product_tag-wafer-knife-gate-valve","17":"first","18":"instock","19":"shipping-taxable","20":"product-type-simple"},"_links":{"self":[{"href":"https:\/\/www.stvvalves.com\/pt\/wp-json\/wp\/v2\/product\/7922","targetHints":{"allow":["GET"]}}],"collection":[{"href":"https:\/\/www.stvvalves.com\/pt\/wp-json\/wp\/v2\/product"}],"about":[{"href":"https:\/\/www.stvvalves.com\/pt\/wp-json\/wp\/v2\/types\/product"}],"wp:featuredmedia":[{"embeddable":true,"href":"https:\/\/www.stvvalves.com\/pt\/wp-json\/wp\/v2\/media\/7923"}],"wp:attachment":[{"href":"https:\/\/www.stvvalves.com\/pt\/wp-json\/wp\/v2\/media?parent=7922"}],"wp:term":[{"taxonomy":"product_brand","embeddable":true,"href":"https:\/\/www.stvvalves.com\/pt\/wp-json\/wp\/v2\/product_brand?post=7922"},{"taxonomy":"product_cat","embeddable":true,"href":"https:\/\/www.stvvalves.com\/pt\/wp-json\/wp\/v2\/product_cat?post=7922"},{"taxonomy":"product_tag","embeddable":true,"href":"https:\/\/www.stvvalves.com\/pt\/wp-json\/wp\/v2\/product_tag?post=7922"}],"curies":[{"name":"wp","href":"https:\/\/api.w.org\/{rel}","templated":true}]}}