{"id":7925,"date":"2025-02-24T09:46:39","date_gmt":"2025-02-24T01:46:39","guid":{"rendered":"https:\/\/www.stvvalves.com\/?post_type=product&#038;p=7925"},"modified":"2025-02-27T15:42:14","modified_gmt":"2025-02-27T07:42:14","slug":"f51-flanged-globe-valve-1-inch-300lb-rf-end","status":"publish","type":"product","link":"https:\/\/www.stvvalves.com\/pt\/products\/f51-flanged-globe-valve-1-inch-300lb-rf-end\/","title":{"rendered":"F51 Flanged Globe Valve,1 Inch,300LB,RF End"},"content":{"rendered":"<div class=\"headline headline-md\">\n<h2>Detalhes do produto<\/h2>\n<\/div>\n<div>Padr\u00e3o de projeto: API602.<br \/>\nBody Material: F51<br \/>\nDi\u00e2metro nominal: 1 polegada (DN25).<br \/>\nPressure: Class 300.<br \/>\nConex\u00e3o final: RF.<br \/>\nPresencial: ASME B16.10.<br \/>\nTemperatura de trabalho: -29\u2103~+560\u2103.<br \/>\nModo de Opera\u00e7\u00e3o: Volante.<br \/>\nTeste e Inspe\u00e7\u00e3o: API 598.<\/div>\n<div class=\"headline headline-md\">\n<h2>Gama de Produtos<\/h2>\n<\/div>\n<div>Material do corpo: A105\u3001LF2\u3001F5\u3001F11\u3001F22\u3001304\u3001304L\u3001316\u3001316L\u3001F51\u3001F91\u300120#\u3001Inconel .Ect<br \/>\nDi\u00e2metro normal: 1\/2\u2033~2\u2033 (DN15~DN80).<br \/>\nConex\u00e3o final: NPT, SW, solda de topo, flangeada.<br \/>\nFaixa de press\u00e3o: 150 libras ~ 2500 libras (PN10 ~ PN420).<br \/>\nOpera\u00e7\u00e3o: volante, atuador el\u00e9trico e pneum\u00e1tico<br \/>\nTemperatura de trabalho: -196\u2103~ +560\u2103.<\/div>\n<div><\/div>\n<div>\n<table>\n<tbody>\n<tr>\n<td width=\"200\"><strong>Nome do Produto<\/strong><\/td>\n<td width=\"481\">F51 Flanged Globe Valve,1 Inch,300LB,RF End<\/td>\n<\/tr>\n<tr>\n<td width=\"200\">1. Materiais<\/td>\n<td width=\"481\">F51<\/td>\n<\/tr>\n<tr>\n<td width=\"200\">2. Tamanho<\/td>\n<td width=\"481\">1\u201d<\/td>\n<\/tr>\n<tr>\n<td width=\"200\">4. Porto<\/td>\n<td width=\"481\">Porta Redutora<\/td>\n<\/tr>\n<tr>\n<td width=\"200\">5. Press\u00e3o de Trabalho<\/td>\n<td width=\"481\">300 libras<\/td>\n<\/tr>\n<tr>\n<td width=\"200\">6. Fim da conex\u00e3o<\/td>\n<td width=\"481\">RF<\/td>\n<\/tr>\n<tr>\n<td width=\"200\">7. Temperatura de trabalho.<\/td>\n<td width=\"481\">-29~425\u00baC,<\/td>\n<\/tr>\n<tr>\n<td width=\"200\">8. Meio Adequado<\/td>\n<td width=\"481\">\u00c1gua, G\u00e1s Natural, Petr\u00f3leo e algum l\u00edquido corrosivo<\/td>\n<\/tr>\n<tr>\n<td width=\"200\">9. Operado<\/td>\n<td width=\"481\">Volante<\/td>\n<\/tr>\n<tr>\n<td width=\"200\">10. Inspe\u00e7\u00e3o e Teste<\/td>\n<td width=\"481\">De acordo com API598<\/td>\n<\/tr>\n<tr>\n<td width=\"200\"><strong>envio<\/strong><\/td>\n<td width=\"481\"><\/td>\n<\/tr>\n<tr>\n<td width=\"200\">Prazo de entrega<\/td>\n<td width=\"481\">30 dias<\/td>\n<\/tr>\n<tr>\n<td width=\"200\">Pacote<\/td>\n<td width=\"481\">Caixa de madeira compensada de exporta\u00e7\u00e3o padr\u00e3o<\/td>\n<\/tr>\n<tr>\n<td width=\"200\">Porto de embarque<\/td>\n<td width=\"481\">Ningbo\/Xangai, China<\/td>\n<\/tr>\n<tr>\n<td width=\"200\">Termos de envio<\/td>\n<td width=\"481\">Exw, FOB, CFR, CIF, etc.<\/td>\n<\/tr>\n<tr>\n<td width=\"200\">Termos de pagamento<\/td>\n<td width=\"481\">T\/T, Western Union, PayPal, etc.<\/td>\n<\/tr>\n<tr>\n<td width=\"200\"><\/td>\n<td width=\"481\">Pr\u00e9-pagamento 30%, saldo 70% pago antes do envio<\/td>\n<\/tr>\n<tr>\n<td width=\"200\">Pa\u00eds de origem<\/td>\n<td width=\"481\">Cidade de Wenzhou, China<\/td>\n<\/tr>\n<tr>\n<td width=\"200\">Capacidade de produ\u00e7\u00e3o<\/td>\n<td width=\"481\">6.000 toneladas\/ano<\/td>\n<\/tr>\n<tr>\n<td width=\"200\">Quantidade m\u00ednima<\/td>\n<td width=\"481\">1 pe\u00e7a\/tamanho<\/td>\n<\/tr>\n<\/tbody>\n<\/table>\n<\/div>","protected":false},"excerpt":{"rendered":"<p>Model:STV-J41Y-300LB-DN50-F51<\/p>\n<p>The shape of the API 602\u00a0 Globe Valve opening and closing member and the valve flow passage allows the valve to have a certain flow characteristic. This must be taken into consideration when selecting a valve.<\/p>\n<p>STV Valve Technology Group Co., Ltd is a professional leader China F51 Flanged Globe Valve ,High Pressure Globe Valve ,Forged F51 Globe Valve,API 602 F51 Globe Valve, API 602 Forged Steel Globe Valve,300LB F51 Globe Valve,1 Inch F51 Globe Valve manufacturer with high quality and competitive price.<\/p>\n<p>&nbsp;<\/p>","protected":false},"featured_media":7926,"template":"","meta":[],"product_brand":[],"product_cat":[64,45],"product_tag":[3277,3276,3275,2326,3273,3274,199],"class_list":{"0":"post-7925","1":"product","2":"type-product","3":"status-publish","4":"has-post-thumbnail","6":"product_cat-foreged-steel-globe-valve","7":"product_cat-globe-valve","8":"product_tag-1-inch-f51-globe-valve-manufacturer","9":"product_tag-300lb-f51-globe-valve","10":"product_tag-api-602-f51-globe-valve","11":"product_tag-api-602-forged-steel-globe-valve","12":"product_tag-china-f51-flanged-globe-valve","13":"product_tag-forged-f51-globe-valve","14":"product_tag-high-pressure-globe-valve","16":"first","17":"instock","18":"shipping-taxable","19":"product-type-simple"},"_links":{"self":[{"href":"https:\/\/www.stvvalves.com\/pt\/wp-json\/wp\/v2\/product\/7925","targetHints":{"allow":["GET"]}}],"collection":[{"href":"https:\/\/www.stvvalves.com\/pt\/wp-json\/wp\/v2\/product"}],"about":[{"href":"https:\/\/www.stvvalves.com\/pt\/wp-json\/wp\/v2\/types\/product"}],"wp:featuredmedia":[{"embeddable":true,"href":"https:\/\/www.stvvalves.com\/pt\/wp-json\/wp\/v2\/media\/7926"}],"wp:attachment":[{"href":"https:\/\/www.stvvalves.com\/pt\/wp-json\/wp\/v2\/media?parent=7925"}],"wp:term":[{"taxonomy":"product_brand","embeddable":true,"href":"https:\/\/www.stvvalves.com\/pt\/wp-json\/wp\/v2\/product_brand?post=7925"},{"taxonomy":"product_cat","embeddable":true,"href":"https:\/\/www.stvvalves.com\/pt\/wp-json\/wp\/v2\/product_cat?post=7925"},{"taxonomy":"product_tag","embeddable":true,"href":"https:\/\/www.stvvalves.com\/pt\/wp-json\/wp\/v2\/product_tag?post=7925"}],"curies":[{"name":"wp","href":"https:\/\/api.w.org\/{rel}","templated":true}]}}