{"id":7940,"date":"2025-02-27T15:15:25","date_gmt":"2025-02-27T07:15:25","guid":{"rendered":"https:\/\/www.stvvalves.com\/?post_type=product&#038;p=7940"},"modified":"2025-02-27T15:42:05","modified_gmt":"2025-02-27T07:42:05","slug":"api602-gate-valve-astm-a105n-800-lb-21-2-sw-end","status":"publish","type":"product","link":"https:\/\/www.stvvalves.com\/pt\/products\/api602-gate-valve-astm-a105n-800-lb-21-2-sw-end\/","title":{"rendered":"API602 Gate Valve,ASTM A105N,800 LB,21\/2&#8243;,SW END"},"content":{"rendered":"<h2>API602 Gate Valve,ASTM A105N,800 LB,21\/2&#8243;,SW END<\/h2>\n<p>Design and manufacture conform to BS 5352,API602<\/p>\n<p>As extremidades da conex\u00e3o est\u00e3o em conformidade com:<\/p>\n<p>1. As extremidades soldadas do soquete est\u00e3o em conformidade com ANSI B16.11<\/p>\n<p>2. As extremidades dos parafusos est\u00e3o em conformidade com ANSI B1.20.1<\/p>\n<p>3..Extremidades soldadas de topo em conformidade com ANSI B16.25<\/p>\n<p>Teste e inspe\u00e7\u00e3o em conformidade com: API 598<\/p>\n<p>1) Informa\u00e7\u00f5es sobre o produto: as v\u00e1lvulas fornecidas s\u00e3o usadas principalmente para \u00e1gua, ar, \u00f3leo, g\u00e1s<br \/>\n2) Tipo de conex\u00e3o: tipo flangeado, tipo de soldagem de soquete, tipo de soldagem de topo, tipo de parafuso<br \/>\n3) Materiais:<br \/>\na) Corpo: A105, LF2, F11, F22, F304, F316, F304L, F316L<br \/>\nb) Disco: A105, LF2, F11, F22, F304, F316, F304L, F316L<br \/>\nc) Haste: F6a, F11, F22, F304, F316, F304L, F316L<br \/>\nd) Cap\u00f4: A105, LF2, F11, F22, F304, F316, F304L, F316L<br \/>\n4) Tamanho: 15-50mm\/1\/2\u2033 \u2013 2\u2033<br \/>\n5) Grau de press\u00e3o: PN16~PN100, 150Lb~2500Lb<br \/>\n6) Revestimento: Revestimento conforme a exig\u00eancia dos clientes<br \/>\n7) Pacote: Caixas de madeira<\/p>\n<table>\n<tbody>\n<tr>\n<td width=\"200\"><strong><b>Nome do Produto<\/b><\/strong><\/td>\n<td width=\"481\">API602 Gate Valve,ASTM A105N,800 LB,21\/2&#8243;,SW END<\/td>\n<\/tr>\n<tr>\n<td width=\"200\">1. Materiais<\/td>\n<td width=\"481\">A105N<\/td>\n<\/tr>\n<tr>\n<td width=\"200\">2. Tamanho<\/td>\n<td width=\"481\">21\/2\u201d<\/td>\n<\/tr>\n<tr>\n<td width=\"200\">4. Porto<\/td>\n<td width=\"481\">Porta Redutora<\/td>\n<\/tr>\n<tr>\n<td width=\"200\">5. Press\u00e3o de Trabalho<\/td>\n<td width=\"481\">800 libras<\/td>\n<\/tr>\n<tr>\n<td width=\"200\">6. Fim da conex\u00e3o<\/td>\n<td width=\"481\">SO<\/td>\n<\/tr>\n<tr>\n<td width=\"200\">7. Temperatura de trabalho.<\/td>\n<td width=\"481\">-29~425\u00baC,<\/td>\n<\/tr>\n<tr>\n<td width=\"200\">8. Meio Adequado<\/td>\n<td width=\"481\">\u00c1gua, G\u00e1s Natural, Petr\u00f3leo e algum l\u00edquido corrosivo<\/td>\n<\/tr>\n<tr>\n<td width=\"200\">9. Operado<\/td>\n<td width=\"481\">Volante<\/td>\n<\/tr>\n<tr>\n<td width=\"200\">10. Inspe\u00e7\u00e3o e Teste<\/td>\n<td width=\"481\">De acordo comAPI 598<\/td>\n<\/tr>\n<tr>\n<td width=\"200\"><strong><b>envio<\/b><\/strong><\/td>\n<td width=\"481\"><\/td>\n<\/tr>\n<tr>\n<td width=\"200\">Prazo de entrega<\/td>\n<td width=\"481\">30 dias<\/td>\n<\/tr>\n<tr>\n<td width=\"200\">Pacote<\/td>\n<td width=\"481\">Caixa de madeira compensada de exporta\u00e7\u00e3o padr\u00e3o<\/td>\n<\/tr>\n<tr>\n<td width=\"200\">Porto de embarque<\/td>\n<td width=\"481\">Ningbo\/Xangai, China<\/td>\n<\/tr>\n<tr>\n<td width=\"200\">Termos de envio<\/td>\n<td width=\"481\">Exw, FOB, CFR, CIF, etc.<\/td>\n<\/tr>\n<tr>\n<td width=\"200\">Termos de pagamento<\/td>\n<td width=\"481\">T\/T, Western Union, PayPal, etc.<\/td>\n<\/tr>\n<tr>\n<td width=\"200\"><\/td>\n<td width=\"481\">Pr\u00e9-pagamento 30%, saldo 70% pago antes do envio<\/td>\n<\/tr>\n<tr>\n<td width=\"200\">Pa\u00eds de origem<\/td>\n<td width=\"481\">Cidade de Wenzhou, China<\/td>\n<\/tr>\n<tr>\n<td width=\"200\">Capacidade de produ\u00e7\u00e3o<\/td>\n<td width=\"481\">6.000 toneladas\/ano<\/td>\n<\/tr>\n<tr>\n<td width=\"200\">Quantidade m\u00ednima<\/td>\n<td width=\"481\">10 unidades\/tamanho<\/td>\n<\/tr>\n<\/tbody>\n<\/table>","protected":false},"excerpt":{"rendered":"<p>STV Valve Technology Group Co., Ltd is a professional leader China API602 Gate Valve, 800Lb 21\/2 Inch Gate Valve,Bolt Bonnet 21\/2 Inch Gate Valve,ASTM A105N 21\/2 Inch Gate Valve,Forged Steel Pressure Seal Bonnet Gate valve,China API 602 21\/2 Inch Gate Valve ,SW END API602 Gate ValveManufacturer with high quality and competitive price.<\/p>\n<p>&nbsp;<\/p>","protected":false},"featured_media":7941,"template":"","meta":[],"product_brand":[],"product_cat":[59,44],"product_tag":[3308,3310,3309,3311,3307,661,3312],"class_list":{"0":"post-7940","1":"product","2":"type-product","3":"status-publish","4":"has-post-thumbnail","6":"product_cat-forged-steel-gate-valve","7":"product_cat-gate-valve","8":"product_tag-800lb-21-2-inch-gate-valve","9":"product_tag-astm-a105n-21-2-inch-gate-valve","10":"product_tag-bolt-bonnet-21-2-inch-gate-valve","11":"product_tag-china-api-602-21-2-inch-gate-valve","12":"product_tag-china-api602-gate-valve","13":"product_tag-forged-steel-pressure-seal-bonnet-gate-valve","14":"product_tag-sw-end-api602-gate-valvemanufacturer","16":"first","17":"instock","18":"shipping-taxable","19":"product-type-simple"},"_links":{"self":[{"href":"https:\/\/www.stvvalves.com\/pt\/wp-json\/wp\/v2\/product\/7940","targetHints":{"allow":["GET"]}}],"collection":[{"href":"https:\/\/www.stvvalves.com\/pt\/wp-json\/wp\/v2\/product"}],"about":[{"href":"https:\/\/www.stvvalves.com\/pt\/wp-json\/wp\/v2\/types\/product"}],"wp:featuredmedia":[{"embeddable":true,"href":"https:\/\/www.stvvalves.com\/pt\/wp-json\/wp\/v2\/media\/7941"}],"wp:attachment":[{"href":"https:\/\/www.stvvalves.com\/pt\/wp-json\/wp\/v2\/media?parent=7940"}],"wp:term":[{"taxonomy":"product_brand","embeddable":true,"href":"https:\/\/www.stvvalves.com\/pt\/wp-json\/wp\/v2\/product_brand?post=7940"},{"taxonomy":"product_cat","embeddable":true,"href":"https:\/\/www.stvvalves.com\/pt\/wp-json\/wp\/v2\/product_cat?post=7940"},{"taxonomy":"product_tag","embeddable":true,"href":"https:\/\/www.stvvalves.com\/pt\/wp-json\/wp\/v2\/product_tag?post=7940"}],"curies":[{"name":"wp","href":"https:\/\/api.w.org\/{rel}","templated":true}]}}