{"id":7988,"date":"2025-03-17T21:56:23","date_gmt":"2025-03-17T13:56:23","guid":{"rendered":"https:\/\/www.stvvalves.com\/?post_type=product&#038;p=7988"},"modified":"2025-03-17T22:00:43","modified_gmt":"2025-03-17T14:00:43","slug":"2-pc-ball-valve-2000-wog-cf8m-1-2-inch-npt-end","status":"publish","type":"product","link":"https:\/\/www.stvvalves.com\/pt\/products\/2-pc-ball-valve-2000-wog-cf8m-1-2-inch-npt-end\/","title":{"rendered":"2-PC Ball Valve 2000 WOG,CF8M,1\/2 Inch,NPT End"},"content":{"rendered":"<p>V\u00c1LVULA DE ESFERA SOLDADA COM VEDA\u00c7\u00c3O DE 2 pe\u00e7as, v\u00e1lvula de esfera de PORTA COMPLETA, 2000 WOG<br \/>\n1). CORPO DE FUNDI\u00c7\u00c3O DE INVESTIMENTO<br \/>\n2).PRESS\u00c3O DE TRABALHO: 3000 psi<br \/>\n3).COM DISPOSITIVO DE BLOQUEIO<br \/>\n4). PRESS\u00c3O DE TESTE:<br \/>\nCASCO: 4500 PSI (HIDROST\u00c1TICO)<br \/>\n5). ASSENTO: 100 PSI (AR)<br \/>\n6). PROJETO DE HASTE \u00c0 PROVA DE EXPLOS\u00c3O<br \/>\n7). CONEX\u00c3O FINAL: NPT,BSPT,BSP,DIN<br \/>\n8). TAMANHO: 1\/4\u2033-2\u2033<\/p>","protected":false},"excerpt":{"rendered":"<p>STV Valve Technology Group Co., Ltd is a professional leader China 2-PC Ball Valve 2000 WOG,CF8M 2000 WOG BALL Valve ,316 Trim Ball Valve,1\/2 Inch Ball Valve,NPT End Ball Valve ,2-PC Ball Valve, ,Peek Seat 2-PC Ball Valve,High pressure Ball Valve,Thread\u00a0 Ball Valve, China FULL PORT ball valve Manufacturer with high quality and competitive price.<\/p>","protected":false},"featured_media":7990,"template":"","meta":[],"product_brand":[],"product_cat":[43,79],"product_tag":[3348,2105,2103,3347,2109,2108,208,3349,2098,2099],"class_list":{"0":"post-7988","1":"product","2":"type-product","3":"status-publish","4":"has-post-thumbnail","6":"product_cat-ball-valve","7":"product_cat-threaded-ball-valve","8":"product_tag-1-2-inch-ball-valve","9":"product_tag-2-pc-ball-valve","10":"product_tag-316-trim-ball-valve","11":"product_tag-cf8m-2000-wog-ball-valve","12":"product_tag-china-2-pc-ball-valve-2000-wog","13":"product_tag-china-full-port-ball-valve-manufacturer","14":"product_tag-high-pressure-ball-valve","15":"product_tag-npt-end-ball-valve","16":"product_tag-peek-seat-2-pc-ball-valve","17":"product_tag-thread-ball-valve","19":"first","20":"instock","21":"shipping-taxable","22":"product-type-simple"},"_links":{"self":[{"href":"https:\/\/www.stvvalves.com\/pt\/wp-json\/wp\/v2\/product\/7988","targetHints":{"allow":["GET"]}}],"collection":[{"href":"https:\/\/www.stvvalves.com\/pt\/wp-json\/wp\/v2\/product"}],"about":[{"href":"https:\/\/www.stvvalves.com\/pt\/wp-json\/wp\/v2\/types\/product"}],"wp:featuredmedia":[{"embeddable":true,"href":"https:\/\/www.stvvalves.com\/pt\/wp-json\/wp\/v2\/media\/7990"}],"wp:attachment":[{"href":"https:\/\/www.stvvalves.com\/pt\/wp-json\/wp\/v2\/media?parent=7988"}],"wp:term":[{"taxonomy":"product_brand","embeddable":true,"href":"https:\/\/www.stvvalves.com\/pt\/wp-json\/wp\/v2\/product_brand?post=7988"},{"taxonomy":"product_cat","embeddable":true,"href":"https:\/\/www.stvvalves.com\/pt\/wp-json\/wp\/v2\/product_cat?post=7988"},{"taxonomy":"product_tag","embeddable":true,"href":"https:\/\/www.stvvalves.com\/pt\/wp-json\/wp\/v2\/product_tag?post=7988"}],"curies":[{"name":"wp","href":"https:\/\/api.w.org\/{rel}","templated":true}]}}