{"id":8046,"date":"2025-05-20T20:29:34","date_gmt":"2025-05-20T12:29:34","guid":{"rendered":"https:\/\/www.stvvalves.com\/?post_type=product&#038;p=8046"},"modified":"2025-05-20T20:35:20","modified_gmt":"2025-05-20T12:35:20","slug":"din-3840-lift-check-valve-cast-seel-dn200-pn16-flange-end","status":"publish","type":"product","link":"https:\/\/www.stvvalves.com\/pt\/products\/din-3840-lift-check-valve-cast-seel-dn200-pn16-flange-end\/","title":{"rendered":"DIN 3840 lift Check Valve, Cast Seel,DN200 ,PN16,Flange End"},"content":{"rendered":"<p>Projeto e Fabrica\u00e7\u00e3o: DIN 3840 \/ BS EN 1868<br \/>\nCara a cara: DIN 3202\/BS EN558-1<br \/>\nExtremidades flangeadas: DIN 2543\/BS EN1092-1<br \/>\nInspe\u00e7\u00e3o e teste: DIN 3230\/BS EN12569<\/p>\n<p>Press\u00e3o: PN10~PN160<br \/>\nTamanho: DN40~DN900<br \/>\nMaterial:GS-C25,1.0619,1.4803,1.4408,WCB,LCB,CF8,CF8M,CF3,CF3M,CF8C,etc.<\/p>\n<table width=\"751\">\n<tbody>\n<tr>\n<td>Nome do Produto:<\/td>\n<td>DIN 3840 lift Check Valve, Cast Seel,DN200 ,PN16,Flange End<\/td>\n<\/tr>\n<tr>\n<td>1.Material:<\/td>\n<td>WCB<\/td>\n<\/tr>\n<tr>\n<td>2.Tamanho:<\/td>\n<td>8\u2033<\/td>\n<\/tr>\n<tr>\n<td>3.Porta:<\/td>\n<td>COMPLETO<\/td>\n<\/tr>\n<tr>\n<td>4. Temperatura de trabalho:<\/td>\n<td>-29 \u00b0C-425 \u00b0C<\/td>\n<\/tr>\n<tr>\n<td>5. Fim da conex\u00e3o:<\/td>\n<td>RF<\/td>\n<\/tr>\n<tr>\n<td>6.Press\u00e3o de trabalho:<\/td>\n<td>PN16<\/td>\n<\/tr>\n<tr>\n<td>7. Meio Adequado:<\/td>\n<td>\u00c1gua, G\u00e1s Natural, Petr\u00f3leo e algum l\u00edquido corrosivo<\/td>\n<\/tr>\n<tr>\n<td>8.Operado:<\/td>\n<td>\/<\/td>\n<\/tr>\n<tr>\n<td>9. Inspe\u00e7\u00e3o e Teste<\/td>\n<td>De acordo com DIN 3230<\/td>\n<\/tr>\n<tr>\n<td>Certificado:<\/td>\n<td>ISO, marca\u00e7\u00e3o\/API 6D<\/td>\n<\/tr>\n<tr>\n<td><strong>envio<\/strong><\/td>\n<td><\/td>\n<\/tr>\n<tr>\n<td>Prazo de entrega<\/td>\n<td>30 dias<\/td>\n<\/tr>\n<tr>\n<td>Pacote<\/td>\n<td>Caixa de madeira compensada de exporta\u00e7\u00e3o padr\u00e3o<\/td>\n<\/tr>\n<tr>\n<td>Porto de embarque<\/td>\n<td>Ningbo\/Xangai, China<\/td>\n<\/tr>\n<tr>\n<td>Termos de envio<\/td>\n<td>Exw, FOB, CFR, CIF, etc.<\/td>\n<\/tr>\n<tr>\n<td>Termos de pagamento<\/td>\n<td>T\/T, Western Union, PayPal, etc.<\/td>\n<\/tr>\n<tr>\n<td><\/td>\n<td>Pr\u00e9-pagamento 30%, saldo 70% pago antes do envio<\/td>\n<\/tr>\n<tr>\n<td>Pa\u00eds de origem<\/td>\n<td>Cidade de Wenzhou, China<\/td>\n<\/tr>\n<tr>\n<td>Capacidade de produ\u00e7\u00e3o<\/td>\n<td>6.000 toneladas\/ano<\/td>\n<\/tr>\n<tr>\n<td>Quantidade m\u00ednima<\/td>\n<td>10 unidades\/tamanho<\/td>\n<\/tr>\n<\/tbody>\n<\/table>\n<p>&nbsp;<\/p>","protected":false},"excerpt":{"rendered":"<div class=\"woocommerce-product-details__short-description\">\n<p>Model:H44Y-PN16-DN200-WCB<\/p>\n<p>STV Valve Technology Group Co., Ltd is a professional leader China DIN 3840 lift Check Valve,PN16 DIN 3840 lift Check Valve,A216 WCB DIN 3840 lift Check Valve,WCB Lift Check Valve,PN 16 DIN 3840 lift Check Valve,DN200 DIN 3840 lift Check Valve manufacturer with high quality and competitive price.<\/p>\n<\/div>","protected":false},"featured_media":8047,"template":"","meta":[],"product_brand":[],"product_cat":[83,46],"product_tag":[3454,3452,3456,3455,3453,1052],"class_list":{"0":"post-8046","1":"product","2":"type-product","3":"status-publish","4":"has-post-thumbnail","6":"product_cat-cast-steel-check-valve","7":"product_cat-check-valves","8":"product_tag-a216-wcb-din-3840-lift-check-valve","9":"product_tag-china-din-3840-lift-check-valve","10":"product_tag-dn200-din-3840-lift-check-valve-manufacturer","11":"product_tag-pn-16-din-3840-lift-check-valve","12":"product_tag-pn16-din-3840-lift-check-valve","13":"product_tag-wcb-lift-check-valve","15":"first","16":"instock","17":"shipping-taxable","18":"product-type-simple"},"_links":{"self":[{"href":"https:\/\/www.stvvalves.com\/pt\/wp-json\/wp\/v2\/product\/8046","targetHints":{"allow":["GET"]}}],"collection":[{"href":"https:\/\/www.stvvalves.com\/pt\/wp-json\/wp\/v2\/product"}],"about":[{"href":"https:\/\/www.stvvalves.com\/pt\/wp-json\/wp\/v2\/types\/product"}],"wp:featuredmedia":[{"embeddable":true,"href":"https:\/\/www.stvvalves.com\/pt\/wp-json\/wp\/v2\/media\/8047"}],"wp:attachment":[{"href":"https:\/\/www.stvvalves.com\/pt\/wp-json\/wp\/v2\/media?parent=8046"}],"wp:term":[{"taxonomy":"product_brand","embeddable":true,"href":"https:\/\/www.stvvalves.com\/pt\/wp-json\/wp\/v2\/product_brand?post=8046"},{"taxonomy":"product_cat","embeddable":true,"href":"https:\/\/www.stvvalves.com\/pt\/wp-json\/wp\/v2\/product_cat?post=8046"},{"taxonomy":"product_tag","embeddable":true,"href":"https:\/\/www.stvvalves.com\/pt\/wp-json\/wp\/v2\/product_tag?post=8046"}],"curies":[{"name":"wp","href":"https:\/\/api.w.org\/{rel}","templated":true}]}}