{"id":8142,"date":"2025-06-18T19:47:29","date_gmt":"2025-06-18T11:47:29","guid":{"rendered":"https:\/\/www.stvvalves.com\/?post_type=product&#038;p=8142"},"modified":"2025-06-18T19:53:08","modified_gmt":"2025-06-18T11:53:08","slug":"6a-dual-plate-lug-type-check-valve-300lb-14-inch","status":"publish","type":"product","link":"https:\/\/www.stvvalves.com\/pt\/products\/6a-dual-plate-lug-type-check-valve-300lb-14-inch\/","title":{"rendered":"6A Dual Plate Lug Type Check Valve,300LB,14 Inch"},"content":{"rendered":"<p>Projeto e fabrica\u00e7\u00e3o:API594,API 6D;<br \/>\nCara a cara e de ponta a ponta:API594,API6D,DIN3202;<br \/>\nClassifica\u00e7\u00e3o de press\u00e3o-temperatura: ASME B16.34, DIN2410;<br \/>\nInspe\u00e7\u00e3o e teste: API598<br \/>\nFlange do tubo: ,ASME B16.5,DIN2543~2548,API605,ASME B16.47.<\/p>\n<p>Gama de Produtos<\/p>\n<p>Body material: WCB,LCB,WC6,WC9,CF8,CF8M,CF3,CF3M, alloy steel,bronze<\/p>\n<p>Nominal diameter:1.5\u2033~48\u2033(DN40~DN1200)<\/p>\n<p>Conex\u00e3o final: RF, RTJ, BW<\/p>\n<p>Faixa de press\u00e3o: Classe150~2500(PN16~PN420)<\/p>\n<p>Temperatura de trabalho:-196\u2103~+560\u2103<\/p>\n<p>&nbsp;<\/p>\n<table>\n<tbody>\n<tr>\n<td width=\"200\"><strong>Nome do Produto<\/strong><\/td>\n<td width=\"481\">\u00a06A Dual Plate Lug Type Check Valve,300LB,14 Inch<\/td>\n<\/tr>\n<tr>\n<td width=\"200\">1. Materiais<\/td>\n<td width=\"481\">6A<\/td>\n<\/tr>\n<tr>\n<td width=\"200\">2. Tamanho<\/td>\n<td width=\"481\">14\u201d<\/td>\n<\/tr>\n<tr>\n<td width=\"200\">4. Porto<\/td>\n<td width=\"481\">Porto completo<\/td>\n<\/tr>\n<tr>\n<td width=\"200\">5. Press\u00e3o de Trabalho<\/td>\n<td width=\"481\">300 libras<\/td>\n<\/tr>\n<tr>\n<td width=\"200\">6. Fim da conex\u00e3o<\/td>\n<td width=\"481\">LUG<\/td>\n<\/tr>\n<tr>\n<td width=\"200\">7. Temperatura de trabalho.<\/td>\n<td width=\"481\">-29~425\u00baC,<\/td>\n<\/tr>\n<tr>\n<td width=\"200\">8. Meio Adequado<\/td>\n<td width=\"481\">\u00c1gua, G\u00e1s Natural, Petr\u00f3leo e algum l\u00edquido corrosivo<\/td>\n<\/tr>\n<tr>\n<td width=\"200\">9. Operado<\/td>\n<td width=\"481\">\/<\/td>\n<\/tr>\n<tr>\n<td width=\"200\">10. Inspe\u00e7\u00e3o e Teste<\/td>\n<td width=\"481\">De acordo com API598<\/td>\n<\/tr>\n<tr>\n<td width=\"200\"><strong>envio<\/strong><\/td>\n<td width=\"481\"><\/td>\n<\/tr>\n<tr>\n<td width=\"200\">Prazo de entrega<\/td>\n<td width=\"481\">30 dias<\/td>\n<\/tr>\n<tr>\n<td width=\"200\">Pacote<\/td>\n<td width=\"481\">Caixa de madeira compensada de exporta\u00e7\u00e3o padr\u00e3o<\/td>\n<\/tr>\n<tr>\n<td width=\"200\">Porto de embarque<\/td>\n<td width=\"481\">Ningbo\/Xangai, China<\/td>\n<\/tr>\n<tr>\n<td width=\"200\">Termos de envio<\/td>\n<td width=\"481\">Exw, FOB, CFR, CIF, etc.<\/td>\n<\/tr>\n<tr>\n<td width=\"200\">Termos de pagamento<\/td>\n<td width=\"481\">T\/T, Western Union, PayPal, etc.<\/td>\n<\/tr>\n<tr>\n<td width=\"200\"><\/td>\n<td width=\"481\">Pr\u00e9-pagamento 30%, saldo 70% pago antes do envio<\/td>\n<\/tr>\n<tr>\n<td width=\"200\">Pa\u00eds de origem<\/td>\n<td width=\"481\">Cidade de Wenzhou, China<\/td>\n<\/tr>\n<tr>\n<td width=\"200\">Capacidade de produ\u00e7\u00e3o<\/td>\n<td width=\"481\">6.000 toneladas\/ano<\/td>\n<\/tr>\n<tr>\n<td width=\"200\">Quantidade m\u00ednima<\/td>\n<td width=\"481\">1 pe\u00e7a\/tamanho<\/td>\n<\/tr>\n<\/tbody>\n<\/table>","protected":false},"excerpt":{"rendered":"<p>STV Valve Technology Group Co., Ltd is a professional leader China 6A Dual Plate Lug Type Check Valve,Dual Plate Lug Type Check Valve, 300LB Lug check valve,14 Inch 300LB Lug check valve,API 594 600LB Lug check valve,300LB 6A Dual Plate Lug Type Check Valve,14 Inch 6A Dual Plate Lug Type Check Valve,Lug Type Dual Plate Check Valve Manufacturer With High Quality And Low Price. 6A Dual Plate Lug Type Check Valve, 6A<\/p>","protected":false},"featured_media":8143,"template":"","meta":[],"product_brand":[],"product_cat":[46,84],"product_tag":[3514,3516,3515,3513,3175,3512,501,3176],"class_list":{"0":"post-8142","1":"product","2":"type-product","3":"status-publish","4":"has-post-thumbnail","6":"product_cat-check-valves","7":"product_cat-wafer-check-valve","8":"product_tag-14-inch-300lb-lug-check-valve","9":"product_tag-14-inch-6a-dual-plate-lug-type-check-valve","10":"product_tag-300lb-6a-dual-plate-lug-type-check-valve","11":"product_tag-300lb-lug-check-valve","12":"product_tag-api-594-600lb-lug-check-valve","13":"product_tag-china-6a-dual-plate-lug-type-check-valve","14":"product_tag-dual-plate-lug-type-check-valve","15":"product_tag-lug-type-dual-plate-check-valve-manufacturer","17":"first","18":"instock","19":"shipping-taxable","20":"product-type-simple"},"_links":{"self":[{"href":"https:\/\/www.stvvalves.com\/pt\/wp-json\/wp\/v2\/product\/8142","targetHints":{"allow":["GET"]}}],"collection":[{"href":"https:\/\/www.stvvalves.com\/pt\/wp-json\/wp\/v2\/product"}],"about":[{"href":"https:\/\/www.stvvalves.com\/pt\/wp-json\/wp\/v2\/types\/product"}],"wp:featuredmedia":[{"embeddable":true,"href":"https:\/\/www.stvvalves.com\/pt\/wp-json\/wp\/v2\/media\/8143"}],"wp:attachment":[{"href":"https:\/\/www.stvvalves.com\/pt\/wp-json\/wp\/v2\/media?parent=8142"}],"wp:term":[{"taxonomy":"product_brand","embeddable":true,"href":"https:\/\/www.stvvalves.com\/pt\/wp-json\/wp\/v2\/product_brand?post=8142"},{"taxonomy":"product_cat","embeddable":true,"href":"https:\/\/www.stvvalves.com\/pt\/wp-json\/wp\/v2\/product_cat?post=8142"},{"taxonomy":"product_tag","embeddable":true,"href":"https:\/\/www.stvvalves.com\/pt\/wp-json\/wp\/v2\/product_tag?post=8142"}],"curies":[{"name":"wp","href":"https:\/\/api.w.org\/{rel}","templated":true}]}}