{"id":8154,"date":"2025-06-19T20:30:28","date_gmt":"2025-06-19T12:30:28","guid":{"rendered":"https:\/\/www.stvvalves.com\/?post_type=product&#038;p=8154"},"modified":"2025-06-20T09:03:22","modified_gmt":"2025-06-20T01:03:22","slug":"long-pattern-single-plate-check-valve-cf8m-body-150lb-6-inch","status":"publish","type":"product","link":"https:\/\/www.stvvalves.com\/pt\/products\/long-pattern-single-plate-check-valve-cf8m-body-150lb-6-inch\/","title":{"rendered":"Long pattern Single Plate Check valve,CF8M Body,150LB,6 Inch"},"content":{"rendered":"<p>Long pattern Single Plate Check valve,CF8M Body,150LB,6 Inch<\/p>\n<p>Long pattern Single Plate Check valve is declined against the outlet with small dropping angle to reduce the vibration meanwhile there is buffering device in the body which can buffer by the flow to prevent the pump from turning back and super-high water hammer pressure.<br \/>\nA sele\u00e7\u00e3o de diferentes materiais pode ser aplicada ao meio que envolve \u00e1gua, vapor, \u00f3leos, \u00e1cido n\u00edtrico, acet\u00eddeo, meio oxidante forte e ur\u00e9ia, etc.<\/p>\n<p><strong>Caracter\u00edstica Estrutural<\/strong><\/p>\n<p>Fechamento do disco da v\u00e1lvula rapidamente, baixa press\u00e3o do golpe de ar\u00edete;<br \/>\nAplic\u00e1vel e facilmente instalado em tubula\u00e7\u00f5es verticais ou horizontais;<br \/>\nPassagem de fluxo suave e pequena resist\u00eancia a fluidos;<br \/>\nA\u00e7\u00e3o flex\u00edvel e bom desempenho de veda\u00e7\u00e3o;<br \/>\nCurso estreito da v\u00e1lvula e pequeno impacto de fechamento;<br \/>\nEstrutura integrada, simples e compacta, de formato bonito;<br \/>\nLonga vida \u00fatil e boa confiabilidade.<br \/>\nEstrutura offset, com comprimento face a face ideal que reduz a resist\u00eancia ao fluxo e elimina picos de press\u00e3o. Para ser usada para prote\u00e7\u00e3o contra refluxo m\u00e9dio.<\/p>\n<p><strong>Especifica\u00e7\u00e3o do par\u00e2metro principal<\/strong><\/p>\n<p>Projeto e fabrica\u00e7\u00e3o: API594<br \/>\nCara a cara e de ponta a ponta:API594<br \/>\nInspe\u00e7\u00e3o e teste: API598<\/p>\n<p><strong>Gama de Produtos<\/strong><\/p>\n<p>Material do corpo: a\u00e7o carbono, a\u00e7o inoxid\u00e1vel, liga de a\u00e7o, bronze<br \/>\nDi\u00e2metro nominal:2\u2033~24\u2033(DN50~DN600)<br \/>\nConex\u00e3o final: Wafer<br \/>\nFaixa de press\u00e3o: Classe150~ 2500(PN16~PN150)<br \/>\nTemperatura de trabalho:-196\u00baC~+560\u00baC<\/p>","protected":false},"excerpt":{"rendered":"<p>STV Valve Technology Group Co., Ltd is a professional leader China Long pattern Single Plate Check valve Supplier, CF8M Long pattern Single Plate Check valve, 150LB Long pattern Single Plate Check valve, 6 Inch Long pattern Single Plate Check valve, Metal Seat Tilting Disc Check Valve , Metal Seat Long pattern Single Plate Check valve.API 594 Long pattern Single Plate Check valve Manufacturer with high quality and competitive price.<\/p>","protected":false},"featured_media":8155,"template":"","meta":[],"product_brand":[],"product_cat":[46,84],"product_tag":[3522,3523,3521,3520,3524,2054],"class_list":{"0":"post-8154","1":"product","2":"type-product","3":"status-publish","4":"has-post-thumbnail","6":"product_cat-check-valves","7":"product_cat-wafer-check-valve","8":"product_tag-150lb-long-pattern-single-plate-check-valve","9":"product_tag-6-inch-long-pattern-single-plate-check-valve","10":"product_tag-cf8m-long-pattern-single-plate-check-valve","11":"product_tag-china-long-pattern-single-plate-check-valve-supplier","12":"product_tag-metal-seat-long-pattern-single-plate-check-valve-api-594-long-pattern-single-plate-check-valve-manufacturer","13":"product_tag-metal-seat-tilting-disc-check-valve","15":"first","16":"instock","17":"shipping-taxable","18":"product-type-simple"},"_links":{"self":[{"href":"https:\/\/www.stvvalves.com\/pt\/wp-json\/wp\/v2\/product\/8154","targetHints":{"allow":["GET"]}}],"collection":[{"href":"https:\/\/www.stvvalves.com\/pt\/wp-json\/wp\/v2\/product"}],"about":[{"href":"https:\/\/www.stvvalves.com\/pt\/wp-json\/wp\/v2\/types\/product"}],"wp:featuredmedia":[{"embeddable":true,"href":"https:\/\/www.stvvalves.com\/pt\/wp-json\/wp\/v2\/media\/8155"}],"wp:attachment":[{"href":"https:\/\/www.stvvalves.com\/pt\/wp-json\/wp\/v2\/media?parent=8154"}],"wp:term":[{"taxonomy":"product_brand","embeddable":true,"href":"https:\/\/www.stvvalves.com\/pt\/wp-json\/wp\/v2\/product_brand?post=8154"},{"taxonomy":"product_cat","embeddable":true,"href":"https:\/\/www.stvvalves.com\/pt\/wp-json\/wp\/v2\/product_cat?post=8154"},{"taxonomy":"product_tag","embeddable":true,"href":"https:\/\/www.stvvalves.com\/pt\/wp-json\/wp\/v2\/product_tag?post=8154"}],"curies":[{"name":"wp","href":"https:\/\/api.w.org\/{rel}","templated":true}]}}