{"id":8179,"date":"2025-07-24T17:24:31","date_gmt":"2025-07-24T09:24:31","guid":{"rendered":"https:\/\/www.stvvalves.com\/?post_type=product&#038;p=8179"},"modified":"2025-07-24T17:42:29","modified_gmt":"2025-07-24T09:42:29","slug":"solid-wedge-gate-valve-astm-a182-f20-3-4-inch-300lb-rf-end","status":"publish","type":"product","link":"https:\/\/www.stvvalves.com\/pt\/products\/solid-wedge-gate-valve-astm-a182-f20-3-4-inch-300lb-rf-end\/","title":{"rendered":"Solid Wedge Gate Valve,ASTM A182 F20 ,3\/4 Inch ,300LB , RF End"},"content":{"rendered":"<div class=\"headline headline-md\"><\/div>\n<div class=\"row\">\n<div class=\"col-md-12\">Solid Wedge Gate Valve,ASTM A182 F20 ,3\/4 Inch ,300LB , RF End<br \/>\nProjeto: API 602<br \/>\nCorpo: UNS N08020 (ASTM A182 F20)<br \/>\nTamanho nominal: 3\/4 pol.<br \/>\nNominal Class: Class 300 LB<br \/>\nConex\u00e3o final: extremidades RF<br \/>\nCara a Cara: Padr\u00e3o de Fabrica\u00e7\u00e3o<br \/>\nTeste e Inspe\u00e7\u00e3o: API 598<\/div>\n<div class=\"col-md-12\"><strong>Par\u00e2metros T\u00e9cnicos e Caracter\u00edsticas<\/strong><br \/>\nProduto: V\u00e1lvula de gaveta de tamanho pequeno<br \/>\nDi\u00e2metro nominal: 1\/4 polegada \u2013 4 polegada<br \/>\nTemperatura de projeto: -196\u00b0C \u2013 573\u00b0C<br \/>\nPress\u00e3o de projeto: Classe 150 LB \u2013 Classe 4500 LB<br \/>\nMaterial: A\u00e7o Carbono, A\u00e7o Inoxid\u00e1vel, Liga de A\u00e7o, Bronze<br \/>\nPadr\u00e3o de projeto: API 602, BS 5352<br \/>\nCara a Cara: Padr\u00e3o de Fabrica\u00e7\u00e3o, ASME B16.10<br \/>\nExtremidade da conex\u00e3o: NPT, SW, BW, flangeado<br \/>\nPadr\u00e3o de teste: API 598, ISO 5208<br \/>\nOpera\u00e7\u00e3o: Volante<br \/>\nAplica\u00e7\u00e3o: Central El\u00e9trica, Petr\u00f3leo, Engenharia Qu\u00edmica<\/p>\n<table>\n<tbody>\n<tr>\n<td width=\"200\"><strong><b>Nome do Produto<\/b><\/strong><\/td>\n<td width=\"481\">Solid Wedge Gate Valve,ASTM A182 F20 ,3\/4 Inch ,300LB , RF End<\/td>\n<\/tr>\n<tr>\n<td width=\"200\">1. Materiais<\/td>\n<td width=\"481\">N08020<\/td>\n<\/tr>\n<tr>\n<td width=\"200\">2. Tamanho<\/td>\n<td width=\"481\">3\/4\u201d<\/td>\n<\/tr>\n<tr>\n<td width=\"200\">4. Porto<\/td>\n<td width=\"481\">Porta Redutora<\/td>\n<\/tr>\n<tr>\n<td width=\"200\">5. Press\u00e3o de Trabalho<\/td>\n<td width=\"481\">300 libras<\/td>\n<\/tr>\n<tr>\n<td width=\"200\">6. Fim da conex\u00e3o<\/td>\n<td width=\"481\">Fim de RF<\/td>\n<\/tr>\n<tr>\n<td width=\"200\">7. Temperatura de trabalho.<\/td>\n<td width=\"481\">-29~425\u00baC,<\/td>\n<\/tr>\n<tr>\n<td width=\"200\">8. Meio Adequado<\/td>\n<td width=\"481\">\u00c1gua, G\u00e1s Natural, Petr\u00f3leo e algum l\u00edquido corrosivo<\/td>\n<\/tr>\n<tr>\n<td width=\"200\">9. Operado<\/td>\n<td width=\"481\">Volante<\/td>\n<\/tr>\n<tr>\n<td width=\"200\">10. Inspe\u00e7\u00e3o e Teste<\/td>\n<td width=\"481\">De acordo comAPI 598<\/td>\n<\/tr>\n<tr>\n<td width=\"200\"><strong><b>envio<\/b><\/strong><\/td>\n<td width=\"481\"><\/td>\n<\/tr>\n<tr>\n<td width=\"200\">Prazo de entrega<\/td>\n<td width=\"481\">30 dias<\/td>\n<\/tr>\n<tr>\n<td width=\"200\">Pacote<\/td>\n<td width=\"481\">Caixa de madeira compensada de exporta\u00e7\u00e3o padr\u00e3o<\/td>\n<\/tr>\n<tr>\n<td width=\"200\">Porto de embarque<\/td>\n<td width=\"481\">Ningbo\/Xangai, China<\/td>\n<\/tr>\n<tr>\n<td width=\"200\">Termos de envio<\/td>\n<td width=\"481\">Exw, FOB, CFR, CIF, etc.<\/td>\n<\/tr>\n<tr>\n<td width=\"200\">Termos de pagamento<\/td>\n<td width=\"481\">T\/T, Western Union, PayPal, etc.<\/td>\n<\/tr>\n<tr>\n<td width=\"200\"><\/td>\n<td width=\"481\">Pr\u00e9-pagamento 30%, saldo 70% pago antes do envio<\/td>\n<\/tr>\n<tr>\n<td width=\"200\">Pa\u00eds de origem<\/td>\n<td width=\"481\">Cidade de Wenzhou, China<\/td>\n<\/tr>\n<tr>\n<td width=\"200\">Capacidade de produ\u00e7\u00e3o<\/td>\n<td width=\"481\">6.000 toneladas\/ano<\/td>\n<\/tr>\n<tr>\n<td width=\"200\">Quantidade m\u00ednima<\/td>\n<td width=\"481\">10 unidades\/tamanho<\/td>\n<\/tr>\n<\/tbody>\n<\/table>\n<\/div>\n<\/div>","protected":false},"excerpt":{"rendered":"<p>STV Valve Technology Group Co., Ltd is a professional leader China UNS N08020 Gate Valve, Small Size F20 Gate Valve, 3\/4 Inch F20 Gate Valve,\u00a0 ASTM A182 F20 Gate Valve, API 602 F20 Gate Valve, Class 300 LB F20 Gate Valve,RF\u00a0 F20 Gate Valve Manufacturer with high quality and competitive price.<\/p>","protected":false},"featured_media":8180,"template":"","meta":[],"product_brand":[],"product_cat":[59,44],"product_tag":[3548,3549,1567,3546,3550,3551,3547],"class_list":{"0":"post-8179","1":"product","2":"type-product","3":"status-publish","4":"has-post-thumbnail","6":"product_cat-forged-steel-gate-valve","7":"product_cat-gate-valve","8":"product_tag-3-4-inch-f20-gate-valve","9":"product_tag-api-602-f20-gate-valve","10":"product_tag-astm-a182-f20-gate-valve","11":"product_tag-china-uns-n08020-gate-valve","12":"product_tag-class-300-lb-f20-gate-valve","13":"product_tag-rf-f20-gate-valve-manufacturer","14":"product_tag-small-size-f20-gate-valve","16":"first","17":"instock","18":"shipping-taxable","19":"product-type-simple"},"_links":{"self":[{"href":"https:\/\/www.stvvalves.com\/pt\/wp-json\/wp\/v2\/product\/8179","targetHints":{"allow":["GET"]}}],"collection":[{"href":"https:\/\/www.stvvalves.com\/pt\/wp-json\/wp\/v2\/product"}],"about":[{"href":"https:\/\/www.stvvalves.com\/pt\/wp-json\/wp\/v2\/types\/product"}],"wp:featuredmedia":[{"embeddable":true,"href":"https:\/\/www.stvvalves.com\/pt\/wp-json\/wp\/v2\/media\/8180"}],"wp:attachment":[{"href":"https:\/\/www.stvvalves.com\/pt\/wp-json\/wp\/v2\/media?parent=8179"}],"wp:term":[{"taxonomy":"product_brand","embeddable":true,"href":"https:\/\/www.stvvalves.com\/pt\/wp-json\/wp\/v2\/product_brand?post=8179"},{"taxonomy":"product_cat","embeddable":true,"href":"https:\/\/www.stvvalves.com\/pt\/wp-json\/wp\/v2\/product_cat?post=8179"},{"taxonomy":"product_tag","embeddable":true,"href":"https:\/\/www.stvvalves.com\/pt\/wp-json\/wp\/v2\/product_tag?post=8179"}],"curies":[{"name":"wp","href":"https:\/\/api.w.org\/{rel}","templated":true}]}}