{"id":8237,"date":"2025-08-08T17:35:29","date_gmt":"2025-08-08T09:35:29","guid":{"rendered":"https:\/\/www.stvvalves.com\/?post_type=product&#038;p=8237"},"modified":"2025-08-08T17:40:28","modified_gmt":"2025-08-08T09:40:28","slug":"double-offset-butterfly-valve-dn800-pn25-2205-body-2205-trim-epdm-seat-gear-op","status":"publish","type":"product","link":"https:\/\/www.stvvalves.com\/pt\/products\/double-offset-butterfly-valve-dn800-pn25-2205-body-2205-trim-epdm-seat-gear-op\/","title":{"rendered":"Double Offset Butterfly Valve,DN800,PN25,2205 Body,2205 Trim,EPDM Seat,Gear OP"},"content":{"rendered":"<p>Double Offset Butterfly Valve,DN800,PN25,2205 Body,2205 Trim,EPDM Seat,Gear OP<\/p>\n<p>1. Design: API 609, ASME B16.34, AWWA C504, BS EN 593<br \/>\n2. Face to Face: API 609, AWWA C504, BS 2080, and ISO 5752<br \/>\n3. Flange End: ASME B16.5, ASME B16.47, BS EN 1092, ISO 7005, GOST<br \/>\n4. Inspection Test: API 598, BS EN 12266, ISO 528<br \/>\n5. Materials Choose Body Materials: Carbon Steel ASTM A216 WCB, WCC, Low Temperature Carbon Steel ASTM A352 LCB, A352 LCC, A352 LC1, A352 LC2; Alloy Steel Chrome Moly ASTM A217 WC6, A217 C5, A217 WC5, A217 C12, A217 C12A, A217 WC9, 1.7335, 1.7380, 1.7362, 1.7386, 1.4903; STAINLESS STEEL ASTM A351 CF3, A351 CF8, A351 CF3M, A351 CF8M, A351 CF8C, 1.4301, 1.4306, 1.4401, 1.4404, 1.4550, 1.4438; ALLOY 20 ASTM A351 CN7M, N08020, 1.4438; DUPLEX STEEL 2205 ASTM A351 CD3MN, A890 2205, S31803, 1.4462; SUPER DUPLEX STAINLESS STEEL ASTM A351 CD4MCu, A890 5A, S32750, 1.4501; SUPER DUPLEX F55, ASTM A995 CD3MWCuN, S32760<br \/>\n6. Disc Materials: ASTM A216 WCB, WCC, ASTM A352 LCB, ASTM A351 CF8M, CF3M, CF8, CF3, ASTM A890 4A, 5A, ALLOY 20, Duplex Stainless Steel, Monel, Hastelloy Steel<br \/>\n7. Seat Materials: SS 304 + Graphite, SS 316 + Graphite, PTFE<br \/>\n8. Pressure Range: PN10, PN16, PN25, PN40, PN63, PN100, 150 LB, 300 LB, 600 LB, 900 LB (PN10-PN100, Class 150-900 LB)<br \/>\n9. Size Range: DN50-DN3200, 2 Inch \u2013 128 Inch<br \/>\n10. Drive Mode: Manual\/Worm gear\/Electric\/Pneumatic<br \/>\n11. Field of Application: Electric \/Hydraulic\/Municipal Engineering etc; Water\/Sea water\/Gas etc<\/p>\n<table>\n<tbody>\n<tr>\n<td width=\"200\"><strong><b>Nome do Produto<\/b><\/strong><\/td>\n<td width=\"481\">\u00a0Double Offset Butterfly Valve,DN800,PN25,2205 Body,2205 Trim,EPDM Seat,Gear OP<\/td>\n<\/tr>\n<tr>\n<td width=\"200\">1. Materiais<\/td>\n<td width=\"481\">4a<\/td>\n<\/tr>\n<tr>\n<td width=\"200\">2. Tamanho<\/td>\n<td width=\"481\">28\u201d<\/td>\n<\/tr>\n<tr>\n<td width=\"200\">4. Porto<\/td>\n<td width=\"481\">Porto completo<\/td>\n<\/tr>\n<tr>\n<td width=\"200\">5. Press\u00e3o de Trabalho<\/td>\n<td width=\"481\">PN25<\/td>\n<\/tr>\n<tr>\n<td width=\"200\">6. Fim da conex\u00e3o<\/td>\n<td width=\"481\">Fim de RF<\/td>\n<\/tr>\n<tr>\n<td width=\"200\">7. Temperatura de trabalho.<\/td>\n<td width=\"481\">-29~120\u00baC,<\/td>\n<\/tr>\n<tr>\n<td width=\"200\">8. Meio Adequado<\/td>\n<td width=\"481\">\u00c1gua, G\u00e1s Natural, Petr\u00f3leo e algum l\u00edquido corrosivo<\/td>\n<\/tr>\n<tr>\n<td width=\"200\">9. Operado<\/td>\n<td width=\"481\">Caixa de velocidade<\/td>\n<\/tr>\n<tr>\n<td width=\"200\">10. Inspe\u00e7\u00e3o e Teste<\/td>\n<td width=\"481\">De acordo comAPI 598<\/td>\n<\/tr>\n<tr>\n<td width=\"200\"><strong><b>envio<\/b><\/strong><\/td>\n<td width=\"481\"><\/td>\n<\/tr>\n<tr>\n<td width=\"200\">Prazo de entrega<\/td>\n<td width=\"481\">30 dias<\/td>\n<\/tr>\n<tr>\n<td width=\"200\">Pacote<\/td>\n<td width=\"481\">Caixa de madeira compensada de exporta\u00e7\u00e3o padr\u00e3o<\/td>\n<\/tr>\n<tr>\n<td width=\"200\">Porto de embarque<\/td>\n<td width=\"481\">Ningbo\/Xangai, China<\/td>\n<\/tr>\n<tr>\n<td width=\"200\">Termos de envio<\/td>\n<td width=\"481\">Exw, FOB, CFR, CIF, etc.<\/td>\n<\/tr>\n<tr>\n<td width=\"200\">Termos de pagamento<\/td>\n<td width=\"481\">T\/T, Western Union, PayPal, etc.<\/td>\n<\/tr>\n<tr>\n<td width=\"200\"><\/td>\n<td width=\"481\">Pr\u00e9-pagamento 30%, saldo 70% pago antes do envio<\/td>\n<\/tr>\n<tr>\n<td width=\"200\">Pa\u00eds de origem<\/td>\n<td width=\"481\">Cidade de Wenzhou, China<\/td>\n<\/tr>\n<tr>\n<td width=\"200\">Capacidade de produ\u00e7\u00e3o<\/td>\n<td width=\"481\">6.000 toneladas\/ano<\/td>\n<\/tr>\n<tr>\n<td width=\"200\">Quantidade m\u00ednima<\/td>\n<td width=\"481\">10 unidades\/tamanho<\/td>\n<\/tr>\n<\/tbody>\n<\/table>","protected":false},"excerpt":{"rendered":"<p>STV Valve Technology Group Co., Ltd is a professional leader China Double Offset Butterfly Valve,DN800 Double Offset Butterfly Valve,PN25 Double Offset Butterfly Valve, DIN 593 Double Offset Butterfly Valve,2205 Trim Double Offset Butterfly Valve,EPDM Seat Double Offset Butterfly Valve,Gear OP Double Offset Butterfly Valve Manufacture with high quality and competitive price.<\/p>","protected":false},"featured_media":8238,"template":"","meta":[],"product_brand":[],"product_cat":[965,972],"product_tag":[3577,3576,3574,3573,3578,3579,3575],"class_list":{"0":"post-8237","1":"product","2":"type-product","3":"status-publish","4":"has-post-thumbnail","6":"product_cat-butterfly-valve","7":"product_cat-flange-butterfly-valve","8":"product_tag-2205-trim-double-offset-butterfly-valve","9":"product_tag-din-593-double-offset-butterfly-valve","10":"product_tag-dn800-double-offset-butterfly-valve","11":"product_tag-double-offset-butterfly-valve","12":"product_tag-epdm-seat-double-offset-butterfly-valve","13":"product_tag-gear-op-double-offset-butterfly-valve-manufacture","14":"product_tag-pn25-double-offset-butterfly-valve","16":"first","17":"instock","18":"shipping-taxable","19":"product-type-simple"},"_links":{"self":[{"href":"https:\/\/www.stvvalves.com\/pt\/wp-json\/wp\/v2\/product\/8237","targetHints":{"allow":["GET"]}}],"collection":[{"href":"https:\/\/www.stvvalves.com\/pt\/wp-json\/wp\/v2\/product"}],"about":[{"href":"https:\/\/www.stvvalves.com\/pt\/wp-json\/wp\/v2\/types\/product"}],"wp:featuredmedia":[{"embeddable":true,"href":"https:\/\/www.stvvalves.com\/pt\/wp-json\/wp\/v2\/media\/8238"}],"wp:attachment":[{"href":"https:\/\/www.stvvalves.com\/pt\/wp-json\/wp\/v2\/media?parent=8237"}],"wp:term":[{"taxonomy":"product_brand","embeddable":true,"href":"https:\/\/www.stvvalves.com\/pt\/wp-json\/wp\/v2\/product_brand?post=8237"},{"taxonomy":"product_cat","embeddable":true,"href":"https:\/\/www.stvvalves.com\/pt\/wp-json\/wp\/v2\/product_cat?post=8237"},{"taxonomy":"product_tag","embeddable":true,"href":"https:\/\/www.stvvalves.com\/pt\/wp-json\/wp\/v2\/product_tag?post=8237"}],"curies":[{"name":"wp","href":"https:\/\/api.w.org\/{rel}","templated":true}]}}