{"id":8267,"date":"2025-08-10T20:54:11","date_gmt":"2025-08-10T12:54:11","guid":{"rendered":"https:\/\/www.stvvalves.com\/?post_type=product&#038;p=8267"},"modified":"2025-08-10T21:01:32","modified_gmt":"2025-08-10T13:01:32","slug":"hc276-y-type-strainer-din-3352-dn-15-pn16-rf-ends","status":"publish","type":"product","link":"https:\/\/www.stvvalves.com\/pt\/products\/hc276-y-type-strainer-din-3352-dn-15-pn16-rf-ends\/","title":{"rendered":"HC276 Y Type Strainer,DIN 3352,DN15,PN16,RF Ends"},"content":{"rendered":"<p>Padr\u00e3o de projeto: DIN 3356 \/ EN 13709<br \/>\nCara a Cara: DIN3202 \/ EN 558-1<br \/>\nExtremidades do flange: DIN2543-2545 \/ EN 1092-1<br \/>\nTeste e inspe\u00e7\u00e3o: DIN 3230 \/ EN 12266<br \/>\nGama de Produtos:<br \/>\nBody material: GS-C25\u30011.7363\u30011.4308\u30011.4408\u30011.4306\u30011.4301\u3001WCB\u3001LCB\u3001WC6\u3001WC9\u3001CF8\u3001CF8M\u3001CF3\u3001CF3M.<br \/>\nDi\u00e2metro normal: 1\/2 \u2013 48 polegadas (DN15 \u2013 DN1200).<br \/>\nConex\u00e3o final: BW, flangeada.<br \/>\nFaixa de press\u00e3o: 150 \u2013 2.500 lb (PN16 \u2013 PN420).<\/p>\n<p>Aplica\u00e7\u00e3o: Ind\u00fastria, centrais el\u00e9ctricas, instala\u00e7\u00f5es de purifica\u00e7\u00e3o de gases de combust\u00e3o, tecnologia de processamento, fornecimento de g\u00e1s, instala\u00e7\u00f5es de vapor, instala\u00e7\u00f5es de reciclagem, instala\u00e7\u00f5es de v\u00e1cuo, \u00e1gua quente, tecnologia de aquecimento, aquecimento urbano, aplica\u00e7\u00f5es de \u00f3leo t\u00e9rmico, fabrica\u00e7\u00e3o de plantas em geral, etc. )<\/p>\n<p>Meio: Vapor, gases, \u00e1gua quente, fluidos t\u00e9rmicos, \u00f3leo quente, \u00e1gua de processo, instala\u00e7\u00f5es de v\u00e1cuo, am\u00f4nia etc. (outros meios de fluxo mediante solicita\u00e7\u00e3o)<\/p>\n<p>Temperatura de trabalho: Temperatura de trabalho: de -46\u00baC ou -50\u00baC (constru\u00e7\u00f5es em a\u00e7o inoxid\u00e1vel) e -29\u00baC ou -46\u00baC (constru\u00e7\u00f5es em a\u00e7o carbono) at\u00e9 400\u2103<\/p>\n<table>\n<tbody>\n<tr>\n<td width=\"200\"><strong>Nome do Produto<\/strong><\/td>\n<td width=\"481\">HC276 Y Type Strainer,DIN 3352,DN15,PN16,RF Ends<\/td>\n<\/tr>\n<tr>\n<td width=\"200\">1. Materiais<\/td>\n<td width=\"481\">HC276<\/td>\n<\/tr>\n<tr>\n<td width=\"200\">2. Tamanho<\/td>\n<td width=\"481\">1\/2\u201d<\/td>\n<\/tr>\n<tr>\n<td width=\"200\">4. Porto<\/td>\n<td width=\"481\">Porto completo<\/td>\n<\/tr>\n<tr>\n<td width=\"200\">5. Press\u00e3o de Trabalho<\/td>\n<td width=\"481\">PN16<\/td>\n<\/tr>\n<tr>\n<td width=\"200\">6. Fim da conex\u00e3o<\/td>\n<td width=\"481\">RF<\/td>\n<\/tr>\n<tr>\n<td width=\"200\">7. Temperatura de trabalho.<\/td>\n<td width=\"481\">-29~200\u00baC,<\/td>\n<\/tr>\n<tr>\n<td width=\"200\">8. Meio Adequado<\/td>\n<td width=\"481\">\u00c1gua, G\u00e1s Natural, Petr\u00f3leo e algum l\u00edquido corrosivo<\/td>\n<\/tr>\n<tr>\n<td width=\"200\">9. Operado<\/td>\n<td width=\"481\">\/<\/td>\n<\/tr>\n<tr>\n<td width=\"200\">10. Inspe\u00e7\u00e3o e Teste<\/td>\n<td width=\"481\">De acordo com API598<\/td>\n<\/tr>\n<tr>\n<td width=\"200\"><strong>envio<\/strong><\/td>\n<td width=\"481\"><\/td>\n<\/tr>\n<tr>\n<td width=\"200\">Prazo de entrega<\/td>\n<td width=\"481\">30 dias<\/td>\n<\/tr>\n<tr>\n<td width=\"200\">Pacote<\/td>\n<td width=\"481\">Caixa de madeira compensada de exporta\u00e7\u00e3o padr\u00e3o<\/td>\n<\/tr>\n<tr>\n<td width=\"200\">Porto de embarque<\/td>\n<td width=\"481\">Ningbo\/Xangai, China<\/td>\n<\/tr>\n<tr>\n<td width=\"200\">Termos de envio<\/td>\n<td width=\"481\">Exw, FOB, CFR, CIF, etc.<\/td>\n<\/tr>\n<tr>\n<td width=\"200\">Termos de pagamento<\/td>\n<td width=\"481\">T\/T, Western Union, PayPal, etc.<\/td>\n<\/tr>\n<tr>\n<td width=\"200\"><\/td>\n<td width=\"481\">Pr\u00e9-pagamento 30%, saldo 70% pago antes do envio<\/td>\n<\/tr>\n<tr>\n<td width=\"200\">Pa\u00eds de origem<\/td>\n<td width=\"481\">Cidade de Wenzhou, China<\/td>\n<\/tr>\n<tr>\n<td width=\"200\">Capacidade de produ\u00e7\u00e3o<\/td>\n<td width=\"481\">6.000 toneladas\/ano<\/td>\n<\/tr>\n<tr>\n<td width=\"200\">Quantidade m\u00ednima<\/td>\n<td width=\"481\">1 pe\u00e7a\/tamanho<\/td>\n<\/tr>\n<\/tbody>\n<\/table>","protected":false},"excerpt":{"rendered":"<p>STV Valve Technology Group Co., Ltd is a professional leader China HC276 Y Type Strainer , DN15 HC276 Y Type Strainer, PN16 HC276 Y Type Strainer,RF End HC276 Y Type Strainer,Din3352 HC276 Y Type Strainer Manufacturer with high quality and competitive price.<\/p>","protected":false},"featured_media":8268,"template":"","meta":[],"product_brand":[],"product_cat":[48,85],"product_tag":[3600,3604,3601,3602,3603],"class_list":{"0":"post-8267","1":"product","2":"type-product","3":"status-publish","4":"has-post-thumbnail","6":"product_cat-y-strainer","7":"product_cat-stainless-steel-y-type-strainer","8":"product_tag-china-hc276-y-type-strainer","9":"product_tag-din3352-hc276-y-type-strainer-manufacturer","10":"product_tag-dn15-hc276-y-type-strainer","11":"product_tag-pn16-hc276-y-type-strainer","12":"product_tag-rf-end-hc276-y-type-strainer","14":"first","15":"instock","16":"shipping-taxable","17":"product-type-simple"},"_links":{"self":[{"href":"https:\/\/www.stvvalves.com\/pt\/wp-json\/wp\/v2\/product\/8267","targetHints":{"allow":["GET"]}}],"collection":[{"href":"https:\/\/www.stvvalves.com\/pt\/wp-json\/wp\/v2\/product"}],"about":[{"href":"https:\/\/www.stvvalves.com\/pt\/wp-json\/wp\/v2\/types\/product"}],"wp:featuredmedia":[{"embeddable":true,"href":"https:\/\/www.stvvalves.com\/pt\/wp-json\/wp\/v2\/media\/8268"}],"wp:attachment":[{"href":"https:\/\/www.stvvalves.com\/pt\/wp-json\/wp\/v2\/media?parent=8267"}],"wp:term":[{"taxonomy":"product_brand","embeddable":true,"href":"https:\/\/www.stvvalves.com\/pt\/wp-json\/wp\/v2\/product_brand?post=8267"},{"taxonomy":"product_cat","embeddable":true,"href":"https:\/\/www.stvvalves.com\/pt\/wp-json\/wp\/v2\/product_cat?post=8267"},{"taxonomy":"product_tag","embeddable":true,"href":"https:\/\/www.stvvalves.com\/pt\/wp-json\/wp\/v2\/product_tag?post=8267"}],"curies":[{"name":"wp","href":"https:\/\/api.w.org\/{rel}","templated":true}]}}