{"id":8269,"date":"2025-08-10T21:04:25","date_gmt":"2025-08-10T13:04:25","guid":{"rendered":"https:\/\/www.stvvalves.com\/?post_type=product&#038;p=8269"},"modified":"2025-08-10T21:15:10","modified_gmt":"2025-08-10T13:15:10","slug":"hastelloy-c276-ball-valve-2pc-dn32-1000-wog-n","status":"publish","type":"product","link":"https:\/\/www.stvvalves.com\/pt\/products\/hastelloy-c276-ball-valve-2pc-dn32-1000-wog-n\/","title":{"rendered":"Hastelloy C276 Ball Valve,2PC, DN32,1000 WOG, NPT End"},"content":{"rendered":"<p>A v\u00e1lvula esf\u00e9rica de passagem completa de 2 pe\u00e7as \u00e9 uma v\u00e1lvula esf\u00e9rica de passagem total que n\u00e3o pode ser mantida; proporcionando opera\u00e7\u00e3o segura para aplica\u00e7\u00f5es qu\u00edmicas gerais e industriais.<\/p>\n<p>v\u00e1lvula de esfera de uso geral confi\u00e1vel. Corpo em a\u00e7o inoxid\u00e1vel e assento em PTFE preenchido com carbono.<\/p>\n<p>Apresenta uma haste \u00e0 prova de explos\u00e3o e punho isolado, al\u00e7a de alavanca com trava.<\/p>\n<p>Hastelloy C276 Body<br \/>\nParafusado BSP, NPT<br \/>\nTamanhos: 1\/4\u2033 a 4\u2033<br \/>\nFaixa de temperatura: -20\u00b0C a +200\u00b0C<br \/>\nPress\u00e3o operacional: 1000 PSI (1\/4\u2033 a 2\u2033) e 800 PSI (2 1\/2\u2033 a 4\u2033)<br \/>\nMovimento: giro de 90\u00b0<\/p>\n<table>\n<tbody>\n<tr>\n<td width=\"200\"><strong>Nome do Produto<\/strong><\/td>\n<td width=\"481\">Hastelloy C276 Ball Valve, 2PC, DN32, 1000 WOG, NPT End<\/td>\n<\/tr>\n<tr>\n<td width=\"200\">1. Materiais<\/td>\n<td width=\"481\">Hastelloy C276<\/td>\n<\/tr>\n<tr>\n<td width=\"200\">2. Tamanho<\/td>\n<td width=\"481\">11\/4\u201d<\/td>\n<\/tr>\n<tr>\n<td width=\"200\">4. Porto<\/td>\n<td width=\"481\">Porto completo<\/td>\n<\/tr>\n<tr>\n<td width=\"200\">5. Press\u00e3o de Trabalho<\/td>\n<td width=\"481\">1000 WOG<\/td>\n<\/tr>\n<tr>\n<td width=\"200\">6. Fim da conex\u00e3o<\/td>\n<td width=\"481\">TNP<\/td>\n<\/tr>\n<tr>\n<td width=\"200\">7. Temperatura de trabalho.<\/td>\n<td width=\"481\">-29~180\u00baC,<\/td>\n<\/tr>\n<tr>\n<td width=\"200\">8. Meio Adequado<\/td>\n<td width=\"481\">\u00c1gua, G\u00e1s Natural, Petr\u00f3leo e algum l\u00edquido corrosivo<\/td>\n<\/tr>\n<tr>\n<td width=\"200\">9. Operado<\/td>\n<td width=\"481\">Volante<\/td>\n<\/tr>\n<tr>\n<td width=\"200\">10. Inspe\u00e7\u00e3o e Teste<\/td>\n<td width=\"481\">De acordo com API598<\/td>\n<\/tr>\n<tr>\n<td width=\"200\"><strong>envio<\/strong><\/td>\n<td width=\"481\"><\/td>\n<\/tr>\n<tr>\n<td width=\"200\">Prazo de entrega<\/td>\n<td width=\"481\">30 dias<\/td>\n<\/tr>\n<tr>\n<td width=\"200\">Pacote<\/td>\n<td width=\"481\">Caixa de madeira compensada de exporta\u00e7\u00e3o padr\u00e3o<\/td>\n<\/tr>\n<tr>\n<td width=\"200\">Porto de embarque<\/td>\n<td width=\"481\">Ningbo\/Xangai, China<\/td>\n<\/tr>\n<tr>\n<td width=\"200\">Termos de envio<\/td>\n<td width=\"481\">Exw, FOB, CFR, CIF, etc.<\/td>\n<\/tr>\n<tr>\n<td width=\"200\">Termos de pagamento<\/td>\n<td width=\"481\">T\/T, Western Union, PayPal, etc.<\/td>\n<\/tr>\n<tr>\n<td width=\"200\"><\/td>\n<td width=\"481\">Pr\u00e9-pagamento 30%, saldo 70% pago antes do envio<\/td>\n<\/tr>\n<tr>\n<td width=\"200\">Pa\u00eds de origem<\/td>\n<td width=\"481\">Cidade de Wenzhou, China<\/td>\n<\/tr>\n<tr>\n<td width=\"200\">Capacidade de produ\u00e7\u00e3o<\/td>\n<td width=\"481\">6.000 toneladas\/ano<\/td>\n<\/tr>\n<tr>\n<td width=\"200\">Quantidade m\u00ednima<\/td>\n<td width=\"481\">1 pe\u00e7a\/tamanho<\/td>\n<\/tr>\n<\/tbody>\n<\/table>","protected":false},"excerpt":{"rendered":"<p>STV Valve Technology Group Co., Ltd is a professional leader China 2-PC Ball Valve, 1000 WOG Hastelloy C276 Ball Valve,2PC Hastelloy C276 Ball Valve, DN32 Hastelloy C276 Ball Valve,1000 WOG Hastelloy C276 Ball Valve, NPT End Hastelloy C276 Ball Valve Manufacturer with high quality and competitive price<\/p>","protected":false},"featured_media":8270,"template":"","meta":[],"product_brand":[],"product_cat":[43,79],"product_tag":[3605,3606,2094,3607,3608],"class_list":{"0":"post-8269","1":"product","2":"type-product","3":"status-publish","4":"has-post-thumbnail","6":"product_cat-ball-valve","7":"product_cat-threaded-ball-valve","8":"product_tag-1000-wog-hastelloy-c276-ball-valve","9":"product_tag-2pc-hastelloy-c276-ball-valve","10":"product_tag-china-2-pc-ball-valve","11":"product_tag-dn32-hastelloy-c276-ball-valve","12":"product_tag-npt-end-hastelloy-c276-ball-valve-manufacturer","14":"first","15":"instock","16":"shipping-taxable","17":"product-type-simple"},"_links":{"self":[{"href":"https:\/\/www.stvvalves.com\/pt\/wp-json\/wp\/v2\/product\/8269","targetHints":{"allow":["GET"]}}],"collection":[{"href":"https:\/\/www.stvvalves.com\/pt\/wp-json\/wp\/v2\/product"}],"about":[{"href":"https:\/\/www.stvvalves.com\/pt\/wp-json\/wp\/v2\/types\/product"}],"wp:featuredmedia":[{"embeddable":true,"href":"https:\/\/www.stvvalves.com\/pt\/wp-json\/wp\/v2\/media\/8270"}],"wp:attachment":[{"href":"https:\/\/www.stvvalves.com\/pt\/wp-json\/wp\/v2\/media?parent=8269"}],"wp:term":[{"taxonomy":"product_brand","embeddable":true,"href":"https:\/\/www.stvvalves.com\/pt\/wp-json\/wp\/v2\/product_brand?post=8269"},{"taxonomy":"product_cat","embeddable":true,"href":"https:\/\/www.stvvalves.com\/pt\/wp-json\/wp\/v2\/product_cat?post=8269"},{"taxonomy":"product_tag","embeddable":true,"href":"https:\/\/www.stvvalves.com\/pt\/wp-json\/wp\/v2\/product_tag?post=8269"}],"curies":[{"name":"wp","href":"https:\/\/api.w.org\/{rel}","templated":true}]}}