{"id":8276,"date":"2025-08-10T21:51:12","date_gmt":"2025-08-10T13:51:12","guid":{"rendered":"https:\/\/www.stvvalves.com\/?post_type=product&#038;p=8276"},"modified":"2025-08-10T21:59:49","modified_gmt":"2025-08-10T13:59:49","slug":"threaded-ball-valve-3pc-2000-wog-dn15-npt-end","status":"publish","type":"product","link":"https:\/\/www.stvvalves.com\/pt\/products\/threaded-ball-valve-3pc-2000-wog-dn15-npt-end\/","title":{"rendered":"Threaded Ball Valve,3PC,2000 WOG,DN15,NPT End"},"content":{"rendered":"<p>Caracter\u00edsticas principais:<br \/>\nConex\u00f5es finais parafusadas BSP ou NPT<br \/>\n2205<br \/>\nAssento PTFE<br \/>\nTamanhos: 1\/4\u2033 a 4\u2033<br \/>\nFaixa de temperatura: -20 \u00b0C a +180 \u00b0C<br \/>\nPress\u00e3o operacional: 1000 WOG<br \/>\nMovimento: giro de 90\u00b0<\/p>\n<table>\n<tbody>\n<tr>\n<td width=\"200\"><strong>Nome do Produto<\/strong><\/td>\n<td width=\"481\">\u00a0Threaded Ball Valve,3PC,2000 WOG,DN15,NPT End<\/td>\n<\/tr>\n<tr>\n<td width=\"200\">1. Materiais<\/td>\n<td width=\"481\">316<\/td>\n<\/tr>\n<tr>\n<td width=\"200\">2. Tamanho<\/td>\n<td width=\"481\">1\/2\u201d<\/td>\n<\/tr>\n<tr>\n<td width=\"200\">4. Porto<\/td>\n<td width=\"481\">Porto completo<\/td>\n<\/tr>\n<tr>\n<td width=\"200\">5. Press\u00e3o de Trabalho<\/td>\n<td width=\"481\">2000WOG<\/td>\n<\/tr>\n<tr>\n<td width=\"200\">6. Fim da conex\u00e3o<\/td>\n<td width=\"481\">TNP<\/td>\n<\/tr>\n<tr>\n<td width=\"200\">7. Temperatura de trabalho.<\/td>\n<td width=\"481\">-29~120\u00baC,<\/td>\n<\/tr>\n<tr>\n<td width=\"200\">8. Meio Adequado<\/td>\n<td width=\"481\">\u00c1gua, G\u00e1s Natural, Petr\u00f3leo e algum l\u00edquido corrosivo<\/td>\n<\/tr>\n<tr>\n<td width=\"200\">9. Operado<\/td>\n<td width=\"481\">Volante<\/td>\n<\/tr>\n<tr>\n<td width=\"200\">10. Inspe\u00e7\u00e3o e Teste<\/td>\n<td width=\"481\">De acordo com API598<\/td>\n<\/tr>\n<tr>\n<td width=\"200\"><strong>envio<\/strong><\/td>\n<td width=\"481\"><\/td>\n<\/tr>\n<tr>\n<td width=\"200\">Prazo de entrega<\/td>\n<td width=\"481\">30 dias<\/td>\n<\/tr>\n<tr>\n<td width=\"200\">Pacote<\/td>\n<td width=\"481\">Caixa de madeira compensada de exporta\u00e7\u00e3o padr\u00e3o<\/td>\n<\/tr>\n<tr>\n<td width=\"200\">Porto de embarque<\/td>\n<td width=\"481\">Ningbo\/Xangai, China<\/td>\n<\/tr>\n<tr>\n<td width=\"200\">Termos de envio<\/td>\n<td width=\"481\">Exw, FOB, CFR, CIF, etc.<\/td>\n<\/tr>\n<tr>\n<td width=\"200\">Termos de pagamento<\/td>\n<td width=\"481\">T\/T, Western Union, PayPal, etc.<\/td>\n<\/tr>\n<tr>\n<td width=\"200\"><\/td>\n<td width=\"481\">Pr\u00e9-pagamento 30%, saldo 70% pago antes do envio<\/td>\n<\/tr>\n<tr>\n<td width=\"200\">Pa\u00eds de origem<\/td>\n<td width=\"481\">Cidade de Wenzhou, China<\/td>\n<\/tr>\n<tr>\n<td width=\"200\">Capacidade de produ\u00e7\u00e3o<\/td>\n<td width=\"481\">6.000 toneladas\/ano<\/td>\n<\/tr>\n<tr>\n<td width=\"200\">Quantidade m\u00ednima<\/td>\n<td width=\"481\">1 pe\u00e7a\/tamanho<\/td>\n<\/tr>\n<\/tbody>\n<\/table>","protected":false},"excerpt":{"rendered":"<p>Model:Q11F-2000WOG-1\/2\u2033<\/p>\n<p>Apresenta uma haste \u00e0 prova de explos\u00e3o e punho isolado, al\u00e7a de alavanca com trava.<\/p>\n<p>STV Valve Technology Group Co., Ltd is a professional leader China Threaded Ball Valve Ball Valve , 3pc Threaded Ball Valve, NPT Threaded Ball Valve, DN15 Threaded Ball Valve,2000WOG Threaded Ball Valve,NPT End Threaded Ball Valve,Threaded Ball Vave Manufacturer with high quality and competitive price. Threaded Ball Valve,3PC,2000 WOG,DN15,NPT End<\/p>","protected":false},"featured_media":8277,"template":"","meta":[],"product_brand":[],"product_cat":[43,79],"product_tag":[3625,3622,3621,3624,3626,3623,3627],"class_list":{"0":"post-8276","1":"product","2":"type-product","3":"status-publish","4":"has-post-thumbnail","6":"product_cat-ball-valve","7":"product_cat-threaded-ball-valve","8":"product_tag-2000wog-threaded-ball-valve","9":"product_tag-3pc-threaded-ball-valve","10":"product_tag-china-threaded-ball-valve-ball-valve","11":"product_tag-dn15-threaded-ball-valve","12":"product_tag-npt-end-threaded-ball-valve","13":"product_tag-npt-threaded-ball-valve","14":"product_tag-threaded-ball-vave-manufacturer","16":"first","17":"instock","18":"shipping-taxable","19":"product-type-simple"},"_links":{"self":[{"href":"https:\/\/www.stvvalves.com\/pt\/wp-json\/wp\/v2\/product\/8276","targetHints":{"allow":["GET"]}}],"collection":[{"href":"https:\/\/www.stvvalves.com\/pt\/wp-json\/wp\/v2\/product"}],"about":[{"href":"https:\/\/www.stvvalves.com\/pt\/wp-json\/wp\/v2\/types\/product"}],"wp:featuredmedia":[{"embeddable":true,"href":"https:\/\/www.stvvalves.com\/pt\/wp-json\/wp\/v2\/media\/8277"}],"wp:attachment":[{"href":"https:\/\/www.stvvalves.com\/pt\/wp-json\/wp\/v2\/media?parent=8276"}],"wp:term":[{"taxonomy":"product_brand","embeddable":true,"href":"https:\/\/www.stvvalves.com\/pt\/wp-json\/wp\/v2\/product_brand?post=8276"},{"taxonomy":"product_cat","embeddable":true,"href":"https:\/\/www.stvvalves.com\/pt\/wp-json\/wp\/v2\/product_cat?post=8276"},{"taxonomy":"product_tag","embeddable":true,"href":"https:\/\/www.stvvalves.com\/pt\/wp-json\/wp\/v2\/product_tag?post=8276"}],"curies":[{"name":"wp","href":"https:\/\/api.w.org\/{rel}","templated":true}]}}