{"id":8317,"date":"2025-08-15T20:21:26","date_gmt":"2025-08-15T12:21:26","guid":{"rendered":"https:\/\/www.stvvalves.com\/?post_type=product&#038;p=8317"},"modified":"2025-08-15T20:27:48","modified_gmt":"2025-08-15T12:27:48","slug":"high-performance-butterfly-valve-c95800-api-609-8-inch-150-lb","status":"publish","type":"product","link":"https:\/\/www.stvvalves.com\/pt\/products\/high-performance-butterfly-valve-c95800-api-609-8-inch-150-lb\/","title":{"rendered":"High Performance Butterfly Valve,C95800,API609,8 Inch,150LB"},"content":{"rendered":"<p>Projeto e Fabrica\u00e7\u00e3o: API 609<\/p>\n<p>Dimens\u00e3o face a face: API609, ISO5752, ASME B16.10<\/p>\n<p>Dimens\u00e3o da conex\u00e3o do flange: ASME B16.5, ASME B16.47<\/p>\n<p>Teste e inspe\u00e7\u00e3o: API 598<\/p>\n<p>Classifica\u00e7\u00e3o de temperatura de press\u00e3o: API 609, ASME B16.34<br \/>\nGama de Produtos<\/p>\n<p>Material do corpo: WCB, WC6, WC9, CF8, CF8M, CF3, CF3M, CN7M, LC1<br \/>\nLC2, LC3, LCB, LCC, Monel, ligas 20#, 4A, 5A, C95800, C95500,<\/p>\n<p>Di\u00e2metro nominal: 2\u2033~120\u2033(DN50~DN3000\uff09<\/p>\n<p>Conex\u00e3o final: Flange Duplo, Wafer, Lug, etc.<\/p>\n<p>Faixa de press\u00e3o: Classe150 ~ 600\uff08PN16~PN100\uff09<\/p>\n<p>Temperatura de trabalho:-46\u2103 ~ +550\u2103<\/p>\n<p>Opera\u00e7\u00e3o: Al\u00e7a, Engrenagem, Atuador El\u00e9trico, etc.<\/p>\n<p>Estrutura de veda\u00e7\u00e3o, veda\u00e7\u00e3o suave,<br \/>\nMotorista de rolha<br \/>\nALMOFADA DE MONTAGEM ISO 5211<br \/>\nConex\u00e3o,Flange,Wafer Lug-wafer<br \/>\nOpera\u00e7\u00e3o, tipo, manual, engrenagem helicoidal, el\u00e9trica,<br \/>\nPneum\u00e1tico, Hidr\u00e1ulico<br \/>\nEstrutura Exc\u00eantrica, Centrada<\/p>","protected":false},"excerpt":{"rendered":"<p>STV Valve Technology Group Co., Ltd is a professional leader China High Performance Butterfly Valve ,C95800 High Performance Butterfly Valve\uff0cflanged High Performance Butterfly Valve,API 609 High Performance Butterfly Valve,Wafer type High Performance Butterfly Valve,Lug Type High Performance Butterfly Valve,14 inch High Performance Butterfly Valve,6 inch High Performance Butterfly Valve,10 inch High Performance Butterfly Valve,8 inch High Performance Butterfly Valve,2 inch High Performance Butterfly Valve Manufacture with high quality and competitive price.<\/p>","protected":false},"featured_media":8318,"template":"","meta":[],"product_brand":[],"product_cat":[965,971],"product_tag":[3650,3648,3652,3649,3651,3645,3654,3644,3643,3647,3646],"class_list":{"0":"post-8317","1":"product","2":"type-product","3":"status-publish","4":"has-post-thumbnail","6":"product_cat-butterfly-valve","7":"product_cat-wafer-butterfly-valve","8":"product_tag-10-inch-high-performance-butterfly-valve","9":"product_tag-14-inch-high-performance-butterfly-valve","10":"product_tag-2-inch-high-performance-butterfly-valve-manufacture","11":"product_tag-6-inch-high-performance-butterfly-valve","12":"product_tag-8-inch-high-performance-butterfly-valve","13":"product_tag-api-609-high-performance-butterfly-valve","14":"product_tag-c95800-high-performance-butterfly-valve","15":"product_tag-cf8m-high-performance-butterfly-valveflanged-high-performance-butterfly-valve","16":"product_tag-china-high-performance-butterfly-valve","17":"product_tag-lug-type-high-performance-butterfly-valve","18":"product_tag-wafer-type-high-performance-butterfly-valve","20":"first","21":"instock","22":"shipping-taxable","23":"product-type-simple"},"_links":{"self":[{"href":"https:\/\/www.stvvalves.com\/pt\/wp-json\/wp\/v2\/product\/8317","targetHints":{"allow":["GET"]}}],"collection":[{"href":"https:\/\/www.stvvalves.com\/pt\/wp-json\/wp\/v2\/product"}],"about":[{"href":"https:\/\/www.stvvalves.com\/pt\/wp-json\/wp\/v2\/types\/product"}],"wp:featuredmedia":[{"embeddable":true,"href":"https:\/\/www.stvvalves.com\/pt\/wp-json\/wp\/v2\/media\/8318"}],"wp:attachment":[{"href":"https:\/\/www.stvvalves.com\/pt\/wp-json\/wp\/v2\/media?parent=8317"}],"wp:term":[{"taxonomy":"product_brand","embeddable":true,"href":"https:\/\/www.stvvalves.com\/pt\/wp-json\/wp\/v2\/product_brand?post=8317"},{"taxonomy":"product_cat","embeddable":true,"href":"https:\/\/www.stvvalves.com\/pt\/wp-json\/wp\/v2\/product_cat?post=8317"},{"taxonomy":"product_tag","embeddable":true,"href":"https:\/\/www.stvvalves.com\/pt\/wp-json\/wp\/v2\/product_tag?post=8317"}],"curies":[{"name":"wp","href":"https:\/\/api.w.org\/{rel}","templated":true}]}}