{"id":8345,"date":"2025-08-19T11:23:48","date_gmt":"2025-08-19T03:23:48","guid":{"rendered":"https:\/\/www.stvvalves.com\/?post_type=product&#038;p=8345"},"modified":"2025-08-19T11:33:00","modified_gmt":"2025-08-19T03:33:00","slug":"600lb-long-pattern-ball-valve-6-inch-api-6d-wcb-rf-end","status":"publish","type":"product","link":"https:\/\/www.stvvalves.com\/pt\/products\/600lb-long-pattern-ball-valve-6-inch-api-6d-wcb-rf-end\/","title":{"rendered":"600LB Long Pattern Ball Valve,6 Inch,API 6D ,WCB,RF End"},"content":{"rendered":"<p>&nbsp;<\/p>\n<p><strong>600LB Long Pattern Ball Valve specification<\/strong><\/p>\n<table>\n<tbody>\n<tr>\n<td>Nome do Produto<\/td>\n<td>600LB Long Pattern Ball Valve,6 Inch,API 6D ,WCB,RF End<\/td>\n<\/tr>\n<tr>\n<td>1. Materiais<\/td>\n<td>A351 CF8M\/CF8\/CF3, A216 WCB, A352 LCB\/LCC<\/td>\n<\/tr>\n<tr>\n<td>2. Tamanho<\/td>\n<td>2\u201d~48\u201d (DN50~DN1200)<\/td>\n<\/tr>\n<tr>\n<td>4. Porto<\/td>\n<td>Porto completo<\/td>\n<\/tr>\n<tr>\n<td>5. Press\u00e3o de Trabalho<\/td>\n<td>150 libras ~ 2500 libras<\/td>\n<\/tr>\n<tr>\n<td>6. Fim da conex\u00e3o<\/td>\n<td>Mesa<\/td>\n<\/tr>\n<tr>\n<td>7. Temperatura de trabalho.<\/td>\n<td>-196\u00baC~450\u00baC<\/td>\n<\/tr>\n<tr>\n<td>8. Meio Adequado<\/td>\n<td>\u00c1gua, G\u00e1s Natural, Petr\u00f3leo e algum l\u00edquido corrosivo<\/td>\n<\/tr>\n<tr>\n<td>9. Selo<\/td>\n<td>PTFE, RPTFE, PPL<\/td>\n<\/tr>\n<tr>\n<td>10. Bloqueio<\/td>\n<td>Op\u00e7\u00e3o<\/td>\n<\/tr>\n<tr>\n<td>11. Inspe\u00e7\u00e3o e Teste<\/td>\n<td>De acordo com API598<\/td>\n<\/tr>\n<\/tbody>\n<\/table>\n<p><strong>600LB Long Pattern Ball Valve feature<\/strong><\/p>\n<p>Furo Total e Furo Reduzido<br \/>\nDispositivo antiest\u00e1tico<br \/>\nHaste \u00e0 prova de explos\u00e3o<br \/>\nProjeto seguro contra inc\u00eandio<br \/>\nInjetor de selante de emerg\u00eancia<br \/>\nV\u00e1lvula de ventila\u00e7\u00e3o, v\u00e1lvula de drenagem<br \/>\nAl\u00e7as de eleva\u00e7\u00e3o e p\u00e9s de apoio (8\u2033 e maiores)<br \/>\nAlavanca com trava opcional; Caixa de Engrenagens El\u00e9trica, Pneum\u00e1tica e Hidr\u00e1ulica<br \/>\n<strong>V\u00e1lvula de esfera munh\u00e3o de a\u00e7o fundido <\/strong><strong>padr\u00e3o<\/strong><br \/>\nDesign And Manufacturer : ASME B16.34\/API 6D<br \/>\nValve Structural Length\u00a0 : ASME B16.10<br \/>\nDimens\u00e3o da conex\u00e3o do flange: ASME B 16.5<br \/>\nVerifica\u00e7\u00e3o da v\u00e1lvula e teste de fabrica\u00e7\u00e3o: API 598<br \/>\nTeste de seguran\u00e7a contra inc\u00eandio: API 607\/API6FA<br \/>\nEspecial: NACE MR-01-75<\/p>","protected":false},"excerpt":{"rendered":"<p>STV Valve Technology Group Co., Ltd is a professional leader China 600LB Cast\u00a0 Steel Ball Valve, API 6D Cast Steel Trunnion Mounted Ball Valves,600LB Long Pattern Ball Valve,6 Inch Long Pattern Ball Valve,API 6D Long Pattern Ball Valve ,WCB Long Pattern Ball Valve,RF End Long Pattern Ball Valve,2-Piece Trunnion Mounted Ball Valve,WCB Trunnion Mounted Ball Valve Manufacturer with high quality and competitive price.<\/p>","protected":false},"featured_media":8346,"template":"","meta":[],"product_brand":[],"product_cat":[43,56],"product_tag":[605,3680,3676,606,3681,2576,3683,3682,2578],"class_list":{"0":"post-8345","1":"product","2":"type-product","3":"status-publish","4":"has-post-thumbnail","6":"product_cat-ball-valve","7":"product_cat-trunnion-ball-valve","8":"product_tag-2-piece-trunnion-mounted-ball-valve","9":"product_tag-6-inch-long-pattern-ball-valve","10":"product_tag-600lb-long-pattern-ball-valve","11":"product_tag-api-6d-cast-steel-trunnion-mounted-ball-valves","12":"product_tag-api-6d-long-pattern-ball-valve","13":"product_tag-china-600lb-cast-steel-ball-valve","14":"product_tag-rf-end-long-pattern-ball-valve","15":"product_tag-wcb-long-pattern-ball-valve","16":"product_tag-wcb-trunnion-mounted-ball-valve-manufacturer","18":"first","19":"instock","20":"shipping-taxable","21":"product-type-simple"},"_links":{"self":[{"href":"https:\/\/www.stvvalves.com\/pt\/wp-json\/wp\/v2\/product\/8345","targetHints":{"allow":["GET"]}}],"collection":[{"href":"https:\/\/www.stvvalves.com\/pt\/wp-json\/wp\/v2\/product"}],"about":[{"href":"https:\/\/www.stvvalves.com\/pt\/wp-json\/wp\/v2\/types\/product"}],"wp:featuredmedia":[{"embeddable":true,"href":"https:\/\/www.stvvalves.com\/pt\/wp-json\/wp\/v2\/media\/8346"}],"wp:attachment":[{"href":"https:\/\/www.stvvalves.com\/pt\/wp-json\/wp\/v2\/media?parent=8345"}],"wp:term":[{"taxonomy":"product_brand","embeddable":true,"href":"https:\/\/www.stvvalves.com\/pt\/wp-json\/wp\/v2\/product_brand?post=8345"},{"taxonomy":"product_cat","embeddable":true,"href":"https:\/\/www.stvvalves.com\/pt\/wp-json\/wp\/v2\/product_cat?post=8345"},{"taxonomy":"product_tag","embeddable":true,"href":"https:\/\/www.stvvalves.com\/pt\/wp-json\/wp\/v2\/product_tag?post=8345"}],"curies":[{"name":"wp","href":"https:\/\/api.w.org\/{rel}","templated":true}]}}