{"id":8378,"date":"2025-08-21T19:38:44","date_gmt":"2025-08-21T11:38:44","guid":{"rendered":"https:\/\/www.stvvalves.com\/?post_type=product&#038;p=8378"},"modified":"2025-08-21T19:51:53","modified_gmt":"2025-08-21T11:51:53","slug":"metal-seat-ball-valve-cf8-pn16-dn400-rf-end","status":"publish","type":"product","link":"https:\/\/www.stvvalves.com\/pt\/products\/metal-seat-ball-valve-cf8-pn16-dn400-rf-end\/","title":{"rendered":"Metal Seat Ball Valve,CF8,PN16,DN400,RF End"},"content":{"rendered":"<p>Metal Seat Ball Valve,CF8,PN16,DN400,RF End<\/p>\n<p><b>Caracter\u00edsticas de design<\/b><\/p>\n<p>Design de corpo dividido com entrada lateral<\/p>\n<p>Design seguro contra inc\u00eandio, dispositivo antiest\u00e1tico<\/p>\n<p>Design \u00e0 prova de explos\u00e3o da haste<\/p>\n<p>Design Antiest\u00e1tico<\/p>\n<p>Projeto de emiss\u00e3o fugitiva<\/p>\n<p>A prova de desgaste da haste e a prova de opera\u00e7\u00e3o incorreta<\/p>\n<p>Flange de montagem ISO 5211 para atua\u00e7\u00e3o.<\/p>\n<p>Extens\u00e3o de haste para servi\u00e7o subterr\u00e2neo.<\/p>\n<p><b>Especifica\u00e7\u00e3o t\u00e9cnica<\/b><\/p>\n<p>Aplicativo:<\/p>\n<p>Design: BS5351,ISO14313<\/p>\n<p>Seguran\u00e7a contra inc\u00eandio: API607, API 6FA,<\/p>\n<p>Presencial: API 6D\/ASME B16.10<\/p>\n<p>Flanged Ends:DIN\/EN1092-1\/GOST33259\/JIS<\/p>\n<p>Extremidades BW: ASME B16.25<\/p>\n<p>Inspection Test ,EN12266-1<\/p>\n<p>Classifica\u00e7\u00f5es de temperatura: ASME B16.34<\/p>\n<p>Certificado: EN 10204 tipo 3.1<\/p>\n<p>Marca\u00e7\u00f5es: MSS SP25<\/p>\n<p>&nbsp;<\/p>\n<p>Principais pe\u00e7as materiais:<\/p>\n<table>\n<tbody>\n<tr>\n<td width=\"123\">A\u00e7o carbono<\/td>\n<td width=\"452\">A216 Gr. WCB, WCC, WCA, etc.<\/td>\n<\/tr>\n<tr>\n<td width=\"123\">A\u00e7o de baixa temperatura<\/td>\n<td width=\"452\">A352 Gr. LCB, LCC, LC1, etc.<\/td>\n<\/tr>\n<tr>\n<td width=\"123\">A\u00e7o Cr-Mo<\/td>\n<td width=\"452\">A217 Gr. WC6, WC9, C5, C12, C12A, etc.<\/td>\n<\/tr>\n<tr>\n<td width=\"123\">A\u00e7o inoxid\u00e1vel<\/td>\n<td width=\"452\">A351 Gr. CF8, CF8M, CF3, CF3M, CF8C, etc.<\/td>\n<\/tr>\n<tr>\n<td width=\"123\">Liga de a\u00e7o<\/td>\n<td width=\"452\">Liga CN7M 20, liga CN3M 20 modificada, CT15C, etc.<\/td>\n<\/tr>\n<tr>\n<td width=\"123\">Superduplex<\/td>\n<td width=\"452\">A995 gr. 4A, 5A, CE8MN, CD6MN, CD3MN, etc.<\/td>\n<\/tr>\n<tr>\n<td width=\"123\">Bronze de alum\u00ednio<\/td>\n<td width=\"452\">B148 C95500, C95600, C95800, etc.<\/td>\n<\/tr>\n<tr>\n<td width=\"123\">Monel<\/td>\n<td width=\"452\">M30C, M35-1, CZ100, etc.<\/td>\n<\/tr>\n<tr>\n<td width=\"123\">Inconel<\/td>\n<td width=\"452\">CY40 inconel 600, etc.<\/td>\n<\/tr>\n<tr>\n<td width=\"123\">Hastelloy<\/td>\n<td width=\"452\">CW2m Hastelly C4, N12MV Hastelloy B, CW12MW Hastelloy C276, etc.<\/td>\n<\/tr>\n<tr>\n<td width=\"123\">Incoloy<\/td>\n<td width=\"452\">CU5MCuC Incoloy 825, CW6MC Incoloy 625, etc.<\/td>\n<\/tr>\n<\/tbody>\n<\/table>\n<p>Nota: A dimens\u00e3o do flange de conex\u00e3o pode ser projetada de acordo com os requisitos do cliente.<\/p>\n<p>Fabrica\u00e7\u00e3o conforme NACE MR-01-75 mediante solicita\u00e7\u00e3o.<\/p>","protected":false},"excerpt":{"rendered":"<p>STV Valve Technology Group Co., Ltd is a professional leader China Metal Seat Ball Valve,CF8 Metal Seat Ball Valve,PN16 Metal Seat Ball Valve, DN400 Metal Seat Ball Valve,PN16 Metal Seat Ball Valve,Flange End Metal Seat Ball Valve, Worm Gear Box\u00a0Metal Seat Ball Valve Manufacturer with high quality and competitive price.<\/p>\n<p>&nbsp;<\/p>","protected":false},"featured_media":8379,"template":"","meta":[],"product_brand":[],"product_cat":[43,56],"product_tag":[3692,3691,3694,3695,3693,3696],"class_list":{"0":"post-8378","1":"product","2":"type-product","3":"status-publish","4":"has-post-thumbnail","6":"product_cat-ball-valve","7":"product_cat-trunnion-ball-valve","8":"product_tag-cf8-metal-seat-ball-valve","9":"product_tag-china-metal-seat-ball-valve","10":"product_tag-dn400-metal-seat-ball-valve","11":"product_tag-flange-end-metal-seat-ball-valve","12":"product_tag-pn16-metal-seat-ball-valve","13":"product_tag-worm-gear-box-metal-seat-ball-valve-manufacturer","15":"first","16":"instock","17":"featured","18":"shipping-taxable","19":"product-type-simple"},"_links":{"self":[{"href":"https:\/\/www.stvvalves.com\/pt\/wp-json\/wp\/v2\/product\/8378","targetHints":{"allow":["GET"]}}],"collection":[{"href":"https:\/\/www.stvvalves.com\/pt\/wp-json\/wp\/v2\/product"}],"about":[{"href":"https:\/\/www.stvvalves.com\/pt\/wp-json\/wp\/v2\/types\/product"}],"wp:featuredmedia":[{"embeddable":true,"href":"https:\/\/www.stvvalves.com\/pt\/wp-json\/wp\/v2\/media\/8379"}],"wp:attachment":[{"href":"https:\/\/www.stvvalves.com\/pt\/wp-json\/wp\/v2\/media?parent=8378"}],"wp:term":[{"taxonomy":"product_brand","embeddable":true,"href":"https:\/\/www.stvvalves.com\/pt\/wp-json\/wp\/v2\/product_brand?post=8378"},{"taxonomy":"product_cat","embeddable":true,"href":"https:\/\/www.stvvalves.com\/pt\/wp-json\/wp\/v2\/product_cat?post=8378"},{"taxonomy":"product_tag","embeddable":true,"href":"https:\/\/www.stvvalves.com\/pt\/wp-json\/wp\/v2\/product_tag?post=8378"}],"curies":[{"name":"wp","href":"https:\/\/api.w.org\/{rel}","templated":true}]}}