{"id":8584,"date":"2025-12-08T16:41:48","date_gmt":"2025-12-08T08:41:48","guid":{"rendered":"https:\/\/www.stvvalves.com\/?post_type=product&#038;p=8584"},"modified":"2025-12-08T16:49:26","modified_gmt":"2025-12-08T08:49:26","slug":"forged-astm-a182-f51-globe-valve-1-1-2-inch-800-lb-api-602-sw","status":"publish","type":"product","link":"https:\/\/www.stvvalves.com\/pt\/products\/forged-astm-a182-f51-globe-valve-1-1-2-inch-800-lb-api-602-sw\/","title":{"rendered":"Forged ASTM A182 F51 Globe Valve, 11\/2 Inch, 800 LB, API 602, SW"},"content":{"rendered":"<p>Projeto e fabrica\u00e7\u00e3o em conformidade com BS 5352,ANSI B16.34<\/p>\n<p>As extremidades da conex\u00e3o est\u00e3o em conformidade com:<\/p>\n<p>1. As extremidades soldadas do soquete est\u00e3o em conformidade com ANSI B16.11<\/p>\n<p>2. As extremidades dos parafusos est\u00e3o em conformidade com ANSI B1.20.1<\/p>\n<p>3..Extremidades soldadas de topo em conformidade com ANSI B16.25<\/p>\n<p>Teste e inspe\u00e7\u00e3o em conformidade com: API 598<\/p>\n<p>1) Informa\u00e7\u00f5es sobre o produto: as v\u00e1lvulas fornecidas s\u00e3o usadas principalmente para \u00e1gua, ar, \u00f3leo, g\u00e1s<br \/>\n2) Tipo de conex\u00e3o: tipo flangeado, tipo de soldagem de soquete, tipo de soldagem de topo, tipo de parafuso<br \/>\n3) Materiais:<br \/>\na) Corpo: A105, LCB, F11, F22, F304, F316, F304L, F316L<br \/>\nb) Disco: A105, LCB, F11, F22, F304, F316, F304L, F316L<br \/>\nc) Haste: F6a, F11, F22, F304, F316, F304L, F316L<br \/>\nd) Cap\u00f4: A105, LCB, F11, F22, F304, F316, F304L, F316L<br \/>\n4) Tamanho: 15-50mm\/1\/2\u2033 \u2013 2\u2033<br \/>\n5) Grau de press\u00e3o: PN16~PN100, 150Lb~2500Lb<br \/>\n6) Revestimento: Revestimento conforme a exig\u00eancia dos clientes<br \/>\n7) Pacote: Caixas de madeira<\/p>\n<p>Caracter\u00edsticas:<br \/>\nA compact but extremely sturdy design for high pressure-temperature service.<br \/>\n\u00b7Bolted or Welded Bonnet.<br \/>\n\u00b7Flanged, Threaded or Socket Weld Ends.<br \/>\n\u00b7Forged Carbon, Stainless or Alloy Steel Materials.<br \/>\n\u00b7Available in all trim configurations.<br \/>\n\u00b7Full Port option available for classes 150 &#8211; 2500.<\/p>\n<table>\n<tbody>\n<tr>\n<td width=\"200\"><strong>Nome do Produto<\/strong><\/td>\n<td width=\"481\">Forged ASTM A182 F51 Globe Valve, 11\/2 Inch, 800 LB, API 602, SW<\/td>\n<\/tr>\n<tr>\n<td width=\"200\">1. Materiais<\/td>\n<td width=\"481\">F51<\/td>\n<\/tr>\n<tr>\n<td width=\"200\">2. Tamanho<\/td>\n<td width=\"481\">11\/2\u201d<\/td>\n<\/tr>\n<tr>\n<td width=\"200\">4. Porto<\/td>\n<td width=\"481\">Porta Redutora<\/td>\n<\/tr>\n<tr>\n<td width=\"200\">5. Press\u00e3o de Trabalho<\/td>\n<td width=\"481\">800 libras<\/td>\n<\/tr>\n<tr>\n<td width=\"200\">6. Fim da conex\u00e3o<\/td>\n<td width=\"481\">SO<\/td>\n<\/tr>\n<tr>\n<td width=\"200\">7. Temperatura de trabalho.<\/td>\n<td width=\"481\">-29~425\u00baC,<\/td>\n<\/tr>\n<tr>\n<td width=\"200\">8. Meio Adequado<\/td>\n<td width=\"481\">\u00c1gua, G\u00e1s Natural, Petr\u00f3leo e algum l\u00edquido corrosivo<\/td>\n<\/tr>\n<tr>\n<td width=\"200\">9. Operado<\/td>\n<td width=\"481\">Volante<\/td>\n<\/tr>\n<tr>\n<td width=\"200\">10. Inspe\u00e7\u00e3o e Teste<\/td>\n<td width=\"481\">De acordo com API598<\/td>\n<\/tr>\n<tr>\n<td width=\"200\"><strong>envio<\/strong><\/td>\n<td width=\"481\"><\/td>\n<\/tr>\n<tr>\n<td width=\"200\">Prazo de entrega<\/td>\n<td width=\"481\">30 dias<\/td>\n<\/tr>\n<tr>\n<td width=\"200\">Pacote<\/td>\n<td width=\"481\">Caixa de madeira compensada de exporta\u00e7\u00e3o padr\u00e3o<\/td>\n<\/tr>\n<tr>\n<td width=\"200\">Porto de embarque<\/td>\n<td width=\"481\">Ningbo\/Xangai, China<\/td>\n<\/tr>\n<tr>\n<td width=\"200\">Termos de envio<\/td>\n<td width=\"481\">Exw, FOB, CFR, CIF, etc.<\/td>\n<\/tr>\n<tr>\n<td width=\"200\">Termos de pagamento<\/td>\n<td width=\"481\">T\/T, Western Union, PayPal, etc.<\/td>\n<\/tr>\n<tr>\n<td width=\"200\"><\/td>\n<td width=\"481\">Pr\u00e9-pagamento 30%, saldo 70% pago antes do envio<\/td>\n<\/tr>\n<tr>\n<td width=\"200\">Pa\u00eds de origem<\/td>\n<td width=\"481\">Cidade de Wenzhou, China<\/td>\n<\/tr>\n<tr>\n<td width=\"200\">Capacidade de produ\u00e7\u00e3o<\/td>\n<td width=\"481\">6.000 toneladas\/ano<\/td>\n<\/tr>\n<tr>\n<td width=\"200\">Quantidade m\u00ednima<\/td>\n<td width=\"481\">1 pe\u00e7a\/tamanho<\/td>\n<\/tr>\n<\/tbody>\n<\/table>","protected":false},"excerpt":{"rendered":"<h1 class=\"product_title entry-title\">Forged ASTM A182 F51 Globe Valve, 11\/2 Inch, 800 LB, API 602, SW<\/h1>\n<div class=\"woocommerce-product-details__short-description\">\n<p>Model:STV-J61Y-800LB-DN40-F51.<\/p>\n<p>STV Valve Technology Group Co., Ltd is a professional leader China API 602 800LB Globe Valve,Bolt Bonnet Globe valve,11\/2 Inch Bolt Bonnet Globe valve,Forged steel Bonnet Globe valve,f51 Bolt Bonnet Globe valve,SW End Bolt Bonnet Globe valve Manufacturer with high quality and competitive price.<\/p>\n<p>Entre em contato com nosso sales@stvvalve.com para outros materiais e detalhes.<\/p>\n<\/div>","protected":false},"featured_media":8585,"template":"","meta":[],"product_brand":[],"product_cat":[64,45],"product_tag":[3791,1110,3790,3792,3384,3386],"class_list":{"0":"post-8584","1":"product","2":"type-product","3":"status-publish","4":"has-post-thumbnail","6":"product_cat-foreged-steel-globe-valve","7":"product_cat-globe-valve","8":"product_tag-11-2-inch-bolt-bonnet-globe-valve","9":"product_tag-bolt-bonnet-globe-valve","10":"product_tag-china-api-602-800lb-globe-valve","11":"product_tag-f51-bolt-bonnet-globe-valve","12":"product_tag-forged-steel-bonnet-globe-valve","13":"product_tag-sw-end-bolt-bonnet-globe-valve-manufacturer","15":"first","16":"instock","17":"shipping-taxable","18":"product-type-simple"},"_links":{"self":[{"href":"https:\/\/www.stvvalves.com\/pt\/wp-json\/wp\/v2\/product\/8584","targetHints":{"allow":["GET"]}}],"collection":[{"href":"https:\/\/www.stvvalves.com\/pt\/wp-json\/wp\/v2\/product"}],"about":[{"href":"https:\/\/www.stvvalves.com\/pt\/wp-json\/wp\/v2\/types\/product"}],"wp:featuredmedia":[{"embeddable":true,"href":"https:\/\/www.stvvalves.com\/pt\/wp-json\/wp\/v2\/media\/8585"}],"wp:attachment":[{"href":"https:\/\/www.stvvalves.com\/pt\/wp-json\/wp\/v2\/media?parent=8584"}],"wp:term":[{"taxonomy":"product_brand","embeddable":true,"href":"https:\/\/www.stvvalves.com\/pt\/wp-json\/wp\/v2\/product_brand?post=8584"},{"taxonomy":"product_cat","embeddable":true,"href":"https:\/\/www.stvvalves.com\/pt\/wp-json\/wp\/v2\/product_cat?post=8584"},{"taxonomy":"product_tag","embeddable":true,"href":"https:\/\/www.stvvalves.com\/pt\/wp-json\/wp\/v2\/product_tag?post=8584"}],"curies":[{"name":"wp","href":"https:\/\/api.w.org\/{rel}","templated":true}]}}