{"id":8609,"date":"2025-12-13T13:50:27","date_gmt":"2025-12-13T05:50:27","guid":{"rendered":"https:\/\/www.stvvalves.com\/?post_type=product&#038;p=8609"},"modified":"2025-12-13T13:58:12","modified_gmt":"2025-12-13T05:58:12","slug":"pressure-seal-gate-valve-2500lb-wc9-18-inch-bw-end","status":"publish","type":"product","link":"https:\/\/www.stvvalves.com\/pt\/products\/pressure-seal-gate-valve-2500lb-wc9-18-inch-bw-end\/","title":{"rendered":"Pressure Seal Gate Valve, 2500LB, WC9,18 Inch, BW End"},"content":{"rendered":"<p>Projeto e fabrica\u00e7\u00e3o: V\u00e1lvula gaveta de a\u00e7o fundido para API 600 (ISO 10434) \u3001 API 6D; V\u00e1lvula gaveta de a\u00e7o inoxid\u00e1vel fundido para API 603 \u3001 API 600<\/p>\n<p>Inspe\u00e7\u00e3o e Teste:API598,API600 ou API 6D<\/p>\n<p>Dimens\u00e3o do flange final: ASME B16.5 (para NPS\u226424, ASME B 16.47 s\u00e9rie B, API 605, ASME B16.47 S\u00e9rie A, MSS SP-44 (para NPS&gt; 24)<\/p>\n<p>Dimens\u00e3o final BW: ASME B16.25<\/p>\n<p>Cara a cara e de ponta a ponta: ASME B16.10<\/p>\n<p>Classifica\u00e7\u00f5es de press\u00e3o-temperatura: ASME B16.34<\/p>\n<p>Gama de Produtos<\/p>\n<p>Body material:<\/p>\n<p>ASTM A216 WCB, A217 WC6,A351 CF8,A351 CF8M,<\/p>\n<p>A351 CF3, A351 CF3M, A351 CN7M etc.<\/p>\n<p>Di\u00e2metro nominal:2\u2033~36\u2033(DN50~DN900)<\/p>\n<p>Conex\u00e3o final: RF, RTJ, BW<\/p>\n<p>Faixa de press\u00e3o: Classe150~900(PN16~PN150)<\/p>\n<p>Working temperature: -29\u2103~+560\u2103<\/p>\n<p>Operation: Hand wheel\u00a0 , Gear\u00a0 ,Electric\u00a0 Actuator ,etc.<\/p>\n<p>&nbsp;<\/p>\n<table>\n<tbody>\n<tr>\n<td width=\"200\"><strong>Nome do Produto<\/strong><\/td>\n<td width=\"481\">\u00a0Pressure Seal Gate Valve, 2500LB, WC9,18 Inch, BW End<\/td>\n<\/tr>\n<tr>\n<td width=\"200\">1. Materiais<\/td>\n<td width=\"481\">WCB<\/td>\n<\/tr>\n<tr>\n<td width=\"200\">2. Tamanho<\/td>\n<td width=\"481\">18\u201d<\/td>\n<\/tr>\n<tr>\n<td width=\"200\">4. Porto<\/td>\n<td width=\"481\">Porto completo<\/td>\n<\/tr>\n<tr>\n<td width=\"200\">5. Press\u00e3o de Trabalho<\/td>\n<td width=\"481\">2.500 libras<\/td>\n<\/tr>\n<tr>\n<td width=\"200\">6. Fim da conex\u00e3o<\/td>\n<td width=\"481\">PN<\/td>\n<\/tr>\n<tr>\n<td width=\"200\">7. Temperatura de trabalho.<\/td>\n<td width=\"481\">-29~590\u00baC,<\/td>\n<\/tr>\n<tr>\n<td width=\"200\">8. Meio Adequado<\/td>\n<td width=\"481\">\u00c1gua, G\u00e1s Natural, Petr\u00f3leo e algum l\u00edquido corrosivo<\/td>\n<\/tr>\n<tr>\n<td width=\"200\">9. Operado<\/td>\n<td width=\"481\">Caixa de velocidade<\/td>\n<\/tr>\n<tr>\n<td width=\"200\">10. Inspe\u00e7\u00e3o e Teste<\/td>\n<td width=\"481\">De acordo com API598<\/td>\n<\/tr>\n<tr>\n<td width=\"200\"><strong>envio<\/strong><\/td>\n<td width=\"481\"><\/td>\n<\/tr>\n<tr>\n<td width=\"200\">Prazo de entrega<\/td>\n<td width=\"481\">30 dias<\/td>\n<\/tr>\n<tr>\n<td width=\"200\">Pacote<\/td>\n<td width=\"481\">Caixa de madeira compensada de exporta\u00e7\u00e3o padr\u00e3o<\/td>\n<\/tr>\n<tr>\n<td width=\"200\">Porto de embarque<\/td>\n<td width=\"481\">Ningbo\/Xangai, China<\/td>\n<\/tr>\n<tr>\n<td width=\"200\">Termos de envio<\/td>\n<td width=\"481\">Exw, FOB, CFR, CIF, etc.<\/td>\n<\/tr>\n<tr>\n<td width=\"200\">Termos de pagamento<\/td>\n<td width=\"481\">T\/T, Western Union, PayPal, etc.<\/td>\n<\/tr>\n<tr>\n<td width=\"200\"><\/td>\n<td width=\"481\">Pr\u00e9-pagamento 30%, saldo 70% pago antes do envio<\/td>\n<\/tr>\n<tr>\n<td width=\"200\">Pa\u00eds de origem<\/td>\n<td width=\"481\">Cidade de Wenzhou, China<\/td>\n<\/tr>\n<tr>\n<td width=\"200\">Capacidade de produ\u00e7\u00e3o<\/td>\n<td width=\"481\">6.000 toneladas\/ano<\/td>\n<\/tr>\n<tr>\n<td width=\"200\">Quantidade m\u00ednima<\/td>\n<td width=\"481\">1 pe\u00e7a\/tamanho<\/td>\n<\/tr>\n<\/tbody>\n<\/table>","protected":false},"excerpt":{"rendered":"<p>STV Valve Technology Group Co., Ltd is a professional leader China Pressure Seal Gate Valve, 2500LB Pressure Seal Gate Valve, WC9 Pressure Seal Gate Valve,18 Inch Pressure Seal Gate Valve, BW End Pressure Seal Gate Valve, Pressure\u00a0Seal Gate Valve Manufacturer with high quality and competitive price.<\/p>","protected":false},"featured_media":8610,"template":"","meta":[],"product_brand":[],"product_cat":[58,44],"product_tag":[2595,3822,3824,350,2746,3823],"class_list":{"0":"post-8609","1":"product","2":"type-product","3":"status-publish","4":"has-post-thumbnail","6":"product_cat-cast-steel-gate-valve","7":"product_cat-gate-valve","8":"product_tag-18-inch-pressure-seal-gate-valve","9":"product_tag-2500lb-pressure-seal-gate-valve","10":"product_tag-bw-end-pressure-seal-gate-valve","11":"product_tag-china-pressure-seal-gate-valve","12":"product_tag-pressure-seal-gate-valve-manufacturer","13":"product_tag-wc9-pressure-seal-gate-valve","15":"first","16":"instock","17":"shipping-taxable","18":"product-type-simple"},"_links":{"self":[{"href":"https:\/\/www.stvvalves.com\/pt\/wp-json\/wp\/v2\/product\/8609","targetHints":{"allow":["GET"]}}],"collection":[{"href":"https:\/\/www.stvvalves.com\/pt\/wp-json\/wp\/v2\/product"}],"about":[{"href":"https:\/\/www.stvvalves.com\/pt\/wp-json\/wp\/v2\/types\/product"}],"wp:featuredmedia":[{"embeddable":true,"href":"https:\/\/www.stvvalves.com\/pt\/wp-json\/wp\/v2\/media\/8610"}],"wp:attachment":[{"href":"https:\/\/www.stvvalves.com\/pt\/wp-json\/wp\/v2\/media?parent=8609"}],"wp:term":[{"taxonomy":"product_brand","embeddable":true,"href":"https:\/\/www.stvvalves.com\/pt\/wp-json\/wp\/v2\/product_brand?post=8609"},{"taxonomy":"product_cat","embeddable":true,"href":"https:\/\/www.stvvalves.com\/pt\/wp-json\/wp\/v2\/product_cat?post=8609"},{"taxonomy":"product_tag","embeddable":true,"href":"https:\/\/www.stvvalves.com\/pt\/wp-json\/wp\/v2\/product_tag?post=8609"}],"curies":[{"name":"wp","href":"https:\/\/api.w.org\/{rel}","templated":true}]}}