{"id":8611,"date":"2025-12-13T20:55:29","date_gmt":"2025-12-13T12:55:29","guid":{"rendered":"https:\/\/www.stvvalves.com\/?post_type=product&#038;p=8611"},"modified":"2025-12-13T21:01:53","modified_gmt":"2025-12-13T13:01:53","slug":"bolt-bonnet-gate-valve-astm-a216-wc6-30-inch-300-lb-rf-end","status":"publish","type":"product","link":"https:\/\/www.stvvalves.com\/pt\/products\/bolt-bonnet-gate-valve-astm-a216-wc6-30-inch-300-lb-rf-end\/","title":{"rendered":"Bolt Bonnet Gate Valve , ASTM A216 WC6, 30 Inch, 300 LB ,RF End"},"content":{"rendered":"<p>Design and Manufacture\uff1a API600,ASME B16.34,API 6D<\/p>\n<p>Inspe\u00e7\u00e3o e Teste:API598,API600 ou API 6D<\/p>\n<p>Dimens\u00e3o do flange final: ASME B16.5 (para NPS\u226424, ASME B 16.47 s\u00e9rie B, API 605, ASME B16.47 S\u00e9rie A, MSS SP-44 (para NPS&gt; 24)<\/p>\n<p>Dimens\u00e3o final BW: ASME B16.25<\/p>\n<p>Cara a cara e de ponta a ponta: ASME B16.10<\/p>\n<p>Classifica\u00e7\u00f5es de press\u00e3o-temperatura: ASME B16.34<\/p>\n<p>Dimens\u00e3o da espessura da parede:API 600,BS 1868<\/p>\n<p>Gama de Produtos<\/p>\n<p>Body material: WCB, LCB, LCC, CF8, CF8M, CF3, CF3M, , LCB, WC6, WC9, C12, C5<\/p>\n<p>Di\u00e2metro nominal:1\/2\u2033~48\u2033(DN15~DN1200)<\/p>\n<p>Conex\u00e3o final: RF, RTJ, BW<\/p>\n<p>Faixa de press\u00e3o: Classe150~2500(PN16~PN420)<\/p>\n<p>Temperatura de trabalho:-196\u2103~+560\u2103<\/p>\n<p>&nbsp;<\/p>\n<table width=\"751\">\n<tbody>\n<tr>\n<td>Nome do Produto:<\/td>\n<td>Bolt Bonnet Gate Valve , ASTM A216 WC6, 30 Inch, 300 LB ,RF End<\/td>\n<\/tr>\n<tr>\n<td>1.Material:<\/td>\n<td>WCB<\/td>\n<\/tr>\n<tr>\n<td>2.Tamanho:<\/td>\n<td>30&#8243;<\/td>\n<\/tr>\n<tr>\n<td>3.Porta:<\/td>\n<td>COMPLETO<\/td>\n<\/tr>\n<tr>\n<td>4. Temperatura de trabalho:<\/td>\n<td>-29 \u00b0C-425 \u00b0C<\/td>\n<\/tr>\n<tr>\n<td>5. Fim da conex\u00e3o:<\/td>\n<td>RF<\/td>\n<\/tr>\n<tr>\n<td>6.Press\u00e3o de trabalho:<\/td>\n<td>300 libras<\/td>\n<\/tr>\n<tr>\n<td>7. Meio Adequado:<\/td>\n<td>\u00c1gua, G\u00e1s Natural, Petr\u00f3leo e algum l\u00edquido corrosivo<\/td>\n<\/tr>\n<tr>\n<td>8.Operado:<\/td>\n<td>\/<\/td>\n<\/tr>\n<tr>\n<td>9. Inspe\u00e7\u00e3o e Teste<\/td>\n<td>De acordo com API 598<\/td>\n<\/tr>\n<tr>\n<td>Certificado:<\/td>\n<td>ISO, marca\u00e7\u00e3o\/API 6D<\/td>\n<\/tr>\n<tr>\n<td><strong>envio<\/strong><\/td>\n<td><\/td>\n<\/tr>\n<tr>\n<td>Prazo de entrega<\/td>\n<td>30 dias<\/td>\n<\/tr>\n<tr>\n<td>Pacote<\/td>\n<td>Caixa de madeira compensada de exporta\u00e7\u00e3o padr\u00e3o<\/td>\n<\/tr>\n<tr>\n<td>Porto de embarque<\/td>\n<td>Ningbo\/Xangai, China<\/td>\n<\/tr>\n<tr>\n<td>Termos de envio<\/td>\n<td>Exw, FOB, CFR, CIF, etc.<\/td>\n<\/tr>\n<tr>\n<td>Termos de pagamento<\/td>\n<td>T\/T, Western Union, PayPal, etc.<\/td>\n<\/tr>\n<tr>\n<td><\/td>\n<td>Pr\u00e9-pagamento 30%, saldo 70% pago antes do envio<\/td>\n<\/tr>\n<tr>\n<td>Pa\u00eds de origem<\/td>\n<td>Cidade de Wenzhou, China<\/td>\n<\/tr>\n<tr>\n<td>Capacidade de produ\u00e7\u00e3o<\/td>\n<td>6.000 toneladas\/ano<\/td>\n<\/tr>\n<tr>\n<td>Quantidade m\u00ednima<\/td>\n<td>10 unidades\/tamanho<\/td>\n<\/tr>\n<\/tbody>\n<\/table>","protected":false},"excerpt":{"rendered":"<p>STV Valve Technology Group Co., Ltd is China 30 Inch Gate Valve, Bolt Bonnet Gate Valve , ASTM A216 WCB 30 Inch Gate Valve, 30 Inch Gate Valve, 300 LB 30 Inch Gate Valve ,RF End 30 Inch Gate Valve,\u00a0 30 Inch Gate Valve manufacturer with high quality and low price.<\/p>\n<p>&nbsp;<\/p>\n<p>&nbsp;<\/p>","protected":false},"featured_media":8612,"template":"","meta":[],"product_brand":[],"product_cat":[44,58],"product_tag":[3826,3829,3827,3825,196,3830,3828],"class_list":{"0":"post-8611","1":"product","2":"type-product","3":"status-publish","4":"has-post-thumbnail","6":"product_cat-gate-valve","7":"product_cat-cast-steel-gate-valve","8":"product_tag-30-inch-gate-valve","9":"product_tag-30-inch-gate-valve-manufacturer","10":"product_tag-300-lb-30-inch-gate-valve","11":"product_tag-astm-a216-wcb-30-inch-gate-valve","12":"product_tag-bolt-bonnet-gate-valve","13":"product_tag-china-30-inch-gate-valve","14":"product_tag-rf-end-30-inch-gate-valve","16":"first","17":"instock","18":"shipping-taxable","19":"product-type-simple"},"_links":{"self":[{"href":"https:\/\/www.stvvalves.com\/pt\/wp-json\/wp\/v2\/product\/8611","targetHints":{"allow":["GET"]}}],"collection":[{"href":"https:\/\/www.stvvalves.com\/pt\/wp-json\/wp\/v2\/product"}],"about":[{"href":"https:\/\/www.stvvalves.com\/pt\/wp-json\/wp\/v2\/types\/product"}],"wp:featuredmedia":[{"embeddable":true,"href":"https:\/\/www.stvvalves.com\/pt\/wp-json\/wp\/v2\/media\/8612"}],"wp:attachment":[{"href":"https:\/\/www.stvvalves.com\/pt\/wp-json\/wp\/v2\/media?parent=8611"}],"wp:term":[{"taxonomy":"product_brand","embeddable":true,"href":"https:\/\/www.stvvalves.com\/pt\/wp-json\/wp\/v2\/product_brand?post=8611"},{"taxonomy":"product_cat","embeddable":true,"href":"https:\/\/www.stvvalves.com\/pt\/wp-json\/wp\/v2\/product_cat?post=8611"},{"taxonomy":"product_tag","embeddable":true,"href":"https:\/\/www.stvvalves.com\/pt\/wp-json\/wp\/v2\/product_tag?post=8611"}],"curies":[{"name":"wp","href":"https:\/\/api.w.org\/{rel}","templated":true}]}}