{"id":8757,"date":"2025-12-31T19:57:48","date_gmt":"2025-12-31T11:57:48","guid":{"rendered":"https:\/\/www.stvvalves.com\/?post_type=product&#038;p=8757"},"modified":"2025-12-31T20:02:15","modified_gmt":"2025-12-31T12:02:15","slug":"2pc-flange-ball-valve-dn50-150lb-304-body-rf-end","status":"publish","type":"product","link":"https:\/\/www.stvvalves.com\/pt\/products\/2pc-flange-ball-valve-dn50-150lb-304-body-rf-end\/","title":{"rendered":"2PC Flange Ball Valve,DN50,150LB,304 Body,RF END"},"content":{"rendered":"<p>Dispon\u00edvel em a\u00e7o inoxid\u00e1vel ou a\u00e7o carbono<br \/>\nCorpo e fim s\u00e3o um caso de investimento<br \/>\nGaxeta de haste autoajust\u00e1vel<br \/>\nDesign de haste \u00e0 prova de explos\u00e3o<br \/>\nAr duplo 100 testado sob \u00e1gua a 100 psi<br \/>\nPress\u00e3o de trabalho ANSI 150<br \/>\nFaixa de temperatura: -29\u00b0C a +120\u00b0C<br \/>\nAlmofada de montagem ISO 5211<br \/>\nTipo de tampa: extremidade do flange (ANSI 150)<br \/>\nDimens\u00e3o do flange: ANSI face a face<br \/>\nB16.10; conex\u00e3o de flange ANSI B16.50<\/p>\n<p>Especifica\u00e7\u00f5es t\u00e9cnicas:<\/p>\n<p>Padr\u00e3o de design e fabrica\u00e7\u00e3o: API 6D, API 608<\/p>\n<p>Padr\u00e3o de press\u00e3o e temperatura: ASME B16.34<\/p>\n<p>Padr\u00e3o de dimens\u00e3o face a face: ASME B16.10<\/p>\n<p>Padr\u00e3o de flange: ASME B16.5, ASME B16.47<\/p>\n<p>Padr\u00e3o de teste e inspe\u00e7\u00e3o: API 598, API 6D<\/p>\n<p>&nbsp;<\/p>\n<table>\n<tbody>\n<tr>\n<td width=\"200\"><strong>Nome do Produto<\/strong><\/td>\n<td width=\"481\">2PC Flange Ball Valve,DN50,150LB,304 Body,RF END<\/td>\n<\/tr>\n<tr>\n<td width=\"200\">1. Materiais<\/td>\n<td width=\"481\">CF8<\/td>\n<\/tr>\n<tr>\n<td width=\"200\">2. Tamanho<\/td>\n<td width=\"481\">2\u201d<\/td>\n<\/tr>\n<tr>\n<td width=\"200\">4. Porto<\/td>\n<td width=\"481\">Porto completo<\/td>\n<\/tr>\n<tr>\n<td width=\"200\">5. Press\u00e3o de Trabalho<\/td>\n<td width=\"481\">150 libras<\/td>\n<\/tr>\n<tr>\n<td width=\"200\">6. Fim da conex\u00e3o<\/td>\n<td width=\"481\">RF<\/td>\n<\/tr>\n<tr>\n<td width=\"200\">7. Temperatura de trabalho.<\/td>\n<td width=\"481\">-29~180\u00baC,<\/td>\n<\/tr>\n<tr>\n<td width=\"200\">8. Meio Adequado<\/td>\n<td width=\"481\">\u00c1gua, G\u00e1s Natural, Petr\u00f3leo e algum l\u00edquido corrosivo<\/td>\n<\/tr>\n<tr>\n<td width=\"200\">9. Operado<\/td>\n<td width=\"481\">Volante<\/td>\n<\/tr>\n<tr>\n<td width=\"200\">10. Inspe\u00e7\u00e3o e Teste<\/td>\n<td width=\"481\">De acordo com API598<\/td>\n<\/tr>\n<tr>\n<td width=\"200\"><strong>envio<\/strong><\/td>\n<td width=\"481\"><\/td>\n<\/tr>\n<tr>\n<td width=\"200\">Prazo de entrega<\/td>\n<td width=\"481\">30 dias<\/td>\n<\/tr>\n<tr>\n<td width=\"200\">Pacote<\/td>\n<td width=\"481\">Caixa de madeira compensada de exporta\u00e7\u00e3o padr\u00e3o<\/td>\n<\/tr>\n<tr>\n<td width=\"200\">Porto de embarque<\/td>\n<td width=\"481\">Ningbo\/Xangai, China<\/td>\n<\/tr>\n<tr>\n<td width=\"200\">Termos de envio<\/td>\n<td width=\"481\">Exw, FOB, CFR, CIF, etc.<\/td>\n<\/tr>\n<tr>\n<td width=\"200\">Termos de pagamento<\/td>\n<td width=\"481\">T\/T, Western Union, PayPal, etc.<\/td>\n<\/tr>\n<tr>\n<td width=\"200\"><\/td>\n<td width=\"481\">Pr\u00e9-pagamento 30%, saldo 70% pago antes do envio<\/td>\n<\/tr>\n<tr>\n<td width=\"200\">Pa\u00eds de origem<\/td>\n<td width=\"481\">Cidade de Wenzhou, China<\/td>\n<\/tr>\n<tr>\n<td width=\"200\">Capacidade de produ\u00e7\u00e3o<\/td>\n<td width=\"481\">6.000 toneladas\/ano<\/td>\n<\/tr>\n<tr>\n<td width=\"200\">Quantidade m\u00ednima<\/td>\n<td width=\"481\">1 pe\u00e7a\/tamanho<\/td>\n<\/tr>\n<\/tbody>\n<\/table>","protected":false},"excerpt":{"rendered":"<p>Modelo:Q41F-150LB-WCB<\/p>\n<p>Carbon Steel Flange Ball Valve is\u00a0 full bore 2 piece Ball Valve.150 lB Flange ,it is a\u00a0 304 body and stainless steel 316\/304 ball, with TFM seats for High Temperatures.<\/p>\n<p>A v\u00e1lvula est\u00e1 em conformidade com a almofada de montagem direta ISO 5211 para f\u00e1cil atua\u00e7\u00e3o e \u00e9 fornecida com uma alavanca projetada para cadeado.<\/p>\n<p>A v\u00e1lvula oferece opera\u00e7\u00e3o segura em muitas aplica\u00e7\u00f5es industriais e qu\u00edmicas e \u00e9 ideal tanto para isolamento manual quanto para f\u00e1cil atua\u00e7\u00e3o, possuindo caracter\u00edsticas de baixo torque juntamente com altas taxas de vaz\u00e3o.<\/p>\n<p>STV Valve Technology Group Co., Ltd is a professional leader China 2pc Flange Ball Valve,Carbon Steel Split Body Ball Valve,Flanged Ball Valves,Flanged 304 Ball Valve With Locking Device,Flanged Full Port 304 Ball Valve,China 304 Ball Valve, ANSI 150 Ball Valve, Fire Safe Ball Valve Manufacturer with high quality and competitive price.<\/p>\n<p>Entre em contato com nosso sales@stvvalve.com para outros materiais e detalhes.<\/p>\n<p>Folha de data:\u00a0<a href=\"https:\/\/www.stvvalves.com\/wp-content\/uploads\/2018\/12\/carbon-steel-flange-ball-valve-dn50-150lb-304-trim-rf-end-drawing.pdf\">V\u00e1lvula de esfera de flange de a\u00e7o carbono, DN50, 150LB, 304 TRIM, RF END<\/a><\/p>","protected":false},"featured_media":8758,"template":"","meta":[],"product_brand":[],"product_cat":[43,54,80,78],"product_tag":[3938,410,3934,3937,3939,3935,401,3936,407,411],"class_list":{"0":"post-8757","1":"product","2":"type-product","3":"status-publish","4":"has-post-thumbnail","6":"product_cat-ball-valve","7":"product_cat-cast-steel-ball-valve","8":"product_cat-flange-ball-valve","9":"product_cat-floating-ball-valve","10":"product_tag-ansi-150-ball-valve","11":"product_tag-carbon-steel-split-body-ball-valve","12":"product_tag-china-2pc-flange-ball-valve","13":"product_tag-china-304-ball-valve","14":"product_tag-fire-safe-ball-valve-manufacturer","15":"product_tag-flanged-304-ball-valve-with-locking-device","16":"product_tag-flanged-ball-valves","17":"product_tag-flanged-full-port-304-ball-valve","18":"product_tag-flanged-standard-bore-ball-valves","19":"product_tag-full-port-flanged-ball-valves","21":"first","22":"instock","23":"shipping-taxable","24":"product-type-simple"},"_links":{"self":[{"href":"https:\/\/www.stvvalves.com\/pt\/wp-json\/wp\/v2\/product\/8757","targetHints":{"allow":["GET"]}}],"collection":[{"href":"https:\/\/www.stvvalves.com\/pt\/wp-json\/wp\/v2\/product"}],"about":[{"href":"https:\/\/www.stvvalves.com\/pt\/wp-json\/wp\/v2\/types\/product"}],"wp:featuredmedia":[{"embeddable":true,"href":"https:\/\/www.stvvalves.com\/pt\/wp-json\/wp\/v2\/media\/8758"}],"wp:attachment":[{"href":"https:\/\/www.stvvalves.com\/pt\/wp-json\/wp\/v2\/media?parent=8757"}],"wp:term":[{"taxonomy":"product_brand","embeddable":true,"href":"https:\/\/www.stvvalves.com\/pt\/wp-json\/wp\/v2\/product_brand?post=8757"},{"taxonomy":"product_cat","embeddable":true,"href":"https:\/\/www.stvvalves.com\/pt\/wp-json\/wp\/v2\/product_cat?post=8757"},{"taxonomy":"product_tag","embeddable":true,"href":"https:\/\/www.stvvalves.com\/pt\/wp-json\/wp\/v2\/product_tag?post=8757"}],"curies":[{"name":"wp","href":"https:\/\/api.w.org\/{rel}","templated":true}]}}