{"id":3507,"date":"2018-05-05T13:06:57","date_gmt":"2018-05-05T13:06:57","guid":{"rendered":"https:\/\/www.stvvalves.com\/?page_id=3507"},"modified":"2025-03-04T20:23:09","modified_gmt":"2025-03-04T12:23:09","slug":"industries","status":"publish","type":"page","link":"https:\/\/www.stvvalves.com\/ro\/industries\/","title":{"rendered":"Industrii"},"content":{"rendered":"<section class=\"av_textblock_section\" ><div class='avia_textblock'  ><p>China Industrial Valve Manufacturer STV Valve offers Valves for Industrial Applications including Oil &amp; Gas, Chemical, Power, Water Treatment, Mining, Construction, etc.<\/p>\n<p>STV accept\u0103 supape pentru opt industrii, pute\u021bi verifica mai jos pentru detalii. \u00cen fiecare an primim comenzile mari de la central\u0103 \u0219i central\u0103 electric\u0103. Oferta companiei noastre <a href=\"https:\/\/www.stvvalves.com\/ro\/products\/900lb-high-pressure-seal-bonnet-gate-valve-40-inch-wcb-body-butt-weld-end\/\">supape de \u00eenalt\u0103 presiune<\/a>, <a href=\"https:\/\/www.stvvalves.com\/ro\/wholesale\/check-valves\/\">Supape de re\u021binere balansate<\/a>, robinete cu bil\u0103 cu cerin\u021be ridicate. Efectu\u0103m RT (clasa \u2161) pentru p\u0103r\u021bi importante ale supapelor noastre. STV furnizeaz\u0103, de asemenea, multe supape cu flan\u0219e fantom\u0103 care sunt adaptate pentru temperaturi sc\u0103zute \u00een Rusia. \u0218i oferim, de asemenea, supape JIS Standard pentru \u021b\u0103rile din Asia de Sud-Est \u0219i robinete cu \u0219ar\u021b\u0103 de calitate cu Material SS304 Standard pentru \u021b\u0103rile din America de Sud. Supapa cu poart\u0103 \u0219i supapa cu glob sunt cele mai economice tipuri, care pot fi utilizate pentru conductele de abur. \u00cen ultimii 20 de ani, STV a acumulat o mare bog\u0103\u021bie de experien\u021be industriale. \u0218i vom continua s\u0103 \u00eenv\u0103\u021b\u0103m. Pe baza calit\u0103\u021bii \u00eenalte \u0219i a atitudinii stricte fa\u021b\u0103 de fabricarea ma\u0219inilor, STV va fi din ce \u00een ce mai profesionist, astfel \u00eenc\u00e2t s\u0103 ofere un sprijin puternic pentru supape clien\u021bilor no\u0219tri.<br \/>\nS\u0103 lucr\u0103m \u00eempreun\u0103 pentru a avea un viitor mai bun!<\/p>\n<p>Supapele STV sunt aplicate \u00een urm\u0103toarele domenii:<br \/>\n1. Industria gazelor \u0219i petrolului<br \/>\n2. Hidrocentrala<br \/>\n3. Industria Petrochimic\u0103<br \/>\n4. Industria metalurgiei<br \/>\n5. Industria maritim\u0103<br \/>\n6. Industria alimentar\u0103 \u0219i chimic\u0103<br \/>\n7. Inginerie \u0219i construc\u021bii<br \/>\n8. Industria \u021bevilor STV<\/p>\n<\/div><\/section>\n<div class=\"flex_column av_one_third  flex_column_div av-zero-column-padding first\" style='background-image:url(https:\/\/www.stvvalves.com\/wp-content\/uploads\/2021\/04\/Oil-Gas-300x225.jpg); background-position:top left; background-repeat:no-repeat; border-radius:0px; '><section class=\"av_textblock_section\" ><div class='avia_textblock'  ><p style=\"text-align: center;\"><span style=\"vertical-align: inherit;\"><span style=\"vertical-align: inherit;\"><img loading=\"lazy\" decoding=\"async\" class=\"wp-image-5959 size-medium alignleft\" src=\"https:\/\/www.stvvalves.com\/wp-content\/uploads\/2021\/04\/Oil-Gas-300x225.jpg\" alt=\"\" width=\"300\" height=\"225\" srcset=\"https:\/\/www.stvvalves.com\/wp-content\/uploads\/2021\/04\/Oil-Gas-300x225.jpg 300w, https:\/\/www.stvvalves.com\/wp-content\/uploads\/2021\/04\/Oil-Gas.jpg 500w\" sizes=\"auto, (max-width: 300px) 100vw, 300px\" \/><br \/>\n<\/span><\/span><\/p>\n<\/div><\/section><br \/>\n<section class=\"av_textblock_section\" ><div class='avia_textblock'  ><p style=\"text-align: center;\">Oil&amp;Gas<\/p>\n<\/div><\/section><\/p><\/div>\n<div class=\"flex_column av_one_third  flex_column_div av-zero-column-padding\" style='border-radius:0px; '><p><div class='avia-image-container  av-styling-    avia-align-center'  ><div class='avia-image-container-inner'><img class='avia_image' src='https:\/\/www.stvvalves.com\/wp-content\/uploads\/2021\/04\/Power-300x200.jpg' alt='' title='Putere'   \/><\/div><\/div><br \/>\n<section class=\"av_textblock_section\" ><div class='avia_textblock'  ><p style=\"text-align: center;\">Putere<\/p>\n<\/div><\/section><\/p><\/div>\n<div class=\"flex_column av_one_third  flex_column_div av-zero-column-padding\" style='border-radius:0px; '><p><div class='avia-image-container  av-styling-     avia-align-center'  ><div class='avia-image-container-inner'><img class='avia_image' src='https:\/\/www.stvvalves.com\/wp-content\/uploads\/2018\/05\/power2-300x225.jpg' alt='' title='putere2'   \/><\/div><\/div><br \/>\n<section class=\"av_textblock_section\" ><div class='avia_textblock'  ><p style=\"text-align: center;\">Tratamentul apei<\/p>\n<\/div><\/section><\/p><\/div>\n<div class=\"flex_column av_one_third  flex_column_div av-zero-column-padding first\" style='border-radius:0px; '><p><div class='avia-image-container  av-styling-    avia-align-center'  ><div class='avia-image-container-inner'><img class='avia_image' src='https:\/\/www.stvvalves.com\/wp-content\/uploads\/2021\/04\/Mining-2-300x200.jpg' alt='' title='Minerit'   \/><\/div><\/div><br \/>\n<section class=\"av_textblock_section\" ><div class='avia_textblock'  ><p style=\"text-align: center;\">Minerit<\/p>\n<\/div><\/section><\/p><\/div>\n<div class=\"flex_column av_one_third  flex_column_div av-zero-column-padding\" style='border-radius:0px; '><p><div class='avia-image-container  av-styling-    avia-align-center'  ><div class='avia-image-container-inner'><img class='avia_image' src='https:\/\/www.stvvalves.com\/wp-content\/uploads\/2021\/04\/Construction-300x200.jpg' alt='' title='Constructie'   \/><\/div><\/div><br \/>\n<section class=\"av_textblock_section\" ><div class='avia_textblock'  ><p style=\"text-align: center;\">Constructie<\/p>\n<\/div><\/section><\/p><\/div>\n<div class=\"flex_column av_one_third  flex_column_div av-zero-column-padding\" style='border-radius:0px; '><p><div class='avia-image-container  av-styling-    avia-align-center'  ><div class='avia-image-container-inner'><img class='avia_image' src='https:\/\/www.stvvalves.com\/wp-content\/uploads\/2021\/04\/Water-Treatment-300x200.jpg' alt='' title='Tratamentul apei'   \/><\/div><\/div><br \/>\n<section class=\"av_textblock_section\" ><div class='avia_textblock'  ><p style=\"text-align: center;\">Tratamentul apei<\/p>\n<\/div><\/section><\/p><\/div>","protected":false},"excerpt":{"rendered":"","protected":false},"author":290641,"featured_media":0,"parent":0,"menu_order":0,"comment_status":"closed","ping_status":"closed","template":"","meta":{"footnotes":""},"class_list":["post-3507","page","type-page","status-publish","hentry"],"_links":{"self":[{"href":"https:\/\/www.stvvalves.com\/ro\/wp-json\/wp\/v2\/pages\/3507","targetHints":{"allow":["GET"]}}],"collection":[{"href":"https:\/\/www.stvvalves.com\/ro\/wp-json\/wp\/v2\/pages"}],"about":[{"href":"https:\/\/www.stvvalves.com\/ro\/wp-json\/wp\/v2\/types\/page"}],"author":[{"embeddable":true,"href":"https:\/\/www.stvvalves.com\/ro\/wp-json\/wp\/v2\/users\/290641"}],"replies":[{"embeddable":true,"href":"https:\/\/www.stvvalves.com\/ro\/wp-json\/wp\/v2\/comments?post=3507"}],"version-history":[{"count":4,"href":"https:\/\/www.stvvalves.com\/ro\/wp-json\/wp\/v2\/pages\/3507\/revisions"}],"predecessor-version":[{"id":7973,"href":"https:\/\/www.stvvalves.com\/ro\/wp-json\/wp\/v2\/pages\/3507\/revisions\/7973"}],"wp:attachment":[{"href":"https:\/\/www.stvvalves.com\/ro\/wp-json\/wp\/v2\/media?parent=3507"}],"curies":[{"name":"wp","href":"https:\/\/api.w.org\/{rel}","templated":true}]}}