{"id":5836,"date":"2021-04-28T05:01:51","date_gmt":"2021-04-28T05:01:51","guid":{"rendered":"https:\/\/www.stvvalves.com\/?page_id=5836"},"modified":"2024-12-25T10:17:16","modified_gmt":"2024-12-25T02:17:16","slug":"industrial-valves-and-pipe","status":"publish","type":"page","link":"https:\/\/www.stvvalves.com\/ro\/industrial-valves-and-pipe\/","title":{"rendered":"Supape \u0219i conducte industriale"},"content":{"rendered":"<div class=\"flex_column av_one_full  flex_column_div av-zero-column-padding first\" style='border-radius:0px; '><p><div style='padding-bottom:10px;' class='av-special-heading av-special-heading-h2'><div id=\"ez-toc-container\" class=\"ez-toc-v2_0_82_2 counter-hierarchy ez-toc-counter ez-toc-grey ez-toc-container-direction\">\n<div class=\"ez-toc-title-container\">\n<p class=\"ez-toc-title\" style=\"cursor:inherit\">Table of Contents<\/p>\n<span class=\"ez-toc-title-toggle\"><a href=\"#\" class=\"ez-toc-pull-right ez-toc-btn ez-toc-btn-xs ez-toc-btn-default ez-toc-toggle\" aria-label=\"Toggle Table of Content\"><span class=\"ez-toc-js-icon-con\"><span class=\"\"><span class=\"eztoc-hide\" style=\"display:none;\">Toggle<\/span><span class=\"ez-toc-icon-toggle-span\"><svg style=\"fill: #999;color:#999\" xmlns=\"http:\/\/www.w3.org\/2000\/svg\" class=\"list-377408\" width=\"20px\" height=\"20px\" viewbox=\"0 0 24 24\" fill=\"none\"><path d=\"M6 6H4v2h2V6zm14 0H8v2h12V6zM4 11h2v2H4v-2zm16 0H8v2h12v-2zM4 16h2v2H4v-2zm16 0H8v2h12v-2z\" fill=\"currentColor\"><\/path><\/svg><svg style=\"fill: #999;color:#999\" class=\"arrow-unsorted-368013\" xmlns=\"http:\/\/www.w3.org\/2000\/svg\" width=\"10px\" height=\"10px\" viewbox=\"0 0 24 24\" version=\"1.2\" baseprofile=\"tiny\"><path d=\"M18.2 9.3l-6.2-6.3-6.2 6.3c-.2.2-.3.4-.3.7s.1.5.3.7c.2.2.4.3.7.3h11c.3 0 .5-.1.7-.3.2-.2.3-.5.3-.7s-.1-.5-.3-.7zM5.8 14.7l6.2 6.3 6.2-6.3c.2-.2.3-.5.3-.7s-.1-.5-.3-.7c-.2-.2-.4-.3-.7-.3h-11c-.3 0-.5.1-.7.3-.2.2-.3.5-.3.7s.1.5.3.7z\"\/><\/svg><\/span><\/span><\/span><\/a><\/span><\/div>\n<nav><ul class='ez-toc-list ez-toc-list-level-1' ><li class='ez-toc-page-1 ez-toc-heading-level-2'><a class=\"ez-toc-link ez-toc-heading-1\" href=\"https:\/\/www.stvvalves.com\/ro\/industrial-valves-and-pipe\/#Industrial_Control_Valves_List\" >Lista supapelor de control industrial<\/a><ul class='ez-toc-list-level-3' ><li class='ez-toc-heading-level-3'><a class=\"ez-toc-link ez-toc-heading-2\" href=\"https:\/\/www.stvvalves.com\/ro\/industrial-valves-and-pipe\/#Industrial_Ball_Valves\" >Supape industriale cu bil\u0103<\/a><\/li><li class='ez-toc-page-1 ez-toc-heading-level-3'><a class=\"ez-toc-link ez-toc-heading-3\" href=\"https:\/\/www.stvvalves.com\/ro\/industrial-valves-and-pipe\/#Industrial_Gate_Valves\" >Supape industriale<\/a><\/li><li class='ez-toc-page-1 ez-toc-heading-level-3'><a class=\"ez-toc-link ez-toc-heading-4\" href=\"https:\/\/www.stvvalves.com\/ro\/industrial-valves-and-pipe\/#Y_Strainer\" >Sita Y<\/a><\/li><li class='ez-toc-page-1 ez-toc-heading-level-3'><a class=\"ez-toc-link ez-toc-heading-5\" href=\"https:\/\/www.stvvalves.com\/ro\/industrial-valves-and-pipe\/#Industrial_Check_Valve\" >Supap\u0103 de re\u021binere industrial\u0103<\/a><\/li><li class='ez-toc-page-1 ez-toc-heading-level-3'><a class=\"ez-toc-link ez-toc-heading-6\" href=\"https:\/\/www.stvvalves.com\/ro\/industrial-valves-and-pipe\/#Industrial_Globe_Valve\" >Supap\u0103 industrial\u0103 cu glob<\/a><\/li><li class='ez-toc-page-1 ez-toc-heading-level-3'><a class=\"ez-toc-link ez-toc-heading-7\" href=\"https:\/\/www.stvvalves.com\/ro\/industrial-valves-and-pipe\/#Industrial_Butterfly_Valve\" >Supap\u0103 fluture industrial\u0103<\/a><\/li><li class='ez-toc-page-1 ez-toc-heading-level-3'><a class=\"ez-toc-link ez-toc-heading-8\" href=\"https:\/\/www.stvvalves.com\/ro\/industrial-valves-and-pipe\/#Pipe_Fitting\" >Racord pentru \u021bevi<\/a><\/li><li class='ez-toc-page-1 ez-toc-heading-level-3'><a class=\"ez-toc-link ez-toc-heading-9\" href=\"https:\/\/www.stvvalves.com\/ro\/industrial-valves-and-pipe\/#Contact_Us\" >Contacta\u0163i-ne<\/a><\/li><\/ul><\/li><\/ul><\/nav><\/div>\n<h2 class='av-special-heading-tag'  ><span class=\"ez-toc-section\" id=\"Industrial_Control_Valves_List\"><\/span>Lista supapelor de control industrial<span class=\"ez-toc-section-end\"><\/span><\/h2><div class='special-heading-border'><div class='special-heading-inner-border' ><\/div><\/div><\/div><br \/>\n<section class=\"av_textblock_section\" ><div class='avia_textblock'  ><p>Fiind unul dintre cei mai importan\u021bi produc\u0103tori de supape industriale din China, furniz\u0103m diverse supape \u00een Europa, America de Sud \u0219i Asia \u0219i \u00een \u00eentreaga lume. Cu \u021bevile \u0219i supapele noastre industriale remarcabile, am stabilit cu m\u00e2ndrie o rela\u021bie pe termen lung \u0219i ferm\u0103 cu partenerul nostru de afaceri. Produsul nostru larg acoper\u0103 utilizarea major\u0103 pe aceast\u0103 pia\u021b\u0103. Oferim, de asemenea, op\u021biunea pentru produse de specialitate la comand\u0103.<\/p>\n<div class='avia-button-wrap avia-button-center'><a href='https:\/\/www.stvvalves.com\/ro\/contact-us\/' class='avia-button   avia-icon_select-no avia-color-theme-color avia-size-large avia-position-center'   ><span class='avia_iconbox_title' >Contacta\u0163i-ne<\/span><\/a><\/div>\n<\/div><\/section><\/p><\/div>\n<div class=\"flex_column av_one_third  flex_column_div av-zero-column-padding first\" style='border-width:1px; border-color:#07385e; border-style:solid; border-radius:0px; '><div class='avia-image-container  av-styling-    avia-align-center'  ><div class='avia-image-container-inner'><a href='https:\/\/www.stvvalves.com\/ro\/wholesale\/ball-valve\/' class='avia_image'  ><img class='avia_image' src='https:\/\/www.stvvalves.com\/wp-content\/uploads\/2021\/04\/Ball-valve.jpg' alt='Industrial ball valve' title='Supap\u0103 cu bil\u0103'  \/><\/a><\/div><\/div><\/div>\n<div class=\"flex_column av_two_third  flex_column_div av-zero-column-padding\" style='border-radius:0px; '><p><div style='padding-bottom:10px;' class='av-special-heading av-special-heading-h3'><h3 class='av-special-heading-tag'  ><span class=\"ez-toc-section\" id=\"Industrial_Ball_Valves\"><\/span>Supape industriale cu bil\u0103<span class=\"ez-toc-section-end\"><\/span><\/h3><div class='special-heading-border'><div class='special-heading-inner-border' ><\/div><\/div><\/div><br \/>\n<section class=\"av_textblock_section\" ><div class='avia_textblock'  ><p>O supap\u0103 cu bil\u0103 industrial\u0103 este o supap\u0103 cu o bil\u0103 sferic\u0103 \u00een interiorul corpului supapei. Sfera are o gaur\u0103 prin mijloc, astfel \u00eenc\u00e2t, atunci c\u00e2nd este \u00een linie cu ambele capete ale supapei, curgerea va avea loc. C\u00e2nd supapa este \u00eenchis\u0103, orificiul este perpendicular pe capetele supapei \u0219i fluxul este blocat.<\/p>\n<p>Supapele cu bil\u0103 sunt utilizate pe scar\u0103 larg\u0103 \u00een aplica\u021bii industriale datorit\u0103 versatilit\u0103\u021bii \u0219i u\u0219urin\u021bei de reparare \u0219i a func\u021bion\u0103rii rapide.<\/p>\n<div class='avia-button-wrap avia-button-center'><a href='https:\/\/www.stvvalves.com\/ro\/wholesale\/ball-valve\/' class='avia-button   avia-icon_select-no avia-color-custom avia-size-medium avia-position-center'  style='background-color:#07385e; border-color:#07385e; color:#ffffff; ' ><span class='avia_iconbox_title' >Mai multe robinete cu bil\u0103 industriale<\/span><\/a><\/div>\n<\/div><\/section><\/p><\/div>\n<div  class='hr hr-default'><span class='hr-inner' ><span class='hr-inner-style'><\/span><\/span><\/div>\n<div class=\"flex_column av_one_third  flex_column_div av-zero-column-padding first\" style='border-width:1px; border-color:#07385e; border-style:solid; border-radius:0px; '><div class='avia-image-container  av-styling-    avia-align-center'  ><div class='avia-image-container-inner'><a href='https:\/\/www.stvvalves.com\/ro\/wholesale\/gate-valve\/' class='avia_image'  ><img class='avia_image' src='https:\/\/www.stvvalves.com\/wp-content\/uploads\/2021\/04\/Gate-valve-2.jpg' alt='Industrial Gate valve' title='Supap\u0103 cu poart\u0103'  \/><\/a><\/div><\/div><\/div>\n<div class=\"flex_column av_two_third  flex_column_div av-zero-column-padding\" style='border-radius:0px; '><p><div style='padding-bottom:10px;' class='av-special-heading av-special-heading-h3'><h3 class='av-special-heading-tag'  ><span class=\"ez-toc-section\" id=\"Industrial_Gate_Valves\"><\/span>Supape industriale<span class=\"ez-toc-section-end\"><\/span><\/h3><div class='special-heading-border'><div class='special-heading-inner-border' ><\/div><\/div><\/div><br \/>\n<section class=\"av_textblock_section\" ><div class='avia_textblock'  ><p>Robinetele industriale, utilizate \u00een mod obi\u0219nuit \u00een instala\u021biile de proces \u0219i sistemele de ap\u0103, sunt supape cu mi\u0219care liniar\u0103 utilizate pentru a porni sau opri fluxul de fluid sau gaz. \u00cen timpul func\u021bion\u0103rii, robinetele sunt fie complet deschise, fie complet \u00eenchise. Acestea permit o c\u0103dere minim\u0103 de presiune pe m\u0103sur\u0103 ce fluidul trece prin supap\u0103. Acest lucru se datoreaz\u0103 faptului c\u0103 supapa cu poart\u0103 este scoas\u0103 din flux atunci c\u00e2nd este complet deschis\u0103, f\u0103r\u0103 a crea rezisten\u021b\u0103.<\/p>\n<p>Supapele cu gur\u0103, de\u0219i nu sunt proiectate pentru reglare sau func\u021bionare prea frecvent\u0103, sunt \u00een general ideale pentru servicii care necesit\u0103 aplica\u021bii cu debit complet sau f\u0103r\u0103 debit.<\/p>\n<div class='avia-button-wrap avia-button-center'><a href='https:\/\/www.stvvalves.com\/ro\/wholesale\/gate-valve\/' class='avia-button   avia-icon_select-no avia-color-custom avia-size-medium avia-position-center'  style='background-color:#07385e; border-color:#07385e; color:#ffffff; ' ><span class='avia_iconbox_title' >Mai multe robinete industriale<\/span><\/a><\/div>\n<\/div><\/section><\/p><\/div>\n<div  class='hr hr-default'><span class='hr-inner' ><span class='hr-inner-style'><\/span><\/span><\/div>\n<div class=\"flex_column av_one_third  flex_column_div av-zero-column-padding first\" style='border-width:1px; border-color:#07385e; border-style:solid; border-radius:0px; '><div class='avia-image-container  av-styling-circle    avia-align-center'  ><div class='avia-image-container-inner'><a href='https:\/\/www.stvvalves.com\/ro\/wholesale\/y-strainer\/' class='avia_image'  ><img class='avia_image' src='https:\/\/www.stvvalves.com\/wp-content\/uploads\/2021\/05\/cast-steel-Y-type-strainer-300x300.jpg' alt='cast steel Y type strainer supplier' title='sita tip Y din otel turnat'  \/><\/a><\/div><\/div><\/div><div class=\"flex_column av_two_third  flex_column_div av-zero-column-padding\" style='border-radius:0px; '><p><div style='padding-bottom:10px;' class='av-special-heading av-special-heading-h3'><h3 class='av-special-heading-tag'  ><span class=\"ez-toc-section\" id=\"Y_Strainer\"><\/span>Sita Y<span class=\"ez-toc-section-end\"><\/span><\/h3><div class='special-heading-border'><div class='special-heading-inner-border' ><\/div><\/div><\/div><br \/>\n<section class=\"av_textblock_section\" ><div class='avia_textblock'  ><p>Scopul acestor supape este de a opri particulele s\u0103 treac\u0103 printr-o conduct\u0103 \u0219i s\u0103 deterioreze echipamentele sensibile. Ei fac acest lucru folosind un element de tensionare din plas\u0103 perforat\u0103.<\/p>\n<p>Utilizarea unei sit\u0103ri Y are ca rezultat c\u0103derea de presiune minim\u0103.<\/p>\n<div class='avia-button-wrap avia-button-center'><a href='https:\/\/www.stvvalves.com\/ro\/wholesale\/y-strainer\/' class='avia-button   avia-icon_select-no avia-color-custom avia-size-medium avia-position-center'  style='background-color:#07385e; border-color:#07385e; color:#ffffff; ' ><span class='avia_iconbox_title' >Mai multe filtre Y<\/span><\/a><\/div>\n<\/div><\/section><\/p><\/div><\/p>\n<div  class='hr hr-default'><span class='hr-inner' ><span class='hr-inner-style'><\/span><\/span><\/div>\n<div class=\"flex_column av_one_third  flex_column_div av-zero-column-padding first\" style='border-width:1px; border-color:#07385e; border-style:solid; border-radius:0px; '><div class='avia-image-container  av-styling-    avia-align-center'  ><div class='avia-image-container-inner'><a href='https:\/\/www.stvvalves.com\/ro\/wholesale\/check-valves\/' class='avia_image'  ><img class='avia_image' src='https:\/\/www.stvvalves.com\/wp-content\/uploads\/2021\/04\/Check-Valve-1.jpg' alt='600lb Industrial Check Valve' title='Verifica valva'  \/><\/a><\/div><\/div><\/div>\n<div class=\"flex_column av_two_third  flex_column_div av-zero-column-padding\" style='border-radius:0px; '><p><div style='padding-bottom:10px;' class='av-special-heading av-special-heading-h3'><h3 class='av-special-heading-tag'  ><span class=\"ez-toc-section\" id=\"Industrial_Check_Valve\"><\/span>Supap\u0103 de re\u021binere industrial\u0103<span class=\"ez-toc-section-end\"><\/span><\/h3><div class='special-heading-border'><div class='special-heading-inner-border' ><\/div><\/div><\/div><br \/>\n<section class=\"av_textblock_section\" ><div class='avia_textblock'  ><p>Supapa de re\u021binere industrial\u0103, cunoscut\u0103 \u0219i ca supap\u0103 de re\u021binere, este utilizat\u0103 \u00een sistemele de conducte pentru a restric\u021biona \u0219i opri refluxul. Fluidul care trece printr-o conduct\u0103 creeaz\u0103 presiune \u0219i viteza de curgere care deschide supapa. Pe de alt\u0103 parte, inversarea fluxului va determina \u00eenchiderea supapei. Exist\u0103 o varietate de tipuri de supape, \u00een func\u021bie de cerin\u021bele sistemului dumneavoastr\u0103.<\/p>\n<div class='avia-button-wrap avia-button-center'><a href='https:\/\/www.stvvalves.com\/ro\/wholesale\/check-valves\/' class='avia-button   avia-icon_select-no avia-color-custom avia-size-medium avia-position-center'  style='background-color:#07385e; border-color:#07385e; color:#ffffff; ' ><span class='avia_iconbox_title' >Mai multe supape de re\u021binere industriale<\/span><\/a><\/div>\n<\/div><\/section><\/p><\/div>\n<div  class='hr hr-default'><span class='hr-inner' ><span class='hr-inner-style'><\/span><\/span><\/div>\n<div class=\"flex_column av_one_third  flex_column_div av-zero-column-padding first\" style='border-width:1px; border-color:#07385e; border-style:solid; border-radius:0px; '><div class='avia-image-container  av-styling-    avia-align-center'  ><div class='avia-image-container-inner'><a href='https:\/\/www.stvvalves.com\/ro\/wholesale\/globe-valve\/' class='avia_image'  ><img class='avia_image' src='https:\/\/www.stvvalves.com\/wp-content\/uploads\/2021\/04\/globe-valve.jpg' alt='Industrial globe valve' title='supap\u0103 cu glob'  \/><\/a><\/div><\/div><\/div>\n<div class=\"flex_column av_two_third  flex_column_div av-zero-column-padding\" style='border-radius:0px; '><p><div style='padding-bottom:10px;' class='av-special-heading av-special-heading-h3'><h3 class='av-special-heading-tag'  ><span class=\"ez-toc-section\" id=\"Industrial_Globe_Valve\"><\/span>Supap\u0103 industrial\u0103 cu glob<span class=\"ez-toc-section-end\"><\/span><\/h3><div class='special-heading-border'><div class='special-heading-inner-border' ><\/div><\/div><\/div><br \/>\n<section class=\"av_textblock_section\" ><div class='avia_textblock'  ><p>Aceste supape industriale Globe sunt folosite pentru a opri, a porni \u0219i a controla fluxul de fluid. Spre deosebire de pozi\u021bionarea perpendicular\u0103 a supapelor cu poart\u0103, pozi\u021bionarea supapelor cu glob este paralel\u0103 cu linia de curgere. Tot contactul dintre scaun \u0219i disc se termin\u0103 c\u00e2nd \u00eencepe curgerea. Acest lucru ofer\u0103 supapei o capacitate eficient\u0103 de reglare a debitului. Aceste supape de mi\u0219care liniar\u0103 sunt utilizate pentru a opri, porni \u0219i controla fluxul de fluid. Spre deosebire de pozi\u021bionarea perpendicular\u0103 a supapelor cu poart\u0103, pozi\u021bionarea supapelor cu glob este paralel\u0103 cu linia de curgere. Tot contactul dintre scaun \u0219i disc se termin\u0103 c\u00e2nd \u00eencepe curgerea. Acest lucru ofer\u0103 supapei o capacitate eficient\u0103 de reglare a debitului.<\/p>\n<div class='avia-button-wrap avia-button-center'><a href='https:\/\/www.stvvalves.com\/ro\/wholesale\/globe-valve\/' class='avia-button   avia-icon_select-no avia-color-custom avia-size-medium avia-position-center'  style='background-color:#07385e; border-color:#07385e; color:#ffffff; ' ><span class='avia_iconbox_title' >Mai multe robinete industriale<\/span><\/a><\/div>\n<\/div><\/section><\/p><\/div>\n<div  class='hr hr-default'><span class='hr-inner' ><span class='hr-inner-style'><\/span><\/span><\/div>\n<div class=\"flex_column av_one_third  flex_column_div av-zero-column-padding first\" style='border-width:1px; border-color:#07385e; border-style:solid; border-radius:0px; '><div class='avia-image-container  av-styling-    avia-align-center'  ><div class='avia-image-container-inner'><a href='https:\/\/www.stvvalves.com\/ro\/wholesale\/butterfly-valve\/' class='avia_image'  ><img class='avia_image' src='https:\/\/www.stvvalves.com\/wp-content\/uploads\/2021\/04\/Butterful-Valve.jpg' alt='China Industrial Butterfly Valve' title='Robinet fluture'  \/><\/a><\/div><\/div><\/div>\n<div class=\"flex_column av_two_third  flex_column_div av-zero-column-padding\" style='border-radius:0px; '><p><div style='padding-bottom:10px;' class='av-special-heading av-special-heading-h3'><h3 class='av-special-heading-tag'  ><span class=\"ez-toc-section\" id=\"Industrial_Butterfly_Valve\"><\/span>Supap\u0103 fluture industrial\u0103<span class=\"ez-toc-section-end\"><\/span><\/h3><div class='special-heading-border'><div class='special-heading-inner-border' ><\/div><\/div><\/div><br \/>\n<section class=\"av_textblock_section\" ><div class='avia_textblock'  ><p>Aceste supape fluture industriale \u00ee\u0219i deriv\u0103 numele de la ac\u021biunea \u00een form\u0103 de arip\u0103 a discurilor lor, care func\u021bioneaz\u0103 \u00een unghi drept cu fluxul. Principalele avantaje ale unei supape fluture sunt costul redus, func\u021bionarea rapid\u0103, instalarea u\u0219oar\u0103 \u0219i greutatea redus\u0103 pentru raportul de dimensiuni.<\/p>\n<p>Aceste supape pot fi utilizate \u00een pozi\u021bii complet deschise sau complet \u00eenchise. Ele pot fi, de asemenea, folosite ca o modalitate ieftin\u0103 de a controla fluxul de lichide sau gaze. Cu toate acestea, acestea nu sunt considerate a fi supape de control precise.<\/p>\n<div class='avia-button-wrap avia-button-center'><a href='https:\/\/www.stvvalves.com\/ro\/wholesale\/butterfly-valve\/' class='avia-button   avia-icon_select-no avia-color-custom avia-size-medium avia-position-center'  style='background-color:#07385e; border-color:#07385e; color:#ffffff; ' ><span class='avia_iconbox_title' >Mai multe valve fluture industriale<\/span><\/a><\/div>\n<\/div><\/section><\/p><\/div>\n<div  class='hr hr-default'><span class='hr-inner' ><span class='hr-inner-style'><\/span><\/span><\/div>\n<div class=\"flex_column av_one_third  flex_column_div av-zero-column-padding first\" style='border-width:1px; border-color:#07385e; border-style:solid; border-radius:0px; '><div class='avia-image-container  av-styling-    avia-align-center'  ><div class='avia-image-container-inner'><a href='https:\/\/www.stvvalves.com\/ro\/wholesale\/pipe-fitting\/' class='avia_image'  ><img class='avia_image' src='https:\/\/www.stvvalves.com\/wp-content\/uploads\/2021\/04\/PIPE-FITING.jpg' alt='Pipe Fitting' title='MONTARE \u021aevi'  \/><\/a><\/div><\/div><\/div>\n<div class=\"flex_column av_two_third  flex_column_div av-zero-column-padding\" style='border-radius:0px; '><p><div style='padding-bottom:10px;' class='av-special-heading av-special-heading-h3'><h3 class='av-special-heading-tag'  ><span class=\"ez-toc-section\" id=\"Pipe_Fitting\"><\/span>Racord pentru \u021bevi<span class=\"ez-toc-section-end\"><\/span><\/h3><div class='special-heading-border'><div class='special-heading-inner-border' ><\/div><\/div><\/div><br \/>\n<section class=\"av_textblock_section\" ><div class='avia_textblock'  ><p>Fitingurile pentru \u021bevi sunt componente de \u021bevi care ajut\u0103 la schimbarea direc\u021biei fluxului, cum ar fi coturile, teurile. Schimb\u0103 dimensiunea \u021bevii, cum ar fi reductoarele, te-urile de reducere. Conecta\u021bi diferite componente, cum ar fi cuplaje \u0219i opri\u021bi fluxurile, cum ar fi capacele.<\/p>\n<div class='avia-button-wrap avia-button-center'><a href='https:\/\/www.stvvalves.com\/ro\/wholesale\/pipe-fitting\/' class='avia-button   avia-icon_select-no avia-color-custom avia-size-medium avia-position-center'  style='background-color:#07385e; border-color:#07385e; color:#ffffff; ' ><span class='avia_iconbox_title' >Mai multe fitinguri pentru \u021bevi<\/span><\/a><\/div>\n<\/div><\/section><\/p><\/div>\n<div  class='hr hr-default'><span class='hr-inner' ><span class='hr-inner-style'><\/span><\/span><\/div>\n<div class=\"flex_column av_one_half  flex_column_div av-zero-column-padding first\" style='border-radius:0px; '><p><div style='padding-bottom:10px;' class='av-special-heading av-special-heading-h3'><h3 class='av-special-heading-tag'  ><span class=\"ez-toc-section\" id=\"Contact_Us\"><\/span>Contacta\u0163i-ne<span class=\"ez-toc-section-end\"><\/span><\/h3><div class='special-heading-border'><div class='special-heading-inner-border' ><\/div><\/div><\/div><br \/>\n<section class=\"av_textblock_section\" ><div class='avia_textblock'  ><p>STV este unul dintre cei mai importan\u021bi produc\u0103tori de supape industriale din China, situat \u00een Parcul Industrial Yongqiang High-Tech, ora\u0219ul Wenzhou, provincia Zhejiang, ca o companie specializat\u0103 \u00een supape industriale \u0219i echipamente de montare a \u021bevilor.<\/p>\n<p>C\u0103uta\u021bi produc\u0103tori de supape de deviere industriale din China? Nu ezita\u021bi s\u0103 ne contacta\u021bi dac\u0103 ave\u021bi \u00eentreb\u0103ri despre robinetele industriale sau solicita\u021bi o ofert\u0103. Exper\u021bii no\u0219tri experimenta\u021bi \u00een supape v\u0103 vor oferi feedback \u00een termen de 24 de ore \u0219i v\u0103 vor oferi o solu\u021bie personalizat\u0103 pentru supape.<\/p>\n<p><strong>domnule Jalen Lee<\/strong><\/p>\n<p>Ad\u0103uga\u021bi: 88#, Jifeng Road, ora\u0219ul Wenzhou, provincia Zhejiang, 325025<\/p>\n<p>E-mail: <a href=\"mailto:sales@stvvalves.com\">sales@stvvalves.com<\/a><\/p>\n<p>Tel 1:\u00a0<a href=\"tel:0086-0577-85987444\">+86-0577-85987444<\/a><\/p>\n<p>Tel 2:\u00a0<a href=\"tel:008615157766245\">+8615157766245<\/a><\/p>\n<\/div><\/section><\/p><\/div>\n<div class=\"flex_column av_one_half  flex_column_div av-zero-column-padding\" style='border-radius:0px; '><section class=\"av_textblock_section\" ><div class='avia_textblock'  >\n<div class=\"wpcf7 no-js\" id=\"wpcf7-f3466-o1\" lang=\"en-US\" dir=\"ltr\" data-wpcf7-id=\"3466\">\n<div class=\"screen-reader-response\"><p role=\"status\" aria-live=\"polite\" aria-atomic=\"true\"><\/p> <ul><\/ul><\/div>\n<form action=\"\/ro\/wp-json\/wp\/v2\/pages\/5836#wpcf7-f3466-o1\" method=\"post\" class=\"wpcf7-form init\" aria-label=\"Formular de contact\" novalidate=\"novalidate\" data-status=\"init\" data-trp-original-action=\"\/ro\/wp-json\/wp\/v2\/pages\/5836#wpcf7-f3466-o1\">\n<fieldset class=\"hidden-fields-container\"><input type=\"hidden\" name=\"_wpcf7\" value=\"3466\" \/><input type=\"hidden\" name=\"_wpcf7_version\" value=\"6.1.5\" \/><input type=\"hidden\" name=\"_wpcf7_locale\" value=\"en_US\" \/><input type=\"hidden\" name=\"_wpcf7_unit_tag\" value=\"wpcf7-f3466-o1\" \/><input type=\"hidden\" name=\"_wpcf7_container_post\" value=\"0\" \/><input type=\"hidden\" name=\"_wpcf7_posted_data_hash\" value=\"\" \/>\n<\/fieldset>\n<p>Telefonul tau<br \/>\n<span class=\"wpcf7-form-control-wrap\" data-name=\"your-name\"><input size=\"40\" maxlength=\"400\" class=\"wpcf7-form-control wpcf7-text wpcf7-validates-as-required text_input\" aria-required=\"true\" aria-invalid=\"false\" value=\"\" type=\"text\" name=\"your-name\" \/><\/span><br \/>\nEmail-ul tau<br \/>\n<span class=\"wpcf7-form-control-wrap\" data-name=\"your-email\"><input size=\"40\" maxlength=\"400\" class=\"wpcf7-form-control wpcf7-email wpcf7-validates-as-required wpcf7-text wpcf7-validates-as-email text_input\" aria-required=\"true\" aria-invalid=\"false\" value=\"\" type=\"email\" name=\"your-email\" \/><\/span><br \/>\nMesajul dvs<br \/>\n<span class=\"wpcf7-form-control-wrap\" data-name=\"your-message\"><textarea cols=\"40\" rows=\"10\" maxlength=\"2000\" class=\"wpcf7-form-control wpcf7-textarea wpcf7-validates-as-required text_area\" aria-required=\"true\" aria-invalid=\"false\" name=\"your-message\"><\/textarea><\/span><br \/>\n<input class=\"wpcf7-form-control wpcf7-submit has-spinner\" type=\"submit\" value=\"Trimite\" \/>\n<\/p><div class=\"wpcf7-response-output\" aria-hidden=\"true\"><\/div>\n<input type=\"hidden\" name=\"trp-form-language\" value=\"ro\"\/><\/form>\n<\/div>\n\n<\/div><\/section><\/div>","protected":false},"excerpt":{"rendered":"","protected":false},"author":290641,"featured_media":0,"parent":0,"menu_order":0,"comment_status":"closed","ping_status":"closed","template":"","meta":{"footnotes":""},"class_list":["post-5836","page","type-page","status-publish","hentry"],"_links":{"self":[{"href":"https:\/\/www.stvvalves.com\/ro\/wp-json\/wp\/v2\/pages\/5836","targetHints":{"allow":["GET"]}}],"collection":[{"href":"https:\/\/www.stvvalves.com\/ro\/wp-json\/wp\/v2\/pages"}],"about":[{"href":"https:\/\/www.stvvalves.com\/ro\/wp-json\/wp\/v2\/types\/page"}],"author":[{"embeddable":true,"href":"https:\/\/www.stvvalves.com\/ro\/wp-json\/wp\/v2\/users\/290641"}],"replies":[{"embeddable":true,"href":"https:\/\/www.stvvalves.com\/ro\/wp-json\/wp\/v2\/comments?post=5836"}],"version-history":[{"count":38,"href":"https:\/\/www.stvvalves.com\/ro\/wp-json\/wp\/v2\/pages\/5836\/revisions"}],"predecessor-version":[{"id":6412,"href":"https:\/\/www.stvvalves.com\/ro\/wp-json\/wp\/v2\/pages\/5836\/revisions\/6412"}],"wp:attachment":[{"href":"https:\/\/www.stvvalves.com\/ro\/wp-json\/wp\/v2\/media?parent=5836"}],"curies":[{"name":"wp","href":"https:\/\/api.w.org\/{rel}","templated":true}]}}