{"id":3806,"date":"2018-11-13T01:39:03","date_gmt":"2018-11-13T01:39:03","guid":{"rendered":"https:\/\/www.stvvalves.com\/?post_type=product&#038;p=3806"},"modified":"2025-02-19T19:52:11","modified_gmt":"2025-02-19T11:52:11","slug":"3-piece-ball-valve-1000wog-dn50-316-body-and-trim-npt-end","status":"publish","type":"product","link":"https:\/\/www.stvvalves.com\/ro\/products\/3-piece-ball-valve-1000wog-dn50-316-body-and-trim-npt-end\/","title":{"rendered":"Supap\u0103 cu bil\u0103 din 3 piese, 1000WOG, DN50,316 Corp \u0219i, ornament, cap\u0103t NPT"},"content":{"rendered":"<p>3 Piece Full Port Ball Valve is a non-maintainable full bore ball valve; providing safe operation for both general and industrial chemical applications.<\/p>\n<p>supap\u0103 cu bil\u0103 de uz general care este de \u00eencredere. Corp din o\u021bel inoxidabil \u0219i scaun PTFE umplut cu carbon.<\/p>\n<p>Dispune de o tij\u0103 rezistent\u0103 la explozie \u0219i m\u00e2ner izolat, m\u00e2ner de p\u00e2rghie blocabil.<\/p>\n<p>Corp din o\u021bel inoxidabil CF8M 316<br \/>\nBSP cu \u0219uruburi, NPT<br \/>\nDimensiuni: 1\/4\u2033 p\u00e2n\u0103 la 4\u2033<br \/>\nInterval de temperatur\u0103: -20 \u00b0C p\u00e2n\u0103 la +200 \u00b0C<br \/>\nPresiune de operare: 1000 PSI (1\/4\u2033 la 2\u2033) \u0219i 800 PSI (2 1\/2\u2033 la 4\u2033)<br \/>\nMi\u0219care: rota\u021bie de 90\u00b0<\/p>\n<table>\n<tbody>\n<tr>\n<td width=\"200\"><strong>Numele produsului 3<\/strong><\/td>\n<td width=\"481\">\u00a0Piece Full Port Ball Valve,CF8 Body,1000WOG,NPT End<\/td>\n<\/tr>\n<tr>\n<td width=\"200\">1. Material<\/td>\n<td width=\"481\">CF8<\/td>\n<\/tr>\n<tr>\n<td width=\"200\">2. Dimensiunea<\/td>\n<td width=\"481\">2\u201d<\/td>\n<\/tr>\n<tr>\n<td width=\"200\">4. Port<\/td>\n<td width=\"481\">Port complet<\/td>\n<\/tr>\n<tr>\n<td width=\"200\">5. Presiunea de lucru<\/td>\n<td width=\"481\">1000WOG<\/td>\n<\/tr>\n<tr>\n<td width=\"200\">6. Conexiunea se termin\u0103<\/td>\n<td width=\"481\">NPT<\/td>\n<\/tr>\n<tr>\n<td width=\"200\">7. Temp. de lucru.<\/td>\n<td width=\"481\">-29~180\u00baC,<\/td>\n<\/tr>\n<tr>\n<td width=\"200\">8. Mediu potrivit<\/td>\n<td width=\"481\">Ap\u0103, gaze naturale, ulei \u0219i ceva lichid coroziv<\/td>\n<\/tr>\n<tr>\n<td width=\"200\">9. Operat<\/td>\n<td width=\"481\">Roat\u0103 de m\u00e2n\u0103<\/td>\n<\/tr>\n<tr>\n<td width=\"200\">10. Inspec\u021bie \u0219i testare<\/td>\n<td width=\"481\">Conform API598<\/td>\n<\/tr>\n<tr>\n<td width=\"200\"><strong>Expediere<\/strong><\/td>\n<td width=\"481\"><\/td>\n<\/tr>\n<tr>\n<td width=\"200\">Timpul de livrare<\/td>\n<td width=\"481\">30 de zile<\/td>\n<\/tr>\n<tr>\n<td width=\"200\">Pachet<\/td>\n<td width=\"481\">Carcas\u0103 standard de export de placaj<\/td>\n<\/tr>\n<tr>\n<td width=\"200\">Portul de expediere<\/td>\n<td width=\"481\">Ningbo\/Shanghai, China<\/td>\n<\/tr>\n<tr>\n<td width=\"200\">Termeni de livrare<\/td>\n<td width=\"481\">Exw, FOB, CFR, CIF etc.<\/td>\n<\/tr>\n<tr>\n<td width=\"200\">Termeni de plat\u0103<\/td>\n<td width=\"481\">T\/T, Western Union, PayPal etc.<\/td>\n<\/tr>\n<tr>\n<td width=\"200\"><\/td>\n<td width=\"481\">Plat\u0103 anticipat\u0103 30%, sold 70% pl\u0103tit \u00eenainte de expediere<\/td>\n<\/tr>\n<tr>\n<td width=\"200\">\u021aara de origine<\/td>\n<td width=\"481\">Ora\u0219ul Wenzhou, China<\/td>\n<\/tr>\n<tr>\n<td width=\"200\">Capacitatea de produc\u021bie<\/td>\n<td width=\"481\">6000 tone\/an<\/td>\n<\/tr>\n<tr>\n<td width=\"200\">MOQ<\/td>\n<td width=\"481\">1 buc\/dimensiune<\/td>\n<\/tr>\n<\/tbody>\n<\/table>","protected":false},"excerpt":{"rendered":"<p>Model: Q11F-1000WOG-2\u2033<\/p>\n<p>STV Valve Technology Group Co., Ltd is a professional leader China 2 inch ball valve,3 piece ball valve,full port ball valve,lockable ball valve,small ball valve,socket weld ball valve,stainless ball valve,threaded ball valve Manufacturer with high quality and competitive price.<\/p>\n<p>V\u0103 rug\u0103m s\u0103 contacta\u021bi sales@stvvalve.com pentru alte materiale \u0219i detalii.<\/p>\n<p>Fi\u0219\u0103 de date:<a href=\"https:\/\/www.stvvalves.com\/wp-content\/uploads\/2018\/11\/3-piece-ball-valve-drawing.pdf\">Supap\u0103 cu bil\u0103 din 3 piese, 1000WOG, DN50,316 Corp \u0219i, ornament, cap\u0103t NPT<\/a><\/p>","protected":false},"featured_media":3842,"template":"","meta":[],"product_brand":[],"product_cat":[43,79],"product_tag":[158,154,156,157,161,160,155,159],"class_list":{"0":"post-3806","1":"product","2":"type-product","3":"status-publish","4":"has-post-thumbnail","6":"product_cat-ball-valve","7":"product_cat-threaded-ball-valve","8":"product_tag-2-inch-ball-valve","9":"product_tag-3-piece-ball-valve","10":"product_tag-full-port-ball-valve","11":"product_tag-lockable-ball-valve","12":"product_tag-small-ball-valve","13":"product_tag-socket-weld-ball-valve","14":"product_tag-stainless-ball-valve","15":"product_tag-threaded-ball-valve","17":"first","18":"instock","19":"shipping-taxable","20":"product-type-simple"},"_links":{"self":[{"href":"https:\/\/www.stvvalves.com\/ro\/wp-json\/wp\/v2\/product\/3806","targetHints":{"allow":["GET"]}}],"collection":[{"href":"https:\/\/www.stvvalves.com\/ro\/wp-json\/wp\/v2\/product"}],"about":[{"href":"https:\/\/www.stvvalves.com\/ro\/wp-json\/wp\/v2\/types\/product"}],"wp:featuredmedia":[{"embeddable":true,"href":"https:\/\/www.stvvalves.com\/ro\/wp-json\/wp\/v2\/media\/3842"}],"wp:attachment":[{"href":"https:\/\/www.stvvalves.com\/ro\/wp-json\/wp\/v2\/media?parent=3806"}],"wp:term":[{"taxonomy":"product_brand","embeddable":true,"href":"https:\/\/www.stvvalves.com\/ro\/wp-json\/wp\/v2\/product_brand?post=3806"},{"taxonomy":"product_cat","embeddable":true,"href":"https:\/\/www.stvvalves.com\/ro\/wp-json\/wp\/v2\/product_cat?post=3806"},{"taxonomy":"product_tag","embeddable":true,"href":"https:\/\/www.stvvalves.com\/ro\/wp-json\/wp\/v2\/product_tag?post=3806"}],"curies":[{"name":"wp","href":"https:\/\/api.w.org\/{rel}","templated":true}]}}