{"id":3843,"date":"2018-11-23T06:05:24","date_gmt":"2018-11-23T06:05:24","guid":{"rendered":"https:\/\/www.stvvalves.com\/?post_type=product&#038;p=3843"},"modified":"2025-02-19T19:51:52","modified_gmt":"2025-02-19T11:51:52","slug":"3-way-ball-valve-t-port-cf8m-body-npt-end","status":"publish","type":"product","link":"https:\/\/www.stvvalves.com\/ro\/products\/3-way-ball-valve-t-port-cf8m-body-npt-end\/","title":{"rendered":"Supap\u0103 cu bil\u0103 cu 3 c\u0103i, port T, corp CF8M, cap\u0103t NPT"},"content":{"rendered":"<p>3 Way Ball Valve provides safe operation for both general and industrial chemical applications. A 3 way reduced Ball valve with Stainless Steel body, PTFE seat and ISO mounting top for actuation.<\/p>\n<p>Features a blow-out proof stem and self-adjusting stem sealing.<\/p>\n<p>Caracteristici cheie:<br \/>\nAvailable sizes: 1\/4\u2033 to 4\u2033.<br \/>\nTemperature range: -20 \u00b0C to 260\u00b0C.<br \/>\nEnd connection: Screwed BSP or NPT<br \/>\nThree way, L or T port, reduced .<br \/>\nPTFE seat and ISO mounting top<br \/>\nM\u00e2ner izolat, m\u00e2ner de p\u00e2rghie blocabil.<br \/>\nMi\u0219care: rota\u021bie de 90\u00b0.<br \/>\nInvestment cast with low torque. Additional sizes and connections available on request .<\/p>\n<table>\n<tbody>\n<tr>\n<td width=\"200\"><strong>numele produsului<\/strong><\/td>\n<td width=\"481\">Supap\u0103 cu bil\u0103 cu 3 c\u0103i, port T, corp CF8M, cap\u0103t NPT<\/td>\n<\/tr>\n<tr>\n<td width=\"200\">1. Material<\/td>\n<td width=\"481\">316<\/td>\n<\/tr>\n<tr>\n<td width=\"200\">2. Dimensiunea<\/td>\n<td width=\"481\">1\u201d<\/td>\n<\/tr>\n<tr>\n<td width=\"200\">4. Port<\/td>\n<td width=\"481\">Port reductor<\/td>\n<\/tr>\n<tr>\n<td width=\"200\">5. Presiunea de lucru<\/td>\n<td width=\"481\">1000WOG<\/td>\n<\/tr>\n<tr>\n<td width=\"200\">6. Conexiunea se termin\u0103<\/td>\n<td width=\"481\">NPT<\/td>\n<\/tr>\n<tr>\n<td width=\"200\">7. Temp. de lucru.<\/td>\n<td width=\"481\">-29~180\u00baC,<\/td>\n<\/tr>\n<tr>\n<td width=\"200\">8. Mediu potrivit<\/td>\n<td width=\"481\">Ap\u0103, gaze naturale, ulei \u0219i ceva lichid coroziv<\/td>\n<\/tr>\n<tr>\n<td width=\"200\">9. Operat<\/td>\n<td width=\"481\">Roat\u0103 de m\u00e2n\u0103<\/td>\n<\/tr>\n<tr>\n<td width=\"200\">10. Inspec\u021bie \u0219i testare<\/td>\n<td width=\"481\">Conform API598<\/td>\n<\/tr>\n<tr>\n<td width=\"200\"><strong>Expediere<\/strong><\/td>\n<td width=\"481\"><\/td>\n<\/tr>\n<tr>\n<td width=\"200\">Timpul de livrare<\/td>\n<td width=\"481\">30 de zile<\/td>\n<\/tr>\n<tr>\n<td width=\"200\">Pachet<\/td>\n<td width=\"481\">Carcas\u0103 standard de export de placaj<\/td>\n<\/tr>\n<tr>\n<td width=\"200\">Portul de expediere<\/td>\n<td width=\"481\">Ningbo\/Shanghai, China<\/td>\n<\/tr>\n<tr>\n<td width=\"200\">Termeni de livrare<\/td>\n<td width=\"481\">Exw, FOB, CFR, CIF etc.<\/td>\n<\/tr>\n<tr>\n<td width=\"200\">Termeni de plat\u0103<\/td>\n<td width=\"481\">T\/T, Western Union, PayPal etc.<\/td>\n<\/tr>\n<tr>\n<td width=\"200\"><\/td>\n<td width=\"481\">Plat\u0103 anticipat\u0103 30%, sold 70% pl\u0103tit \u00eenainte de expediere<\/td>\n<\/tr>\n<tr>\n<td width=\"200\">\u021aara de origine<\/td>\n<td width=\"481\">Ora\u0219ul Wenzhou, China<\/td>\n<\/tr>\n<tr>\n<td width=\"200\">Capacitatea de produc\u021bie<\/td>\n<td width=\"481\">6000 tone\/an<\/td>\n<\/tr>\n<tr>\n<td width=\"200\">MOQ<\/td>\n<td width=\"481\">1 buc\/dimensiune<\/td>\n<\/tr>\n<\/tbody>\n<\/table>","protected":false},"excerpt":{"rendered":"<p>3 Way Ball Valve provides safe operation for both general and industrial chemical applications. A 3 way reduced Ball valve with Stainless Steel body, PTFE seat and ISO mounting top for actuation.<\/p>\n<p>Features a blow-out proof stem and self-adjusting stem sealing.<\/p>\n<p>&nbsp;<\/p>\n<p>STV Valve Technology Group Co., Ltd is a professional leader China 1000 WOG Ball Valve,3 Way Ball Valve,CF8M Ball Valve,T Port Ball Valve,stainless steel ball valve,floating ball valve,2 inch ball valve,1 inch ball valve,3 inch ball valve,4 inch ball valve,water ball valve ,gas ball valve gas ball valve,threaded ball valve,lockable ball valve Manufacturer with high quality and competitive price.<\/p>\n<p>V\u0103 rug\u0103m s\u0103 contacta\u021bi sales@stvvalve.com pentru alte materiale \u0219i detalii.<\/p>\n<p>Date Sheet:3 Way Ball Valve,T Port,CF8M Body,NPT End<\/p>","protected":false},"featured_media":3844,"template":"","meta":[],"product_brand":[],"product_cat":[43,79],"product_tag":[166,173,158,1003,171,168,174,125,170,157,686,172,159,169],"class_list":{"0":"post-3843","1":"product","2":"type-product","3":"status-publish","4":"has-post-thumbnail","6":"product_cat-ball-valve","7":"product_cat-threaded-ball-valve","8":"product_tag-1-inch-ball-valve","9":"product_tag-1000-wog-ball-valve","10":"product_tag-2-inch-ball-valve","11":"product_tag-3-inch-ball-valve","12":"product_tag-3-way-ball-valve","13":"product_tag-4-inch-ball-valve","14":"product_tag-cf8m-ball-valve","15":"product_tag-floating-ball-valve","16":"product_tag-gas-ball-valve","17":"product_tag-lockable-ball-valve","18":"product_tag-stainless-steel-ball-valve","19":"product_tag-t-port-ball-valve","20":"product_tag-threaded-ball-valve","21":"product_tag-water-ball-valve","23":"first","24":"instock","25":"shipping-taxable","26":"product-type-simple"},"_links":{"self":[{"href":"https:\/\/www.stvvalves.com\/ro\/wp-json\/wp\/v2\/product\/3843","targetHints":{"allow":["GET"]}}],"collection":[{"href":"https:\/\/www.stvvalves.com\/ro\/wp-json\/wp\/v2\/product"}],"about":[{"href":"https:\/\/www.stvvalves.com\/ro\/wp-json\/wp\/v2\/types\/product"}],"wp:featuredmedia":[{"embeddable":true,"href":"https:\/\/www.stvvalves.com\/ro\/wp-json\/wp\/v2\/media\/3844"}],"wp:attachment":[{"href":"https:\/\/www.stvvalves.com\/ro\/wp-json\/wp\/v2\/media?parent=3843"}],"wp:term":[{"taxonomy":"product_brand","embeddable":true,"href":"https:\/\/www.stvvalves.com\/ro\/wp-json\/wp\/v2\/product_brand?post=3843"},{"taxonomy":"product_cat","embeddable":true,"href":"https:\/\/www.stvvalves.com\/ro\/wp-json\/wp\/v2\/product_cat?post=3843"},{"taxonomy":"product_tag","embeddable":true,"href":"https:\/\/www.stvvalves.com\/ro\/wp-json\/wp\/v2\/product_tag?post=3843"}],"curies":[{"name":"wp","href":"https:\/\/api.w.org\/{rel}","templated":true}]}}