{"id":3850,"date":"2018-11-23T06:31:47","date_gmt":"2018-11-23T06:31:47","guid":{"rendered":"https:\/\/www.stvvalves.com\/?post_type=product&#038;p=3850"},"modified":"2025-02-19T19:50:47","modified_gmt":"2025-02-19T11:50:47","slug":"1pc-ball-valve-reducer-port-cf8-body-lever-operated","status":"publish","type":"product","link":"https:\/\/www.stvvalves.com\/ro\/products\/1pc-ball-valve-reducer-port-cf8-body-lever-operated\/","title":{"rendered":"1 supap\u0103 cu bil\u0103, port reductor, corp CF8, ac\u0163ionat cu p\u00e2rghie"},"content":{"rendered":"<p>Caracteristici cheie:<br \/>\nConexiuni de cap\u0103t \u00een\u0219urubate BSP sau NPT<br \/>\nCF8M o\u021bel inoxidabil<br \/>\nScaun PTFE<br \/>\nDimensiuni: 1\/4\u2033 p\u00e2n\u0103 la 4\u2033<br \/>\nInterval de temperatur\u0103: -20 \u00b0C p\u00e2n\u0103 la +180 \u00b0C<br \/>\nPresiune de operare: 1000 WOG<br \/>\nMi\u0219care: rota\u021bie de 90\u00b0<\/p>\n<table>\n<tbody>\n<tr>\n<td width=\"200\"><strong>numele produsului<\/strong><\/td>\n<td width=\"481\">1 supap\u0103 cu bil\u0103, port reductor, corp CF8, ac\u0163ionat cu p\u00e2rghie<\/td>\n<\/tr>\n<tr>\n<td width=\"200\">1. Material<\/td>\n<td width=\"481\">CF8<\/td>\n<\/tr>\n<tr>\n<td width=\"200\">2. Dimensiunea<\/td>\n<td width=\"481\">2\u201d<\/td>\n<\/tr>\n<tr>\n<td width=\"200\">4. Port<\/td>\n<td width=\"481\">Port complet<\/td>\n<\/tr>\n<tr>\n<td width=\"200\">5. Presiunea de lucru<\/td>\n<td width=\"481\">1000WOG<\/td>\n<\/tr>\n<tr>\n<td width=\"200\">6. Conexiunea se termin\u0103<\/td>\n<td width=\"481\">NPT<\/td>\n<\/tr>\n<tr>\n<td width=\"200\">7. Temp. de lucru.<\/td>\n<td width=\"481\">-29~120\u00baC,<\/td>\n<\/tr>\n<tr>\n<td width=\"200\">8. Mediu potrivit<\/td>\n<td width=\"481\">Ap\u0103, gaze naturale, ulei \u0219i ceva lichid coroziv<\/td>\n<\/tr>\n<tr>\n<td width=\"200\">9. Operat<\/td>\n<td width=\"481\">Roat\u0103 de m\u00e2n\u0103<\/td>\n<\/tr>\n<tr>\n<td width=\"200\">10. Inspec\u021bie \u0219i testare<\/td>\n<td width=\"481\">Conform API598<\/td>\n<\/tr>\n<tr>\n<td width=\"200\"><strong>Expediere<\/strong><\/td>\n<td width=\"481\"><\/td>\n<\/tr>\n<tr>\n<td width=\"200\">Timpul de livrare<\/td>\n<td width=\"481\">30 de zile<\/td>\n<\/tr>\n<tr>\n<td width=\"200\">Pachet<\/td>\n<td width=\"481\">Carcas\u0103 standard de export de placaj<\/td>\n<\/tr>\n<tr>\n<td width=\"200\">Portul de expediere<\/td>\n<td width=\"481\">Ningbo\/Shanghai, China<\/td>\n<\/tr>\n<tr>\n<td width=\"200\">Termeni de livrare<\/td>\n<td width=\"481\">Exw, FOB, CFR, CIF etc.<\/td>\n<\/tr>\n<tr>\n<td width=\"200\">Termeni de plat\u0103<\/td>\n<td width=\"481\">T\/T, Western Union, PayPal etc.<\/td>\n<\/tr>\n<tr>\n<td width=\"200\"><\/td>\n<td width=\"481\">Plat\u0103 anticipat\u0103 30%, sold 70% pl\u0103tit \u00eenainte de expediere<\/td>\n<\/tr>\n<tr>\n<td width=\"200\">\u021aara de origine<\/td>\n<td width=\"481\">Ora\u0219ul Wenzhou, China<\/td>\n<\/tr>\n<tr>\n<td width=\"200\">Capacitatea de produc\u021bie<\/td>\n<td width=\"481\">6000 tone\/an<\/td>\n<\/tr>\n<tr>\n<td width=\"200\">MOQ<\/td>\n<td width=\"481\">1 buc\/dimensiune<\/td>\n<\/tr>\n<\/tbody>\n<\/table>","protected":false},"excerpt":{"rendered":"<p>Model: Q11F-1-1000WOG-2\u2033<\/p>\n<p>1 supap\u0103 cu bil\u0103, port reductor, corp CF8, ac\u0163ionat cu p\u00e2rghie este o supap\u0103 cu bil\u0103 ne\u00eentre\u0163inut\u0103 dintr-o singur\u0103 bucat\u0103, cu orificiu redus, mam\u0103\/fem\u0103; oferind o func\u021bionare sigur\u0103 at\u00e2t pentru aplica\u021bii chimice generale, c\u00e2t \u0219i pentru cele industriale.<\/p>\n<p>O supap\u0103 cu bil\u0103 economic\u0103, compact\u0103 \u0219i fiabil\u0103, cu corp din o\u021bel inoxidabil CF8M \u0219i scaun PTFE.<\/p>\n<p>Folosit pentru a \u201e\u00eenchide\u201d debitele medii pentru o gam\u0103 larg\u0103 de sarcini lichide \u0219i gazoase, inclusiv scurgere \u0219i suflare, izolarea manometrelor \u0219i punctele de testare.<\/p>\n<p>Dispune de o tij\u0103 rezistent\u0103 la explozie \u0219i m\u00e2ner izolat, m\u00e2ner de p\u00e2rghie blocabil.<\/p>\n<p>STV Valve Technology Group Co., Ltd este un lider profesionist din China 1 supap\u0103 cu bil\u0103, supap\u0103 cu bil\u0103 CF8M, supap\u0103 cu bil\u0103 cu port reductor, robinet cu bil\u0103 turnat, supap\u0103 cu bil\u0103 cu cap\u0103t NPT, supap\u0103 cu bil\u0103 de 2 inchi, supap\u0103 cu bil\u0103 de 3 inchi, supap\u0103 cu bil\u0103 de 4 inchi , supap\u0103 cu bil\u0103 pentru ap\u0103, supap\u0103 cu bil\u0103 pentru gaz, supap\u0103 cu sfera filetat\u0103, supap\u0103 cu sfera blocabil, supap\u0103 cu bil\u0103 cu p\u00e2rghie, supap\u0103 cu sfera mic\u0103, mini robinet cu bil\u0103 Produc\u0103tor de \u00eenalt\u0103 calitate \u0219i pre\u021b competitiv.<\/p>\n<p>V\u0103 rug\u0103m s\u0103 contacta\u021bi sales@stvvalve.com pentru alte materiale \u0219i detalii.<br \/>\n<a href=\"https:\/\/www.stvvalves.com\/wp-content\/uploads\/2018\/11\/1PC-Ball-Valve-Reducer-Port-CF8-Body-Lever-Operated-Drawing.pdf\">1 supap\u0103 cu bil\u0103<\/a><\/p>","protected":false},"featured_media":3852,"template":"","meta":[],"product_brand":[],"product_cat":[43,79],"product_tag":[176,158,1003,168,1001,174,170,996,157,202,1002,175,161,159,169],"class_list":{"0":"post-3850","1":"product","2":"type-product","3":"status-publish","4":"has-post-thumbnail","6":"product_cat-ball-valve","7":"product_cat-threaded-ball-valve","8":"product_tag-1pc-ball-valve","9":"product_tag-2-inch-ball-valve","10":"product_tag-3-inch-ball-valve","11":"product_tag-4-inch-ball-valve","12":"product_tag-casting-ball-vave","13":"product_tag-cf8m-ball-valve","14":"product_tag-gas-ball-valve","15":"product_tag-lever-ball-valve","16":"product_tag-lockable-ball-valve","17":"product_tag-mini-ball-valve","18":"product_tag-npt-end-ball-ball-valve","19":"product_tag-reducer-port-ball-valve","20":"product_tag-small-ball-valve","21":"product_tag-threaded-ball-valve","22":"product_tag-water-ball-valve","24":"first","25":"instock","26":"shipping-taxable","27":"product-type-simple"},"_links":{"self":[{"href":"https:\/\/www.stvvalves.com\/ro\/wp-json\/wp\/v2\/product\/3850","targetHints":{"allow":["GET"]}}],"collection":[{"href":"https:\/\/www.stvvalves.com\/ro\/wp-json\/wp\/v2\/product"}],"about":[{"href":"https:\/\/www.stvvalves.com\/ro\/wp-json\/wp\/v2\/types\/product"}],"wp:featuredmedia":[{"embeddable":true,"href":"https:\/\/www.stvvalves.com\/ro\/wp-json\/wp\/v2\/media\/3852"}],"wp:attachment":[{"href":"https:\/\/www.stvvalves.com\/ro\/wp-json\/wp\/v2\/media?parent=3850"}],"wp:term":[{"taxonomy":"product_brand","embeddable":true,"href":"https:\/\/www.stvvalves.com\/ro\/wp-json\/wp\/v2\/product_brand?post=3850"},{"taxonomy":"product_cat","embeddable":true,"href":"https:\/\/www.stvvalves.com\/ro\/wp-json\/wp\/v2\/product_cat?post=3850"},{"taxonomy":"product_tag","embeddable":true,"href":"https:\/\/www.stvvalves.com\/ro\/wp-json\/wp\/v2\/product_tag?post=3850"}],"curies":[{"name":"wp","href":"https:\/\/api.w.org\/{rel}","templated":true}]}}