{"id":3871,"date":"2018-11-24T07:46:57","date_gmt":"2018-11-24T07:46:57","guid":{"rendered":"https:\/\/www.stvvalves.com\/?post_type=product&#038;p=3871"},"modified":"2025-02-17T18:17:55","modified_gmt":"2025-02-17T10:17:55","slug":"stainless-steel-screwed-spring-check-valve-dn40-npt-end","status":"publish","type":"product","link":"https:\/\/www.stvvalves.com\/ro\/products\/stainless-steel-screwed-spring-check-valve-dn40-npt-end\/","title":{"rendered":"Supap\u0103 de re\u021binere cu arc cu \u0219uruburi din o\u021bel inoxidabil, DN40, cap\u0103t NPT"},"content":{"rendered":"<p><img loading=\"lazy\" decoding=\"async\" class=\"alignnone wp-image-3879 size-full\" src=\"https:\/\/www.stvvalves.com\/wp-content\/uploads\/2018\/11\/Stainless-Steel-Screwed-Spring-Check-Valve-DN40-NPT-End-drawing.jpg\" alt=\"\" width=\"1653\" height=\"2339\" srcset=\"https:\/\/www.stvvalves.com\/wp-content\/uploads\/2018\/11\/Stainless-Steel-Screwed-Spring-Check-Valve-DN40-NPT-End-drawing.jpg 1653w, https:\/\/www.stvvalves.com\/wp-content\/uploads\/2018\/11\/Stainless-Steel-Screwed-Spring-Check-Valve-DN40-NPT-End-drawing-600x849.jpg 600w, https:\/\/www.stvvalves.com\/wp-content\/uploads\/2018\/11\/Stainless-Steel-Screwed-Spring-Check-Valve-DN40-NPT-End-drawing-212x300.jpg 212w, https:\/\/www.stvvalves.com\/wp-content\/uploads\/2018\/11\/Stainless-Steel-Screwed-Spring-Check-Valve-DN40-NPT-End-drawing-768x1087.jpg 768w, https:\/\/www.stvvalves.com\/wp-content\/uploads\/2018\/11\/Stainless-Steel-Screwed-Spring-Check-Valve-DN40-NPT-End-drawing-728x1030.jpg 728w, https:\/\/www.stvvalves.com\/wp-content\/uploads\/2018\/11\/Stainless-Steel-Screwed-Spring-Check-Valve-DN40-NPT-End-drawing-1060x1500.jpg 1060w, https:\/\/www.stvvalves.com\/wp-content\/uploads\/2018\/11\/Stainless-Steel-Screwed-Spring-Check-Valve-DN40-NPT-End-drawing-498x705.jpg 498w\" sizes=\"auto, (max-width: 1653px) 100vw, 1653px\" \/><\/p>","protected":false},"excerpt":{"rendered":"<p>Supap\u0103 de re\u021binere cu arc cu \u0219uruburi din o\u021bel inoxidabil, DN40, cap\u0103t NPT<br \/>\nSupapa noastr\u0103 de re\u021binere cu arc \u00een\u0219urubat din o\u021bel inoxidabil ofer\u0103 capabilit\u0103\u021bi excelente de etan\u0219are at\u00e2t pentru presiuni \u00eenalte, c\u00e2t \u0219i pentru cele sc\u0103zute; aplica\u021biile de uz general, industriale \u0219i HVAC includ ap\u0103, \u00eenc\u0103lzire, instala\u021bii de aer condi\u021bionat \u0219i sisteme de aer comprimat. O supap\u0103 de re\u021binere fiabil\u0103 \u0219i robust\u0103, cu un corp din 2 piese care poate fi \u00eentre\u021binut, etan\u0219are din PTFE \u0219i scaun din viton.<\/p>\n<p>C\u00e2nd este echipat\u0103 cu un co\u0219 din o\u021bel inoxidabil, supapa devine o supap\u0103 de picior complet func\u021bional\u0103.<\/p>\n<p>Instalat fie vertical (numai \u00een sus) sau orizontal.<\/p>\n<p>Caracteristici cheie:<br \/>\nDisponibil \u00een BSP cu \u0219uruburi, cu arc de control sau supap\u0103 de picior,<br \/>\ndimensiuni: 1\/4\u2033 p\u00e2n\u0103 la 4\u2033<br \/>\nInterval de temperatur\u0103: -20\u00b0C p\u00e2n\u0103 la 120\u00b0C.<br \/>\nPresiune nominal\u0103: p\u00e2n\u0103 la 20 bar.<br \/>\nMaterial caroserie: 304.316<br \/>\nFabricare: STV<\/p>\n<p>STV Valve Technology Group Co., Ltd este un lider profesionist China1000 PSI supapa de re\u021binere, supap\u0103 de re\u021binere NPT, supap\u0103 de re\u021binere cu arc, supap\u0103 de re\u021binere vertical\u0103, supap\u0103 de re\u021binere din o\u021bel inoxidabil, supap\u0103 de re\u021binere cu arc, supap\u0103 de re\u021binere de ridicare Produc\u0103tor de \u00eenalt\u0103 calitate si pret competitiv.<\/p>\n<p>Fi\u0219\u0103 de date:<br \/>\n<a href=\"https:\/\/www.stvvalves.com\/wp-content\/uploads\/2018\/11\/VERTICAL-CHV-316-Model.pdf\">Supap\u0103 de re\u021binere cu arc cu \u0219uruburi din o\u021bel inoxidabil<\/a><\/p>","protected":false},"featured_media":3874,"template":"","meta":[],"product_brand":[],"product_cat":[46,67],"product_tag":[183,1004,184,182,227,633,181],"class_list":{"0":"post-3871","1":"product","2":"type-product","3":"status-publish","4":"has-post-thumbnail","6":"product_cat-check-valves","7":"product_cat-stainless-steel-check-valve","8":"product_tag-1000-psi-check-valve","9":"product_tag-lift-check-valve","10":"product_tag-npt-end-check-valve","11":"product_tag-spring-check-valve","12":"product_tag-spring-loaded-check-valve","13":"product_tag-stainless-steel-check-valve","14":"product_tag-vertical-check-valve","16":"first","17":"instock","18":"shipping-taxable","19":"product-type-simple"},"_links":{"self":[{"href":"https:\/\/www.stvvalves.com\/ro\/wp-json\/wp\/v2\/product\/3871","targetHints":{"allow":["GET"]}}],"collection":[{"href":"https:\/\/www.stvvalves.com\/ro\/wp-json\/wp\/v2\/product"}],"about":[{"href":"https:\/\/www.stvvalves.com\/ro\/wp-json\/wp\/v2\/types\/product"}],"wp:featuredmedia":[{"embeddable":true,"href":"https:\/\/www.stvvalves.com\/ro\/wp-json\/wp\/v2\/media\/3874"}],"wp:attachment":[{"href":"https:\/\/www.stvvalves.com\/ro\/wp-json\/wp\/v2\/media?parent=3871"}],"wp:term":[{"taxonomy":"product_brand","embeddable":true,"href":"https:\/\/www.stvvalves.com\/ro\/wp-json\/wp\/v2\/product_brand?post=3871"},{"taxonomy":"product_cat","embeddable":true,"href":"https:\/\/www.stvvalves.com\/ro\/wp-json\/wp\/v2\/product_cat?post=3871"},{"taxonomy":"product_tag","embeddable":true,"href":"https:\/\/www.stvvalves.com\/ro\/wp-json\/wp\/v2\/product_tag?post=3871"}],"curies":[{"name":"wp","href":"https:\/\/api.w.org\/{rel}","templated":true}]}}