{"id":3880,"date":"2018-11-24T08:34:32","date_gmt":"2018-11-24T08:34:32","guid":{"rendered":"https:\/\/www.stvvalves.com\/?post_type=product&#038;p=3880"},"modified":"2025-02-17T18:17:53","modified_gmt":"2025-02-17T10:17:53","slug":"screwed-stainless-steel-swing-check-valve","status":"publish","type":"product","link":"https:\/\/www.stvvalves.com\/ro\/products\/screwed-stainless-steel-swing-check-valve\/","title":{"rendered":"Supap\u0103 de re\u021binere pivotant\u0103 din o\u021bel inoxidabil \u00een\u0219urubat"},"content":{"rendered":"<p><img loading=\"lazy\" decoding=\"async\" class=\"alignnone size-full wp-image-3887\" src=\"https:\/\/www.stvvalves.com\/wp-content\/uploads\/2018\/11\/Screwed-Stainless-Steel-Swing-Check-Valve-Drawing.jpg\" alt=\"\" width=\"1653\" height=\"2338\" srcset=\"https:\/\/www.stvvalves.com\/wp-content\/uploads\/2018\/11\/Screwed-Stainless-Steel-Swing-Check-Valve-Drawing.jpg 1653w, https:\/\/www.stvvalves.com\/wp-content\/uploads\/2018\/11\/Screwed-Stainless-Steel-Swing-Check-Valve-Drawing-600x849.jpg 600w, https:\/\/www.stvvalves.com\/wp-content\/uploads\/2018\/11\/Screwed-Stainless-Steel-Swing-Check-Valve-Drawing-212x300.jpg 212w, https:\/\/www.stvvalves.com\/wp-content\/uploads\/2018\/11\/Screwed-Stainless-Steel-Swing-Check-Valve-Drawing-768x1086.jpg 768w, https:\/\/www.stvvalves.com\/wp-content\/uploads\/2018\/11\/Screwed-Stainless-Steel-Swing-Check-Valve-Drawing-728x1030.jpg 728w, https:\/\/www.stvvalves.com\/wp-content\/uploads\/2018\/11\/Screwed-Stainless-Steel-Swing-Check-Valve-Drawing-1061x1500.jpg 1061w, https:\/\/www.stvvalves.com\/wp-content\/uploads\/2018\/11\/Screwed-Stainless-Steel-Swing-Check-Valve-Drawing-498x705.jpg 498w\" sizes=\"auto, (max-width: 1653px) 100vw, 1653px\" \/><\/p>","protected":false},"excerpt":{"rendered":"<p>Model: H14W-200WOG-11\/2<br \/>\nSupap\u0103 de re\u021binere pivotant\u0103 din o\u021bel inoxidabil \u00een\u0219urubat<br \/>\nSupapa noastr\u0103 de re\u021binere oscilant\u0103 din o\u021bel inoxidabil cu \u0219uruburi ofer\u0103 capabilit\u0103\u021bi excelente de etan\u0219are at\u00e2t pentru presiuni \u00eenalte, c\u00e2t \u0219i pentru cele sc\u0103zute; aplica\u021biile de uz general, industriale \u0219i HVAC includ ap\u0103, \u00eenc\u0103lzire, instala\u021bii de aer condi\u021bionat \u0219i sisteme de aer comprimat. O supap\u0103 de \u00eenalt\u0103 performan\u021b\u0103 fiabil\u0103, cu costuri reduse, cu un corp din o\u021bel inoxidabil, capac din PTFE \u0219i etan\u0219are a \u0219tiftului balamalei.<\/p>\n<p>Instalat fie vertical (numai \u00een sus) sau orizontal.<\/p>\n<p>Caracteristici cheie:<br \/>\nDisponibil \u00een BSP cu \u0219uruburi, NPT<br \/>\ndimensiuni: 1\/4\u2033 p\u00e2n\u0103 la 4\u2033<br \/>\nInterval de temperatur\u0103: -20\u00b0C p\u00e2n\u0103 la 180\u00b0C.<br \/>\nPresiune nominal\u0103: 200 PSI.<br \/>\nMaterial caroserie: 304.316<\/p>\n<p>STV Valve Technology Group Co., Ltd este un lider profesionist din China 200 Wog Supap\u0103 de re\u021binere, supap\u0103 de re\u021binere, supap\u0103 de re\u021binere \u00een\u0219urubat\u0103, supap\u0103 de re\u021binere oscilant\u0103 din o\u021bel inoxidabil, supap\u0103 de re\u021binere din o\u021bel inoxidabil, supap\u0103 de re\u021binere pivotant\u0103 Produc\u0103tor de \u00eenalt\u0103 calitate \u0219i pre\u021b competitiv.<br \/>\nFi\u0219\u0103 de date:<br \/>\n<a href=\"https:\/\/www.stvvalves.com\/wp-content\/uploads\/2018\/11\/Screwed-Stainless-Steel-Swing-Check-Valve-Drawing.pdf\">Supap\u0103 de re\u021binere pivotant\u0103 din o\u021bel inoxidabil \u00een\u0219urubat<\/a><\/p>","protected":false},"featured_media":3882,"template":"","meta":[],"product_brand":[],"product_cat":[46,67],"product_tag":[188,185,186,187,633,152],"class_list":{"0":"post-3880","1":"product","2":"type-product","3":"status-publish","4":"has-post-thumbnail","6":"product_cat-check-valves","7":"product_cat-stainless-steel-check-valve","8":"product_tag-200-wog-swing-check-valve","9":"product_tag-check-valve","10":"product_tag-screwed-check-valve","11":"product_tag-screwed-stainless-steel-swing-check-valve","12":"product_tag-stainless-steel-check-valve","13":"product_tag-swing-check-valve","15":"first","16":"instock","17":"shipping-taxable","18":"product-type-simple"},"_links":{"self":[{"href":"https:\/\/www.stvvalves.com\/ro\/wp-json\/wp\/v2\/product\/3880","targetHints":{"allow":["GET"]}}],"collection":[{"href":"https:\/\/www.stvvalves.com\/ro\/wp-json\/wp\/v2\/product"}],"about":[{"href":"https:\/\/www.stvvalves.com\/ro\/wp-json\/wp\/v2\/types\/product"}],"wp:featuredmedia":[{"embeddable":true,"href":"https:\/\/www.stvvalves.com\/ro\/wp-json\/wp\/v2\/media\/3882"}],"wp:attachment":[{"href":"https:\/\/www.stvvalves.com\/ro\/wp-json\/wp\/v2\/media?parent=3880"}],"wp:term":[{"taxonomy":"product_brand","embeddable":true,"href":"https:\/\/www.stvvalves.com\/ro\/wp-json\/wp\/v2\/product_brand?post=3880"},{"taxonomy":"product_cat","embeddable":true,"href":"https:\/\/www.stvvalves.com\/ro\/wp-json\/wp\/v2\/product_cat?post=3880"},{"taxonomy":"product_tag","embeddable":true,"href":"https:\/\/www.stvvalves.com\/ro\/wp-json\/wp\/v2\/product_tag?post=3880"}],"curies":[{"name":"wp","href":"https:\/\/api.w.org\/{rel}","templated":true}]}}