{"id":3897,"date":"2018-11-24T14:47:41","date_gmt":"2018-11-24T14:47:41","guid":{"rendered":"https:\/\/www.stvvalves.com\/?post_type=product&#038;p=3897"},"modified":"2024-12-25T15:00:17","modified_gmt":"2024-12-25T07:00:17","slug":"screwed-stainless-steel-globe-valve","status":"publish","type":"product","link":"https:\/\/www.stvvalves.com\/ro\/products\/screwed-stainless-steel-globe-valve\/","title":{"rendered":"Supap\u0103 cu glob din o\u021bel inoxidabil \u00een\u0219urubat"},"content":{"rendered":"<p>Capat filetat: ANSI B2.1,BS 21:1973,<br \/>\nDIN 259\/2999, ISO 228<br \/>\nStructura: supap\u0103 glob<br \/>\nPresiune: 200PSI<br \/>\nDimensiunea portului: standard<br \/>\nMaterial: WCB,304,316<br \/>\nSize: 1\/2\u2033-4\u2033<br \/>\nManer roata<\/p>\n<table>\n<tbody>\n<tr>\n<td width=\"200\"><strong>numele produsului<\/strong><\/td>\n<td width=\"481\">Supap\u0103 cu glob din o\u021bel inoxidabil, CF8,3 inch, 200 WOG, cap\u0103t NPT<\/td>\n<\/tr>\n<tr>\n<td width=\"200\">1. Material<\/td>\n<td width=\"481\">CF8M<\/td>\n<\/tr>\n<tr>\n<td width=\"200\">2. Dimensiunea<\/td>\n<td width=\"481\">11\/2\u201d<\/td>\n<\/tr>\n<tr>\n<td width=\"200\">4. Port<\/td>\n<td width=\"481\">Port complet<\/td>\n<\/tr>\n<tr>\n<td width=\"200\">5. Presiunea de lucru<\/td>\n<td width=\"481\">200WOG<\/td>\n<\/tr>\n<tr>\n<td width=\"200\">6. Conexiunea se termin\u0103<\/td>\n<td width=\"481\">NPT<\/td>\n<\/tr>\n<tr>\n<td width=\"200\">7. Temp. de lucru.<\/td>\n<td width=\"481\">-29~120\u00baC,<\/td>\n<\/tr>\n<tr>\n<td width=\"200\">8. Mediu potrivit<\/td>\n<td width=\"481\">Ap\u0103, gaze naturale, ulei \u0219i ceva lichid coroziv<\/td>\n<\/tr>\n<tr>\n<td width=\"200\">9. Operat<\/td>\n<td width=\"481\">Roat\u0103 de m\u00e2n\u0103<\/td>\n<\/tr>\n<tr>\n<td width=\"200\">10. Inspec\u021bie \u0219i testare<\/td>\n<td width=\"481\">Conform API598<\/td>\n<\/tr>\n<tr>\n<td width=\"200\"><strong>Expediere<\/strong><\/td>\n<td width=\"481\"><\/td>\n<\/tr>\n<tr>\n<td width=\"200\">Timpul de livrare<\/td>\n<td width=\"481\">30 de zile<\/td>\n<\/tr>\n<tr>\n<td width=\"200\">Pachet<\/td>\n<td width=\"481\">Carcas\u0103 standard de export de placaj<\/td>\n<\/tr>\n<tr>\n<td width=\"200\">Portul de expediere<\/td>\n<td width=\"481\">Ningbo\/Shanghai, China<\/td>\n<\/tr>\n<tr>\n<td width=\"200\">Termeni de livrare<\/td>\n<td width=\"481\">Exw, FOB, CFR, CIF etc.<\/td>\n<\/tr>\n<tr>\n<td width=\"200\">Termeni de plat\u0103<\/td>\n<td width=\"481\">T\/T, Western Union, PayPal etc.<\/td>\n<\/tr>\n<tr>\n<td width=\"200\"><\/td>\n<td width=\"481\">Plat\u0103 anticipat\u0103 30%, sold 70% pl\u0103tit \u00eenainte de expediere<\/td>\n<\/tr>\n<tr>\n<td width=\"200\">\u021aara de origine<\/td>\n<td width=\"481\">Ora\u0219ul Wenzhou, China<\/td>\n<\/tr>\n<tr>\n<td width=\"200\">Capacitatea de produc\u021bie<\/td>\n<td width=\"481\">6000 tone\/an<\/td>\n<\/tr>\n<tr>\n<td width=\"200\">MOQ<\/td>\n<td width=\"481\">1 buc\/dimensiune<\/td>\n<\/tr>\n<\/tbody>\n<\/table>","protected":false},"excerpt":{"rendered":"<p>Supap\u0103 cu glob din o\u021bel inoxidabil \u00een\u0219urubat<br \/>\nSupapa noastr\u0103 cu glob din o\u021bel inoxidabil \u00een\u0219urubat este potrivit\u0103 pentru aplica\u021bii industriale, inclusiv fabrici chimice, spitale, fabricarea vopselei \u0219i instala\u021bii care utilizeaz\u0103 lichide agresive; ideal pentru sarcini de izolare \u0219i medii, inclusiv aer, gaz, ulei \u0219i ap\u0103. O roat\u0103 de m\u00e2n\u0103, supap\u0103 cu glob \u00een\u0219urubat cu tij\u0103 \u00een sus, corp, capot\u0103 \u0219i disc din o\u021bel inoxidabil.<\/p>\n<p>Ofer\u0103 o \u00eenchidere etan\u0219\u0103, cu capacitatea de a fi utilizat par\u021bial deschis pentru a regla debitul.<\/p>\n<p>Caracteristici cheie:<br \/>\nDisponibil \u00een dimensiuni: 1\/4\u2033 p\u00e2n\u0103 la 4\u2033.<br \/>\nInterval de temperatur\u0103: -20\u00b0C p\u00e2n\u0103 la 180\u00b0C.<br \/>\nPresiune nominal\u0103: 200 PSI.<br \/>\nO supap\u0103 f\u0103r\u0103 \u00eentre\u021binere, perfect\u0103 pentru izolare.<br \/>\nMaterial caroserie: 304.316.<br \/>\nProduc\u021bie: supap\u0103 STV<\/p>\n<p>STV Valve Technology Group Co., Ltd este un lider profesionist din China, supap\u0103 cu glob de 200 PSI, supap\u0103 cu glob, supap\u0103 cu glob \u00een\u0219urubat, supap\u0103 cu glob din o\u021bel inoxidabil, supap\u0103 cu glob NPT femel\u0103, supap\u0103 cu glob I inch, supap\u0103 cu glob de 2 inch, produc\u0103tor de supape cu glob 316 NPT cu \u00eenalt\u0103 calitate \u0219i pre\u021b competitiv.<\/p>\n<p>V\u0103 rug\u0103m s\u0103 contacta\u021bi sales@stvvalve.com pentru alte materiale \u0219i detalii.<\/p>\n<p>Fi\u0219\u0103 de date:<br \/>\n<a href=\"https:\/\/www.stvvalves.com\/wp-content\/uploads\/2018\/11\/Screwed-Stainless-Steel-Globe-Valve-DRAWING.pdf\">Supap\u0103 cu glob din o\u021bel inoxidabil \u00een\u0219urubat<\/a><\/p>","protected":false},"featured_media":3902,"template":"","meta":[],"product_brand":[],"product_cat":[45,189],"product_tag":[884,193,1021,1019,190,1020,191,192],"class_list":{"0":"post-3897","1":"product","2":"type-product","3":"status-publish","4":"has-post-thumbnail","6":"product_cat-globe-valve","7":"product_cat-stainless-steel-globe-valve","8":"product_tag-2-inch-globe-valve","9":"product_tag-200-psi-globe-valve","10":"product_tag-316-npt-globe-valve","11":"product_tag-female-npt-globe-valve","12":"product_tag-globe-valve","13":"product_tag-i-inch-globe-valve","14":"product_tag-screwed-globe-valve","15":"product_tag-stainless-steel-globe-valve","17":"first","18":"instock","19":"shipping-taxable","20":"product-type-simple"},"_links":{"self":[{"href":"https:\/\/www.stvvalves.com\/ro\/wp-json\/wp\/v2\/product\/3897","targetHints":{"allow":["GET"]}}],"collection":[{"href":"https:\/\/www.stvvalves.com\/ro\/wp-json\/wp\/v2\/product"}],"about":[{"href":"https:\/\/www.stvvalves.com\/ro\/wp-json\/wp\/v2\/types\/product"}],"wp:featuredmedia":[{"embeddable":true,"href":"https:\/\/www.stvvalves.com\/ro\/wp-json\/wp\/v2\/media\/3902"}],"wp:attachment":[{"href":"https:\/\/www.stvvalves.com\/ro\/wp-json\/wp\/v2\/media?parent=3897"}],"wp:term":[{"taxonomy":"product_brand","embeddable":true,"href":"https:\/\/www.stvvalves.com\/ro\/wp-json\/wp\/v2\/product_brand?post=3897"},{"taxonomy":"product_cat","embeddable":true,"href":"https:\/\/www.stvvalves.com\/ro\/wp-json\/wp\/v2\/product_cat?post=3897"},{"taxonomy":"product_tag","embeddable":true,"href":"https:\/\/www.stvvalves.com\/ro\/wp-json\/wp\/v2\/product_tag?post=3897"}],"curies":[{"name":"wp","href":"https:\/\/api.w.org\/{rel}","templated":true}]}}