{"id":3909,"date":"2018-11-24T15:45:23","date_gmt":"2018-11-24T15:45:23","guid":{"rendered":"https:\/\/www.stvvalves.com\/?post_type=product&#038;p=3909"},"modified":"2025-02-17T18:17:50","modified_gmt":"2025-02-17T10:17:50","slug":"forged-steel-gate-valve-class-800","status":"publish","type":"product","link":"https:\/\/www.stvvalves.com\/ro\/products\/forged-steel-gate-valve-class-800\/","title":{"rendered":"Supap\u0103 cu poart\u0103 din o\u021bel forjat clasa 800"},"content":{"rendered":"<p>Caracteristici de design<br \/>\n1. Port complet sau port conven\u021bional<br \/>\n2. \u0218urub \u0219i jug exterior (OS&amp;Y)<br \/>\n3. Presetup\u0103 cu auto-aliniere din dou\u0103 piese<br \/>\n4. Capot\u0103 cu \u0219uruburi cu garnitur\u0103 \u00eenf\u0103\u0219urat\u0103 \u00een spiral\u0103, capac filetat \u0219i etan\u0219at sudat sau capac filetat \u0219i etan\u0219are sub presiune<br \/>\n5. Banc\u0103 din spate integral\u0103<br \/>\n6.Disponibil \u00een ANSI 150-2500LB, dimensiuni: 1\/2\u2033 p\u00e2n\u0103 la 2\u2033.<br \/>\n7. Materiale: A105N, LF2, F304, F316, F11, F22, F5, F91, o\u021bel aliat etc.<br \/>\n8.Temperature range: 0\u00b0C to 600\u00b0C.<br \/>\n9.Port: Port reductor \u0219i Port complet.<br \/>\n10.End Connect\uff1bNPT,BW,SW,RF,RTJ.<\/p>\n<table>\n<tbody>\n<tr>\n<td width=\"200\"><strong><b>numele produsului<\/b><\/strong><\/td>\n<td width=\"481\">Supap\u0103 cu poart\u0103 din o\u021bel forjat clasa 800<\/td>\n<\/tr>\n<tr>\n<td width=\"200\">1. Material<\/td>\n<td width=\"481\">A105N<\/td>\n<\/tr>\n<tr>\n<td width=\"200\">2. Dimensiunea<\/td>\n<td width=\"481\">2\u201d<\/td>\n<\/tr>\n<tr>\n<td width=\"200\">4. Port<\/td>\n<td width=\"481\">Port reductor<\/td>\n<\/tr>\n<tr>\n<td width=\"200\">5. Presiunea de lucru<\/td>\n<td width=\"481\">800 lb<\/td>\n<\/tr>\n<tr>\n<td width=\"200\">6. Conexiunea se termin\u0103<\/td>\n<td width=\"481\">Cap\u0103t de sudur\u0103 priz\u0103<\/td>\n<\/tr>\n<tr>\n<td width=\"200\">7. Temp. de lucru.<\/td>\n<td width=\"481\">-29~425\u00baC,<\/td>\n<\/tr>\n<tr>\n<td width=\"200\">8. Mediu potrivit<\/td>\n<td width=\"481\">Ap\u0103, gaze naturale, ulei \u0219i ceva lichid coroziv<\/td>\n<\/tr>\n<tr>\n<td width=\"200\">9. Operat<\/td>\n<td width=\"481\">Roat\u0103 de m\u00e2n\u0103<\/td>\n<\/tr>\n<tr>\n<td width=\"200\">10. Inspec\u021bie \u0219i testare<\/td>\n<td width=\"481\">Conform API 598<\/td>\n<\/tr>\n<tr>\n<td width=\"200\"><strong><b>Expediere<\/b><\/strong><\/td>\n<td width=\"481\">&nbsp;<\/td>\n<\/tr>\n<tr>\n<td width=\"200\">Timpul de livrare<\/td>\n<td width=\"481\">30 de zile<\/td>\n<\/tr>\n<tr>\n<td width=\"200\">Pachet<\/td>\n<td width=\"481\">Carcas\u0103 standard de export de placaj<\/td>\n<\/tr>\n<tr>\n<td width=\"200\">Portul de expediere<\/td>\n<td width=\"481\">Ningbo\/Shanghai, China<\/td>\n<\/tr>\n<tr>\n<td width=\"200\">Termeni de livrare<\/td>\n<td width=\"481\">Exw, FOB, CFR, CIF etc.<\/td>\n<\/tr>\n<tr>\n<td width=\"200\">Termeni de plat\u0103<\/td>\n<td width=\"481\">T\/T, Western Union, PayPal etc.<\/td>\n<\/tr>\n<tr>\n<td width=\"200\">&nbsp;<\/td>\n<td width=\"481\">Plat\u0103 anticipat\u0103 30%, sold 70% pl\u0103tit \u00eenainte de expediere<\/td>\n<\/tr>\n<tr>\n<td width=\"200\">\u021aara de origine<\/td>\n<td width=\"481\">Ora\u0219ul Wenzhou, China<\/td>\n<\/tr>\n<tr>\n<td width=\"200\">Capacitatea de produc\u021bie<\/td>\n<td width=\"481\">6000 tone\/an<\/td>\n<\/tr>\n<tr>\n<td width=\"200\">MOQ<\/td>\n<td width=\"481\">10 buc\/dimensiune<\/td>\n<\/tr>\n<\/tbody>\n<\/table>","protected":false},"excerpt":{"rendered":"<p>Model:Z11H-800LB<br \/>\nForged Steel Gate Valve Class 800 is suitable for the most demanding of process applications. When open the media will flow with a minimal amount of turbulence and pressure drop through the valve and industries where the isolation of viscous fluids and liquid are required.<\/p>\n<p>The valve is designed to API 602 and has an outside screw and yolk with rising stem. The hand wheel operates the gate valve for both isolation applications only.<\/p>\n<p>Why use gate valves: these valves provide a positive tight shut off in the horizontal or vertical position for process fluids in pipelines. They also offer a small amount of control and are used to throttle steam, gas or liquids. Easy to operate and the preferred choice over ball valves by engineers to isolate trapping stations.<\/p>\n<p>Aplica\u021bii tipice:<\/p>\n<p>Turbine room<br \/>\nIzolare<br \/>\nLinii de Condens<br \/>\n\u00cenainte de echipamentele scumpe ale fabricii<br \/>\nLinii arz\u0103toare de ulei<br \/>\nIndustrii tipice:<\/p>\n<p>Linia de combustibil pentru instala\u021bia de cazane<br \/>\nInstalatii de reciclare<br \/>\nIndustria chimica<br \/>\nUzina de abur<br \/>\nSpitale, \u0219coli \u0219i HVAC<\/p>\n<p>Fi\u0219\u0103 de date:<br \/>\n<a href=\"https:\/\/www.stvvalves.com\/wp-content\/uploads\/2018\/11\/Forged-Steel-Gate-Valve-Class-800-Drawing.pdf\">Supap\u0103 cu poart\u0103 din o\u021bel forjat clasa 800<\/a><\/p>\n<p>&nbsp;<\/p>","protected":false},"featured_media":3911,"template":"","meta":[],"product_brand":[],"product_cat":[59,44],"product_tag":[196,194,195],"class_list":{"0":"post-3909","1":"product","2":"type-product","3":"status-publish","4":"has-post-thumbnail","6":"product_cat-forged-steel-gate-valve","7":"product_cat-gate-valve","8":"product_tag-bolt-bonnet-gate-valve","9":"product_tag-forged-steel-gate-valve","10":"product_tag-high-pressure-gate-valve","12":"first","13":"instock","14":"shipping-taxable","15":"product-type-simple"},"_links":{"self":[{"href":"https:\/\/www.stvvalves.com\/ro\/wp-json\/wp\/v2\/product\/3909","targetHints":{"allow":["GET"]}}],"collection":[{"href":"https:\/\/www.stvvalves.com\/ro\/wp-json\/wp\/v2\/product"}],"about":[{"href":"https:\/\/www.stvvalves.com\/ro\/wp-json\/wp\/v2\/types\/product"}],"wp:featuredmedia":[{"embeddable":true,"href":"https:\/\/www.stvvalves.com\/ro\/wp-json\/wp\/v2\/media\/3911"}],"wp:attachment":[{"href":"https:\/\/www.stvvalves.com\/ro\/wp-json\/wp\/v2\/media?parent=3909"}],"wp:term":[{"taxonomy":"product_brand","embeddable":true,"href":"https:\/\/www.stvvalves.com\/ro\/wp-json\/wp\/v2\/product_brand?post=3909"},{"taxonomy":"product_cat","embeddable":true,"href":"https:\/\/www.stvvalves.com\/ro\/wp-json\/wp\/v2\/product_cat?post=3909"},{"taxonomy":"product_tag","embeddable":true,"href":"https:\/\/www.stvvalves.com\/ro\/wp-json\/wp\/v2\/product_tag?post=3909"}],"curies":[{"name":"wp","href":"https:\/\/api.w.org\/{rel}","templated":true}]}}