{"id":3920,"date":"2018-11-24T16:33:40","date_gmt":"2018-11-24T16:33:40","guid":{"rendered":"https:\/\/www.stvvalves.com\/?post_type=product&#038;p=3920"},"modified":"2025-02-18T14:17:12","modified_gmt":"2025-02-18T06:17:12","slug":"forged-steel-globe-valve-class-800","status":"publish","type":"product","link":"https:\/\/www.stvvalves.com\/ro\/products\/forged-steel-globe-valve-class-800\/","title":{"rendered":"Supap\u0103 cu glob din o\u021bel forjat clasa 800"},"content":{"rendered":"<p>Caracteristici cheie:<br \/>\nOperator de roat\u0103 de m\u00e2n\u0103<br \/>\nCapot\u0103 cu \u0219uruburi, Capot\u0103 de sudur\u0103, Capot\u0103 de etan\u0219are sub presiune<br \/>\n\u00cen\u0219urubat BSP, NPT sau sudur\u0103 cu priz\u0103, sudare cap la cap<br \/>\nDimensiuni de la 1\/2\u2033 la 3\u2033<br \/>\nMaterial caroserie: A105, F304, F316, F5, F91, F11, F22, o\u021bel aliat etc.<br \/>\nInterval de temperatur\u0103: -29\u00b0C p\u00e2n\u0103 la 550\u00b0C<br \/>\nPresiune 150LB-2500LB<br \/>\n<img loading=\"lazy\" decoding=\"async\" class=\"alignnone size-full wp-image-3921\" src=\"https:\/\/www.stvvalves.com\/wp-content\/uploads\/2018\/11\/forged-steel-globe-valve-class-800.jpg\" alt=\"\" width=\"2339\" height=\"1653\" srcset=\"https:\/\/www.stvvalves.com\/wp-content\/uploads\/2018\/11\/forged-steel-globe-valve-class-800.jpg 2339w, https:\/\/www.stvvalves.com\/wp-content\/uploads\/2018\/11\/forged-steel-globe-valve-class-800-600x424.jpg 600w, https:\/\/www.stvvalves.com\/wp-content\/uploads\/2018\/11\/forged-steel-globe-valve-class-800-300x212.jpg 300w, https:\/\/www.stvvalves.com\/wp-content\/uploads\/2018\/11\/forged-steel-globe-valve-class-800-768x543.jpg 768w, https:\/\/www.stvvalves.com\/wp-content\/uploads\/2018\/11\/forged-steel-globe-valve-class-800-1030x728.jpg 1030w, https:\/\/www.stvvalves.com\/wp-content\/uploads\/2018\/11\/forged-steel-globe-valve-class-800-1500x1060.jpg 1500w, https:\/\/www.stvvalves.com\/wp-content\/uploads\/2018\/11\/forged-steel-globe-valve-class-800-260x185.jpg 260w, https:\/\/www.stvvalves.com\/wp-content\/uploads\/2018\/11\/forged-steel-globe-valve-class-800-705x498.jpg 705w\" sizes=\"auto, (max-width: 2339px) 100vw, 2339px\" \/><\/p>","protected":false},"excerpt":{"rendered":"<p>Model: J61Y-800LB<br \/>\nSupapa cu glob din o\u021bel forjat Clasa 800 este potrivit\u0103 pentru aplica\u021bii de proces solicitante \u0219i industrii \u00een care este necesar\u0103 izolarea aburului, gazului sau lichidului.<\/p>\n<p>Supapa proiectat\u0103 conform API 602 \u0219i testat\u0103 conform API 598 are un \u0219urub exterior \u0219i g\u0103lbenu\u0219 cu tij\u0103 \u00een sus. Roata de m\u00e2n\u0103 ac\u0163ioneaz\u0103 supapa globului at\u00e2t pentru izolare, c\u00e2t \u015fi pentru aplica\u0163ii de clapete.<\/p>\n<p>De ce s\u0103 folosi\u021bi supape cu glob: aceste supape asigur\u0103 o \u00eenchidere etan\u0219\u0103 pozitiv\u0103 \u00een pozi\u021bie orizontal\u0103 sau vertical\u0103 pentru fluidele de proces din conducte. Ele ofer\u0103, de asemenea, o cantitate mic\u0103 de control \u0219i sunt folosite pentru a regla aburul, gazul sau lichidele. U\u0219or de operat \u0219i alegerea preferat\u0103 fa\u021b\u0103 de supapele cu bil\u0103 de c\u0103tre ingineri pentru a izola sta\u021biile de captare.<\/p>\n<p>Aplica\u021bii tipice:<\/p>\n<p>Liniile \u0219i sta\u021biile de captare<br \/>\nIzolare<br \/>\nLinii de Condens<br \/>\n\u00cenainte de echipamentele scumpe ale fabricii<br \/>\nLinii arz\u0103toare de ulei<br \/>\nIndustrii tipice:<\/p>\n<p>Linia de combustibil pentru instala\u021bia de cazane<br \/>\nInstalatii de reciclare<br \/>\nIndustria chimica<br \/>\nUzina de abur<br \/>\nSpitale, \u0219coli \u0219i HVAC<\/p>\n<p>STV Valve Technology Group Co., Ltd este un lider profesionist China 800LB Globe Valve, API 602 Globe Valve, supap\u0103 cu glob forjat din o\u021bel carbon, supap\u0103 cu glob forjat din o\u021bel inoxidabil, supap\u0103 cu glob din o\u021bel forjat, supap\u0103 cu glob din o\u021bel forjat clasa 800, supap\u0103 cu glob de \u00eenalt\u0103 presiune ,Socket Weld Globe Valve, A105N Globe Valve Produc\u0103tor cu \u00eenalt\u0103 calitate \u0219i pre\u021b competitiv.<\/p>\n<p>V\u0103 rug\u0103m s\u0103 contacta\u021bi sales@stvvalve.com pentru alte materiale \u0219i detalii.<\/p>\n<p>Fi\u0219\u0103 de date:<br \/>\n<a href=\"https:\/\/www.stvvalves.com\/wp-content\/uploads\/2018\/11\/Globe-Valve-A105-sw.pdf\">Supap\u0103 cu glob din o\u021bel forjat clasa 800<\/a><\/p>","protected":false},"featured_media":3932,"template":"","meta":[],"product_brand":[],"product_cat":[64,45],"product_tag":[198,1018,212,439,438,197,440,199,211],"class_list":{"0":"post-3920","1":"product","2":"type-product","3":"status-publish","4":"has-post-thumbnail","6":"product_cat-foreged-steel-globe-valve","7":"product_cat-globe-valve","8":"product_tag-800lb-globe-valve","9":"product_tag-a105n-globe-valve","10":"product_tag-api-602-globe-valve","11":"product_tag-forged-carbon-steel-globe-valve","12":"product_tag-forged-stainless-steel-globe-valve","13":"product_tag-forged-steel-globe-valve","14":"product_tag-forged-steel-globe-valve-class-800","15":"product_tag-high-pressure-globe-valve","16":"product_tag-socket-weld-globe-valve","18":"first","19":"instock","20":"shipping-taxable","21":"product-type-simple"},"_links":{"self":[{"href":"https:\/\/www.stvvalves.com\/ro\/wp-json\/wp\/v2\/product\/3920","targetHints":{"allow":["GET"]}}],"collection":[{"href":"https:\/\/www.stvvalves.com\/ro\/wp-json\/wp\/v2\/product"}],"about":[{"href":"https:\/\/www.stvvalves.com\/ro\/wp-json\/wp\/v2\/types\/product"}],"wp:featuredmedia":[{"embeddable":true,"href":"https:\/\/www.stvvalves.com\/ro\/wp-json\/wp\/v2\/media\/3932"}],"wp:attachment":[{"href":"https:\/\/www.stvvalves.com\/ro\/wp-json\/wp\/v2\/media?parent=3920"}],"wp:term":[{"taxonomy":"product_brand","embeddable":true,"href":"https:\/\/www.stvvalves.com\/ro\/wp-json\/wp\/v2\/product_brand?post=3920"},{"taxonomy":"product_cat","embeddable":true,"href":"https:\/\/www.stvvalves.com\/ro\/wp-json\/wp\/v2\/product_cat?post=3920"},{"taxonomy":"product_tag","embeddable":true,"href":"https:\/\/www.stvvalves.com\/ro\/wp-json\/wp\/v2\/product_tag?post=3920"}],"curies":[{"name":"wp","href":"https:\/\/api.w.org\/{rel}","templated":true}]}}