{"id":3958,"date":"2018-11-26T08:26:02","date_gmt":"2018-11-26T08:26:02","guid":{"rendered":"https:\/\/www.stvvalves.com\/?post_type=product&#038;p=3958"},"modified":"2025-02-19T19:51:36","modified_gmt":"2025-02-19T11:51:36","slug":"hexagon-stainless-steel-screwed-ball-valve","status":"publish","type":"product","link":"https:\/\/www.stvvalves.com\/ro\/products\/hexagon-stainless-steel-screwed-ball-valve\/","title":{"rendered":"Supap\u0103 cu bil\u0103 cu \u0219uruburi hexagonale din o\u021bel inoxidabil"},"content":{"rendered":"<p>Bar\u0103 hexagonal\u0103 dintr-o bucat\u0103 Corp din o\u021bel inoxidabil<br \/>\nDesign port standard<br \/>\nMaterial: A105,304,316<br \/>\nPresiune de lucru de 2.000 psi (WOG)<br \/>\nPotrivit pentru o gam\u0103 complet\u0103 de lichide \u0219i gaze<br \/>\nScaun RPTFE<br \/>\nDOUBLE 100 testat individual<br \/>\n\u00cendepline\u0219te standardul NACE MR0175<br \/>\nStandardul ISO 9001<br \/>\nCapetele filetate NPT<br \/>\nDIMENSIUNE: 1\/4\u2033-2\u2033<\/p>\n<table>\n<tbody>\n<tr>\n<td width=\"200\"><strong>numele produsului<\/strong><\/td>\n<td width=\"481\">Supap\u0103 cu bil\u0103 cu \u0219uruburi hexagonale din o\u021bel inoxidabil<\/td>\n<\/tr>\n<tr>\n<td width=\"200\">1. Material<\/td>\n<td width=\"481\">F316<\/td>\n<\/tr>\n<tr>\n<td width=\"200\">2. Dimensiunea<\/td>\n<td width=\"481\">1\u201d<\/td>\n<\/tr>\n<tr>\n<td width=\"200\">4. Port<\/td>\n<td width=\"481\">Port reductor<\/td>\n<\/tr>\n<tr>\n<td width=\"200\">5. Presiunea de lucru<\/td>\n<td width=\"481\">800 lb<\/td>\n<\/tr>\n<tr>\n<td width=\"200\">6. Conexiunea se termin\u0103<\/td>\n<td width=\"481\">NPT<\/td>\n<\/tr>\n<tr>\n<td width=\"200\">7. Temp. de lucru.<\/td>\n<td width=\"481\">-29~120\u00baC,<\/td>\n<\/tr>\n<tr>\n<td width=\"200\">8. Mediu potrivit<\/td>\n<td width=\"481\">Ap\u0103, gaze naturale, ulei \u0219i ceva lichid coroziv<\/td>\n<\/tr>\n<tr>\n<td width=\"200\">9. Operat<\/td>\n<td width=\"481\">Roat\u0103 de m\u00e2n\u0103<\/td>\n<\/tr>\n<tr>\n<td width=\"200\">10. Inspec\u021bie \u0219i testare<\/td>\n<td width=\"481\">Conform API598<\/td>\n<\/tr>\n<tr>\n<td width=\"200\"><strong>Expediere<\/strong><\/td>\n<td width=\"481\"><\/td>\n<\/tr>\n<tr>\n<td width=\"200\">Timpul de livrare<\/td>\n<td width=\"481\">30 de zile<\/td>\n<\/tr>\n<tr>\n<td width=\"200\">Pachet<\/td>\n<td width=\"481\">Carcas\u0103 standard de export de placaj<\/td>\n<\/tr>\n<tr>\n<td width=\"200\">Portul de expediere<\/td>\n<td width=\"481\">Ningbo\/Shanghai, China<\/td>\n<\/tr>\n<tr>\n<td width=\"200\">Termeni de livrare<\/td>\n<td width=\"481\">Exw, FOB, CFR, CIF etc.<\/td>\n<\/tr>\n<tr>\n<td width=\"200\">Termeni de plat\u0103<\/td>\n<td width=\"481\">T\/T, Western Union, PayPal etc.<\/td>\n<\/tr>\n<tr>\n<td width=\"200\"><\/td>\n<td width=\"481\">Plat\u0103 anticipat\u0103 30%, sold 70% pl\u0103tit \u00eenainte de expediere<\/td>\n<\/tr>\n<tr>\n<td width=\"200\">\u021aara de origine<\/td>\n<td width=\"481\">Ora\u0219ul Wenzhou, China<\/td>\n<\/tr>\n<tr>\n<td width=\"200\">Capacitatea de produc\u021bie<\/td>\n<td width=\"481\">6000 tone\/an<\/td>\n<\/tr>\n<tr>\n<td width=\"200\">MOQ<\/td>\n<td width=\"481\">1 buc\/dimensiune<\/td>\n<\/tr>\n<\/tbody>\n<\/table>","protected":false},"excerpt":{"rendered":"<p>Supapa cu bil\u0103 hexagonal\u0103 \u00een\u0219urubat\u0103 din o\u021bel inoxidabil este un design standard de port care ofer\u0103 performan\u021be optime \u00een condi\u021bii de solicitare puternic\u0103. Corpul dintr-o singur\u0103 bucat\u0103 din o\u021bel carbon WCB a fost proiectat pentru a rezista la coroziune \u0219i testat la presiune pentru a se asigura c\u0103 func\u021bioneaz\u0103 pentru nevoile dvs. de supap\u0103 de \u00eenalt\u0103 presiune.<\/p>\n<p>Bar\u0103 hexagonal\u0103 dintr-o bucat\u0103 Corp din o\u021bel inoxidabil<br \/>\nDesign port standard<br \/>\nMaterial: A105,304,316<br \/>\nPresiune de lucru de 2.000 psi (WOG)<br \/>\nPotrivit pentru o gam\u0103 complet\u0103 de lichide \u0219i gaze<br \/>\nScaun RPTFE<br \/>\nDOUBLE 100 testat individual<br \/>\n\u00cendepline\u0219te standardul NACE MR0175<br \/>\nStandardul ISO 9001<br \/>\nCapetele filetate NPT<br \/>\nDIMENSIUNE: 1\/4\u2033-2\u2033<\/p>\n<p>STV Valve Technology Group Co., Ltd este un lider profesionist din China 2000 PSI robinet cu bil\u0103, 2000 WOG robinet, F316 supap\u0103 cu bil\u0103, supap\u0103 cu bil\u0103 reductor NPT, 1 supap\u0103 cu bil\u0103 reductor, supap\u0103 cu bil\u0103 hexagonal\u0103, supap\u0103 cu bil\u0103 de \u00eenalt\u0103 presiune, supap\u0103 cu bil\u0103 2000 WOG , China 2000 PSI Produc\u0103tor de supape cu bil\u0103 cu \u00eenalt\u0103 calitate \u0219i pre\u021b competitiv.<\/p>\n<p>V\u0103 rug\u0103m s\u0103 contacta\u021bi sales@stvvalve.com pentru alte materiale \u0219i detalii.<\/p>\n<p>Fi\u0219\u0103 de date:<br \/>\n<a href=\"https:\/\/www.stvvalves.com\/wp-content\/uploads\/2018\/11\/Hexagon-Stainless-Steel-Screwed-Ball-Valve.pdf\">Supap\u0103 cu bil\u0103 cu \u0219uruburi hexagonale din o\u021bel inoxidabil<\/a><\/p>","protected":false},"featured_media":3966,"template":"","meta":[],"product_brand":[],"product_cat":[43,79],"product_tag":[998,205,206,1000,997,208,999],"class_list":{"0":"post-3958","1":"product","2":"type-product","3":"status-publish","4":"has-post-thumbnail","6":"product_cat-ball-valve","7":"product_cat-threaded-ball-valve","8":"product_tag-1pc-reducer-ball-valve","9":"product_tag-2000-psi-ball-valve","10":"product_tag-2000-wog-ball-valve","11":"product_tag-f316-ball-valve","12":"product_tag-hexgon-ball-valve","13":"product_tag-high-pressure-ball-valve","14":"product_tag-npt-reducer-ball-valve","16":"first","17":"instock","18":"shipping-taxable","19":"product-type-simple"},"_links":{"self":[{"href":"https:\/\/www.stvvalves.com\/ro\/wp-json\/wp\/v2\/product\/3958","targetHints":{"allow":["GET"]}}],"collection":[{"href":"https:\/\/www.stvvalves.com\/ro\/wp-json\/wp\/v2\/product"}],"about":[{"href":"https:\/\/www.stvvalves.com\/ro\/wp-json\/wp\/v2\/types\/product"}],"wp:featuredmedia":[{"embeddable":true,"href":"https:\/\/www.stvvalves.com\/ro\/wp-json\/wp\/v2\/media\/3966"}],"wp:attachment":[{"href":"https:\/\/www.stvvalves.com\/ro\/wp-json\/wp\/v2\/media?parent=3958"}],"wp:term":[{"taxonomy":"product_brand","embeddable":true,"href":"https:\/\/www.stvvalves.com\/ro\/wp-json\/wp\/v2\/product_brand?post=3958"},{"taxonomy":"product_cat","embeddable":true,"href":"https:\/\/www.stvvalves.com\/ro\/wp-json\/wp\/v2\/product_cat?post=3958"},{"taxonomy":"product_tag","embeddable":true,"href":"https:\/\/www.stvvalves.com\/ro\/wp-json\/wp\/v2\/product_tag?post=3958"}],"curies":[{"name":"wp","href":"https:\/\/api.w.org\/{rel}","templated":true}]}}