{"id":4005,"date":"2018-11-27T07:17:54","date_gmt":"2018-11-27T07:17:54","guid":{"rendered":"https:\/\/www.stvvalves.com\/?post_type=product&#038;p=4005"},"modified":"2025-02-17T18:18:49","modified_gmt":"2025-02-17T10:18:49","slug":"3-piece-stainless-steel-sanitary-ball-valve","status":"publish","type":"product","link":"https:\/\/www.stvvalves.com\/ro\/products\/3-piece-stainless-steel-sanitary-ball-valve\/","title":{"rendered":"Supap\u0103 cu bil\u0103 sanitar\u0103 din o\u021bel inoxidabil din 3 piese"},"content":{"rendered":"<p><img loading=\"lazy\" decoding=\"async\" class=\"alignnone size-full wp-image-4011\" src=\"https:\/\/www.stvvalves.com\/wp-content\/uploads\/2018\/11\/3-piece-stainless-steel-sanitary-ball-valve-drawing.jpg\" alt=\"\" width=\"1654\" height=\"2339\" srcset=\"https:\/\/www.stvvalves.com\/wp-content\/uploads\/2018\/11\/3-piece-stainless-steel-sanitary-ball-valve-drawing.jpg 1654w, https:\/\/www.stvvalves.com\/wp-content\/uploads\/2018\/11\/3-piece-stainless-steel-sanitary-ball-valve-drawing-600x848.jpg 600w, https:\/\/www.stvvalves.com\/wp-content\/uploads\/2018\/11\/3-piece-stainless-steel-sanitary-ball-valve-drawing-212x300.jpg 212w, https:\/\/www.stvvalves.com\/wp-content\/uploads\/2018\/11\/3-piece-stainless-steel-sanitary-ball-valve-drawing-768x1086.jpg 768w, https:\/\/www.stvvalves.com\/wp-content\/uploads\/2018\/11\/3-piece-stainless-steel-sanitary-ball-valve-drawing-728x1030.jpg 728w, https:\/\/www.stvvalves.com\/wp-content\/uploads\/2018\/11\/3-piece-stainless-steel-sanitary-ball-valve-drawing-1061x1500.jpg 1061w, https:\/\/www.stvvalves.com\/wp-content\/uploads\/2018\/11\/3-piece-stainless-steel-sanitary-ball-valve-drawing-499x705.jpg 499w\" sizes=\"auto, (max-width: 1654px) 100vw, 1654px\" \/><\/p>","protected":false},"excerpt":{"rendered":"<p>Model: STV-Q11F-3<\/p>\n<p>Supapa cu bil\u0103 sanitar\u0103 din 3 piese cu suport de montare direct\u0103 ISO este proiectat\u0103 pentru industria alimentar\u0103 biologic\u0103, farmaceutic\u0103 sau similar\u0103. Op\u021biunea scaunului umplut cu cavitate va ajuta s\u0103 nu r\u0103m\u00e2n\u0103 mediul \u00een cavitatea corpului pentru a nu se strica sau amesteca. Scaunele de umplere a cavit\u0103\u021bilor vor ajuta, de asemenea, la cur\u0103\u021barea cu u\u0219urin\u021b\u0103 a orificiului supapei.<br \/>\nOp\u021biunile pentru tipurile de capete pot fi clem\u0103 \u00een T, cap\u0103t sudur\u0103 tub, cap\u0103t sudat tub extins. Materiale diferite ale truselor moi vor fi aplicabile pentru diferite circumstan\u021be de lucru.<br \/>\nStandardul ASME\/BPE (pentru SS316L) este disponibil pe 302SD, cu ferit\u0103 sc\u0103zut\u0103 \u0219i sulf sc\u0103zut (0,005 p\u00e2n\u0103 la 0,017). Finisajul este disponibil pentru Ra 40 uin sau Ra 25 u-in.<br \/>\nTipul standard de tij\u0103 goal\u0103 este bine proiectat pentru montarea direct\u0103 a actuatorului.<br \/>\nStv ofer\u0103 actuator pneumatic\/electric \u0219i cutie \u00eentrerup\u0103toare de limit\u0103\/electrovalv\u0103\/controler modulator\u2026.asamblare f\u0103r\u0103 \u00eenc\u0103rcare suplimentar\u0103.<\/p>\n<p>2.Parametrii tehnici:<br \/>\nDesign \u0219i caracteristici<br \/>\nCorp \u0219i capace turnare de calitate<br \/>\ncu suport de montare direct\u0103 ISO 5211<br \/>\nGarnitur\u0103 reglabil\u0103 a tijei<br \/>\nDisponibil \u00een o\u021bel inoxidabil sau o\u021bel carbon<br \/>\nDesign tulpin\u0103 rezistent la explozie<br \/>\n100 de aer testat sub ap\u0103 la 80-100 psi<\/p>\n<p>Fi\u0219\u0103 de date:<br \/>\n<a href=\"https:\/\/www.stvvalves.com\/wp-content\/uploads\/2018\/11\/3-piece-stainless-steel-sanitary-ball-valve-drawing.pdf\">Supap\u0103 cu bil\u0103 sanitar\u0103 din o\u021bel inoxidabil din 3 piese<\/a><\/p>","protected":false},"featured_media":4006,"template":"","meta":[],"product_brand":[],"product_cat":[966,969],"product_tag":[217,220,219,221,218,222],"class_list":{"0":"post-4005","1":"product","2":"type-product","3":"status-publish","4":"has-post-thumbnail","6":"product_cat-pipe-fitting","7":"product_cat-sanitary-pipe-fitting-and-valves","8":"product_tag-3pcs-sanitary-clamp-ball-valve","9":"product_tag-3pcs-sanitary-t-clamp-high-cycle-direct-mount-ball-valve","10":"product_tag-anitary-3pcs-butt-weld-ball-valve-with-iso5211-mounting-pad","11":"product_tag-sanitary-three-piece-without-pad-butt-weld-ball-valve","12":"product_tag-stainless-steel-three-piece-sanitary-male-male-ball-valve","13":"product_tag-three-piece-sanitary-t-clamp-ball-valve","15":"first","16":"instock","17":"shipping-taxable","18":"product-type-simple"},"_links":{"self":[{"href":"https:\/\/www.stvvalves.com\/ro\/wp-json\/wp\/v2\/product\/4005","targetHints":{"allow":["GET"]}}],"collection":[{"href":"https:\/\/www.stvvalves.com\/ro\/wp-json\/wp\/v2\/product"}],"about":[{"href":"https:\/\/www.stvvalves.com\/ro\/wp-json\/wp\/v2\/types\/product"}],"wp:featuredmedia":[{"embeddable":true,"href":"https:\/\/www.stvvalves.com\/ro\/wp-json\/wp\/v2\/media\/4006"}],"wp:attachment":[{"href":"https:\/\/www.stvvalves.com\/ro\/wp-json\/wp\/v2\/media?parent=4005"}],"wp:term":[{"taxonomy":"product_brand","embeddable":true,"href":"https:\/\/www.stvvalves.com\/ro\/wp-json\/wp\/v2\/product_brand?post=4005"},{"taxonomy":"product_cat","embeddable":true,"href":"https:\/\/www.stvvalves.com\/ro\/wp-json\/wp\/v2\/product_cat?post=4005"},{"taxonomy":"product_tag","embeddable":true,"href":"https:\/\/www.stvvalves.com\/ro\/wp-json\/wp\/v2\/product_tag?post=4005"}],"curies":[{"name":"wp","href":"https:\/\/api.w.org\/{rel}","templated":true}]}}